{"id":846,"date":"2024-09-28T06:50:44","date_gmt":"2024-09-28T06:50:44","guid":{"rendered":"https:\/\/www.gdwanjiada.net\/?post_type=product&#038;p=846"},"modified":"2026-03-10T02:35:36","modified_gmt":"2026-03-10T02:35:36","slug":"wholesale-bladeless-fan","status":"publish","type":"product","link":"https:\/\/www.gdwanjiada.net\/pt\/produto\/wholesale-bladeless-fan\/","title":{"rendered":"Atacado Ventilador sem p\u00e1s, Mini ventiladores port\u00e1teis com display LED"},"content":{"rendered":"<h3 class=\"wp-block-heading has-text-align-center\">Especifica\u00e7\u00f5es do ventilador sem p\u00e1s por atacado<\/h3><figure class=\"wp-block-table\"><table class=\"has-fixed-layout\"><tbody><tr><td rowspan=\"2\">Modelo<\/td><td rowspan=\"2\">Pot\u00eancia\uff08W\uff09<\/td><td rowspan=\"2\">Tens\u00e3o\uff08V\uff09<\/td><td rowspan=\"2\">Modo de velocidade<\/td><td rowspan=\"2\">G.W.\uff08g\uff09<\/td><td rowspan=\"2\">Tamanho do produto\uff08mm\uff09<\/td><td rowspan=\"2\">Tamanho da embalagem\uff08mm\uff09<\/td><td rowspan=\"2\">Tamanho da caixa\uff08mm\uff09<\/td><td rowspan=\"2\">Embalagem Q'ty\uff08pc\uff09<\/td><td rowspan=\"2\">Caixa de cart\u00e3o G.W.\uff08kg\uff09<\/td><td rowspan=\"2\">Alimenta\u00e7\u00e3o el\u00e9ctrica<\/td><td rowspan=\"2\">Capacidade da bateria<\/td><td colspan=\"2\">Q'ty de carregamento<\/td><\/tr><tr><td>20GP<\/td><td>40HQ<\/td><\/tr><tr><td>X28<\/td><td>5<\/td><td>5<\/td><td>6<\/td><td>882<\/td><td>138*138*370<\/td><td>168*168*363<\/td><td>530*530*745<\/td><td>18<\/td><td>18<\/td><td>Tipo C\/Bateria<\/td><td>1800mh<\/td><td>2960<\/td><td>6860<\/td><\/tr><\/tbody><\/table><\/figure><div class=\"wp-block-columns is-layout-flex wp-container-core-columns-is-layout-9d6595d7 wp-block-columns-is-layout-flex\"><div class=\"wp-block-column is-layout-flow wp-block-column-is-layout-flow\" style=\"flex-basis:50%\"><h3 class=\"wp-block-heading has-text-align-left\">Vantagens do ventilador sem p\u00e1s por atacado<\/h3>\n\n<ul class=\"wp-block-list\"><li><strong>Design sem l\u00e2minas, seguro e silencioso:<\/strong> Este ventilador sem l\u00e2minas por atacado adota um design de fornecimento de ar sem l\u00e2minas, proporcionando uma sa\u00edda de fluxo de ar segura e suave, baixo ru\u00eddo, adequado para uso em ambientes silenciosos, como casa e escrit\u00f3rio, garantindo a seguran\u00e7a de crian\u00e7as e animais de estima\u00e7\u00e3o.<\/li>\n\n<li><strong>Velocidade do vento ajust\u00e1vel 5+1, controlo preciso do vento: <\/strong>As nossas mini ventoinhas port\u00e1teis a granel oferecem 5 velocidades de vento b\u00e1sicas e 1 velocidade de vento forte. Os utilizadores podem escolher a velocidade do vento mais adequada de acordo com as suas necessidades e responder de forma flex\u00edvel \u00e0s necessidades de arrefecimento de diferentes ambientes.<\/li>\n\n<li><strong>Ecr\u00e3 LED de pot\u00eancia, intuitivo e f\u00e1cil de utilizar: <\/strong>Esta ventoinha sem p\u00e1s para venda por grosso est\u00e1 equipada com um visor LED de energia, opera\u00e7\u00e3o de ligar\/desligar com um bot\u00e3o, velocidade do vento e informa\u00e7\u00f5es de energia s\u00e3o claras num relance, f\u00e1cil de verificar a energia restante em qualquer altura e melhorar a conveni\u00eancia de utiliza\u00e7\u00e3o.<\/li>\n\n<li><strong>Bateria de l\u00edtio de grande capacidade, com longa dura\u00e7\u00e3o: <\/strong>As nossas mini ventoinhas port\u00e1teis a granel t\u00eam baterias de l\u00edtio de grande capacidade incorporadas para garantir uma vida \u00fatil prolongada da bateria, adequadas para uma utiliza\u00e7\u00e3o prolongada no exterior, em viagens e noutros cen\u00e1rios, verdadeiramente port\u00e1teis e de elevado desempenho.<\/li><\/ul><\/div>\n\n<div class=\"wp-block-column is-layout-flow wp-block-column-is-layout-flow\"><figure class=\"wp-block-image size-full\"><img decoding=\"async\" width=\"800\" height=\"800\" src=\"https:\/\/www.gdwanjiada.net\/wp-content\/uploads\/2024\/09\/Wholesale-Bladeless-Fan-Mini-Portable-Fans-In-Bulk-With-LED-Display-2.webp\" alt=\"Ventilador sem p\u00e1s por atacado, Mini ventiladores port\u00e1teis a granel com display LED-2\" class=\"wp-image-856\" srcset=\"https:\/\/www.gdwanjiada.net\/wp-content\/uploads\/2024\/09\/Wholesale-Bladeless-Fan-Mini-Portable-Fans-In-Bulk-With-LED-Display-2.webp 800w, https:\/\/www.gdwanjiada.net\/wp-content\/uploads\/2024\/09\/Wholesale-Bladeless-Fan-Mini-Portable-Fans-In-Bulk-With-LED-Display-2-300x300.webp 300w, https:\/\/www.gdwanjiada.net\/wp-content\/uploads\/2024\/09\/Wholesale-Bladeless-Fan-Mini-Portable-Fans-In-Bulk-With-LED-Display-2-150x150.webp 150w, https:\/\/www.gdwanjiada.net\/wp-content\/uploads\/2024\/09\/Wholesale-Bladeless-Fan-Mini-Portable-Fans-In-Bulk-With-LED-Display-2-768x768.webp 768w, https:\/\/www.gdwanjiada.net\/wp-content\/uploads\/2024\/09\/Wholesale-Bladeless-Fan-Mini-Portable-Fans-In-Bulk-With-LED-Display-2-600x600.webp 600w, https:\/\/www.gdwanjiada.net\/wp-content\/uploads\/2024\/09\/Wholesale-Bladeless-Fan-Mini-Portable-Fans-In-Bulk-With-LED-Display-2-100x100.webp 100w\" sizes=\"(max-width: 800px) 100vw, 800px\" \/><\/figure><\/div><\/div>","protected":false},"excerpt":{"rendered":"<p>Bem-vindo ao comprar mini ventiladores port\u00e1teis a granel. Esta ventoinha sem p\u00e1s por atacado \u00e9 segura e silenciosa, equipada com 5+1 velocidades de vento ajust\u00e1veis e 2,5 metros de dist\u00e2ncia de fornecimento de ar, proporcionando uma circula\u00e7\u00e3o de ar confort\u00e1vel. Ecr\u00e3 LED incorporado, com bateria de l\u00edtio de grande capacidade, para garantir uma resist\u00eancia a longo prazo. O material ABS \u00e9 forte e duradouro, adequado para utiliza\u00e7\u00e3o em casa, no escrit\u00f3rio ou no exterior, em qualquer altura e em qualquer lugar.<\/p>\n<h2>Carater\u00edsticas do produto\uff1a<\/h2>\n<ul>\n<li>Opera\u00e7\u00e3o de ligar\/desligar com um toque.<\/li>\n<li>Sem folhas para fornecer vento.<\/li>\n<li>Velocidade do vento regul\u00e1vel 5+1.<\/li>\n<li>Ecr\u00e3 de visualiza\u00e7\u00e3o de energia LED.<\/li>\n<li>Alimenta\u00e7\u00e3o de ar de 2,5 m, ar circulante.<\/li>\n<li>Material ABS.<\/li>\n<li>Grande capacidade da bateria de l\u00edtio.<\/li>\n<\/ul>","protected":false},"featured_media":859,"comment_status":"closed","ping_status":"closed","template":"","meta":{"_acf_changed":false},"product_brand":[],"product_cat":[23,24],"product_tag":[38],"class_list":{"0":"post-846","1":"product","2":"type-product","3":"status-publish","4":"has-post-thumbnail","6":"product_cat-wholesale-portable-fans","7":"product_cat-air-circulation-fan-wholesale","8":"product_tag-wholesale-bladeless-fans","10":"first","11":"instock","12":"shipping-taxable","13":"product-type-simple"},"acf":[],"_links":{"self":[{"href":"https:\/\/www.gdwanjiada.net\/pt\/wp-json\/wp\/v2\/product\/846","targetHints":{"allow":["GET"]}}],"collection":[{"href":"https:\/\/www.gdwanjiada.net\/pt\/wp-json\/wp\/v2\/product"}],"about":[{"href":"https:\/\/www.gdwanjiada.net\/pt\/wp-json\/wp\/v2\/types\/product"}],"replies":[{"embeddable":true,"href":"https:\/\/www.gdwanjiada.net\/pt\/wp-json\/wp\/v2\/comments?post=846"}],"wp:featuredmedia":[{"embeddable":true,"href":"https:\/\/www.gdwanjiada.net\/pt\/wp-json\/wp\/v2\/media\/859"}],"wp:attachment":[{"href":"https:\/\/www.gdwanjiada.net\/pt\/wp-json\/wp\/v2\/media?parent=846"}],"wp:term":[{"taxonomy":"product_brand","embeddable":true,"href":"https:\/\/www.gdwanjiada.net\/pt\/wp-json\/wp\/v2\/product_brand?post=846"},{"taxonomy":"product_cat","embeddable":true,"href":"https:\/\/www.gdwanjiada.net\/pt\/wp-json\/wp\/v2\/product_cat?post=846"},{"taxonomy":"product_tag","embeddable":true,"href":"https:\/\/www.gdwanjiada.net\/pt\/wp-json\/wp\/v2\/product_tag?post=846"}],"curies":[{"name":"wp","href":"https:\/\/api.w.org\/{rel}","templated":true}]}}