{"id":807,"date":"2024-09-28T03:57:59","date_gmt":"2024-09-28T03:57:59","guid":{"rendered":"https:\/\/www.gdwanjiada.net\/?post_type=product&#038;p=807"},"modified":"2026-03-10T02:32:16","modified_gmt":"2026-03-10T02:32:16","slug":"custom-storage-containers","status":"publish","type":"product","link":"https:\/\/www.gdwanjiada.net\/pt\/produto\/custom-storage-containers\/","title":{"rendered":"Recipientes de armazenamento personalizados para alimentos, Caixas de armazenamento de pl\u00e1stico PP"},"content":{"rendered":"<h3 class=\"wp-block-heading has-text-align-center\">Especifica\u00e7\u00f5es de Contentores de armazenagem personalizados a granel<\/h3><figure class=\"wp-block-table\"><table class=\"has-fixed-layout\"><tbody><tr><td>Modelo<\/td><td>Material<\/td><td>Tamanho do produto\uff08cm\uff09<\/td><td>Tamanho da caixa\uff08cm\uff09<\/td><td>Qtd. da embalagem\uff08pcs\uff09<\/td><td>G.W.\uff08kg\uff09<\/td><td>N.W.\uff08kg\uff09<\/td><\/tr><tr><td>319<\/td><td>PP<\/td><td>34.5*23.5*35<\/td><td>48.5*36*92<\/td><td>20<\/td><td>0.74\/14.8<\/td><td>0.678\/13.56<\/td><\/tr><\/tbody><\/table><\/figure><div class=\"wp-block-columns is-layout-flex wp-container-core-columns-is-layout-9d6595d7 wp-block-columns-is-layout-flex\"><div class=\"wp-block-column is-layout-flow wp-block-column-is-layout-flow\" style=\"flex-basis:50%\"><h3 class=\"wp-block-heading has-text-align-left\">Vantagens dos contentores de armazenagem personalizados a granel<\/h3>\n\n<ul class=\"wp-block-list\"><li><strong>Material de seguran\u00e7a de qualidade alimentar: <\/strong>Os nossos recipientes de armazenamento personalizados a granel s\u00e3o feitos de pl\u00e1stico PP de qualidade alimentar, que n\u00e3o \u00e9 t\u00f3xico e \u00e9 inofensivo, garantindo um armazenamento seguro dos alimentos. \u00c9 a escolha ideal para armazenar cereais, produtos secos e snacks, e cumpre rigorosas normas de seguran\u00e7a alimentar.<\/li>\n\n<li><strong>Design de veda\u00e7\u00e3o eficiente: <\/strong>Estas caixas de armazenamento de pl\u00e1stico com tampas de selagem a granel proporcionam uma excelente hermeticidade, isolam eficazmente o ar e a humidade, asseguram que os alimentos permanecem frescos, evitam a deteriora\u00e7\u00e3o e s\u00e3o adequadas para armazenamento a longo prazo.<\/li>\n\n<li><strong>Fun\u00e7\u00e3o m\u00f3vel c\u00f3moda: <\/strong>Os nossos contentores de arruma\u00e7\u00e3o personalizados a granel est\u00e3o equipados com 2 rodas, que podem facilmente mover a caixa de arruma\u00e7\u00e3o, conveniente para acesso frequente ou quando a posi\u00e7\u00e3o precisa de ser ajustada, e melhorar a experi\u00eancia de utiliza\u00e7\u00e3o.<\/li>\n\n<li><strong>Aspeto transl\u00facido, f\u00e1cil de visualizar: <\/strong>O design transl\u00facido destes silos de armazenamento em pl\u00e1stico permite que os utilizadores visualizem o conte\u00fado do armazenamento em qualquer altura, reduzindo o trabalho de desempacotamento frequente e facilitando a gest\u00e3o da triagem e da classifica\u00e7\u00e3o.<\/li><\/ul><\/div>\n\n<div class=\"wp-block-column is-layout-flow wp-block-column-is-layout-flow\"><figure class=\"wp-block-image size-full\"><img decoding=\"async\" width=\"800\" height=\"800\" src=\"https:\/\/www.gdwanjiada.net\/wp-content\/uploads\/2024\/09\/Custom-Storage-Containers-For-Food-Plastic-Storage-Bins-Bulk-1.webp\" alt=\"Recipientes de Armazenamento Personalizados para Alimentos, Caixas de Armazenamento de Pl\u00e1stico Bulk-1\" class=\"wp-image-808\" srcset=\"https:\/\/www.gdwanjiada.net\/wp-content\/uploads\/2024\/09\/Custom-Storage-Containers-For-Food-Plastic-Storage-Bins-Bulk-1.webp 800w, https:\/\/www.gdwanjiada.net\/wp-content\/uploads\/2024\/09\/Custom-Storage-Containers-For-Food-Plastic-Storage-Bins-Bulk-1-300x300.webp 300w, https:\/\/www.gdwanjiada.net\/wp-content\/uploads\/2024\/09\/Custom-Storage-Containers-For-Food-Plastic-Storage-Bins-Bulk-1-150x150.webp 150w, https:\/\/www.gdwanjiada.net\/wp-content\/uploads\/2024\/09\/Custom-Storage-Containers-For-Food-Plastic-Storage-Bins-Bulk-1-768x768.webp 768w, https:\/\/www.gdwanjiada.net\/wp-content\/uploads\/2024\/09\/Custom-Storage-Containers-For-Food-Plastic-Storage-Bins-Bulk-1-600x600.webp 600w, https:\/\/www.gdwanjiada.net\/wp-content\/uploads\/2024\/09\/Custom-Storage-Containers-For-Food-Plastic-Storage-Bins-Bulk-1-100x100.webp 100w\" sizes=\"(max-width: 800px) 100vw, 800px\" \/><\/figure><\/div><\/div>","protected":false},"excerpt":{"rendered":"<p>Bem-vindo ao comprar caixas de armazenamento de pl\u00e1stico a granel. Os nossos contentores de armazenamento personalizados para alimentos a granel s\u00e3o feitos de pl\u00e1stico PP de qualidade alimentar, equipados com tampas de veda\u00e7\u00e3o e 2 rodas, garantindo um armazenamento seguro dos alimentos e sendo f\u00e1ceis de mover. O design transl\u00facido facilita a visualiza\u00e7\u00e3o dos itens internos e \u00e9 adequado para as necessidades de armazenamento de v\u00e1rios alimentos. Dur\u00e1vel e f\u00e1cil de limpar, com uma variedade de op\u00e7\u00f5es de tamanho, \u00e9 uma escolha ideal para cozinhas dom\u00e9sticas e comerciais.<\/p>\n<h2>Carater\u00edsticas do produto\uff1a<\/h2>\n<ul>\n<li>Fabricado em pl\u00e1stico PP de qualidade alimentar, seguro e n\u00e3o t\u00f3xico.<\/li>\n<li>O design da tampa selada garante a estanquicidade do ar e mant\u00e9m os alimentos frescos.<\/li>\n<li>Equipado com 2 rodas para facilitar a desloca\u00e7\u00e3o.<\/li>\n<li>Design transl\u00facido para facilitar a visualiza\u00e7\u00e3o dos itens internos.<\/li>\n<li>Dispon\u00edvel numa variedade de cores e tamanhos para se adaptar a diferentes necessidades de arruma\u00e7\u00e3o.<\/li>\n<li>Dur\u00e1vel, \u00e0 prova de quedas e f\u00e1cil de limpar.<\/li>\n<\/ul>","protected":false},"featured_media":809,"comment_status":"closed","ping_status":"closed","template":"","meta":{"_acf_changed":false},"product_brand":[],"product_cat":[19],"product_tag":[],"class_list":{"0":"post-807","1":"product","2":"type-product","3":"status-publish","4":"has-post-thumbnail","6":"product_cat-storage-bins-in-bulk","8":"first","9":"instock","10":"shipping-taxable","11":"product-type-simple"},"acf":[],"_links":{"self":[{"href":"https:\/\/www.gdwanjiada.net\/pt\/wp-json\/wp\/v2\/product\/807","targetHints":{"allow":["GET"]}}],"collection":[{"href":"https:\/\/www.gdwanjiada.net\/pt\/wp-json\/wp\/v2\/product"}],"about":[{"href":"https:\/\/www.gdwanjiada.net\/pt\/wp-json\/wp\/v2\/types\/product"}],"replies":[{"embeddable":true,"href":"https:\/\/www.gdwanjiada.net\/pt\/wp-json\/wp\/v2\/comments?post=807"}],"wp:featuredmedia":[{"embeddable":true,"href":"https:\/\/www.gdwanjiada.net\/pt\/wp-json\/wp\/v2\/media\/809"}],"wp:attachment":[{"href":"https:\/\/www.gdwanjiada.net\/pt\/wp-json\/wp\/v2\/media?parent=807"}],"wp:term":[{"taxonomy":"product_brand","embeddable":true,"href":"https:\/\/www.gdwanjiada.net\/pt\/wp-json\/wp\/v2\/product_brand?post=807"},{"taxonomy":"product_cat","embeddable":true,"href":"https:\/\/www.gdwanjiada.net\/pt\/wp-json\/wp\/v2\/product_cat?post=807"},{"taxonomy":"product_tag","embeddable":true,"href":"https:\/\/www.gdwanjiada.net\/pt\/wp-json\/wp\/v2\/product_tag?post=807"}],"curies":[{"name":"wp","href":"https:\/\/api.w.org\/{rel}","templated":true}]}}