{"id":768,"date":"2024-09-27T15:30:20","date_gmt":"2024-09-27T15:30:20","guid":{"rendered":"https:\/\/www.gdwanjiada.net\/?post_type=product&#038;p=768"},"modified":"2026-01-06T08:00:57","modified_gmt":"2026-01-06T08:00:57","slug":"custom-plastic-cabinets-bulk","status":"publish","type":"product","link":"https:\/\/www.gdwanjiada.net\/pt\/produto\/custom-plastic-cabinets-bulk\/","title":{"rendered":"Arm\u00e1rios de pl\u00e1stico personalizados a granel, arm\u00e1rios de 3 camadas por atacado"},"content":{"rendered":"<h3 class=\"wp-block-heading has-text-align-center\">Especifica\u00e7\u00f5es dos arm\u00e1rios de pl\u00e1stico personalizados a granel<\/h3><figure class=\"wp-block-table\"><table class=\"has-fixed-layout\"><tbody><tr><td>Modelo<\/td><td>Material<\/td><td>Tamanho do produto\uff08cm\uff09<\/td><td>Tamanho da caixa\uff08cm\uff09<\/td><td>Qtd. da embalagem\uff08pcs\uff09<\/td><td>G.W.\uff08kg\uff09<\/td><td>N.W.\uff08kg\uff09<\/td><\/tr><tr><td>703\uff083 camadas\uff09<\/td><td>ABS+PP<\/td><td>69*38*108.5<\/td><td>72*42.5*26.5<\/td><td>1<\/td><td>9.4<\/td><td>8.11<\/td><\/tr><\/tbody><\/table><\/figure><div class=\"wp-block-columns is-layout-flex wp-container-core-columns-is-layout-9d6595d7 wp-block-columns-is-layout-flex\"><div class=\"wp-block-column is-layout-flow wp-block-column-is-layout-flow\" style=\"flex-basis:50%\"><h3 class=\"wp-block-heading has-text-align-left\">Vantagens dos arm\u00e1rios de pl\u00e1stico personalizados a granel<\/h3>\n\n<ul class=\"wp-block-list\"><li><strong>Durabilidade: <\/strong>Os nossos arm\u00e1rios de pl\u00e1stico personalizados a granel s\u00e3o feitos de materiais pl\u00e1sticos ecol\u00f3gicos de alta qualidade, que s\u00e3o imperme\u00e1veis, \u00e0 prova de bolor e resistentes \u00e0 corros\u00e3o. Suportam o desgaste di\u00e1rio, asseguram que se mant\u00eam em boas condi\u00e7\u00f5es em ambientes h\u00famidos e s\u00e3o adequados para uma utiliza\u00e7\u00e3o a longo prazo.<\/li>\n\n<li><strong>Otimiza\u00e7\u00e3o do espa\u00e7o: <\/strong>Estes arm\u00e1rios grossistas t\u00eam uma estrutura de tr\u00eas camadas que distribui racionalmente o espa\u00e7o de armazenamento. Cada camada pode armazenar de forma flex\u00edvel diferentes artigos, que podem ser classificados e armazenados em roupas e artigos dom\u00e9sticos, e pode facilmente acomodar documentos de escrit\u00f3rio, tornando a utiliza\u00e7\u00e3o do espa\u00e7o mais eficiente.<\/li>\n\n<li><strong>Servi\u00e7o personalizado:<\/strong> Os nossos arm\u00e1rios por grosso suportam a personaliza\u00e7\u00e3o da cor, tamanho e n\u00famero de camadas, e podem ser combinados de acordo com as diferentes necessidades de armazenamento e ambientes dos clientes para criar arm\u00e1rios de pl\u00e1stico personalizados \u00fanicos a granel.<\/li>\n\n<li><strong>F\u00e1cil de limpar e manter: <\/strong>A superf\u00edcie pl\u00e1stica lisa dos nossos arm\u00e1rios de pl\u00e1stico personalizados a granel n\u00e3o s\u00f3 \u00e9 \u00e0 prova de p\u00f3 e de manchas, como tamb\u00e9m pode ser facilmente limpa para se manter limpa, sem limpeza e manuten\u00e7\u00e3o complicadas, o que \u00e9 muito adequado para os utilizadores que precisam de gerir o espa\u00e7o de forma eficiente.<\/li><\/ul><\/div>\n\n<div class=\"wp-block-column is-layout-flow wp-block-column-is-layout-flow\"><figure class=\"wp-block-image size-full\"><img decoding=\"async\" width=\"800\" height=\"800\" src=\"https:\/\/www.gdwanjiada.net\/wp-content\/uploads\/2024\/09\/3-Layers-Custom-Plastic-Cabinets-Bulk-Wholesale-Cabinets-For-Clothes-3.webp\" alt=\"Arm\u00e1rios de pl\u00e1stico personalizados de 3 camadas a granel, arm\u00e1rios por atacado para roupas-3\" class=\"wp-image-771\" srcset=\"https:\/\/www.gdwanjiada.net\/wp-content\/uploads\/2024\/09\/3-Layers-Custom-Plastic-Cabinets-Bulk-Wholesale-Cabinets-For-Clothes-3.webp 800w, https:\/\/www.gdwanjiada.net\/wp-content\/uploads\/2024\/09\/3-Layers-Custom-Plastic-Cabinets-Bulk-Wholesale-Cabinets-For-Clothes-3-300x300.webp 300w, https:\/\/www.gdwanjiada.net\/wp-content\/uploads\/2024\/09\/3-Layers-Custom-Plastic-Cabinets-Bulk-Wholesale-Cabinets-For-Clothes-3-150x150.webp 150w, https:\/\/www.gdwanjiada.net\/wp-content\/uploads\/2024\/09\/3-Layers-Custom-Plastic-Cabinets-Bulk-Wholesale-Cabinets-For-Clothes-3-768x768.webp 768w, https:\/\/www.gdwanjiada.net\/wp-content\/uploads\/2024\/09\/3-Layers-Custom-Plastic-Cabinets-Bulk-Wholesale-Cabinets-For-Clothes-3-600x600.webp 600w, https:\/\/www.gdwanjiada.net\/wp-content\/uploads\/2024\/09\/3-Layers-Custom-Plastic-Cabinets-Bulk-Wholesale-Cabinets-For-Clothes-3-100x100.webp 100w\" sizes=\"(max-width: 800px) 100vw, 800px\" \/><\/figure><\/div><\/div>","protected":false},"excerpt":{"rendered":"<p>Bem-vindo \u00e0 compra de arm\u00e1rios por grosso. Os nossos arm\u00e1rios de pl\u00e1stico personalizados a granel s\u00e3o feitos de pl\u00e1stico de alta qualidade, \u00e0 prova de \u00e1gua e de bolor, com um design leve e de f\u00e1cil montagem, proporcionando um amplo espa\u00e7o de armazenamento classificado. O produto pode ser personalizado em cor e tamanho de acordo com as necessidades do cliente, tornando-o uma escolha ideal para armazenamento em casa e no escrit\u00f3rio.<\/p>\n<h2>Carater\u00edsticas do produto\uff1a<\/h2>\n<ul>\n<li>Feito de material pl\u00e1stico dur\u00e1vel, amigo do ambiente e f\u00e1cil de limpar.<\/li>\n<li>O design de tr\u00eas camadas proporciona um amplo espa\u00e7o de arruma\u00e7\u00e3o.<\/li>\n<li>Cores e tamanhos personaliz\u00e1veis.<\/li>\n<li>Estrutura leve, f\u00e1cil de montar e de deslocar.<\/li>\n<\/ul>","protected":false},"featured_media":770,"comment_status":"closed","ping_status":"closed","template":"","meta":{"_acf_changed":false},"product_brand":[],"product_cat":[20],"product_tag":[],"class_list":{"0":"post-768","1":"product","2":"type-product","3":"status-publish","4":"has-post-thumbnail","6":"product_cat-plastic-cabinets-wholesale","8":"first","9":"instock","10":"shipping-taxable","11":"product-type-simple"},"acf":[],"_links":{"self":[{"href":"https:\/\/www.gdwanjiada.net\/pt\/wp-json\/wp\/v2\/product\/768","targetHints":{"allow":["GET"]}}],"collection":[{"href":"https:\/\/www.gdwanjiada.net\/pt\/wp-json\/wp\/v2\/product"}],"about":[{"href":"https:\/\/www.gdwanjiada.net\/pt\/wp-json\/wp\/v2\/types\/product"}],"replies":[{"embeddable":true,"href":"https:\/\/www.gdwanjiada.net\/pt\/wp-json\/wp\/v2\/comments?post=768"}],"wp:featuredmedia":[{"embeddable":true,"href":"https:\/\/www.gdwanjiada.net\/pt\/wp-json\/wp\/v2\/media\/770"}],"wp:attachment":[{"href":"https:\/\/www.gdwanjiada.net\/pt\/wp-json\/wp\/v2\/media?parent=768"}],"wp:term":[{"taxonomy":"product_brand","embeddable":true,"href":"https:\/\/www.gdwanjiada.net\/pt\/wp-json\/wp\/v2\/product_brand?post=768"},{"taxonomy":"product_cat","embeddable":true,"href":"https:\/\/www.gdwanjiada.net\/pt\/wp-json\/wp\/v2\/product_cat?post=768"},{"taxonomy":"product_tag","embeddable":true,"href":"https:\/\/www.gdwanjiada.net\/pt\/wp-json\/wp\/v2\/product_tag?post=768"}],"curies":[{"name":"wp","href":"https:\/\/api.w.org\/{rel}","templated":true}]}}