{"id":747,"date":"2024-09-27T09:52:22","date_gmt":"2024-09-27T09:52:22","guid":{"rendered":"https:\/\/www.gdwanjiada.net\/?post_type=product&#038;p=747"},"modified":"2026-01-06T07:48:45","modified_gmt":"2026-01-06T07:48:45","slug":"wholesale-clothes-dryers","status":"publish","type":"product","link":"https:\/\/www.gdwanjiada.net\/pt\/produto\/wholesale-clothes-dryers\/","title":{"rendered":"450L, 1300W Secadores de Roupa por Atacado, Fornecimento de Secadores El\u00e9ctricos"},"content":{"rendered":"<h3 class=\"wp-block-heading has-text-align-center\">Especifica\u00e7\u00f5es dos secadores de roupa por atacado<\/h3><figure class=\"wp-block-table\"><table class=\"has-fixed-layout\"><tbody><tr><td rowspan=\"2\">Modelo<\/td><td rowspan=\"2\">Volt\/Freq<\/td><td rowspan=\"2\">Pot\u00eancia (W)&nbsp;<\/td><td rowspan=\"2\">Tempo de secagem<\/td><td rowspan=\"2\">Volume<\/td><td rowspan=\"2\">Capacidade<\/td><td rowspan=\"2\">Tamanho do produto<\/td><td rowspan=\"2\">N.W.<\/td><td rowspan=\"2\">G.W.<\/td><td>Carregamento Qtd<\/td><td><\/td><\/tr><tr><td>20'GP<\/td><td>40'HQ<\/td><\/tr><tr><td>WJD12G-1R<\/td><td>220V\uff5e50Hz<\/td><td>1300W<\/td><td>20-240MIN<\/td><td>450L<\/td><td>8-15KG<\/td><td>70*48*148cm<\/td><td>4kg<\/td><td>4,5 kg<\/td><td>838 unidades<\/td><td>1826 unidades<\/td><\/tr><\/tbody><\/table><\/figure><div class=\"wp-block-columns is-layout-flex wp-container-core-columns-is-layout-9d6595d7 wp-block-columns-is-layout-flex\"><div class=\"wp-block-column is-layout-flow wp-block-column-is-layout-flow\" style=\"flex-basis:50%\"><h3 class=\"wp-block-heading has-text-align-left\">Vantagens dos secadores de roupa por grosso<\/h3>\n\n<ul class=\"wp-block-list\"><li><strong>Design dobr\u00e1vel: <\/strong>Estes secadores de roupa por atacado adoptam uma estrutura dobr\u00e1vel, que pode ser facilmente guardada quando n\u00e3o est\u00e1 a ser utilizada, poupando espa\u00e7o, e s\u00e3o adequados para v\u00e1rios ambientes, como casa e dormit\u00f3rio.<\/li>\n\n<li><strong>Fun\u00e7\u00e3o de controlo remoto inteligente: <\/strong>O nosso secador port\u00e1til por atacado est\u00e1 equipado com uma fun\u00e7\u00e3o de controlo remoto inteligente, que permite aos utilizadores controlar remotamente o secador, tornando a opera\u00e7\u00e3o mais conveniente e flex\u00edvel.<\/li>\n\n<li><strong>Grande capacidade: <\/strong>A carga ideal de secagem destes secadores de roupa por atacado \u00e9 de 8 kg, e o m\u00e1ximo pode chegar a 15 kg, o que \u00e9 adequado para as necessidades de secagem r\u00e1pida de uma variedade de roupas e tecidos grandes.<\/li>\n\n<li><strong>Conce\u00e7\u00e3o anti-gotejamento do hospedeiro: <\/strong>A parte principal do nosso secador port\u00e1til por atacado tem um design anti-gotejamento, que impede eficazmente a entrada de manchas de \u00e1gua no interior e melhora a seguran\u00e7a e a vida \u00fatil do equipamento.<\/li><\/ul><\/div>\n\n<div class=\"wp-block-column is-layout-flow wp-block-column-is-layout-flow\"><figure class=\"wp-block-image size-full\"><img decoding=\"async\" width=\"800\" height=\"800\" src=\"https:\/\/www.gdwanjiada.net\/wp-content\/uploads\/2024\/09\/450L-1300W-Wholesale-Clothes-Dryers-With-Remote-Control-5.webp\" alt=\"Secadores de roupa por atacado 450L, 1300W com controlo remoto-5\" class=\"wp-image-752\" srcset=\"https:\/\/www.gdwanjiada.net\/wp-content\/uploads\/2024\/09\/450L-1300W-Wholesale-Clothes-Dryers-With-Remote-Control-5.webp 800w, https:\/\/www.gdwanjiada.net\/wp-content\/uploads\/2024\/09\/450L-1300W-Wholesale-Clothes-Dryers-With-Remote-Control-5-300x300.webp 300w, https:\/\/www.gdwanjiada.net\/wp-content\/uploads\/2024\/09\/450L-1300W-Wholesale-Clothes-Dryers-With-Remote-Control-5-150x150.webp 150w, https:\/\/www.gdwanjiada.net\/wp-content\/uploads\/2024\/09\/450L-1300W-Wholesale-Clothes-Dryers-With-Remote-Control-5-768x768.webp 768w, https:\/\/www.gdwanjiada.net\/wp-content\/uploads\/2024\/09\/450L-1300W-Wholesale-Clothes-Dryers-With-Remote-Control-5-600x600.webp 600w, https:\/\/www.gdwanjiada.net\/wp-content\/uploads\/2024\/09\/450L-1300W-Wholesale-Clothes-Dryers-With-Remote-Control-5-100x100.webp 100w\" sizes=\"(max-width: 800px) 100vw, 800px\" \/><\/figure><\/div><\/div><p><\/p>","protected":false},"excerpt":{"rendered":"<p>Bem-vindo ao comprar secador port\u00e1til por atacado. Os nossos secadores de roupa por atacado t\u00eam um design dobr\u00e1vel, de f\u00e1cil armazenamento, e est\u00e3o equipados com uma fun\u00e7\u00e3o de controlo remoto inteligente para uma opera\u00e7\u00e3o f\u00e1cil. O design anti-gotejamento do hospedeiro garante a seguran\u00e7a do equipamento e \u00e9 um equipamento de secagem essencial e eficiente para a fam\u00edlia.<\/p>\n<h2>Carater\u00edsticas do produto\uff1a<\/h2>\n<ul>\n<li>Fun\u00e7\u00e3o de controlo remoto inteligente.<\/li>\n<li>Utilizar a uma temperatura ambiente de 10-35 graus.<\/li>\n<li>Ajuste do tempo de secagem de 20-240 minutos.<\/li>\n<li>Melhor capacidade seca de 8KG, capacidade m\u00e1xima de 15KG.<\/li>\n<li>A m\u00e1quina p\u00e1ra automaticamente de funcionar quando o<\/li>\n<li>o aquecimento da temperatura sobe mais de 70 graus.<\/li>\n<li>O fus\u00edvel interno desliga-se quando a temperatura<\/li>\n<li>o aquecimento subir mais de 105 graus ou a pot\u00eancia exceder 10A.<\/li>\n<li>Tipo dobr\u00e1vel, f\u00e1cil de guardar.<\/li>\n<li>A m\u00e1quina principal com design \u00e0 prova de gotejamento, mais segura de usar.<\/li>\n<\/ul>","protected":false},"featured_media":754,"comment_status":"closed","ping_status":"closed","template":"","meta":{"_acf_changed":false},"product_brand":[],"product_cat":[21],"product_tag":[],"class_list":{"0":"post-747","1":"product","2":"type-product","3":"status-publish","4":"has-post-thumbnail","6":"product_cat-wholesale-clothes-dryers","8":"first","9":"instock","10":"shipping-taxable","11":"product-type-simple"},"acf":[],"_links":{"self":[{"href":"https:\/\/www.gdwanjiada.net\/pt\/wp-json\/wp\/v2\/product\/747","targetHints":{"allow":["GET"]}}],"collection":[{"href":"https:\/\/www.gdwanjiada.net\/pt\/wp-json\/wp\/v2\/product"}],"about":[{"href":"https:\/\/www.gdwanjiada.net\/pt\/wp-json\/wp\/v2\/types\/product"}],"replies":[{"embeddable":true,"href":"https:\/\/www.gdwanjiada.net\/pt\/wp-json\/wp\/v2\/comments?post=747"}],"wp:featuredmedia":[{"embeddable":true,"href":"https:\/\/www.gdwanjiada.net\/pt\/wp-json\/wp\/v2\/media\/754"}],"wp:attachment":[{"href":"https:\/\/www.gdwanjiada.net\/pt\/wp-json\/wp\/v2\/media?parent=747"}],"wp:term":[{"taxonomy":"product_brand","embeddable":true,"href":"https:\/\/www.gdwanjiada.net\/pt\/wp-json\/wp\/v2\/product_brand?post=747"},{"taxonomy":"product_cat","embeddable":true,"href":"https:\/\/www.gdwanjiada.net\/pt\/wp-json\/wp\/v2\/product_cat?post=747"},{"taxonomy":"product_tag","embeddable":true,"href":"https:\/\/www.gdwanjiada.net\/pt\/wp-json\/wp\/v2\/product_tag?post=747"}],"curies":[{"name":"wp","href":"https:\/\/api.w.org\/{rel}","templated":true}]}}