{"id":720,"date":"2024-09-27T09:24:03","date_gmt":"2024-09-27T09:24:03","guid":{"rendered":"https:\/\/www.gdwanjiada.net\/?post_type=product&#038;p=720"},"modified":"2026-04-17T02:51:57","modified_gmt":"2026-04-17T02:51:57","slug":"portable-heater-wholesale","status":"publish","type":"product","link":"https:\/\/www.gdwanjiada.net\/pt\/produto\/portable-heater-wholesale\/","title":{"rendered":"Aquecedor port\u00e1til por atacado, aquecedores el\u00e9ctricos de secret\u00e1ria a granel"},"content":{"rendered":"<h3 class=\"wp-block-heading has-text-align-center\">Especifica\u00e7\u00f5es do aquecedor port\u00e1til por atacado<\/h3><figure class=\"wp-block-table\"><table class=\"has-fixed-layout\"><tbody><tr><td>Modelo<\/td><td>Modo de aquecimento<\/td><td>Volt\/Freq<\/td><td colspan=\"2\">Pot\u00eancia (W)&nbsp;<\/td><td colspan=\"3\">Tamanho do produto (mm)&nbsp;<\/td><td colspan=\"2\">Embalagem<\/td><td>N.W.\/ G.W.(kg)&nbsp;<\/td><td>Tamanho da embalagem (mm)<\/td><td colspan=\"2\">Carregamento Qtd (pcs)<\/td><\/tr><tr><td rowspan=\"2\">WJD501R<\/td><td rowspan=\"2\">PTC<\/td><td rowspan=\"2\">220V\/50Hz<\/td><td>Frio<br>vento<\/td><td>Calor<br>vento<\/td><td>Comprimento<\/td><td>Largura<\/td><td>Altura<\/td><td>Caixa interior<\/td><td>1 unidade<\/td><td>0.4\/0.48<\/td><td>133*80*190<\/td><td>20'GP<\/td><td>40'HQ<\/td><\/tr><tr><td>\/<\/td><td>500<\/td><td>100<\/td><td>65<\/td><td>175<\/td><td>Caixa de cart\u00e3o<\/td><td>48 unidades<\/td><td>23.04\/24.54<\/td><td>540*330*590<\/td><td>14352<\/td><td>33792<\/td><\/tr><\/tbody><\/table><\/figure><div class=\"wp-block-columns is-layout-flex wp-container-core-columns-is-layout-9d6595d7 wp-block-columns-is-layout-flex\"><div class=\"wp-block-column is-layout-flow wp-block-column-is-layout-flow\" style=\"flex-basis:50%\"><h3 class=\"wp-block-heading has-text-align-left\">Vantagens do aquecedor port\u00e1til por atacado<\/h3>\n\n<ul class=\"wp-block-list\"><li><strong>Aquecimento r\u00e1pido: <\/strong>Este aquecedor port\u00e1til por atacado adopta a tecnologia avan\u00e7ada de aquecimento PTC, que pode aquecer rapidamente num curto espa\u00e7o de tempo, proporcionando aos utilizadores um calor instant\u00e2neo, especialmente adequado para utiliza\u00e7\u00e3o no escrit\u00f3rio ou em casa nas esta\u00e7\u00f5es frias.<\/li>\n\n<li><strong>O aquecimento PTC \u00e9 eficiente e duradouro: <\/strong>Os nossos aquecedores el\u00e9ctricos a granel adoptam elementos de aquecimento PTC, que n\u00e3o s\u00f3 s\u00e3o altamente eficientes, mas tamb\u00e9m muito dur\u00e1veis, e podem ainda manter um excelente desempenho ap\u00f3s uma utiliza\u00e7\u00e3o a longo prazo, e t\u00eam um baixo consumo de energia e poupam eletricidade.<\/li>\n\n<li><strong>Ventoinha silenciosa: <\/strong>Este aquecedor port\u00e1til por atacado tem uma ventoinha silenciosa incorporada, que mant\u00e9m um funcionamento silencioso durante o processo de aquecimento, proporciona um ambiente confort\u00e1vel e silencioso e \u00e9 adequado para utiliza\u00e7\u00e3o em espa\u00e7os que exigem sil\u00eancio, como secret\u00e1rias ou quartos.<\/li>\n\n<li><strong>M\u00faltiplas protec\u00e7\u00f5es de seguran\u00e7a: <\/strong>Os nossos aquecedores el\u00e9ctricos a granel t\u00eam uma fun\u00e7\u00e3o de prote\u00e7\u00e3o contra sobreaquecimento para evitar que o dispositivo sobreaque\u00e7a e utilizam materiais cer\u00e2micos retardadores de chama para garantir uma utiliza\u00e7\u00e3o segura e fornecer v\u00e1rias garantias de seguran\u00e7a.<\/li><\/ul><\/div>\n\n<div class=\"wp-block-column is-layout-flow wp-block-column-is-layout-flow\"><figure class=\"wp-block-image size-full\"><img decoding=\"async\" width=\"800\" height=\"800\" src=\"https:\/\/www.gdwanjiada.net\/wp-content\/uploads\/2024\/09\/Portable-Heater-Wholesale-Desk-Electric-Heater-Fans-Bulk-9.webp\" alt=\"Aquecedor port\u00e1til por atacado, ventiladores de aquecedor el\u00e9trico de mesa Bulk-9\" class=\"wp-image-734\" srcset=\"https:\/\/www.gdwanjiada.net\/wp-content\/uploads\/2024\/09\/Portable-Heater-Wholesale-Desk-Electric-Heater-Fans-Bulk-9.webp 800w, https:\/\/www.gdwanjiada.net\/wp-content\/uploads\/2024\/09\/Portable-Heater-Wholesale-Desk-Electric-Heater-Fans-Bulk-9-300x300.webp 300w, https:\/\/www.gdwanjiada.net\/wp-content\/uploads\/2024\/09\/Portable-Heater-Wholesale-Desk-Electric-Heater-Fans-Bulk-9-150x150.webp 150w, https:\/\/www.gdwanjiada.net\/wp-content\/uploads\/2024\/09\/Portable-Heater-Wholesale-Desk-Electric-Heater-Fans-Bulk-9-768x768.webp 768w, https:\/\/www.gdwanjiada.net\/wp-content\/uploads\/2024\/09\/Portable-Heater-Wholesale-Desk-Electric-Heater-Fans-Bulk-9-600x600.webp 600w, https:\/\/www.gdwanjiada.net\/wp-content\/uploads\/2024\/09\/Portable-Heater-Wholesale-Desk-Electric-Heater-Fans-Bulk-9-100x100.webp 100w\" sizes=\"(max-width: 800px) 100vw, 800px\" \/><\/figure><\/div><\/div>","protected":false},"excerpt":{"rendered":"<p>Bem-vindo \u00e0 compra de aquecedores el\u00e9ctricos a granel. O nosso aquecedor port\u00e1til por atacado adopta uma tecnologia de aquecimento PTC eficiente e dur\u00e1vel, que pode aquecer rapidamente. Tem uma fun\u00e7\u00e3o de prote\u00e7\u00e3o contra o sobreaquecimento e \u00e9 combinado com materiais cer\u00e2micos retardadores de chama para garantir seguran\u00e7a e fiabilidade.<\/p>\n<h2>Carater\u00edsticas do produto\uff1a<\/h2>\n<ul>\n<li>Convenientemente localizado, elegante e \u00edntimo.<\/li>\n<li>A temperatura est\u00e1 a subir rapidamente.<\/li>\n<li>Aquecimento por PTC, alta efici\u00eancia e durabilidade.<\/li>\n<li>Baixo ru\u00eddo, n\u00e3o perturba o sono.<\/li>\n<li>Design razo\u00e1vel, mais seguro e fi\u00e1vel.<\/li>\n<li>Prote\u00e7\u00e3o m\u00faltipla contra sobreaquecimento ou sobreintensidade.<\/li>\n<li>Material retardador de chama para seguran\u00e7a.<\/li>\n<\/ul>","protected":false},"featured_media":733,"comment_status":"closed","ping_status":"closed","template":"","meta":{"_acf_changed":false},"product_brand":[],"product_cat":[22],"product_tag":[],"class_list":{"0":"post-720","1":"product","2":"type-product","3":"status-publish","4":"has-post-thumbnail","6":"product_cat-wholesale-fan-heaters","8":"first","9":"instock","10":"shipping-taxable","11":"product-type-simple"},"acf":[],"_links":{"self":[{"href":"https:\/\/www.gdwanjiada.net\/pt\/wp-json\/wp\/v2\/product\/720","targetHints":{"allow":["GET"]}}],"collection":[{"href":"https:\/\/www.gdwanjiada.net\/pt\/wp-json\/wp\/v2\/product"}],"about":[{"href":"https:\/\/www.gdwanjiada.net\/pt\/wp-json\/wp\/v2\/types\/product"}],"replies":[{"embeddable":true,"href":"https:\/\/www.gdwanjiada.net\/pt\/wp-json\/wp\/v2\/comments?post=720"}],"wp:featuredmedia":[{"embeddable":true,"href":"https:\/\/www.gdwanjiada.net\/pt\/wp-json\/wp\/v2\/media\/733"}],"wp:attachment":[{"href":"https:\/\/www.gdwanjiada.net\/pt\/wp-json\/wp\/v2\/media?parent=720"}],"wp:term":[{"taxonomy":"product_brand","embeddable":true,"href":"https:\/\/www.gdwanjiada.net\/pt\/wp-json\/wp\/v2\/product_brand?post=720"},{"taxonomy":"product_cat","embeddable":true,"href":"https:\/\/www.gdwanjiada.net\/pt\/wp-json\/wp\/v2\/product_cat?post=720"},{"taxonomy":"product_tag","embeddable":true,"href":"https:\/\/www.gdwanjiada.net\/pt\/wp-json\/wp\/v2\/product_tag?post=720"}],"curies":[{"name":"wp","href":"https:\/\/api.w.org\/{rel}","templated":true}]}}