{"id":659,"date":"2024-09-27T08:13:38","date_gmt":"2024-09-27T08:13:38","guid":{"rendered":"https:\/\/www.gdwanjiada.net\/?post_type=product&#038;p=659"},"modified":"2025-12-17T07:01:13","modified_gmt":"2025-12-17T07:01:13","slug":"wholesale-air-purifiers-humidifier-fans","status":"publish","type":"product","link":"https:\/\/www.gdwanjiada.net\/pt\/produto\/wholesale-air-purifiers-humidifier-fans\/","title":{"rendered":"Purificadores de ar e ventiladores humidificadores por atacado, dep\u00f3sito de \u00e1gua de 3,6L"},"content":{"rendered":"<h3 class=\"wp-block-heading has-text-align-center\">Especifica\u00e7\u00f5es de Purificadores de ar por atacado + ventiladores com humidificador<\/h3><figure class=\"wp-block-table\"><table class=\"has-fixed-layout\"><tbody><tr><td rowspan=\"2\">Modelo<\/td><td rowspan=\"2\">Pot\u00eancia (w)<\/td><td rowspan=\"2\">Volt\/Freq<\/td><td rowspan=\"2\">\u00c1rea aplic\u00e1vel (\u33a1)<\/td><td rowspan=\"2\">Dep\u00f3sito de \u00e1gua (L)<\/td><td rowspan=\"2\">Capacidade de evapora\u00e7\u00e3o (ml\/h)<\/td><td rowspan=\"2\">Tamanho do produto<br>(mm)<\/td><td rowspan=\"2\">Tamanho da embalagem<br>(mm)<\/td><td rowspan=\"2\">N.W. (kg)<\/td><td rowspan=\"2\">Peso bruto (kg)<\/td><td colspan=\"2\">Carregamento Qtd (pcs)<\/td><\/tr><tr><td>20'GP<\/td><td>40'HQ<\/td><\/tr><tr><td>WJD8050A<\/td><td>55<\/td><td>220V\/50Hz<\/td><td>30<\/td><td>3.6<\/td><td>300<\/td><td>250*250*460<\/td><td>295*295*520<\/td><td>3.8<\/td><td>4.8<\/td><td>680<\/td><td>1600<\/td><\/tr><\/tbody><\/table><\/figure><div class=\"wp-block-columns is-layout-flex wp-container-core-columns-is-layout-9d6595d7 wp-block-columns-is-layout-flex\"><div class=\"wp-block-column is-layout-flow wp-block-column-is-layout-flow\" style=\"flex-basis:50%\"><h3 class=\"wp-block-heading has-text-align-left\">Vantagens dos purificadores de ar por grosso + ventiladores humidificadores<\/h3>\n\n<ul class=\"wp-block-list\"><li><strong>Controlo remoto:<\/strong> Os nossos purificadores de ar por atacado ventiladores umidificadores s\u00e3o equipados com um controle remoto, os usu\u00e1rios podem facilmente operar remotamente, ajustar v\u00e1rias fun\u00e7\u00f5es e configura\u00e7\u00f5es de velocidade do vento, a opera\u00e7\u00e3o \u00e9 mais conveniente e inteligente, e proporcionar uma melhor experi\u00eancia do usu\u00e1rio.<\/li>\n\n<li><strong>Fun\u00e7\u00e3o de barra de oxig\u00e9nio de i\u00f5es negativos: <\/strong>Os nossos ventiladores purificadores de ar inteligentes por atacado t\u00eam geradores de i\u00f5es negativos incorporados, que purificam eficazmente o ar, removem subst\u00e2ncias nocivas e odores no ar, ajudam a remover formalde\u00eddo, fumo e outros poluentes, melhoram a qualidade do ar interior e criam um ambiente de vida mais saud\u00e1vel.<\/li>\n\n<li><strong>Design port\u00e1til, f\u00e1cil de deslocar: <\/strong>Estes purificadores de ar por atacado ventiladores umidificadores adotam um design port\u00e1til de ranhura oculta, os usu\u00e1rios podem facilmente mover o equipamento a qualquer momento, adequado para diferentes salas em casa ou locais de escrit\u00f3rio, e aumentar a praticidade e flexibilidade do produto.<\/li>\n\n<li><strong>Humidifica\u00e7\u00e3o sem nevoeiro, sem ch\u00e3o molhado: <\/strong>Os nossos ventiladores purificadores de ar inteligentes por atacado est\u00e3o equipados com um tanque de \u00e1gua de grande capacidade de 3,6L e suportam tecnologia de humidifica\u00e7\u00e3o sem nevoeiro. Enquanto efetivamente umidifica o ar, ele n\u00e3o molhar\u00e1 o ch\u00e3o, garantindo um ambiente interno limpo e arrumado, especialmente adequado para espa\u00e7os que precisam ser mantidos limpos.<\/li><\/ul><\/div>\n\n<div class=\"wp-block-column is-layout-flow wp-block-column-is-layout-flow\"><figure class=\"wp-block-image size-full\"><img decoding=\"async\" width=\"800\" height=\"800\" src=\"https:\/\/www.gdwanjiada.net\/wp-content\/uploads\/2024\/09\/Wholesale-Air-Purifiers-Humidifier-Fans-With-3.6L-Water-Tank-7.webp\" alt=\"Purificadores de ar por atacado + ventiladores umidificadores com tanque de \u00e1gua de 3,6L-7\" class=\"wp-image-669\" srcset=\"https:\/\/www.gdwanjiada.net\/wp-content\/uploads\/2024\/09\/Wholesale-Air-Purifiers-Humidifier-Fans-With-3.6L-Water-Tank-7.webp 800w, https:\/\/www.gdwanjiada.net\/wp-content\/uploads\/2024\/09\/Wholesale-Air-Purifiers-Humidifier-Fans-With-3.6L-Water-Tank-7-300x300.webp 300w, https:\/\/www.gdwanjiada.net\/wp-content\/uploads\/2024\/09\/Wholesale-Air-Purifiers-Humidifier-Fans-With-3.6L-Water-Tank-7-150x150.webp 150w, https:\/\/www.gdwanjiada.net\/wp-content\/uploads\/2024\/09\/Wholesale-Air-Purifiers-Humidifier-Fans-With-3.6L-Water-Tank-7-768x768.webp 768w, https:\/\/www.gdwanjiada.net\/wp-content\/uploads\/2024\/09\/Wholesale-Air-Purifiers-Humidifier-Fans-With-3.6L-Water-Tank-7-600x600.webp 600w, https:\/\/www.gdwanjiada.net\/wp-content\/uploads\/2024\/09\/Wholesale-Air-Purifiers-Humidifier-Fans-With-3.6L-Water-Tank-7-100x100.webp 100w\" sizes=\"(max-width: 800px) 100vw, 800px\" \/><\/figure><\/div><\/div>","protected":false},"excerpt":{"rendered":"<p>Bem-vindo ao comprar ventiladores purificadores de ar inteligentes. Este purificador de ar por atacado com controlo remoto combina purifica\u00e7\u00e3o de i\u00f5es negativos, design port\u00e1til e humidifica\u00e7\u00e3o sem nevoeiro. O tanque de \u00e1gua de grande capacidade de 3,6L pode fornecer 12 horas de efeito de umidifica\u00e7\u00e3o. Pode purificar o ar e remover subst\u00e2ncias nocivas como o formalde\u00eddo, tornando-o uma escolha ideal para ambientes dom\u00e9sticos e de escrit\u00f3rio.<\/p>\n<h2>Carater\u00edsticas do produto\uff1a<\/h2>\n<ul>\n<li>Controlo por painel t\u00e1til, controlo remoto por infravermelhos.<\/li>\n<li>Dete\u00e7\u00e3o inteligente da qualidade do ar, indica\u00e7\u00e3o da temperatura e da humidade.<\/li>\n<li>Fun\u00e7\u00e3o ani\u00f3nica, purifica o ar.<\/li>\n<li>Pega oculta, f\u00e1cil de transportar.<\/li>\n<li>Painel traseiro amov\u00edvel, para facilitar a limpeza do elemento filtrante.<\/li>\n<li>Purifica\u00e7\u00e3o\/remo\u00e7\u00e3o de formalde\u00eddo + humidifica\u00e7\u00e3o.<\/li>\n<li>Humidifica\u00e7\u00e3o sem n\u00e9voa, grande capacidade de humidifica\u00e7\u00e3o, n\u00e3o molha o ch\u00e3o.<\/li>\n<li>Grande dep\u00f3sito de \u00e1gua, dispon\u00edvel durante 12 horas com \u00e1gua cheia.<\/li>\n<\/ul>","protected":false},"featured_media":663,"comment_status":"closed","ping_status":"closed","template":"","meta":{"_acf_changed":false},"product_brand":[],"product_cat":[25],"product_tag":[],"class_list":{"0":"post-659","1":"product","2":"type-product","3":"status-publish","4":"has-post-thumbnail","6":"product_cat-wholesale-air-purifiers","8":"first","9":"instock","10":"shipping-taxable","11":"product-type-simple"},"acf":[],"_links":{"self":[{"href":"https:\/\/www.gdwanjiada.net\/pt\/wp-json\/wp\/v2\/product\/659","targetHints":{"allow":["GET"]}}],"collection":[{"href":"https:\/\/www.gdwanjiada.net\/pt\/wp-json\/wp\/v2\/product"}],"about":[{"href":"https:\/\/www.gdwanjiada.net\/pt\/wp-json\/wp\/v2\/types\/product"}],"replies":[{"embeddable":true,"href":"https:\/\/www.gdwanjiada.net\/pt\/wp-json\/wp\/v2\/comments?post=659"}],"wp:featuredmedia":[{"embeddable":true,"href":"https:\/\/www.gdwanjiada.net\/pt\/wp-json\/wp\/v2\/media\/663"}],"wp:attachment":[{"href":"https:\/\/www.gdwanjiada.net\/pt\/wp-json\/wp\/v2\/media?parent=659"}],"wp:term":[{"taxonomy":"product_brand","embeddable":true,"href":"https:\/\/www.gdwanjiada.net\/pt\/wp-json\/wp\/v2\/product_brand?post=659"},{"taxonomy":"product_cat","embeddable":true,"href":"https:\/\/www.gdwanjiada.net\/pt\/wp-json\/wp\/v2\/product_cat?post=659"},{"taxonomy":"product_tag","embeddable":true,"href":"https:\/\/www.gdwanjiada.net\/pt\/wp-json\/wp\/v2\/product_tag?post=659"}],"curies":[{"name":"wp","href":"https:\/\/api.w.org\/{rel}","templated":true}]}}