{"id":560,"date":"2024-09-26T09:43:30","date_gmt":"2024-09-26T09:43:30","guid":{"rendered":"https:\/\/www.gdwanjiada.net\/?post_type=product&#038;p=560"},"modified":"2025-11-15T09:47:47","modified_gmt":"2025-11-15T09:47:47","slug":"wholesale-portable-air-cooler","status":"publish","type":"product","link":"https:\/\/www.gdwanjiada.net\/pt\/produto\/wholesale-portable-air-cooler\/","title":{"rendered":"Refrigerador de ar port\u00e1til por atacado de f\u00e1brica para locais comerciais"},"content":{"rendered":"<h3 class=\"wp-block-heading has-text-align-center\">Especifica\u00e7\u00f5es do refrigerador de ar port\u00e1til por atacado<\/h3><figure class=\"wp-block-table\"><table class=\"has-fixed-layout\"><tbody><tr><td rowspan=\"2\">Modelo<\/td><td rowspan=\"2\">Pot\u00eancia (W)&nbsp;<\/td><td colspan=\"3\">Caudal de ar (m\u00b3\/h)<\/td><td rowspan=\"2\">Capacidade do dep\u00f3sito de \u00e1gua (L)<\/td><td colspan=\"3\">Tamanho do produto (mm)&nbsp;<\/td><td rowspan=\"2\">Consumo de \u00e1gua (L\/H)<\/td><td rowspan=\"2\">Tamanho da almofada de arrefecimento (mm)<\/td><td rowspan=\"2\">Embalagem<\/td><td rowspan=\"2\">N.W.\/ G.W. (kg)&nbsp;&nbsp;<\/td><td rowspan=\"2\">Tamanho da embalagem (mm)&nbsp;<\/td><td colspan=\"2\">Carregamento Qtd<\/td><\/tr><tr><td>H<\/td><td>M<\/td><td>L<\/td><td>L<\/td><td>W<\/td><td>H<\/td><td>20'GP<\/td><td>40'HQ<\/td><\/tr><tr><td>WJD2800F-2Z<\/td><td>125<\/td><td>2500<\/td><td>1800<\/td><td>1300<\/td><td>28.0<\/td><td>470<\/td><td>345<\/td><td>950<\/td><td>4.0<\/td><td>360*65*495<\/td><td>1 unidade<\/td><td>12\/14.1<\/td><td>520*390*930<\/td><td>155<\/td><td>368<\/td><\/tr><\/tbody><\/table><\/figure><div class=\"wp-block-columns is-layout-flex wp-container-core-columns-is-layout-9d6595d7 wp-block-columns-is-layout-flex\"><div class=\"wp-block-column is-layout-flow wp-block-column-is-layout-flow\" style=\"flex-basis:50%\"><h3 class=\"wp-block-heading has-text-align-left\">Vantagens do refrigerador de ar port\u00e1til por atacado<\/h3>\n\n<ul class=\"wp-block-list\"><li><strong>Multifuncional:<\/strong> Este refrigerador de ar port\u00e1til por atacado combina refrigera\u00e7\u00e3o, humidifica\u00e7\u00e3o e purifica\u00e7\u00e3o do ar. Atrav\u00e9s do trabalho, ele poderia efetivamente melhorar a qualidade do ar e tamb\u00e9m fornecer um ambiente fresco e molhado, que pode atender aos usu\u00e1rios em locais ao ar livre e comerciais para uma gama completa de experi\u00eancias confort\u00e1veis.<\/li>\n\n<li><strong>Controlo inteligente: <\/strong>O nosso refrigerador de ar evaporativo por atacado est\u00e1 equipado com controlo inteligente, e todas as fun\u00e7\u00f5es do ar condicionado podem ser convenientemente controladas pelo utilizador atrav\u00e9s de um painel de controlo multi-fun\u00e7\u00f5es e ecr\u00e3 LED. Al\u00e9m disso, permite maior conveni\u00eancia e adequa\u00e7\u00e3o com opera\u00e7\u00f5es de controlo remoto em grandes espa\u00e7os.<\/li>\n\n<li><strong>Utiliza\u00e7\u00e3o de longa dura\u00e7\u00e3o:<\/strong> O tanque de \u00e1gua ultra grande de 28L faz com que este refrigerador de ar port\u00e1til por atacado garanta uma opera\u00e7\u00e3o cont\u00ednua de longa dura\u00e7\u00e3o sem adicionar \u00e1gua com frequ\u00eancia. Em particular, \u00e9 muito adequado para uso durante um longo per\u00edodo ao ar livre ou comercialmente e pode continuar a fornecer um efeito de arrefecimento cont\u00ednuo.<\/li>\n\n<li><strong>Resistente e duradouro: <\/strong>O nosso refrigerador de ar evaporativo por atacado adopta um design de corpo de cobre puro que tem um bom desempenho em termos de durabilidade e resist\u00eancia \u00e0 corros\u00e3o, de modo a manter o produto com bom desempenho, mesmo em condi\u00e7\u00f5es extremas ao ar livre e comerciais, garantindo uma longa vida \u00fatil.<\/li><\/ul><\/div>\n\n<div class=\"wp-block-column is-layout-flow wp-block-column-is-layout-flow\"><figure class=\"wp-block-image size-full\"><img decoding=\"async\" width=\"800\" height=\"800\" src=\"https:\/\/www.gdwanjiada.net\/wp-content\/uploads\/2024\/09\/Wholesale-Portable-Air-Cooler-For-Outdoor-and-Commercial-Places-4.webp\" alt=\"Refrigerador de ar port\u00e1til por atacado para exteriores e locais comerciais-4\" class=\"wp-image-564\" srcset=\"https:\/\/www.gdwanjiada.net\/wp-content\/uploads\/2024\/09\/Wholesale-Portable-Air-Cooler-For-Outdoor-and-Commercial-Places-4.webp 800w, https:\/\/www.gdwanjiada.net\/wp-content\/uploads\/2024\/09\/Wholesale-Portable-Air-Cooler-For-Outdoor-and-Commercial-Places-4-300x300.webp 300w, https:\/\/www.gdwanjiada.net\/wp-content\/uploads\/2024\/09\/Wholesale-Portable-Air-Cooler-For-Outdoor-and-Commercial-Places-4-150x150.webp 150w, https:\/\/www.gdwanjiada.net\/wp-content\/uploads\/2024\/09\/Wholesale-Portable-Air-Cooler-For-Outdoor-and-Commercial-Places-4-768x768.webp 768w, https:\/\/www.gdwanjiada.net\/wp-content\/uploads\/2024\/09\/Wholesale-Portable-Air-Cooler-For-Outdoor-and-Commercial-Places-4-600x600.webp 600w, https:\/\/www.gdwanjiada.net\/wp-content\/uploads\/2024\/09\/Wholesale-Portable-Air-Cooler-For-Outdoor-and-Commercial-Places-4-100x100.webp 100w\" sizes=\"(max-width: 800px) 100vw, 800px\" \/><\/figure><\/div><\/div>","protected":false},"excerpt":{"rendered":"<p>Bem-vindo ao comprar refrigeradores de ar evaporativos por atacado. Este refrigerador de ar port\u00e1til por atacado integra tr\u00eas fun\u00e7\u00f5es: arrefecimento, humidifica\u00e7\u00e3o e purifica\u00e7\u00e3o. Ele vem com um tanque de \u00e1gua de grande capacidade de 28L, painel de controle inteligente e display LED, suportando opera\u00e7\u00e3o de controle remoto. \u00c9 aplicado para uso ao ar livre e comercial.<\/p>\n<h2>Carater\u00edsticas do refrigerador de ar port\u00e1til por atacado\uff1a<\/h2>\n<ul>\n<li>Arrefecimento, humidifica\u00e7\u00e3o e purifica\u00e7\u00e3o, uma m\u00e1quina polivalente.<\/li>\n<li>A entrada de ar em 3 lados torna o efeito de arrefecimento mais evidente.<\/li>\n<li>Painel de controlo multifun\u00e7\u00f5es, ecr\u00e3 LED, fun\u00e7\u00e3o de controlo remoto inteligente.<\/li>\n<li>Fun\u00e7\u00e3o de barra de oxig\u00e9nio de i\u00f5es negativos, aumenta o oxig\u00e9nio ativo, purifica o ar.<\/li>\n<li>Impulsor de fluxo axial de grande di\u00e2metro, grande volume de ar, baixo ru\u00eddo.<\/li>\n<li>Tr\u00eas tipos de op\u00e7\u00f5es de vento: imita\u00e7\u00e3o de vento natural, vento adormecido e vento padr\u00e3o.<\/li>\n<li>Fun\u00e7\u00e3o de encerramento autom\u00e1tico temporizado de 0,5-7,5 horas.<\/li>\n<li>Fun\u00e7\u00e3o de vento de oscila\u00e7\u00e3o manual para cima e para baixo, automaticamente para a esquerda e para a direita, 3 op\u00e7\u00f5es de velocidade do vento.<\/li>\n<li>Bomba de \u00e1gua de prote\u00e7\u00e3o m\u00faltipla, volume de \u00e1gua suficiente e seguran\u00e7a garantida.<\/li>\n<li>Fun\u00e7\u00e3o de bloqueio nos rod\u00edzios dianteiros, conveniente para desloca\u00e7\u00e3o e coloca\u00e7\u00e3o.<\/li>\n<li>Motor em cobre puro.<\/li>\n<\/ul>","protected":false},"featured_media":562,"comment_status":"closed","ping_status":"closed","template":"","meta":{"_acf_changed":false},"product_brand":[],"product_cat":[26],"product_tag":[28],"class_list":{"0":"post-560","1":"product","2":"type-product","3":"status-publish","4":"has-post-thumbnail","6":"product_cat-wholesale-air-coolers","7":"product_tag-commercial-air-coolers-wholesale","9":"first","10":"instock","11":"shipping-taxable","12":"product-type-simple"},"acf":[],"_links":{"self":[{"href":"https:\/\/www.gdwanjiada.net\/pt\/wp-json\/wp\/v2\/product\/560","targetHints":{"allow":["GET"]}}],"collection":[{"href":"https:\/\/www.gdwanjiada.net\/pt\/wp-json\/wp\/v2\/product"}],"about":[{"href":"https:\/\/www.gdwanjiada.net\/pt\/wp-json\/wp\/v2\/types\/product"}],"replies":[{"embeddable":true,"href":"https:\/\/www.gdwanjiada.net\/pt\/wp-json\/wp\/v2\/comments?post=560"}],"wp:featuredmedia":[{"embeddable":true,"href":"https:\/\/www.gdwanjiada.net\/pt\/wp-json\/wp\/v2\/media\/562"}],"wp:attachment":[{"href":"https:\/\/www.gdwanjiada.net\/pt\/wp-json\/wp\/v2\/media?parent=560"}],"wp:term":[{"taxonomy":"product_brand","embeddable":true,"href":"https:\/\/www.gdwanjiada.net\/pt\/wp-json\/wp\/v2\/product_brand?post=560"},{"taxonomy":"product_cat","embeddable":true,"href":"https:\/\/www.gdwanjiada.net\/pt\/wp-json\/wp\/v2\/product_cat?post=560"},{"taxonomy":"product_tag","embeddable":true,"href":"https:\/\/www.gdwanjiada.net\/pt\/wp-json\/wp\/v2\/product_tag?post=560"}],"curies":[{"name":"wp","href":"https:\/\/api.w.org\/{rel}","templated":true}]}}