{"id":550,"date":"2024-09-26T09:28:05","date_gmt":"2024-09-26T09:28:05","guid":{"rendered":"https:\/\/www.gdwanjiada.net\/?post_type=product&#038;p=550"},"modified":"2025-11-15T09:59:31","modified_gmt":"2025-11-15T09:59:31","slug":"commercial-air-cooler-fans-wholesale","status":"publish","type":"product","link":"https:\/\/www.gdwanjiada.net\/pt\/produto\/commercial-air-cooler-fans-wholesale\/","title":{"rendered":"Refrigerador de ar comercial com tanque de \u00e1gua de 28L"},"content":{"rendered":"<h3 class=\"wp-block-heading has-text-align-center\">Especifica\u00e7\u00f5es de Ventiladores de refrigera\u00e7\u00e3o de ar comerciais por atacado<\/h3><figure class=\"wp-block-table\"><table class=\"has-fixed-layout\"><tbody><tr><td rowspan=\"2\">Modelo<\/td><td rowspan=\"2\">Pot\u00eancia (W)&nbsp;<\/td><td colspan=\"3\">Caudal de ar (m\u00b3\/h)<\/td><td rowspan=\"2\">Capacidade do dep\u00f3sito de \u00e1gua (L)<\/td><td colspan=\"3\">Tamanho do produto (mm)&nbsp;<\/td><td rowspan=\"2\">Consumo de \u00e1gua (L\/H)<\/td><td rowspan=\"2\">Tamanho da almofada de arrefecimento (mm)<\/td><td rowspan=\"2\">Embalagem<\/td><td rowspan=\"2\">N.W.\/ G.W. (kg)&nbsp;&nbsp;<\/td><td rowspan=\"2\">Tamanho da embalagem (mm)&nbsp;<\/td><td colspan=\"2\">Carregamento Qtd<\/td><\/tr><tr><td>H<\/td><td>M<\/td><td>L<\/td><td>L<\/td><td>W<\/td><td>H<\/td><td>20'GP<\/td><td>40'HQ<\/td><\/tr><tr><td>WJD2800F-1Z<\/td><td>125<\/td><td>2500<\/td><td>1800<\/td><td>1300<\/td><td>28.0<\/td><td>470<\/td><td>345<\/td><td>950<\/td><td>4.0<\/td><td>360*65*495<\/td><td>1 unidade<\/td><td>12\/14.1<\/td><td>520*390*930<\/td><td>155<\/td><td>368<\/td><\/tr><\/tbody><\/table><\/figure><div class=\"wp-block-columns is-layout-flex wp-container-core-columns-is-layout-9d6595d7 wp-block-columns-is-layout-flex\"><div class=\"wp-block-column is-layout-flow wp-block-column-is-layout-flow\" style=\"flex-basis:50%\"><h3 class=\"wp-block-heading has-text-align-left\">Vantagens das ventoinhas de arrefecimento do ar comerciais por grosso<\/h3>\n\n<ul class=\"wp-block-list\"><li><strong>Roda dianteira com bloqueio do trav\u00e3o: <\/strong>Esta ventoinha de refrigera\u00e7\u00e3o de ar comercial por atacado est\u00e1 equipada com uma fun\u00e7\u00e3o de bloqueio do trav\u00e3o da roda dianteira para garantir que pode ser firmemente fixada quando utilizada em diferentes posi\u00e7\u00f5es, f\u00e1cil de mover e segura, e adequada para uma utiliza\u00e7\u00e3o flex\u00edvel em v\u00e1rios cen\u00e1rios em ambientes comerciais.<\/li>\n\n<li><strong>Dep\u00f3sito de \u00e1gua de grande capacidade de 28L: <\/strong>Este refrigerador evaporativo por atacado est\u00e1 equipado com um tanque de \u00e1gua de grande capacidade de 28 litros, que n\u00e3o requer adi\u00e7\u00e3o frequente de \u00e1gua para opera\u00e7\u00e3o a longo prazo. \u00c9 particularmente adequado para grandes espa\u00e7os comerciais que requerem arrefecimento a longo prazo, melhorando a conveni\u00eancia de utiliza\u00e7\u00e3o e o efeito de arrefecimento cont\u00ednuo.<\/li>\n\n<li><strong>Entrada de ar de tr\u00eas lados: <\/strong>Os nossos ventiladores de ar refrigerado comerciais por atacado adoptam um design de entrada de ar de tr\u00eas lados para melhorar ainda mais a efici\u00eancia da circula\u00e7\u00e3o de ar, arrefecer rapidamente uma grande \u00e1rea de espa\u00e7o, garantir um efeito de arrefecimento uniforme e proporcionar um ambiente mais confort\u00e1vel para locais comerciais.<\/li>\n\n<li><strong>Mais seguro de utilizar: <\/strong>Este refrigerador evaporativo por atacado tem uma bomba submers\u00edvel embutida e v\u00e1rios projetos de prote\u00e7\u00e3o de seguran\u00e7a para evitar falhas na bomba de \u00e1gua ou problemas el\u00e9tricos, garantir a seguran\u00e7a durante a opera\u00e7\u00e3o de longo prazo e melhorar muito a confiabilidade do uso.<\/li><\/ul><\/div>\n\n<div class=\"wp-block-column is-layout-flow wp-block-column-is-layout-flow\"><figure class=\"wp-block-image size-full\"><img decoding=\"async\" width=\"800\" height=\"800\" src=\"https:\/\/www.gdwanjiada.net\/wp-content\/uploads\/2024\/09\/Commercial-Air-Cooler-Fans-Wholesale-With-28L-Water-Tank-5.webp\" alt=\"Refrigerador de ar comercial Ventiladores por atacado com tanque de \u00e1gua de 28L-5\" class=\"wp-image-555\" srcset=\"https:\/\/www.gdwanjiada.net\/wp-content\/uploads\/2024\/09\/Commercial-Air-Cooler-Fans-Wholesale-With-28L-Water-Tank-5.webp 800w, https:\/\/www.gdwanjiada.net\/wp-content\/uploads\/2024\/09\/Commercial-Air-Cooler-Fans-Wholesale-With-28L-Water-Tank-5-300x300.webp 300w, https:\/\/www.gdwanjiada.net\/wp-content\/uploads\/2024\/09\/Commercial-Air-Cooler-Fans-Wholesale-With-28L-Water-Tank-5-150x150.webp 150w, https:\/\/www.gdwanjiada.net\/wp-content\/uploads\/2024\/09\/Commercial-Air-Cooler-Fans-Wholesale-With-28L-Water-Tank-5-768x768.webp 768w, https:\/\/www.gdwanjiada.net\/wp-content\/uploads\/2024\/09\/Commercial-Air-Cooler-Fans-Wholesale-With-28L-Water-Tank-5-600x600.webp 600w, https:\/\/www.gdwanjiada.net\/wp-content\/uploads\/2024\/09\/Commercial-Air-Cooler-Fans-Wholesale-With-28L-Water-Tank-5-100x100.webp 100w\" sizes=\"(max-width: 800px) 100vw, 800px\" \/><\/figure><\/div><\/div>","protected":false},"excerpt":{"rendered":"<p>Bem-vindo ao comprar refrigeradores evaporativos. O nosso refrigerador de ar comercial de 28L adota um design de entrada de ar de tr\u00eas lados para melhorar a efici\u00eancia de refrigera\u00e7\u00e3o e a circula\u00e7\u00e3o de ar. A roda dianteira rec\u00e9m-adicionada com fun\u00e7\u00e3o de bloqueio de trav\u00e3o torna-o mais f\u00e1cil de mover e mais seguro, tornando-o uma solu\u00e7\u00e3o de refrigera\u00e7\u00e3o ideal para grandes espa\u00e7os comerciais.<\/p>\n<h2>Carater\u00edsticas do produto\uff1a<\/h2>\n<ul>\n<li>Integra fun\u00e7\u00f5es de refrigera\u00e7\u00e3o, humidifica\u00e7\u00e3o e purifica\u00e7\u00e3o, sendo uma m\u00e1quina polivalente.<\/li>\n<li>Utiliza entrada de ar de tr\u00eas lados e cortinas h\u00famidas de arrefecimento evaporativo de alta efici\u00eancia, e o efeito de arrefecimento \u00e9 mais \u00f3bvio.<\/li>\n<li>Painel de controlo multifun\u00e7\u00f5es, ecr\u00e3 LED a cores e fun\u00e7\u00e3o de controlo remoto inteligente.<\/li>\n<li>Fun\u00e7\u00e3o de barra de oxig\u00e9nio de i\u00f5es negativos, aumenta o oxig\u00e9nio ativo, purifica o ar.<\/li>\n<li>Impulsor de fluxo axial de grande di\u00e2metro, grande volume de ar, baixo ru\u00eddo.<\/li>\n<li>Tr\u00eas tipos de op\u00e7\u00f5es de vento: imita\u00e7\u00e3o de vento natural, vento adormecido e vento padr\u00e3o.<\/li>\n<li>Fun\u00e7\u00e3o de encerramento autom\u00e1tico temporizado de 0,5-7,5 horas.<\/li>\n<li>Fun\u00e7\u00e3o de vento oscilante manual para cima e para baixo, autom\u00e1tica para a esquerda e para a direita, tr\u00eas op\u00e7\u00f5es de velocidade do vento.<\/li>\n<li>Bomba submers\u00edvel com m\u00faltiplas fun\u00e7\u00f5es de prote\u00e7\u00e3o, volume de \u00e1gua suficiente e seguran\u00e7a garantida.<\/li>\n<li>A roda dianteira tem uma fun\u00e7\u00e3o de bloqueio do trav\u00e3o, o que \u00e9 conveniente para mover e colocar.<\/li>\n<li>Motor em cobre puro.<\/li>\n<\/ul>","protected":false},"featured_media":551,"comment_status":"closed","ping_status":"closed","template":"","meta":{"_acf_changed":false},"product_brand":[],"product_cat":[26],"product_tag":[28],"class_list":{"0":"post-550","1":"product","2":"type-product","3":"status-publish","4":"has-post-thumbnail","6":"product_cat-wholesale-air-coolers","7":"product_tag-commercial-air-coolers-wholesale","9":"first","10":"instock","11":"shipping-taxable","12":"product-type-simple"},"acf":[],"_links":{"self":[{"href":"https:\/\/www.gdwanjiada.net\/pt\/wp-json\/wp\/v2\/product\/550","targetHints":{"allow":["GET"]}}],"collection":[{"href":"https:\/\/www.gdwanjiada.net\/pt\/wp-json\/wp\/v2\/product"}],"about":[{"href":"https:\/\/www.gdwanjiada.net\/pt\/wp-json\/wp\/v2\/types\/product"}],"replies":[{"embeddable":true,"href":"https:\/\/www.gdwanjiada.net\/pt\/wp-json\/wp\/v2\/comments?post=550"}],"wp:featuredmedia":[{"embeddable":true,"href":"https:\/\/www.gdwanjiada.net\/pt\/wp-json\/wp\/v2\/media\/551"}],"wp:attachment":[{"href":"https:\/\/www.gdwanjiada.net\/pt\/wp-json\/wp\/v2\/media?parent=550"}],"wp:term":[{"taxonomy":"product_brand","embeddable":true,"href":"https:\/\/www.gdwanjiada.net\/pt\/wp-json\/wp\/v2\/product_brand?post=550"},{"taxonomy":"product_cat","embeddable":true,"href":"https:\/\/www.gdwanjiada.net\/pt\/wp-json\/wp\/v2\/product_cat?post=550"},{"taxonomy":"product_tag","embeddable":true,"href":"https:\/\/www.gdwanjiada.net\/pt\/wp-json\/wp\/v2\/product_tag?post=550"}],"curies":[{"name":"wp","href":"https:\/\/api.w.org\/{rel}","templated":true}]}}