{"id":522,"date":"2024-09-26T08:27:19","date_gmt":"2024-09-26T08:27:19","guid":{"rendered":"https:\/\/www.gdwanjiada.net\/?post_type=product&#038;p=522"},"modified":"2025-12-05T06:59:46","modified_gmt":"2025-12-05T06:59:46","slug":"wholesale-portable-evaporative-air-cooler","status":"publish","type":"product","link":"https:\/\/www.gdwanjiada.net\/pt\/produto\/wholesale-portable-evaporative-air-cooler\/","title":{"rendered":"Refrigerador de ar evaporativo port\u00e1til por atacado a granel com 5,5L"},"content":{"rendered":"<h3 class=\"wp-block-heading has-text-align-center\">Especifica\u00e7\u00f5es do refrigerador de ar evaporativo port\u00e1til por atacado<\/h3><figure class=\"wp-block-table\"><table class=\"has-fixed-layout\"><tbody><tr><td rowspan=\"2\">Modelo<\/td><td rowspan=\"2\">Pot\u00eancia (W)&nbsp;<\/td><td colspan=\"3\">Caudal de ar (m\u00b3\/h)<\/td><td rowspan=\"2\">Capacidade do dep\u00f3sito de \u00e1gua (L)<\/td><td colspan=\"3\">Tamanho do produto (mm)&nbsp;<\/td><td rowspan=\"2\">Tamanho da almofada de arrefecimento (mm)<\/td><td rowspan=\"2\">Embalagem<\/td><td rowspan=\"2\">N.W.\/ G.W. (kg)&nbsp;&nbsp;<\/td><td rowspan=\"2\">Tamanho da embalagem (mm)&nbsp;<\/td><td colspan=\"2\">Carregamento Qtd<\/td><\/tr><tr><td>H<\/td><td>M<\/td><td>L<\/td><td>L<\/td><td>W<\/td><td>H<\/td><td>20'GP<\/td><td>40'HQ<\/td><\/tr><tr><td>WJD980F-3M<\/td><td>90<\/td><td>980<\/td><td>700<\/td><td>300<\/td><td>5.5<\/td><td>280<\/td><td>280<\/td><td>710<\/td><td>30*210*265<\/td><td>1 unidade<\/td><td>5\/6.5<\/td><td>330*330*745<\/td><td>346<\/td><td>832<\/td><\/tr><\/tbody><\/table><\/figure><div class=\"wp-block-columns is-layout-flex wp-container-core-columns-is-layout-9d6595d7 wp-block-columns-is-layout-flex\"><div class=\"wp-block-column is-layout-flow wp-block-column-is-layout-flow\" style=\"flex-basis:50%\"><h3 class=\"wp-block-heading has-text-align-left\">Vantagens do refrigerador de ar evaporativo port\u00e1til por atacado<\/h3>\n\n<ul class=\"wp-block-list\"><li><strong>O vento de balan\u00e7o cobre toda a sala: <\/strong>Este refrigerador de ar evaporativo port\u00e1til por atacado tem as fun\u00e7\u00f5es de ajustar manualmente a dire\u00e7\u00e3o do vento para cima e para baixo e automaticamente balan\u00e7ar o vento para a esquerda e para a direita, garantindo que o vento frio possa cobrir uniformemente todos os cantos da sala, trazendo aos usu\u00e1rios uma gama completa de experi\u00eancias confort\u00e1veis.<\/li>\n\n<li><strong>F\u00e1cil de limpar e manter:<\/strong> O nosso refrigerador de ar evaporativo port\u00e1til por atacado possui um grande tanque de \u00e1gua de 6 litros para reduzir o inc\u00f3modo de encher o tanque de \u00e1gua com mais frequ\u00eancia, mantendo a tarefa no m\u00ednimo. Al\u00e9m disso, pode remover o dep\u00f3sito de \u00e1gua para facilitar a limpeza e a manuten\u00e7\u00e3o, o que \u00e9 essencial para manter as coisas limpas e higi\u00e9nicas para uma utiliza\u00e7\u00e3o a longo prazo.<\/li>\n\n<li><strong>Vento regul\u00e1vel a tr\u00eas velocidades:<\/strong> Este refrigerador de ar evaporativo port\u00e1til por atacado possui ajuste de vento de tr\u00eas velocidades para que o usu\u00e1rio possa ajustar facilmente a velocidade do vento, alterando a temperatura ambiente ou as prefer\u00eancias do usu\u00e1rio. O utilizador pode desfrutar do seu pr\u00f3prio processo de arrefecimento, personalizado de acordo com as suas prefer\u00eancias.<\/li>\n\n<li><strong>Poupan\u00e7a de energia e amigo do ambiente: <\/strong>O nosso refrigerador de ar por atacado usa a tecnologia de resfriamento evaporativo para efetivamente e significativamente arrefecer a temperatura ambiente mais do que os condicionadores de ar tradicionais. \u00c9 mais barato e mais ecol\u00f3gico do que os aparelhos de ar condicionado tradicionais, e \u00e9 adequado para uso a longo prazo, especialmente no ver\u00e3o. Este refrigerador de ar grossista pode proporcionar uma experi\u00eancia de arrefecimento duradoura e confort\u00e1vel.<\/li><\/ul><\/div>\n\n<div class=\"wp-block-column is-layout-flow wp-block-column-is-layout-flow\"><figure class=\"wp-block-image size-full\"><img decoding=\"async\" width=\"800\" height=\"800\" src=\"https:\/\/www.gdwanjiada.net\/wp-content\/uploads\/2024\/09\/Wholesale-Portable-Evaporative-Air-Cooler-With-6L-Water-Tank-6.webp\" alt=\"Refrigerador de ar evaporativo port\u00e1til por atacado com tanque de \u00e1gua de 6L-6\" class=\"wp-image-528\" srcset=\"https:\/\/www.gdwanjiada.net\/wp-content\/uploads\/2024\/09\/Wholesale-Portable-Evaporative-Air-Cooler-With-6L-Water-Tank-6.webp 800w, https:\/\/www.gdwanjiada.net\/wp-content\/uploads\/2024\/09\/Wholesale-Portable-Evaporative-Air-Cooler-With-6L-Water-Tank-6-300x300.webp 300w, https:\/\/www.gdwanjiada.net\/wp-content\/uploads\/2024\/09\/Wholesale-Portable-Evaporative-Air-Cooler-With-6L-Water-Tank-6-150x150.webp 150w, https:\/\/www.gdwanjiada.net\/wp-content\/uploads\/2024\/09\/Wholesale-Portable-Evaporative-Air-Cooler-With-6L-Water-Tank-6-768x768.webp 768w, https:\/\/www.gdwanjiada.net\/wp-content\/uploads\/2024\/09\/Wholesale-Portable-Evaporative-Air-Cooler-With-6L-Water-Tank-6-600x600.webp 600w, https:\/\/www.gdwanjiada.net\/wp-content\/uploads\/2024\/09\/Wholesale-Portable-Evaporative-Air-Cooler-With-6L-Water-Tank-6-100x100.webp 100w\" sizes=\"(max-width: 800px) 100vw, 800px\" \/><\/figure><\/div><\/div>","protected":false},"excerpt":{"rendered":"<p>Bem-vindo ao comprar nosso refrigerador de ar por atacado, este refrigerador de ar evaporativo port\u00e1til por atacado est\u00e1 equipado com uma gama completa de fun\u00e7\u00f5es de vento oscilante para garantir a cobertura total do vento frio. O tanque de \u00e1gua destac\u00e1vel de 5,5L \u00e9 f\u00e1cil de limpar e o ajuste de vento de tr\u00eas velocidades pode atender a diferentes necessidades. \u00c9 um dispositivo de arrefecimento port\u00e1til ideal para casa ou para o escrit\u00f3rio.<\/p>\n<h2>Carater\u00edsticas do refrigerador de ar evaporativo port\u00e1til por atacado\uff1a<\/h2>\n<ul>\n<li>Fun\u00e7\u00f5es de arrefecimento, humidifica\u00e7\u00e3o e purifica\u00e7\u00e3o, uma m\u00e1quina para m\u00faltiplas utiliza\u00e7\u00f5es.<\/li>\n<li>Levantamento manual, l\u00e2minas automaticamente para a esquerda e para a direita.<\/li>\n<li>Tr\u00eas velocidades de vento \u00e0 escolha.<\/li>\n<li>Fornecimento de ar de grande \u00e2ngulo para um vento confort\u00e1vel.<\/li>\n<li>A \u00e1gua, o gelo ou a caixa de gelo podem ser adicionados \u00e0 posi\u00e7\u00e3o superior para um melhor efeito de arrefecimento.<\/li>\n<li>O dep\u00f3sito de \u00e1gua pode ser retirado da m\u00e1quina para facilitar a limpeza.<\/li>\n<li>Fechar manualmente o respiradouro.<\/li>\n<\/ul>","protected":false},"featured_media":523,"comment_status":"closed","ping_status":"closed","template":"","meta":{"_acf_changed":false},"product_brand":[],"product_cat":[26],"product_tag":[27],"class_list":{"0":"post-522","1":"product","2":"type-product","3":"status-publish","4":"has-post-thumbnail","6":"product_cat-wholesale-air-coolers","7":"product_tag-wholesale-home-air-coolers","9":"first","10":"instock","11":"shipping-taxable","12":"product-type-simple"},"acf":[],"_links":{"self":[{"href":"https:\/\/www.gdwanjiada.net\/pt\/wp-json\/wp\/v2\/product\/522","targetHints":{"allow":["GET"]}}],"collection":[{"href":"https:\/\/www.gdwanjiada.net\/pt\/wp-json\/wp\/v2\/product"}],"about":[{"href":"https:\/\/www.gdwanjiada.net\/pt\/wp-json\/wp\/v2\/types\/product"}],"replies":[{"embeddable":true,"href":"https:\/\/www.gdwanjiada.net\/pt\/wp-json\/wp\/v2\/comments?post=522"}],"wp:featuredmedia":[{"embeddable":true,"href":"https:\/\/www.gdwanjiada.net\/pt\/wp-json\/wp\/v2\/media\/523"}],"wp:attachment":[{"href":"https:\/\/www.gdwanjiada.net\/pt\/wp-json\/wp\/v2\/media?parent=522"}],"wp:term":[{"taxonomy":"product_brand","embeddable":true,"href":"https:\/\/www.gdwanjiada.net\/pt\/wp-json\/wp\/v2\/product_brand?post=522"},{"taxonomy":"product_cat","embeddable":true,"href":"https:\/\/www.gdwanjiada.net\/pt\/wp-json\/wp\/v2\/product_cat?post=522"},{"taxonomy":"product_tag","embeddable":true,"href":"https:\/\/www.gdwanjiada.net\/pt\/wp-json\/wp\/v2\/product_tag?post=522"}],"curies":[{"name":"wp","href":"https:\/\/api.w.org\/{rel}","templated":true}]}}