{"id":429,"date":"2024-09-25T03:35:38","date_gmt":"2024-09-25T03:35:38","guid":{"rendered":"https:\/\/www.gdwanjiada.net\/?post_type=product&#038;p=429"},"modified":"2025-11-15T02:14:55","modified_gmt":"2025-11-15T02:14:55","slug":"evaporative-air-coolers-wholesale","status":"publish","type":"product","link":"https:\/\/www.gdwanjiada.net\/pt\/produto\/evaporative-air-coolers-wholesale\/","title":{"rendered":"Melhores refrigeradores de ar evaporativos por atacado com controle remoto para o quarto"},"content":{"rendered":"<h3 class=\"wp-block-heading has-text-align-center\">Especifica\u00e7\u00f5es dos refrigeradores de ar evaporativos por atacado<\/h3><figure class=\"wp-block-table\"><table class=\"has-fixed-layout\"><tbody><tr><td rowspan=\"2\">Modelo<\/td><td rowspan=\"2\">Pot\u00eancia (W)&nbsp;<\/td><td colspan=\"3\">Caudal de ar (m\u00b3\/h)<\/td><td rowspan=\"2\">Capacidade do dep\u00f3sito de \u00e1gua (L)<\/td><td colspan=\"3\">Tamanho do produto (mm)&nbsp;<\/td><td rowspan=\"2\">Tamanho da almofada de arrefecimento (mm)<\/td><td rowspan=\"2\">Embalagem<\/td><td rowspan=\"2\">N.W.\/ G.W. (kg)&nbsp;&nbsp;<\/td><td rowspan=\"2\">Tamanho da embalagem (mm)&nbsp;<\/td><td colspan=\"2\">Carregamento Qtd<\/td><\/tr><tr><td>H<\/td><td>M<\/td><td>L<\/td><td>L<\/td><td>W<\/td><td>H<\/td><td>20'GP<\/td><td>40'HQ<\/td><\/tr><tr><td>WJD880F-1L<\/td><td>90<\/td><td>900<\/td><td>600<\/td><td>300<\/td><td>5.5<\/td><td>280<\/td><td>280<\/td><td>635<\/td><td>30*210*265<\/td><td>1 unidade<\/td><td>4.5\/6<\/td><td>330*330*670<\/td><td>428<\/td><td>1008<\/td><\/tr><\/tbody><\/table><\/figure><div class=\"wp-block-columns is-layout-flex wp-container-core-columns-is-layout-9d6595d7 wp-block-columns-is-layout-flex\"><div class=\"wp-block-column is-layout-flow wp-block-column-is-layout-flow\" style=\"flex-basis:50%\"><h3 class=\"wp-block-heading has-text-align-left\">Vantagens dos refrigeradores de ar evaporativos por atacado<\/h3>\n\n<ul class=\"wp-block-list\"><li><strong>Arrefecimento eficiente: <\/strong>Os nossos refrigeradores de ar evaporativos por atacado utilizam a mais recente tecnologia de refrigera\u00e7\u00e3o evaporativa para arrefecer rapidamente os espa\u00e7os interiores.<\/li>\n\n<li><strong>Poupan\u00e7a de energia e prote\u00e7\u00e3o do ambiente:<\/strong> Os nossos refrigeradores de ar por atacado s\u00e3o baseados na poupan\u00e7a de energia, baixo consumo, evitando o uso de refrigerantes, e arrefecimento pelo processo natural de evapora\u00e7\u00e3o da \u00e1gua, que sustenta o meio ambiente e economiza energia.<\/li>\n\n<li><strong>F\u00e1cil de utilizar: <\/strong>Os nossos refrigeradores de ar evaporativos por atacado t\u00eam um design humanizado e est\u00e3o equipados com uma variedade de modos de fun\u00e7\u00e3o inteligentes, incluindo ajuste da velocidade do vento, encerramento temporizado, etc. A interface de opera\u00e7\u00e3o \u00e9 simples e f\u00e1cil de entender.<\/li>\n\n<li><strong>Movimento flex\u00edvel: <\/strong>Estes refrigeradores de ar por atacado s\u00e3o leves e est\u00e3o equipados com rolos universais na parte inferior, que podem ser facilmente deslocados entre divis\u00f5es sem esfor\u00e7o.<\/li><\/ul><\/div>\n\n<div class=\"wp-block-column is-layout-flow wp-block-column-is-layout-flow\"><figure class=\"wp-block-image size-full\"><img decoding=\"async\" width=\"800\" height=\"800\" src=\"https:\/\/www.gdwanjiada.net\/wp-content\/uploads\/2024\/09\/Factory-Supply-Evaporative-Air-Coolers-Wholesale-For-Home-Use-6.webp\" alt=\"Fornecimento de f\u00e1brica de refrigeradores de ar evaporativos por atacado para uso dom\u00e9stico-6\" class=\"wp-image-440\" srcset=\"https:\/\/www.gdwanjiada.net\/wp-content\/uploads\/2024\/09\/Factory-Supply-Evaporative-Air-Coolers-Wholesale-For-Home-Use-6.webp 800w, https:\/\/www.gdwanjiada.net\/wp-content\/uploads\/2024\/09\/Factory-Supply-Evaporative-Air-Coolers-Wholesale-For-Home-Use-6-300x300.webp 300w, https:\/\/www.gdwanjiada.net\/wp-content\/uploads\/2024\/09\/Factory-Supply-Evaporative-Air-Coolers-Wholesale-For-Home-Use-6-150x150.webp 150w, https:\/\/www.gdwanjiada.net\/wp-content\/uploads\/2024\/09\/Factory-Supply-Evaporative-Air-Coolers-Wholesale-For-Home-Use-6-768x768.webp 768w, https:\/\/www.gdwanjiada.net\/wp-content\/uploads\/2024\/09\/Factory-Supply-Evaporative-Air-Coolers-Wholesale-For-Home-Use-6-600x600.webp 600w, https:\/\/www.gdwanjiada.net\/wp-content\/uploads\/2024\/09\/Factory-Supply-Evaporative-Air-Coolers-Wholesale-For-Home-Use-6-100x100.webp 100w\" sizes=\"(max-width: 800px) 100vw, 800px\" \/><\/figure><\/div><\/div>","protected":false},"excerpt":{"rendered":"<p>Os nossos refrigeradores de ar evaporativos por atacado utilizam tecnologia avan\u00e7ada para conseguir um arrefecimento eficiente e proporcionar um ambiente confort\u00e1vel e fresco para a fam\u00edlia. \u00c9 economizador de energia e amigo do ambiente e tem um sistema operativo simples e f\u00e1cil de usar, associado a um design flex\u00edvel e m\u00f3vel, para satisfazer as necessidades de utiliza\u00e7\u00e3o em v\u00e1rias ocasi\u00f5es.<\/p>\n<h2>Carater\u00edsticas do produto\uff1a<\/h2>\n<ul>\n<li>Fun\u00e7\u00e3o de arrefecimento, humidifica\u00e7\u00e3o e purifica\u00e7\u00e3o, uma m\u00e1quina polivalente.<\/li>\n<li>Manualmente para cima e para baixo, automaticamente para a esquerda e para a direita por meio de l\u00e2minas.<\/li>\n<li>Tr\u00eas velocidades de vento \u00e0 escolha.<\/li>\n<li>Grande angular para um vento confort\u00e1vel.<\/li>\n<li>O dep\u00f3sito de \u00e1gua pode ser retirado da m\u00e1quina, sendo f\u00e1cil de limpar.<\/li>\n<li>Fechar manualmente as sa\u00eddas de ar.<\/li>\n<\/ul>","protected":false},"featured_media":436,"comment_status":"closed","ping_status":"closed","template":"","meta":{"_acf_changed":false},"product_brand":[],"product_cat":[26],"product_tag":[27],"class_list":{"0":"post-429","1":"product","2":"type-product","3":"status-publish","4":"has-post-thumbnail","6":"product_cat-wholesale-air-coolers","7":"product_tag-wholesale-home-air-coolers","9":"first","10":"instock","11":"shipping-taxable","12":"product-type-simple"},"acf":[],"_links":{"self":[{"href":"https:\/\/www.gdwanjiada.net\/pt\/wp-json\/wp\/v2\/product\/429","targetHints":{"allow":["GET"]}}],"collection":[{"href":"https:\/\/www.gdwanjiada.net\/pt\/wp-json\/wp\/v2\/product"}],"about":[{"href":"https:\/\/www.gdwanjiada.net\/pt\/wp-json\/wp\/v2\/types\/product"}],"replies":[{"embeddable":true,"href":"https:\/\/www.gdwanjiada.net\/pt\/wp-json\/wp\/v2\/comments?post=429"}],"wp:featuredmedia":[{"embeddable":true,"href":"https:\/\/www.gdwanjiada.net\/pt\/wp-json\/wp\/v2\/media\/436"}],"wp:attachment":[{"href":"https:\/\/www.gdwanjiada.net\/pt\/wp-json\/wp\/v2\/media?parent=429"}],"wp:term":[{"taxonomy":"product_brand","embeddable":true,"href":"https:\/\/www.gdwanjiada.net\/pt\/wp-json\/wp\/v2\/product_brand?post=429"},{"taxonomy":"product_cat","embeddable":true,"href":"https:\/\/www.gdwanjiada.net\/pt\/wp-json\/wp\/v2\/product_cat?post=429"},{"taxonomy":"product_tag","embeddable":true,"href":"https:\/\/www.gdwanjiada.net\/pt\/wp-json\/wp\/v2\/product_tag?post=429"}],"curies":[{"name":"wp","href":"https:\/\/api.w.org\/{rel}","templated":true}]}}