{"id":2139,"date":"2025-12-17T08:02:39","date_gmt":"2025-12-17T08:02:39","guid":{"rendered":"https:\/\/www.gdwanjiada.net\/?post_type=product&#038;p=2139"},"modified":"2025-12-17T08:03:30","modified_gmt":"2025-12-17T08:03:30","slug":"wholesale-air-cooler-fan","status":"publish","type":"product","link":"https:\/\/www.gdwanjiada.net\/pt\/produto\/wholesale-air-cooler-fan\/","title":{"rendered":"Ventilador de resfriamento de ar por atacado, resfriador evaporativo port\u00e1til a granel"},"content":{"rendered":"<h3 class=\"wp-block-heading has-text-align-center\">Especifica\u00e7\u00f5es do Ventilador de Ar por Atacado<\/h3><figure class=\"wp-block-table\"><table class=\"has-fixed-layout\"><tbody><tr><td>Modelo<\/td><td>Tens\u00e3o<\/td><td>Pot\u00eancia<\/td><td>Velocidade do vento<\/td><td>Capacidade da bateria<\/td><td>Fluxo de ar<\/td><td>Dep\u00f3sito de \u00e1gua<\/td><td>G.W.<\/td><td>N.W.<\/td><td>Tamanho do produto<\/td><td>Tamanho da embalagem<\/td><td colspan=\"2\">Carregamento Qtd<\/td><\/tr><tr><td rowspan=\"2\">WJD4500F-1D<\/td><td rowspan=\"2\">DC24V<\/td><td rowspan=\"2\">75W<\/td><td rowspan=\"2\">6<\/td><td rowspan=\"2\">4000mAh*12pcs<\/td><td rowspan=\"2\">4500m\u00b3\/h<\/td><td rowspan=\"2\">42L<\/td><td rowspan=\"2\">14,6 kg<\/td><td rowspan=\"2\">12,6 kg<\/td><td rowspan=\"2\">500*410*960mm<\/td><td rowspan=\"2\">550*460*1020mm<\/td><td>20 GP<\/td><td>40 SEDE<\/td><\/tr><tr><td>122 unidades<\/td><td>278 unidades<\/td><\/tr><\/tbody><\/table><\/figure><div class=\"wp-block-columns is-layout-flex wp-container-core-columns-is-layout-9d6595d7 wp-block-columns-is-layout-flex\"><div class=\"wp-block-column is-layout-flow wp-block-column-is-layout-flow\" style=\"flex-basis:50%\"><h3 class=\"wp-block-heading has-text-align-left\">Vantagens do ventilador refrigerador de ar por atacado<\/h3>\n\n<ul class=\"wp-block-list\"><li><strong>Tanque de \u00e1gua grande de 42L:<\/strong> Estas ventoinhas de refrigera\u00e7\u00e3o de ar por atacado oferecem um arrefecimento cont\u00ednuo durante longos per\u00edodos. O grande dep\u00f3sito de \u00e1gua de 42L reduz a necessidade de reabastecimentos frequentes, tornando-o adequado para aplica\u00e7\u00f5es comerciais, projectos de engenharia e utiliza\u00e7\u00e3o no exterior.<\/li>\n\n<li><strong>Tr\u00eas entradas de ar + quatro cortinas de arrefecimento:<\/strong> Estas ventoinhas de refrigera\u00e7\u00e3o de ar por atacado conseguem um arrefecimento evaporativo eficiente. As cortinas de arrefecimento duplas na parte de tr\u00e1s e a estrutura de entrada de ar de tr\u00eas lados nos lados esquerdo e direito resultam num arrefecimento mais r\u00e1pido e num ar frio mais concentrado, tornando-o particularmente adequado para mercados em \u00e1reas secas e de alta temperatura.<\/li>\n\n<li><strong>Fluxo de ar elevado e funcionamento ultra-silencioso:<\/strong> Esta ventoinha de refrigera\u00e7\u00e3o de ar a granel utiliza p\u00e1s axiais de grande di\u00e2metro e um motor de corrente cont\u00ednua, obtendo um elevado caudal de ar e mantendo um funcionamento silencioso, adequado para ambientes silenciosos, como quartos e escrit\u00f3rios.<\/li>\n\n<li><strong>Bateria de longa dura\u00e7\u00e3o e verdadeira portabilidade sem fios:<\/strong> Estes bulks refrigeradores de ar est\u00e3o equipados com 12 baterias de i\u00f5es de l\u00edtio 21700 incorporadas, proporcionando at\u00e9 48 horas de dura\u00e7\u00e3o da bateria em defini\u00e7\u00f5es baixas, satisfazendo as necessidades de uma utiliza\u00e7\u00e3o sem fios prolongada. Equipados com quatro rodas omnidireccionais, incluindo uma fun\u00e7\u00e3o de bloqueio nas rodas dianteiras, oferecem um movimento f\u00e1cil e um posicionamento est\u00e1vel, permitindo uma verdadeira liberdade de movimentos em toda a casa.<\/li><\/ul><\/div>\n\n<div class=\"wp-block-column is-layout-flow wp-block-column-is-layout-flow\"><figure class=\"wp-block-image size-full\"><img decoding=\"async\" width=\"1200\" height=\"1200\" src=\"https:\/\/www.gdwanjiada.net\/wp-content\/uploads\/2025\/12\/wholesale-air-cooler-fan-portable-evaporative-cooler-bulk-1.webp\" alt=\"grossista-ar-cooler-fan-portable-evaporative-cooler-bulk-1\" class=\"wp-image-2141\" srcset=\"https:\/\/www.gdwanjiada.net\/wp-content\/uploads\/2025\/12\/wholesale-air-cooler-fan-portable-evaporative-cooler-bulk-1.webp 1200w, https:\/\/www.gdwanjiada.net\/wp-content\/uploads\/2025\/12\/wholesale-air-cooler-fan-portable-evaporative-cooler-bulk-1-300x300.webp 300w, https:\/\/www.gdwanjiada.net\/wp-content\/uploads\/2025\/12\/wholesale-air-cooler-fan-portable-evaporative-cooler-bulk-1-150x150.webp 150w, https:\/\/www.gdwanjiada.net\/wp-content\/uploads\/2025\/12\/wholesale-air-cooler-fan-portable-evaporative-cooler-bulk-1-768x768.webp 768w, https:\/\/www.gdwanjiada.net\/wp-content\/uploads\/2025\/12\/wholesale-air-cooler-fan-portable-evaporative-cooler-bulk-1-12x12.webp 12w, https:\/\/www.gdwanjiada.net\/wp-content\/uploads\/2025\/12\/wholesale-air-cooler-fan-portable-evaporative-cooler-bulk-1-600x600.webp 600w, https:\/\/www.gdwanjiada.net\/wp-content\/uploads\/2025\/12\/wholesale-air-cooler-fan-portable-evaporative-cooler-bulk-1-100x100.webp 100w\" sizes=\"(max-width: 1200px) 100vw, 1200px\" \/><\/figure><\/div><\/div><p><\/p>","protected":false},"excerpt":{"rendered":"<p>Bem-vindo ao comprar o nosso ventilador port\u00e1til de 42L com refrigera\u00e7\u00e3o, humidifica\u00e7\u00e3o e purifica\u00e7\u00e3o de ar numa \u00fanica unidade. O sistema de bateria de l\u00edtio 21700 incorporado proporciona at\u00e9 48 horas de funcionamento, tornando-o ideal para aplica\u00e7\u00f5es de refrigera\u00e7\u00e3o comerciais, exteriores e port\u00e1teis. Uma solu\u00e7\u00e3o fi\u00e1vel e de elevado valor para encomendas a granel, OEM e distribui\u00e7\u00e3o por grosso.<\/p>\n<h2>Carater\u00edsticas do ventilador do refrigerador de ar por atacado\uff1a<\/h2>\n<ul>\n<li>Fun\u00e7\u00e3o de arrefecimento, humidifica\u00e7\u00e3o e purifica\u00e7\u00e3o, uma m\u00e1quina polivalente<\/li>\n<li>4 almofadas de arrefecimento (almofadas de arrefecimento duplas traseiras) e o vento em 3 lados, tornando o efeito de arrefecimento mais \u00f3bvio<\/li>\n<li>Painel de controlo multifun\u00e7\u00f5es, ecr\u00e3 LED din\u00e2mico, ecr\u00e3 de temperatura e controlo remoto inteligente<\/li>\n<li>Fun\u00e7\u00e3o ani\u00f3nica, purifica o ar<\/li>\n<li>P\u00e1 de ventilador de fluxo axial de grande di\u00e2metro, motor DC, grande vento, baixo ru\u00eddo<\/li>\n<li>Defini\u00e7\u00e3o do tempo de 1-12 horas<\/li>\n<li>Vento natural, vento son\u00edfero e vento padr\u00e3o \u00e0 escolha<\/li>\n<li>Manualmente para cima e para baixo, automaticamente para a esquerda e para a direita por meio de l\u00e2minas<\/li>\n<li>Fun\u00e7\u00e3o de bloqueio por rod\u00edzios frontais, f\u00e1cil de deslocar e colocar<\/li>\n<li>A bomba de \u00e1gua de prote\u00e7\u00e3o m\u00faltipla<\/li>\n<li>Pode adicionar \u00e1gua, gelo ou caixa de gelo no local superior, para maior refrigera\u00e7\u00e3o<\/li>\n<li>Bateria de l\u00edtio 21700 de 12 pe\u00e7as incorporada, a velocidade mais baixa dura 48 horas, a velocidade mais alta dura 3 horas e est\u00e1 totalmente carregada em 16 horas<\/li>\n<\/ul>","protected":false},"featured_media":2147,"comment_status":"closed","ping_status":"closed","template":"","meta":{"_acf_changed":false},"product_brand":[],"product_cat":[26],"product_tag":[28,27],"class_list":{"0":"post-2139","1":"product","2":"type-product","3":"status-publish","4":"has-post-thumbnail","6":"product_cat-wholesale-air-coolers","7":"product_tag-commercial-air-coolers-wholesale","8":"product_tag-wholesale-home-air-coolers","10":"first","11":"instock","12":"shipping-taxable","13":"product-type-simple"},"acf":[],"_links":{"self":[{"href":"https:\/\/www.gdwanjiada.net\/pt\/wp-json\/wp\/v2\/product\/2139","targetHints":{"allow":["GET"]}}],"collection":[{"href":"https:\/\/www.gdwanjiada.net\/pt\/wp-json\/wp\/v2\/product"}],"about":[{"href":"https:\/\/www.gdwanjiada.net\/pt\/wp-json\/wp\/v2\/types\/product"}],"replies":[{"embeddable":true,"href":"https:\/\/www.gdwanjiada.net\/pt\/wp-json\/wp\/v2\/comments?post=2139"}],"wp:featuredmedia":[{"embeddable":true,"href":"https:\/\/www.gdwanjiada.net\/pt\/wp-json\/wp\/v2\/media\/2147"}],"wp:attachment":[{"href":"https:\/\/www.gdwanjiada.net\/pt\/wp-json\/wp\/v2\/media?parent=2139"}],"wp:term":[{"taxonomy":"product_brand","embeddable":true,"href":"https:\/\/www.gdwanjiada.net\/pt\/wp-json\/wp\/v2\/product_brand?post=2139"},{"taxonomy":"product_cat","embeddable":true,"href":"https:\/\/www.gdwanjiada.net\/pt\/wp-json\/wp\/v2\/product_cat?post=2139"},{"taxonomy":"product_tag","embeddable":true,"href":"https:\/\/www.gdwanjiada.net\/pt\/wp-json\/wp\/v2\/product_tag?post=2139"}],"curies":[{"name":"wp","href":"https:\/\/api.w.org\/{rel}","templated":true}]}}