{"id":2057,"date":"2025-11-15T09:12:35","date_gmt":"2025-11-15T09:12:35","guid":{"rendered":"https:\/\/www.gdwanjiada.net\/?post_type=product&#038;p=2057"},"modified":"2025-12-17T07:34:14","modified_gmt":"2025-12-17T07:34:14","slug":"battery-powered-air-cooler-wholesale","status":"publish","type":"product","link":"https:\/\/www.gdwanjiada.net\/pt\/produto\/battery-powered-air-cooler-wholesale\/","title":{"rendered":"Eficiente arrefecedor de ar a pilhas por atacado com 6 velocidades"},"content":{"rendered":"<h3 class=\"wp-block-heading has-text-align-center\">Especifica\u00e7\u00f5es do refrigerador de ar a bateria por atacado<\/h3><figure class=\"wp-block-table\"><table class=\"has-fixed-layout\"><tbody><tr><td>Modelo<\/td><td>Tens\u00e3o<\/td><td>Pot\u00eancia<\/td><td>Velocidade do vento<\/td><td>Capacidade da bateria<\/td><td>Fluxo de ar<\/td><td>Dep\u00f3sito de \u00e1gua<\/td><td>G.W.<\/td><td>N.W.<\/td><td>Tamanho do produto<\/td><td>Tamanho da embalagem<\/td><td colspan=\"2\">Carregamento Qtd<\/td><\/tr><tr><td rowspan=\"2\">WJD980F-3D<\/td><td rowspan=\"2\">DC 12V<\/td><td rowspan=\"2\">24W<\/td><td rowspan=\"2\">6<\/td><td rowspan=\"2\">4000mAh*3pcs<\/td><td rowspan=\"2\">900m\u00b3\/h<\/td><td rowspan=\"2\">5.5L<\/td><td rowspan=\"2\">6,5 kg<\/td><td rowspan=\"2\">5 kg<\/td><td rowspan=\"2\">280*280*710<br>mm<\/td><td rowspan=\"2\">330*330*745mm<\/td><td>20 GP<\/td><td>40 SEDE<\/td><\/tr><tr><td>346 unidades<\/td><td>832 unidades<\/td><\/tr><\/tbody><\/table><\/figure><div class=\"wp-block-columns is-layout-flex wp-container-core-columns-is-layout-9d6595d7 wp-block-columns-is-layout-flex\"><div class=\"wp-block-column is-layout-flow wp-block-column-is-layout-flow\" style=\"flex-basis:50%\"><h3 class=\"wp-block-heading has-text-align-left\">Vantagens do refrigerador de ar a bateria por atacado<\/h3>\n\n<ul class=\"wp-block-list\"><li><strong>Sistema de bateria potente: <\/strong>Estas ventoinhas de refrigera\u00e7\u00e3o de ar por atacado est\u00e3o equipadas com tr\u00eas baterias de l\u00edtio 21700 incorporadas, proporcionando at\u00e9 18 horas de utiliza\u00e7\u00e3o cont\u00ednua. Ideal para grossistas de equipamento de exterior, vendedores de com\u00e9rcio eletr\u00f3nico, fornecedores de equipamento de aluguer e marcas de campismo que expandem as suas linhas de produtos de refrigera\u00e7\u00e3o para ambientes sem energia.<\/li>\n\n<li><strong>Capacidades personaliz\u00e1veis: <\/strong>O refrigerador de ar a bateria por atacado pode ser personalizado com a cor do corpo, log\u00f3tipo, embalagem e par\u00e2metros funcionais. Os projectos OEM\/ODM s\u00e3o suportados, tornando-o a escolha ideal para os clientes que procuram construir a sua pr\u00f3pria marca e melhorar a sua vantagem competitiva.<\/li>\n\n<li><strong>Design multifuncional \"All-in-One\":<\/strong> O refrigerador de ar a pilhas para venda por grosso integra refrigera\u00e7\u00e3o, humidifica\u00e7\u00e3o e purifica\u00e7\u00e3o do ar. Esta unidade pode substituir muitos pequenos aparelhos de refrigera\u00e7\u00e3o, reduzindo os custos de aquisi\u00e7\u00e3o para os clientes finais. Permite que os grossistas satisfa\u00e7am mais necessidades dos consumidores com um \u00fanico produto, melhorando a efici\u00eancia da carteira de produtos.<\/li>\n\n<li><strong>Manuten\u00e7\u00e3o f\u00e1cil:<\/strong> O refrigerador de ar a pilhas para venda por grosso tem um dep\u00f3sito de \u00e1gua amov\u00edvel, uma estrutura de condutas de ar f\u00e1cil de limpar e rod\u00edzios duradouros que reduzem as taxas de avaria e os custos p\u00f3s-venda, tornando-o ideal para compras a granel B2B e parcerias a longo prazo.<\/li>\n\n<li><strong>Painel t\u00e1til integrado:<\/strong> O refrigerador de ar a pilhas por atacado possui um painel t\u00e1til preto integrado com etiquetas claras (velocidade da ventoinha, arrefecimento e oscila\u00e7\u00e3o). Este design n\u00e3o s\u00f3 \u00e9 tecnologicamente avan\u00e7ado e f\u00e1cil de limpar, como tamb\u00e9m possui uma l\u00f3gica de funcionamento intuitiva, permitindo que os utilizadores comecem a utilizar o aparelho sem qualquer aprendizagem, melhorando assim a experi\u00eancia do utilizador.<\/li><\/ul><\/div>\n\n<div class=\"wp-block-column is-layout-flow wp-block-column-is-layout-flow\"><figure class=\"wp-block-image size-full\"><img decoding=\"async\" width=\"1200\" height=\"1200\" src=\"https:\/\/www.gdwanjiada.net\/wp-content\/uploads\/2025\/11\/efficient-battery-powered-air-cooler\u200b-wholesale-with-6-speed-7.webp\" alt=\"arrefecedor de ar alimentado por bateria eficiente - venda por grosso - com 6 velocidades - 7\" class=\"wp-image-2063\" srcset=\"https:\/\/www.gdwanjiada.net\/wp-content\/uploads\/2025\/11\/efficient-battery-powered-air-cooler\u200b-wholesale-with-6-speed-7.webp 1200w, https:\/\/www.gdwanjiada.net\/wp-content\/uploads\/2025\/11\/efficient-battery-powered-air-cooler\u200b-wholesale-with-6-speed-7-300x300.webp 300w, https:\/\/www.gdwanjiada.net\/wp-content\/uploads\/2025\/11\/efficient-battery-powered-air-cooler\u200b-wholesale-with-6-speed-7-150x150.webp 150w, https:\/\/www.gdwanjiada.net\/wp-content\/uploads\/2025\/11\/efficient-battery-powered-air-cooler\u200b-wholesale-with-6-speed-7-768x768.webp 768w, https:\/\/www.gdwanjiada.net\/wp-content\/uploads\/2025\/11\/efficient-battery-powered-air-cooler\u200b-wholesale-with-6-speed-7-12x12.webp 12w, https:\/\/www.gdwanjiada.net\/wp-content\/uploads\/2025\/11\/efficient-battery-powered-air-cooler\u200b-wholesale-with-6-speed-7-600x600.webp 600w, https:\/\/www.gdwanjiada.net\/wp-content\/uploads\/2025\/11\/efficient-battery-powered-air-cooler\u200b-wholesale-with-6-speed-7-100x100.webp 100w\" sizes=\"(max-width: 1200px) 100vw, 1200px\" \/><\/figure><\/div><\/div>","protected":false},"excerpt":{"rendered":"<p>Bem-vindo a comprar o nosso refrigerador de ar a bateria por atacado. Este refrigerador de ar a \u00e1gua por atacado integra refrigera\u00e7\u00e3o, humidifica\u00e7\u00e3o e purifica\u00e7\u00e3o. O grande tanque de \u00e1gua de 5,5 litros pode ser preenchido com gelo e cristais de gelo para resfriamento adicional. O fornecimento de ar de grande \u00e2ngulo oferece uma maior \u00e1rea de superf\u00edcie para arrefecimento. \u00c9 uma solu\u00e7\u00e3o ideal para casas, escrit\u00f3rios, espa\u00e7os exteriores e compradores grossistas que procuram equipamento de refrigera\u00e7\u00e3o port\u00e1til fi\u00e1vel.<\/p>\n<h2>Carater\u00edsticas do produto\uff1a<\/h2>\n<ul>\n<li>Fun\u00e7\u00e3o de arrefecimento, humidifica\u00e7\u00e3o e purifica\u00e7\u00e3o, uma m\u00e1quina polivalente<\/li>\n<li>Manualmente para cima e para baixo, automaticamente para a esquerda e para a direita por meio de l\u00e2minas<\/li>\n<li>Vento de 6 velocidades \u00e0 escolha<\/li>\n<li>Grande angular para um vento confort\u00e1vel<\/li>\n<li>Pode adicionar \u00e1gua, gelo ou caixa de gelo no local superior, para maior refrigera\u00e7\u00e3o<\/li>\n<li>O dep\u00f3sito de \u00e1gua pode ser retirado da m\u00e1quina, sendo f\u00e1cil de limpar<\/li>\n<li>Fechar manualmente as sa\u00eddas de ar<\/li>\n<li>Com rod\u00edzios universais, f\u00e1cil de deslocar e colocar<\/li>\n<li>Defini\u00e7\u00e3o do tempo de 1-9 horas<\/li>\n<li>Bateria de l\u00edtio 3pcs 21700 incorporada, a velocidade mais baixa dura 18hrs, a velocidade mais alta dura 2hrs e est\u00e1 totalmente carregada em 6hrs<\/li>\n<\/ul>","protected":false},"featured_media":2067,"comment_status":"closed","ping_status":"closed","template":"","meta":{"_acf_changed":false},"product_brand":[],"product_cat":[26],"product_tag":[27],"class_list":{"0":"post-2057","1":"product","2":"type-product","3":"status-publish","4":"has-post-thumbnail","6":"product_cat-wholesale-air-coolers","7":"product_tag-wholesale-home-air-coolers","9":"first","10":"instock","11":"shipping-taxable","12":"product-type-simple"},"acf":[],"_links":{"self":[{"href":"https:\/\/www.gdwanjiada.net\/pt\/wp-json\/wp\/v2\/product\/2057","targetHints":{"allow":["GET"]}}],"collection":[{"href":"https:\/\/www.gdwanjiada.net\/pt\/wp-json\/wp\/v2\/product"}],"about":[{"href":"https:\/\/www.gdwanjiada.net\/pt\/wp-json\/wp\/v2\/types\/product"}],"replies":[{"embeddable":true,"href":"https:\/\/www.gdwanjiada.net\/pt\/wp-json\/wp\/v2\/comments?post=2057"}],"wp:featuredmedia":[{"embeddable":true,"href":"https:\/\/www.gdwanjiada.net\/pt\/wp-json\/wp\/v2\/media\/2067"}],"wp:attachment":[{"href":"https:\/\/www.gdwanjiada.net\/pt\/wp-json\/wp\/v2\/media?parent=2057"}],"wp:term":[{"taxonomy":"product_brand","embeddable":true,"href":"https:\/\/www.gdwanjiada.net\/pt\/wp-json\/wp\/v2\/product_brand?post=2057"},{"taxonomy":"product_cat","embeddable":true,"href":"https:\/\/www.gdwanjiada.net\/pt\/wp-json\/wp\/v2\/product_cat?post=2057"},{"taxonomy":"product_tag","embeddable":true,"href":"https:\/\/www.gdwanjiada.net\/pt\/wp-json\/wp\/v2\/product_tag?post=2057"}],"curies":[{"name":"wp","href":"https:\/\/api.w.org\/{rel}","templated":true}]}}