{"id":2034,"date":"2025-11-15T03:39:07","date_gmt":"2025-11-15T03:39:07","guid":{"rendered":"https:\/\/www.gdwanjiada.net\/?post_type=product&#038;p=2034"},"modified":"2025-11-15T08:31:51","modified_gmt":"2025-11-15T08:31:51","slug":"air-cooler-fan-wholesale","status":"publish","type":"product","link":"https:\/\/www.gdwanjiada.net\/pt\/produto\/air-cooler-fan-wholesale\/","title":{"rendered":"Ventilador do refrigerador de ar por atacado em 6 velocidades, Ventilador do refrigerador evaporativo"},"content":{"rendered":"<h3 class=\"wp-block-heading has-text-align-center\">Especifica\u00e7\u00f5es do Ventilador de Ar Refrigerado por Atacado<\/h3><figure class=\"wp-block-table\"><table class=\"has-fixed-layout\"><tbody><tr><td>Modelo<\/td><td>Tens\u00e3o<\/td><td>Pot\u00eancia<\/td><td>Velocidade do vento<\/td><td>Capacidade da bateria<\/td><td>Fluxo de ar<\/td><td>Dep\u00f3sito de \u00e1gua<\/td><td>G.W.<\/td><td>N.W.<\/td><td>Tamanho do produto<\/td><td>Tamanho da embalagem<\/td><td colspan=\"2\">Carregamento Qtd<\/td><\/tr><tr><td rowspan=\"2\">WJD880F-1D<\/td><td rowspan=\"2\">DC 12V<\/td><td rowspan=\"2\">24W<\/td><td rowspan=\"2\">6<\/td><td rowspan=\"2\">4000mAh*3pcs<\/td><td rowspan=\"2\">800m\u00b3\/h<\/td><td rowspan=\"2\">5.5L<\/td><td rowspan=\"2\">6 kg<\/td><td rowspan=\"2\">4,5 kg<\/td><td rowspan=\"2\">280*280*635mm<\/td><td rowspan=\"2\">330*330*670mm<\/td><td>20 GP<\/td><td>40 SEDE<\/td><\/tr><tr><td>428 unidades<\/td><td>1008 unidades<\/td><\/tr><\/tbody><\/table><\/figure><div class=\"wp-block-columns is-layout-flex wp-container-core-columns-is-layout-9d6595d7 wp-block-columns-is-layout-flex\"><div class=\"wp-block-column is-layout-flow wp-block-column-is-layout-flow\" style=\"flex-basis:50%\"><h3 class=\"wp-block-heading has-text-align-left\">Vantagens do ventilador refrigerador de ar por atacado<\/h3>\n\n<ul class=\"wp-block-list\"><li><strong>Aspeto simples e elegante:<\/strong> O ventilador refrigerador de ar por atacado tem um corpo branco puro e um design minimalista. Com quatro rod\u00edzios omnidireccionais na parte inferior, pode ser transportada e reposicionada de forma f\u00e1cil e flex\u00edvel em v\u00e1rios espa\u00e7os, como escrit\u00f3rios, salas de estar ou quartos, e integra-se perfeitamente em diferentes ambientes dom\u00e9sticos ou de escrit\u00f3rio para melhorar o espa\u00e7o.\u00a0<\/li>\n\n<li><strong>Fun\u00e7\u00f5es principais tr\u00eas em um:<\/strong> Estes refrigeradores de ar evaporativos por atacado proporcionam arrefecimento, humidifica\u00e7\u00e3o e purifica\u00e7\u00e3o do ar, satisfazendo todas as necessidades de ar condicionado quando existem v\u00e1rias esta\u00e7\u00f5es, minimizando as compras adicionais do utilizador final. O painel de controlo inteligente centraliza as fun\u00e7\u00f5es de velocidade da ventoinha, arrefecimento, oscila\u00e7\u00e3o e temporizador, simplificando a opera\u00e7\u00e3o de forma intuitiva.\u00a0<\/li>\n\n<li><strong>6 velocidades de ventila\u00e7\u00e3o ajust\u00e1veis:<\/strong> A ventoinha do arrefecedor de ar por atacado tem 6 velocidades de ventoinha dispon\u00edveis, desde uma brisa ligeira a uma forte explos\u00e3o, o que lhe permite satisfazer diferentes necessidades de fluxo de ar em diferentes cen\u00e1rios - especificamente entre utilizadores. Ajustar manualmente a dire\u00e7\u00e3o do fluxo de ar para cima e para baixo e oscilar automaticamente para a esquerda e para a direita, cobrindo uma vasta \u00e1rea para uma circula\u00e7\u00e3o de ar mais eficiente.<\/li>\n\n<li><strong>Bateria de l\u00edtio incorporada para uma vida \u00fatil prolongada: <\/strong>Estes refrigeradores de ar evaporativos por atacado t\u00eam 3 baterias de l\u00edtio 21700 de alto desempenho incorporadas para utiliza\u00e7\u00e3o port\u00e1til sem fios. O modo de baixo consumo proporciona at\u00e9 18 horas de autonomia da bateria, satisfazendo as necessidades de uma utiliza\u00e7\u00e3o m\u00f3vel prolongada.<\/li>\n\n<li><strong>Tanque de \u00e1gua vis\u00edvel:<\/strong> O ventilador do refrigerador de ar por atacado est\u00e1 equipado com um dep\u00f3sito de \u00e1gua independente e amov\u00edvel de 5,5 L para um enchimento e limpeza extremamente pr\u00e1ticos. O design interno apresenta um m\u00f3dulo de bomba de \u00e1gua independente ligado por uma mangueira flex\u00edvel, resultando numa estrutura clara, funcionamento est\u00e1vel e f\u00e1cil manuten\u00e7\u00e3o.<\/li>\n\n<li><strong>Servi\u00e7os de personaliza\u00e7\u00e3o: <\/strong>O ventilador refrigerador de ar por atacado pode ser personalizado com logotipos de marca e oferecer v\u00e1rias op\u00e7\u00f5es de embalagem (caixa de cor\/caixa de papel kraft\/caixa exterior personalizada) para atender \u00e0s diversas necessidades do mercado de OEM, ODM por atacado e clientes de marca.<\/li><\/ul><\/div>\n\n<div class=\"wp-block-column is-layout-flow wp-block-column-is-layout-flow\"><figure class=\"wp-block-image size-full\"><img decoding=\"async\" width=\"800\" height=\"800\" src=\"https:\/\/www.gdwanjiada.net\/wp-content\/uploads\/2025\/11\/air-cooler-fan-wholesale-in-6-speed-evap-air-cooler-supply-8.webp\" alt=\"ventilador de arrefecimento a ar - venda por grosso - em 6 velocidades - evapora\u00e7\u00e3o - arrefecimento a ar - fornecimento - 8\" class=\"wp-image-2051\" srcset=\"https:\/\/www.gdwanjiada.net\/wp-content\/uploads\/2025\/11\/air-cooler-fan-wholesale-in-6-speed-evap-air-cooler-supply-8.webp 800w, https:\/\/www.gdwanjiada.net\/wp-content\/uploads\/2025\/11\/air-cooler-fan-wholesale-in-6-speed-evap-air-cooler-supply-8-300x300.webp 300w, https:\/\/www.gdwanjiada.net\/wp-content\/uploads\/2025\/11\/air-cooler-fan-wholesale-in-6-speed-evap-air-cooler-supply-8-150x150.webp 150w, https:\/\/www.gdwanjiada.net\/wp-content\/uploads\/2025\/11\/air-cooler-fan-wholesale-in-6-speed-evap-air-cooler-supply-8-768x768.webp 768w, https:\/\/www.gdwanjiada.net\/wp-content\/uploads\/2025\/11\/air-cooler-fan-wholesale-in-6-speed-evap-air-cooler-supply-8-12x12.webp 12w, https:\/\/www.gdwanjiada.net\/wp-content\/uploads\/2025\/11\/air-cooler-fan-wholesale-in-6-speed-evap-air-cooler-supply-8-600x600.webp 600w, https:\/\/www.gdwanjiada.net\/wp-content\/uploads\/2025\/11\/air-cooler-fan-wholesale-in-6-speed-evap-air-cooler-supply-8-100x100.webp 100w\" sizes=\"(max-width: 800px) 100vw, 800px\" \/><\/figure><\/div><\/div><p><\/p>","protected":false},"excerpt":{"rendered":"<p>Bem-vindo ao comprar o nosso ventilador refrigerador de ar 5.5L por atacado possui controlo de velocidade inteligente de 6 velocidades, integrando refrigera\u00e7\u00e3o, humidifica\u00e7\u00e3o e purifica\u00e7\u00e3o, e tem um painel de toque claro. Ele adota de forma inovadora um tanque de \u00e1gua remov\u00edvel e um design de bomba de \u00e1gua independente, e tem uma bateria de l\u00edtio de alta capacidade 21700 embutida para uso sem fio de longa dura\u00e7\u00e3o. Adequado para venda por grosso em v\u00e1rios cen\u00e1rios e personaliza\u00e7\u00e3o da marca.<\/p>\n<h2>Carater\u00edsticas do produto\uff1a<\/h2>\n<ul>\n<li>Fun\u00e7\u00e3o de arrefecimento, humidifica\u00e7\u00e3o e purifica\u00e7\u00e3o, uma m\u00e1quina polivalente<\/li>\n<li>Manualmente para cima e para baixo, automaticamente para a esquerda e para a direita por meio de l\u00e2minas<\/li>\n<li>Vento de 6 velocidades \u00e0 escolha<\/li>\n<li>Grande angular para um vento confort\u00e1vel<\/li>\n<li>O dep\u00f3sito de \u00e1gua pode ser retirado da m\u00e1quina, sendo f\u00e1cil de limpar<\/li>\n<li>Fechar manualmente as sa\u00eddas de ar<\/li>\n<li>Com rod\u00edzios universais, f\u00e1cil de deslocar e colocar<\/li>\n<li>Defini\u00e7\u00e3o do tempo de 1-9 horas<\/li>\n<li>Bateria de l\u00edtio 3pcs 21700 incorporada, a velocidade mais baixa dura 18hrs, a velocidade mais alta dura 2hrs e est\u00e1 totalmente carregada em 6hrs<\/li>\n<\/ul>","protected":false},"featured_media":2044,"comment_status":"closed","ping_status":"closed","template":"","meta":{"_acf_changed":false},"product_brand":[],"product_cat":[26],"product_tag":[27],"class_list":{"0":"post-2034","1":"product","2":"type-product","3":"status-publish","4":"has-post-thumbnail","6":"product_cat-wholesale-air-coolers","7":"product_tag-wholesale-home-air-coolers","9":"first","10":"instock","11":"shipping-taxable","12":"product-type-simple"},"acf":[],"_links":{"self":[{"href":"https:\/\/www.gdwanjiada.net\/pt\/wp-json\/wp\/v2\/product\/2034","targetHints":{"allow":["GET"]}}],"collection":[{"href":"https:\/\/www.gdwanjiada.net\/pt\/wp-json\/wp\/v2\/product"}],"about":[{"href":"https:\/\/www.gdwanjiada.net\/pt\/wp-json\/wp\/v2\/types\/product"}],"replies":[{"embeddable":true,"href":"https:\/\/www.gdwanjiada.net\/pt\/wp-json\/wp\/v2\/comments?post=2034"}],"wp:featuredmedia":[{"embeddable":true,"href":"https:\/\/www.gdwanjiada.net\/pt\/wp-json\/wp\/v2\/media\/2044"}],"wp:attachment":[{"href":"https:\/\/www.gdwanjiada.net\/pt\/wp-json\/wp\/v2\/media?parent=2034"}],"wp:term":[{"taxonomy":"product_brand","embeddable":true,"href":"https:\/\/www.gdwanjiada.net\/pt\/wp-json\/wp\/v2\/product_brand?post=2034"},{"taxonomy":"product_cat","embeddable":true,"href":"https:\/\/www.gdwanjiada.net\/pt\/wp-json\/wp\/v2\/product_cat?post=2034"},{"taxonomy":"product_tag","embeddable":true,"href":"https:\/\/www.gdwanjiada.net\/pt\/wp-json\/wp\/v2\/product_tag?post=2034"}],"curies":[{"name":"wp","href":"https:\/\/api.w.org\/{rel}","templated":true}]}}