{"id":1913,"date":"2025-08-15T10:09:46","date_gmt":"2025-08-15T10:09:46","guid":{"rendered":"https:\/\/www.gdwanjiada.net\/?post_type=product&#038;p=1913"},"modified":"2025-08-16T02:56:29","modified_gmt":"2025-08-16T02:56:29","slug":"customized-portable-fan","status":"publish","type":"product","link":"https:\/\/www.gdwanjiada.net\/pt\/produto\/customized-portable-fan\/","title":{"rendered":"Ventilador port\u00e1til personalizado oscilante com luz ajust\u00e1vel, 5 velocidades de vento"},"content":{"rendered":"<h3 class=\"wp-block-heading has-text-align-center\"><strong><strong>Especifica\u00e7\u00f5es do Ventilador port\u00e1til personalizado oscilante<\/strong><\/strong><\/h3><figure class=\"wp-block-table\"><table class=\"has-fixed-layout\"><tbody><tr><td rowspan=\"2\">Modelo<\/td><td rowspan=\"2\">capacidade da bateria (mh)<\/td><td rowspan=\"2\">Tens\u00e3o\uff08V\uff09<\/td><td rowspan=\"2\">Tamanho do produto\uff08mm\uff09<\/td><td rowspan=\"2\">Tamanho da embalagem\uff08mm\uff09<\/td><td rowspan=\"2\">Tamanho da caixa\uff08mm\uff09<\/td><td rowspan=\"2\">Embalagem Q'ty\uff08pcs\uff09<\/td><td rowspan=\"2\">Caixa de cart\u00e3o G.W.\uff08kg\uff09<\/td><td colspan=\"2\">Q'ty de carregamento<\/td><\/tr><tr><td>20GP<\/td><td>40HQ<\/td><\/tr><tr><td>Y7<\/td><td>1800<\/td><td>5V<\/td><td>160*130*205<\/td><td>144*133*216<\/td><td>690*600*460<\/td><td>40<\/td><td>0.5<\/td><td>5600<\/td><td>14000<\/td><\/tr><\/tbody><\/table><\/figure><div class=\"wp-block-columns is-layout-flex wp-container-core-columns-is-layout-9d6595d7 wp-block-columns-is-layout-flex\"><div class=\"wp-block-column is-layout-flow wp-block-column-is-layout-flow\"><h2 class=\"wp-block-heading\">Vantagens da ventoinha port\u00e1til personalizada oscilante<\/h2>\n\n<ul class=\"wp-block-list\"><li><strong>360\u00b0 Surround Air: <\/strong>A ventoinha port\u00e1til personalizada tem uma oscila\u00e7\u00e3o autom\u00e1tica de \u00e2ngulo amplo e um design de conduta de ar circular que assegura uma circula\u00e7\u00e3o de ar perfeita em toda a casa, eliminando o desconforto do fluxo de ar direto.<\/li>\n\n<li><strong>Ajuste da velocidade do ar com precis\u00e3o de 5 n\u00edveis:<\/strong> Uma ventoinha oscilante fabricada desde uma brisa suave at\u00e9 uma poderosa tempestade, alterna entre diferentes modos com um clique, perfeita para trabalhar, relaxar ou arrefecer rapidamente.<\/li>\n\n<li><strong>Sistema inteligente de luz suave de controlo duplo<\/strong>: A ventoinha port\u00e1til personalizada, constru\u00edda com LEDs sem cintila\u00e7\u00e3o e que protegem os olhos, com brilho ajust\u00e1vel, proporciona uma ilumina\u00e7\u00e3o que melhora o sono e a ilumina\u00e7\u00e3o ambiente.<\/li>\n\n<li><strong>Motor ultra-silencioso de alta tecnologia:<\/strong> Estas ventoinhas oscilantes por atacado s\u00e3o alimentadas por um motor DC sem escovas; a 1\u00aa velocidade baixa para 25dB(A), garantindo um sono tranquilo e uma concentra\u00e7\u00e3o ininterrupta.<\/li>\n\n<li><strong>Controlo inteligente simples e integrado:<\/strong> A ventoinha port\u00e1til personalizada tem bot\u00f5es independentes para controlo por zonas (velocidade do ar, oscila\u00e7\u00e3o e ilumina\u00e7\u00e3o). O funcionamento simplificado facilita a sua utiliza\u00e7\u00e3o por adultos e crian\u00e7as.<\/li><\/ul><\/div>\n\n<div class=\"wp-block-column is-layout-flow wp-block-column-is-layout-flow\"><figure class=\"wp-block-gallery has-nested-images columns-default is-cropped wp-block-gallery-1 is-layout-flex wp-block-gallery-is-layout-flex\"><figure class=\"wp-block-image size-full\"><img decoding=\"async\" width=\"800\" height=\"800\" data-id=\"1914\" src=\"https:\/\/www.gdwanjiada.net\/wp-content\/uploads\/2025\/08\/Oscillating-Fan-Manufacture.jpg\" alt=\"ventoinha port\u00e1til oscilante-personalizada-com-luz-regul\u00e1vel-5-velocidade-do-vento-1\" class=\"wp-image-1914\" srcset=\"https:\/\/www.gdwanjiada.net\/wp-content\/uploads\/2025\/08\/Oscillating-Fan-Manufacture.jpg 800w, https:\/\/www.gdwanjiada.net\/wp-content\/uploads\/2025\/08\/Oscillating-Fan-Manufacture-300x300.jpg 300w, https:\/\/www.gdwanjiada.net\/wp-content\/uploads\/2025\/08\/Oscillating-Fan-Manufacture-150x150.jpg 150w, https:\/\/www.gdwanjiada.net\/wp-content\/uploads\/2025\/08\/Oscillating-Fan-Manufacture-768x768.jpg 768w, https:\/\/www.gdwanjiada.net\/wp-content\/uploads\/2025\/08\/Oscillating-Fan-Manufacture-12x12.jpg 12w, https:\/\/www.gdwanjiada.net\/wp-content\/uploads\/2025\/08\/Oscillating-Fan-Manufacture-600x600.jpg 600w, https:\/\/www.gdwanjiada.net\/wp-content\/uploads\/2025\/08\/Oscillating-Fan-Manufacture-100x100.jpg 100w\" sizes=\"(max-width: 800px) 100vw, 800px\" \/><\/figure><\/figure><\/div><\/div>","protected":false},"excerpt":{"rendered":"<p>Bem-vindo ao comprar o nosso ventilador port\u00e1til personalizado. A ventoinha oscilante por atacado com ventoinha surround inteligente de \u00faltima gera\u00e7\u00e3o rompe as limita\u00e7\u00f5es do fluxo de ar tradicional! Cinco defini\u00e7\u00f5es de velocidade correspondem exatamente \u00e0s necessidades sensoriais do seu corpo, enquanto uma oscila\u00e7\u00e3o autom\u00e1tica de \u00e2ngulo amplo de 100\u00b0 faz circular o ar por toda a divis\u00e3o. A inovadora regula\u00e7\u00e3o gradual da intensidade da luz e a ilumina\u00e7\u00e3o amiga dos olhos proporcionam uma solu\u00e7\u00e3o \u00fanica para ventila\u00e7\u00e3o e ilumina\u00e7\u00e3o.<\/p>\n<p><strong>Carater\u00edsticas do produto:<\/strong><\/p>\n<ul>\n<li>Utilizado em v\u00e1rios cen\u00e1rios, tais como secret\u00e1ria, suspens\u00e3o na parede e pendurar.<\/li>\n<li>360<strong>\u00b0<\/strong> oscila\u00e7\u00e3o de grande \u00e2ngulo com fornecimento de ar 3D surround.<\/li>\n<li>5 velocidades de vento ajust\u00e1veis.<\/li>\n<li>O intermedi\u00e1rio pode adicionar aromaterapia, repelente de mosquitos.<\/li>\n<li>Premir demoradamente o ajuste da luz.<\/li>\n<\/ul>\n<p>&nbsp;<\/p>\n<p><script src=\"chrome-extension:\/\/fpelahbljekknahkcaegamhcndkfpfnc\/iFrame.js\" type=\"text\/javascript\"><\/script><\/p>\n<p>\n<script src=\"chrome-extension:\/\/fpelahbljekknahkcaegamhcndkfpfnc\/iFrame.js\" type=\"text\/javascript\"><\/script><\/p>","protected":false},"featured_media":1914,"comment_status":"closed","ping_status":"closed","template":"","meta":{"_acf_changed":false},"product_brand":[],"product_cat":[24,23],"product_tag":[],"class_list":{"0":"post-1913","1":"product","2":"type-product","3":"status-publish","4":"has-post-thumbnail","6":"product_cat-air-circulation-fan-wholesale","7":"product_cat-wholesale-portable-fans","9":"first","10":"instock","11":"shipping-taxable","12":"product-type-simple"},"acf":[],"_links":{"self":[{"href":"https:\/\/www.gdwanjiada.net\/pt\/wp-json\/wp\/v2\/product\/1913","targetHints":{"allow":["GET"]}}],"collection":[{"href":"https:\/\/www.gdwanjiada.net\/pt\/wp-json\/wp\/v2\/product"}],"about":[{"href":"https:\/\/www.gdwanjiada.net\/pt\/wp-json\/wp\/v2\/types\/product"}],"replies":[{"embeddable":true,"href":"https:\/\/www.gdwanjiada.net\/pt\/wp-json\/wp\/v2\/comments?post=1913"}],"wp:featuredmedia":[{"embeddable":true,"href":"https:\/\/www.gdwanjiada.net\/pt\/wp-json\/wp\/v2\/media\/1914"}],"wp:attachment":[{"href":"https:\/\/www.gdwanjiada.net\/pt\/wp-json\/wp\/v2\/media?parent=1913"}],"wp:term":[{"taxonomy":"product_brand","embeddable":true,"href":"https:\/\/www.gdwanjiada.net\/pt\/wp-json\/wp\/v2\/product_brand?post=1913"},{"taxonomy":"product_cat","embeddable":true,"href":"https:\/\/www.gdwanjiada.net\/pt\/wp-json\/wp\/v2\/product_cat?post=1913"},{"taxonomy":"product_tag","embeddable":true,"href":"https:\/\/www.gdwanjiada.net\/pt\/wp-json\/wp\/v2\/product_tag?post=1913"}],"curies":[{"name":"wp","href":"https:\/\/api.w.org\/{rel}","templated":true}]}}