{"id":1890,"date":"2025-08-06T07:21:02","date_gmt":"2025-08-06T07:21:02","guid":{"rendered":"https:\/\/www.gdwanjiada.net\/?post_type=product&#038;p=1890"},"modified":"2025-09-01T07:03:32","modified_gmt":"2025-09-01T07:03:32","slug":"custom-portable-fan-2","status":"publish","type":"product","link":"https:\/\/www.gdwanjiada.net\/pt\/produto\/custom-portable-fan-2\/","title":{"rendered":"Ventilador port\u00e1til personalizado com LED, ventilador recarreg\u00e1vel por atacado com regula\u00e7\u00e3o de velocidade cont\u00ednua"},"content":{"rendered":"<h3 class=\"wp-block-heading has-text-align-center\">Especifica\u00e7\u00f5es da ventoinha port\u00e1til personalizada<\/h3><figure class=\"wp-block-table\"><table class=\"has-fixed-layout\"><tbody><tr><td rowspan=\"2\">Modelo<\/td><td rowspan=\"2\">Tens\u00e3o\uff08V\uff09<\/td><td rowspan=\"2\">Tamanho do produto\uff08mm\uff09<\/td><td rowspan=\"2\">Tamanho da embalagem\uff08mm\uff09<\/td><td rowspan=\"2\">Tamanho da caixa\uff08mm\uff09<\/td><td rowspan=\"2\">Embalagem Q'ty\uff08pc\uff09<\/td><td rowspan=\"2\">Caixa de cart\u00e3o G.W.\uff08kg\uff09<\/td><td rowspan=\"2\">Capacidade da bateria<\/td><td colspan=\"2\">Q'ty de carregamento<\/td><\/tr><tr><td>20GP<\/td><td>40HQ<\/td><\/tr><tr><td>MR66-B<\/td><td>5<\/td><td>130*115*135<\/td><td>135*135*150<\/td><td>700*560*325<\/td><td>40<\/td><td>0.4<\/td><td>3000mh<\/td><td>8600<\/td><td>21160<\/td><\/tr><\/tbody><\/table><\/figure><div class=\"wp-block-columns is-layout-flex wp-container-core-columns-is-layout-9d6595d7 wp-block-columns-is-layout-flex\"><div class=\"wp-block-column is-layout-flow wp-block-column-is-layout-flow\" style=\"flex-basis:50%\"><h3 class=\"wp-block-heading has-text-align-left\">Vantagens das ventoinhas port\u00e1teis personalizadas<\/h3>\n\n<ul class=\"wp-block-list\"><li><strong>Fornecimento de ar a uma dist\u00e2ncia ultra-longa:<\/strong> A ventoinha port\u00e1til personalizada \u00e9 adoptada para conseguir uma circula\u00e7\u00e3o de ar a uma dist\u00e2ncia ultra longa, cobrir rapidamente grandes espa\u00e7os e resolver o problema de atenua\u00e7\u00e3o do vento das ventoinhas tradicionais.<\/li>\n\n<li><strong>Regula\u00e7\u00e3o de velocidade cont\u00ednua: <\/strong>A ventoinha recarreg\u00e1vel por atacado suporta regula\u00e7\u00e3o de velocidade cont\u00ednua, permitindo aos utilizadores ajustar livremente a velocidade do vento de acordo com as suas necessidades para uma experi\u00eancia mais personalizada.<\/li>\n\n<li>Alta efici\u00eancia, poupan\u00e7a de energia e sil\u00eancio: A ventoinha port\u00e1til personalizada \u00e9 acionada por um motor de n\u00facleo de cobre, com um consumo de energia de apenas 1,3 kWh\/dia e um ru\u00eddo de funcionamento t\u00e3o baixo quanto 27,9 decib\u00e9is, tendo em conta a poupan\u00e7a de energia e o sil\u00eancio noturno.<\/li>\n\n<li><strong>Adapta\u00e7\u00e3o inteligente a v\u00e1rias cenas: <\/strong>A ventoinha recarreg\u00e1vel por atacado suporta um modo de utiliza\u00e7\u00e3o dupla secret\u00e1ria\/pavimento, adaptando-se a casa, escrit\u00f3rio e outros ambientes; fun\u00e7\u00e3o de carregamento USB opcional (bateria de 3000mAh) para satisfazer necessidades tempor\u00e1rias de energia no exterior.<\/li>\n\n<li><strong>Design dur\u00e1vel de n\u00edvel industrial: <\/strong>A ventoinha port\u00e1til personalizada \u00e9 \u00e0 prova de p\u00f3 e de \u00e1gua, com p\u00e1s de a\u00e7o inoxid\u00e1vel e um filtro amov\u00edvel, para prolongar a vida \u00fatil e manter um fornecimento de ar limpo.<\/li><\/ul><\/div>\n\n<div class=\"wp-block-column is-layout-flow wp-block-column-is-layout-flow\"><figure class=\"wp-block-gallery has-nested-images columns-default is-cropped wp-block-gallery-1 is-layout-flex wp-block-gallery-is-layout-flex\"><figure class=\"wp-block-image size-full is-style-default\"><img decoding=\"async\" width=\"800\" height=\"800\" data-id=\"1793\" src=\"https:\/\/www.gdwanjiada.net\/wp-content\/uploads\/2025\/06\/Air-Circulation-Fan-Custom-5.jpg\" alt=\"ventoinha port\u00e1til personalizada com l\u00e2mpada recarreg\u00e1vel para venda a retalho-1\" class=\"wp-image-1793\" srcset=\"https:\/\/www.gdwanjiada.net\/wp-content\/uploads\/2025\/06\/Air-Circulation-Fan-Custom-5.jpg 800w, https:\/\/www.gdwanjiada.net\/wp-content\/uploads\/2025\/06\/Air-Circulation-Fan-Custom-5-300x300.jpg 300w, https:\/\/www.gdwanjiada.net\/wp-content\/uploads\/2025\/06\/Air-Circulation-Fan-Custom-5-150x150.jpg 150w, https:\/\/www.gdwanjiada.net\/wp-content\/uploads\/2025\/06\/Air-Circulation-Fan-Custom-5-768x768.jpg 768w, https:\/\/www.gdwanjiada.net\/wp-content\/uploads\/2025\/06\/Air-Circulation-Fan-Custom-5-12x12.jpg 12w, https:\/\/www.gdwanjiada.net\/wp-content\/uploads\/2025\/06\/Air-Circulation-Fan-Custom-5-600x600.jpg 600w, https:\/\/www.gdwanjiada.net\/wp-content\/uploads\/2025\/06\/Air-Circulation-Fan-Custom-5-100x100.jpg 100w\" sizes=\"(max-width: 800px) 100vw, 800px\" \/><\/figure><\/figure><\/div><\/div>","protected":false},"excerpt":{"rendered":"<p>Bem-vindo a comprar a nossa ventoinha recarreg\u00e1vel por atacado. Esta ventoinha port\u00e1til personalizada possui um visor LED e regula\u00e7\u00e3o de velocidade cont\u00ednua, oferecendo um controlo preciso do fluxo de ar e uma visualiza\u00e7\u00e3o do estado em tempo real. Concebida com um \u00e2ngulo de 180\u00b0 ajust\u00e1vel manualmente, permite uma dire\u00e7\u00e3o flex\u00edvel do ar. Com uma bateria recarreg\u00e1vel e um corpo compacto, \u00e9 perfeita para utiliza\u00e7\u00e3o em casa ou na secret\u00e1ria. A personaliza\u00e7\u00e3o OEM\/ODM est\u00e1 dispon\u00edvel para encomendas por grosso.<\/p>\n<h2>Carater\u00edsticas do produto\uff1a<\/h2>\n<ul>\n<li>Fornecimento de ar a longa dist\u00e2ncia, arrefecimento instant\u00e2neo e r\u00e1pido<\/li>\n<li>Fluxo de ar de alta pot\u00eancia, funcionamento ultra-silencioso<\/li>\n<li>Luz ambiente<\/li>\n<li>Regula\u00e7\u00e3o da velocidade sem haste de press\u00e3o longa, aumento\/diminui\u00e7\u00e3o da velocidade de 1-100, cada press\u00e3o +\/- faz subir ou descer 25 mudan\u00e7as<\/li>\n<li>180\u00b0 para cima e para baixo para o \u00e2ngulo ajust\u00e1vel manualmente<\/li>\n<li>Pendurar na parede, suspender e ficar de p\u00e9 em tr\u00eas modos de utiliza\u00e7\u00e3o para um espa\u00e7o opcional e ilimitado<\/li>\n<\/ul>","protected":false},"featured_media":1794,"comment_status":"closed","ping_status":"closed","template":"","meta":{"_acf_changed":false},"product_brand":[],"product_cat":[24,23],"product_tag":[],"class_list":{"0":"post-1890","1":"product","2":"type-product","3":"status-publish","4":"has-post-thumbnail","6":"product_cat-air-circulation-fan-wholesale","7":"product_cat-wholesale-portable-fans","9":"first","10":"instock","11":"shipping-taxable","12":"product-type-simple"},"acf":[],"_links":{"self":[{"href":"https:\/\/www.gdwanjiada.net\/pt\/wp-json\/wp\/v2\/product\/1890","targetHints":{"allow":["GET"]}}],"collection":[{"href":"https:\/\/www.gdwanjiada.net\/pt\/wp-json\/wp\/v2\/product"}],"about":[{"href":"https:\/\/www.gdwanjiada.net\/pt\/wp-json\/wp\/v2\/types\/product"}],"replies":[{"embeddable":true,"href":"https:\/\/www.gdwanjiada.net\/pt\/wp-json\/wp\/v2\/comments?post=1890"}],"wp:featuredmedia":[{"embeddable":true,"href":"https:\/\/www.gdwanjiada.net\/pt\/wp-json\/wp\/v2\/media\/1794"}],"wp:attachment":[{"href":"https:\/\/www.gdwanjiada.net\/pt\/wp-json\/wp\/v2\/media?parent=1890"}],"wp:term":[{"taxonomy":"product_brand","embeddable":true,"href":"https:\/\/www.gdwanjiada.net\/pt\/wp-json\/wp\/v2\/product_brand?post=1890"},{"taxonomy":"product_cat","embeddable":true,"href":"https:\/\/www.gdwanjiada.net\/pt\/wp-json\/wp\/v2\/product_cat?post=1890"},{"taxonomy":"product_tag","embeddable":true,"href":"https:\/\/www.gdwanjiada.net\/pt\/wp-json\/wp\/v2\/product_tag?post=1890"}],"curies":[{"name":"wp","href":"https:\/\/api.w.org\/{rel}","templated":true}]}}