{"id":1804,"date":"2025-06-27T07:07:52","date_gmt":"2025-06-27T07:07:52","guid":{"rendered":"https:\/\/www.gdwanjiada.net\/?post_type=product&#038;p=1804"},"modified":"2025-06-27T07:07:56","modified_gmt":"2025-06-27T07:07:56","slug":"portable-fan-bulk","status":"publish","type":"product","link":"https:\/\/www.gdwanjiada.net\/pt\/produto\/portable-fan-bulk\/","title":{"rendered":"Ventilador port\u00e1til de duas cabe\u00e7as com temporizador, ventilador oscilante personalizado para pendurar na parede ou na secret\u00e1ria"},"content":{"rendered":"<h3 class=\"wp-block-heading has-text-align-center\"><strong>Especifica\u00e7\u00f5es do Ventilador port\u00e1til de cabe\u00e7a dupla Ventilador a granel<\/strong><\/h3><figure class=\"wp-block-table\"><table class=\"has-fixed-layout\"><tbody><tr><td rowspan=\"2\">Modelo<\/td><td rowspan=\"2\">Pot\u00eancia (W)<\/td><td rowspan=\"2\">Tens\u00e3o\uff08V\uff09<\/td><td rowspan=\"2\">Tamanho do produto\uff08mm\uff09<\/td><td rowspan=\"2\">Tamanho da embalagem\uff08mm\uff09<\/td><td rowspan=\"2\">Tamanho da caixa\uff08mm\uff09<\/td><td rowspan=\"2\">Embalagem Q'ty\uff08pc\uff09<\/td><td rowspan=\"2\">Caixa de cart\u00e3o G.W.\uff08kg\uff09<\/td><td colspan=\"2\">Q'ty de carregamento<\/td><\/tr><tr><td>20GP<\/td><td>40HQ<\/td><\/tr><tr><td>W10A<\/td><td>9<\/td><td>5<\/td><td>250*260*120<\/td><td>255*265*135<\/td><td>815*700*530<\/td><td>30<\/td><td>0.9<\/td><td>2670<\/td><td>6660<\/td><\/tr><\/tbody><\/table><\/figure><div class=\"wp-block-columns is-layout-flex wp-container-core-columns-is-layout-9d6595d7 wp-block-columns-is-layout-flex\"><div class=\"wp-block-column is-layout-flow wp-block-column-is-layout-flow\" style=\"flex-basis:50%\"><h3 class=\"wp-block-heading has-text-align-left\">Vantagens da ventoinha port\u00e1til de cabe\u00e7a dupla a granel<\/h3>\n\n<ul class=\"wp-block-list\"><li><strong>Controlo inteligente do tempo: <\/strong>O ventilador port\u00e1til de cabe\u00e7a dupla a granel tem uma fun\u00e7\u00e3o de temporiza\u00e7\u00e3o pr\u00e1tica, que pode definir com precis\u00e3o o tempo de funcionamento de acordo com as necessidades pessoais, realizar um controlo inteligente do tempo, satisfazer os requisitos de utiliza\u00e7\u00e3o em diferentes cen\u00e1rios, e \u00e9 atencioso e conveniente.<\/li>\n\n<li><strong>Design de cabe\u00e7a dupla:<\/strong> A ventoinha port\u00e1til a granel est\u00e1 equipada com duas cabe\u00e7as de ventoinha ajust\u00e1veis de forma independente, suportando um fluxo de ar multi-\u00e2ngulo, proporcionando uma gama mais ampla de circula\u00e7\u00e3o de ar, adequada para v\u00e1rios utilizadores ou utiliza\u00e7\u00e3o simult\u00e2nea em v\u00e1rias direc\u00e7\u00f5es.<\/li>\n\n<li><strong>Turbocompress\u00e3o potente: <\/strong>A ventoinha oscilante personalizada com motor turbo de alta velocidade incorporado tem uma grande pot\u00eancia e vento forte, o que pode reduzir rapidamente a temperatura interior, proporcionando aos utilizadores uma experi\u00eancia de frescura como se estivessem num vento forte natural, e o efeito de arrefecimento \u00e9 significativo.<\/li>\n\n<li><strong>M\u00e9todo de instala\u00e7\u00e3o flex\u00edvel: <\/strong>A ventoinha port\u00e1til de cabe\u00e7a dupla a granel tem modos de instala\u00e7\u00e3o de mesa e de suspens\u00e3o na parede, que podem ser alternados de forma flex\u00edvel de acordo com as necessidades reais, n\u00e3o ocupa espa\u00e7o e \u00e9 adequada para v\u00e1rios cen\u00e1rios, como casa e escrit\u00f3rio, e \u00e9 altamente pr\u00e1tica.<\/li>\n\n<li><strong>Elevada efici\u00eancia e poupan\u00e7a de energia: <\/strong>A ventoinha oscilante personalizada, ao mesmo tempo que proporciona uma forte sa\u00edda de vento, mant\u00e9m uma elevada efici\u00eancia e um funcionamento de baixo consumo. Ap\u00f3s uma utiliza\u00e7\u00e3o prolongada, poupa muitos custos de eletricidade, o que \u00e9 pr\u00e1tico e econ\u00f3mico.<\/li><\/ul><\/div>\n\n<div class=\"wp-block-column is-layout-flow wp-block-column-is-layout-flow\"><figure class=\"wp-block-gallery has-nested-images columns-default is-cropped wp-block-gallery-1 is-layout-flex wp-block-gallery-is-layout-flex\"><figure class=\"wp-block-image size-full\"><img decoding=\"async\" width=\"800\" height=\"800\" data-id=\"1805\" src=\"https:\/\/www.gdwanjiada.net\/wp-content\/uploads\/2025\/06\/Custom-oscillating-fan-1.jpg\" alt=\"ventilador port\u00e1til de cabe\u00e7a dupla com temporizador - ventilador oscilante personalizado - 1\" class=\"wp-image-1805\" srcset=\"https:\/\/www.gdwanjiada.net\/wp-content\/uploads\/2025\/06\/Custom-oscillating-fan-1.jpg 800w, https:\/\/www.gdwanjiada.net\/wp-content\/uploads\/2025\/06\/Custom-oscillating-fan-1-300x300.jpg 300w, https:\/\/www.gdwanjiada.net\/wp-content\/uploads\/2025\/06\/Custom-oscillating-fan-1-150x150.jpg 150w, https:\/\/www.gdwanjiada.net\/wp-content\/uploads\/2025\/06\/Custom-oscillating-fan-1-768x768.jpg 768w, https:\/\/www.gdwanjiada.net\/wp-content\/uploads\/2025\/06\/Custom-oscillating-fan-1-12x12.jpg 12w, https:\/\/www.gdwanjiada.net\/wp-content\/uploads\/2025\/06\/Custom-oscillating-fan-1-600x600.jpg 600w, https:\/\/www.gdwanjiada.net\/wp-content\/uploads\/2025\/06\/Custom-oscillating-fan-1-100x100.jpg 100w\" sizes=\"(max-width: 800px) 100vw, 800px\" \/><\/figure><\/figure><\/div><\/div><p><\/p>","protected":false},"excerpt":{"rendered":"<p>Ventoinha port\u00e1til de cabe\u00e7a dupla com fun\u00e7\u00e3o de temporizador, ideal para utiliza\u00e7\u00e3o em secret\u00e1ria ou na parede. Oferece um fluxo de ar duplo potente, design economizador de espa\u00e7o e controlo inteligente do temporizador. Perfeito para personaliza\u00e7\u00e3o OEM\/ODM e venda a granel por grosso. Pode trazer conforto e frescura a casas, escrit\u00f3rios e outros locais, e \u00e9 uma ferramenta de arrefecimento indispens\u00e1vel no ver\u00e3o. N\u00e3o hesite em contactar-nos para compras a granel ou personaliza\u00e7\u00e3o.<\/p>\n<h2>Carater\u00edsticas do produto\uff1a<\/h2>\n<ul>\n<li>Fornecimento de ar com duas ventoinhas, circula\u00e7\u00e3o eficiente.<\/li>\n<li>Utilizar para pendurar na parede ou na secret\u00e1ria.<\/li>\n<li>Painel de controlo multifun\u00e7\u00f5es, 6 velocidades de vento ajust\u00e1veis.<\/li>\n<li>Defini\u00e7\u00e3o do tempo de 1-9 horas.<\/li>\n<li>Oscila\u00e7\u00e3o de \u00e2ngulo amplo de 360\u00b0 com fornecimento de ar envolvente 3D.<\/li>\n<li>Bateria de l\u00edtio de grande capacidade.<\/li>\n<li>Motor turbo de alta velocidade.<\/li>\n<\/ul>","protected":false},"featured_media":1805,"comment_status":"closed","ping_status":"closed","template":"","meta":{"_acf_changed":false},"product_brand":[],"product_cat":[24,23],"product_tag":[],"class_list":{"0":"post-1804","1":"product","2":"type-product","3":"status-publish","4":"has-post-thumbnail","6":"product_cat-air-circulation-fan-wholesale","7":"product_cat-wholesale-portable-fans","9":"first","10":"instock","11":"shipping-taxable","12":"product-type-simple"},"acf":[],"_links":{"self":[{"href":"https:\/\/www.gdwanjiada.net\/pt\/wp-json\/wp\/v2\/product\/1804","targetHints":{"allow":["GET"]}}],"collection":[{"href":"https:\/\/www.gdwanjiada.net\/pt\/wp-json\/wp\/v2\/product"}],"about":[{"href":"https:\/\/www.gdwanjiada.net\/pt\/wp-json\/wp\/v2\/types\/product"}],"replies":[{"embeddable":true,"href":"https:\/\/www.gdwanjiada.net\/pt\/wp-json\/wp\/v2\/comments?post=1804"}],"wp:featuredmedia":[{"embeddable":true,"href":"https:\/\/www.gdwanjiada.net\/pt\/wp-json\/wp\/v2\/media\/1805"}],"wp:attachment":[{"href":"https:\/\/www.gdwanjiada.net\/pt\/wp-json\/wp\/v2\/media?parent=1804"}],"wp:term":[{"taxonomy":"product_brand","embeddable":true,"href":"https:\/\/www.gdwanjiada.net\/pt\/wp-json\/wp\/v2\/product_brand?post=1804"},{"taxonomy":"product_cat","embeddable":true,"href":"https:\/\/www.gdwanjiada.net\/pt\/wp-json\/wp\/v2\/product_cat?post=1804"},{"taxonomy":"product_tag","embeddable":true,"href":"https:\/\/www.gdwanjiada.net\/pt\/wp-json\/wp\/v2\/product_tag?post=1804"}],"curies":[{"name":"wp","href":"https:\/\/api.w.org\/{rel}","templated":true}]}}