{"id":1652,"date":"2025-03-21T03:54:23","date_gmt":"2025-03-21T03:54:23","guid":{"rendered":"https:\/\/www.gdwanjiada.net\/?post_type=product&#038;p=1652"},"modified":"2025-03-21T04:01:50","modified_gmt":"2025-03-21T04:01:50","slug":"bulk-desktop-heaters","status":"publish","type":"product","link":"https:\/\/www.gdwanjiada.net\/pt\/produto\/bulk-desktop-heaters\/","title":{"rendered":"Aquecedores de mesa verdes a granel, aquecedores de ventilador port\u00e1teis por atacado"},"content":{"rendered":"<h3 class=\"wp-block-heading has-text-align-center\">Especifica\u00e7\u00f5es dos aquecedores de secret\u00e1ria a granel<\/h3><figure class=\"wp-block-table\"><table class=\"has-fixed-layout\"><tbody><tr><td rowspan=\"2\">Modelo<\/td><td rowspan=\"2\">Pot\u00eancia\uff08W\uff09<\/td><td rowspan=\"2\">Tens\u00e3o\uff08V\uff09<\/td><td rowspan=\"2\">Velocidade<\/td><td rowspan=\"2\">G.W.\uff08g\uff09<\/td><td rowspan=\"2\">Tamanho do produto\uff08mm\uff09<\/td><td rowspan=\"2\">Tamanho da embalagem\uff08mm\uff09<\/td><td rowspan=\"2\">Tamanho da caixa\uff08mm\uff09<\/td><td rowspan=\"2\">Embalagem Q'ty\uff08pc\uff09<\/td><td rowspan=\"2\">Caixa de cart\u00e3o G.W.\uff08kg\uff09<\/td><td rowspan=\"2\">Alimenta\u00e7\u00e3o el\u00e9ctrica<\/td><td rowspan=\"2\">Modo de aquecimento<\/td><td colspan=\"2\">Q'ty de carregamento<\/td><\/tr><tr><td>20GP<\/td><td>40HQ<\/td><\/tr><tr><td>AQL039<\/td><td>800\/1200<\/td><td>220<\/td><td>2<\/td><td>720<\/td><td>207*133*110<\/td><td>228*168*150<\/td><td>620*475*510<\/td><td>24<\/td><td>18.5<\/td><td>Tamp\u00e3o<\/td><td>PTC<\/td><td>4512<\/td><td>10968<\/td><\/tr><\/tbody><\/table><\/figure><div class=\"wp-block-columns is-layout-flex wp-container-core-columns-is-layout-9d6595d7 wp-block-columns-is-layout-flex\"><div class=\"wp-block-column is-layout-flow wp-block-column-is-layout-flow\" style=\"flex-basis:50%\"><h3 class=\"wp-block-heading has-text-align-left\">Vantagens dos aquecedores de secret\u00e1ria a granel<\/h3>\n\n<ul class=\"wp-block-list\"><li><strong>Aquecimento r\u00e1pido, calor duradouro: <\/strong>Os nossos aquecedores de secret\u00e1ria a granel utilizam elementos de aquecimento cer\u00e2micos PTC de alta efici\u00eancia, que aquecem logo ap\u00f3s serem ligados, podem aumentar rapidamente a temperatura interior e manter a sa\u00edda de calor constantemente, proporcionando uma experi\u00eancia de calor duradoura.<\/li>\n\n<li><strong>Ajuste de duas velocidades, controlo flex\u00edvel da temperatura: <\/strong>Estas pequenas ventoinhas de aquecimento por atacado t\u00eam duas fun\u00e7\u00f5es de regula\u00e7\u00e3o da velocidade do vento, que podem escolher ar quente suave ou ar quente forte de acordo com a temperatura ambiente, satisfazem diferentes necessidades de aquecimento e s\u00e3o adequadas para diferentes ambientes de utiliza\u00e7\u00e3o.<\/li>\n\n<li><strong>Prote\u00e7\u00e3o de seguran\u00e7a inteligente, utiliza\u00e7\u00e3o mais segura: <\/strong>Estes aquecedores de secret\u00e1ria a granel est\u00e3o equipados com prote\u00e7\u00e3o de desligamento por tombamento, que corta diretamente a fonte de alimenta\u00e7\u00e3o quando o produto \u00e9 tombado acidentalmente para evitar acidentes. Ao mesmo tempo, possui prote\u00e7\u00e3o contra sobreaquecimento e sobreintensidade, o que pode evitar eficazmente danos el\u00e9ctricos e aumentar a seguran\u00e7a de utiliza\u00e7\u00e3o.<\/li>\n\n<li><strong>Pequeno e port\u00e1til, adequado para uma variedade de cen\u00e1rios:<\/strong> Os nossos pequenos aquecedores por atacado t\u00eam um design compacto e leve, ocupando um espa\u00e7o pequeno, e podem ser deslocados para secret\u00e1rias, quartos, salas de estudo e outros locais em qualquer altura, fazendo com que o calor o acompanhe em qualquer lugar e em qualquer altura.<\/li><\/ul><\/div>\n\n<div class=\"wp-block-column is-layout-flow wp-block-column-is-layout-flow\"><figure class=\"wp-block-image size-full\"><img decoding=\"async\" width=\"800\" height=\"800\" src=\"https:\/\/www.gdwanjiada.net\/wp-content\/uploads\/2025\/03\/Green-Bulk-Desktop-Heaters-Portable-Fan-Heater-Wholesale-2.webp\" alt=\"Aquecedores de mesa verdes a granel, aquecedor com ventilador port\u00e1til por atacado-2\" class=\"wp-image-1654\" srcset=\"https:\/\/www.gdwanjiada.net\/wp-content\/uploads\/2025\/03\/Green-Bulk-Desktop-Heaters-Portable-Fan-Heater-Wholesale-2.webp 800w, https:\/\/www.gdwanjiada.net\/wp-content\/uploads\/2025\/03\/Green-Bulk-Desktop-Heaters-Portable-Fan-Heater-Wholesale-2-300x300.webp 300w, https:\/\/www.gdwanjiada.net\/wp-content\/uploads\/2025\/03\/Green-Bulk-Desktop-Heaters-Portable-Fan-Heater-Wholesale-2-150x150.webp 150w, https:\/\/www.gdwanjiada.net\/wp-content\/uploads\/2025\/03\/Green-Bulk-Desktop-Heaters-Portable-Fan-Heater-Wholesale-2-768x768.webp 768w, https:\/\/www.gdwanjiada.net\/wp-content\/uploads\/2025\/03\/Green-Bulk-Desktop-Heaters-Portable-Fan-Heater-Wholesale-2-12x12.webp 12w, https:\/\/www.gdwanjiada.net\/wp-content\/uploads\/2025\/03\/Green-Bulk-Desktop-Heaters-Portable-Fan-Heater-Wholesale-2-600x600.webp 600w, https:\/\/www.gdwanjiada.net\/wp-content\/uploads\/2025\/03\/Green-Bulk-Desktop-Heaters-Portable-Fan-Heater-Wholesale-2-100x100.webp 100w\" sizes=\"(max-width: 800px) 100vw, 800px\" \/><\/figure><\/div><\/div>","protected":false},"excerpt":{"rendered":"<p>Bem-vindo ao comprar pequenos aquecedores por atacado. Estes aquecedores de mesa verdes a granel s\u00e3o projetados para aquecimento eficiente, com aquecimento r\u00e1pido, controle de duas velocidades, prote\u00e7\u00e3o de desligamento de ponta e m\u00faltiplas fun\u00e7\u00f5es de prote\u00e7\u00e3o contra superaquecimento. Mini e port\u00e1til, pode ser usado em uma ampla gama de aplica\u00e7\u00f5es, como mesas de escrit\u00f3rio, quartos e salas de estudo.<\/p>\n<h2>Carater\u00edsticas do produto\uff1a<\/h2>\n<ul>\n<li>Ar aquecido com controlo de duas velocidades.<\/li>\n<li>Tomba com prote\u00e7\u00e3o contra o corte de energia.<\/li>\n<li>A temperatura est\u00e1 a subir rapidamente.<\/li>\n<li>Aquecimento por PTC, alta efici\u00eancia e durabilidade.<\/li>\n<li>Prote\u00e7\u00e3o m\u00faltipla contra sobreaquecimento ou sobreintensidade.<\/li>\n<li>Material ABS retardador de chama para maior seguran\u00e7a.<\/li>\n<\/ul>","protected":false},"featured_media":1653,"comment_status":"closed","ping_status":"closed","template":"","meta":{"_acf_changed":false},"product_brand":[],"product_cat":[22],"product_tag":[],"class_list":{"0":"post-1652","1":"product","2":"type-product","3":"status-publish","4":"has-post-thumbnail","6":"product_cat-wholesale-fan-heaters","8":"first","9":"instock","10":"shipping-taxable","11":"product-type-simple"},"acf":[],"_links":{"self":[{"href":"https:\/\/www.gdwanjiada.net\/pt\/wp-json\/wp\/v2\/product\/1652","targetHints":{"allow":["GET"]}}],"collection":[{"href":"https:\/\/www.gdwanjiada.net\/pt\/wp-json\/wp\/v2\/product"}],"about":[{"href":"https:\/\/www.gdwanjiada.net\/pt\/wp-json\/wp\/v2\/types\/product"}],"replies":[{"embeddable":true,"href":"https:\/\/www.gdwanjiada.net\/pt\/wp-json\/wp\/v2\/comments?post=1652"}],"wp:featuredmedia":[{"embeddable":true,"href":"https:\/\/www.gdwanjiada.net\/pt\/wp-json\/wp\/v2\/media\/1653"}],"wp:attachment":[{"href":"https:\/\/www.gdwanjiada.net\/pt\/wp-json\/wp\/v2\/media?parent=1652"}],"wp:term":[{"taxonomy":"product_brand","embeddable":true,"href":"https:\/\/www.gdwanjiada.net\/pt\/wp-json\/wp\/v2\/product_brand?post=1652"},{"taxonomy":"product_cat","embeddable":true,"href":"https:\/\/www.gdwanjiada.net\/pt\/wp-json\/wp\/v2\/product_cat?post=1652"},{"taxonomy":"product_tag","embeddable":true,"href":"https:\/\/www.gdwanjiada.net\/pt\/wp-json\/wp\/v2\/product_tag?post=1652"}],"curies":[{"name":"wp","href":"https:\/\/api.w.org\/{rel}","templated":true}]}}