{"id":1647,"date":"2025-03-21T03:33:36","date_gmt":"2025-03-21T03:33:36","guid":{"rendered":"https:\/\/www.gdwanjiada.net\/?post_type=product&#038;p=1647"},"modified":"2025-03-21T03:54:09","modified_gmt":"2025-03-21T03:54:09","slug":"wholesale-small-portable-heater","status":"publish","type":"product","link":"https:\/\/www.gdwanjiada.net\/pt\/produto\/wholesale-small-portable-heater\/","title":{"rendered":"Aquecedor port\u00e1til pequeno por atacado branco com prote\u00e7\u00e3o contra sobreaquecimento"},"content":{"rendered":"<h3 class=\"wp-block-heading has-text-align-center\">Especifica\u00e7\u00f5es do Aquecedor port\u00e1til pequeno por atacado<\/h3><figure class=\"wp-block-table\"><table class=\"has-fixed-layout\"><tbody><tr><td rowspan=\"2\">Modelo<\/td><td rowspan=\"2\">Pot\u00eancia\uff08W\uff09<\/td><td rowspan=\"2\">Tens\u00e3o\uff08V\uff09<\/td><td rowspan=\"2\">Velocidade<\/td><td rowspan=\"2\">G.W.\uff08g\uff09<\/td><td rowspan=\"2\">Tamanho do produto\uff08mm\uff09<\/td><td rowspan=\"2\">Tamanho da embalagem\uff08mm\uff09<\/td><td rowspan=\"2\">Tamanho da caixa\uff08mm\uff09<\/td><td rowspan=\"2\">Embalagem Q'ty\uff08pc\uff09<\/td><td rowspan=\"2\">Caixa de cart\u00e3o G.W.\uff08kg\uff09<\/td><td rowspan=\"2\">Alimenta\u00e7\u00e3o el\u00e9ctrica<\/td><td rowspan=\"2\">Modo de aquecimento<\/td><td colspan=\"2\">Q'ty de carregamento<\/td><\/tr><tr><td>20GP<\/td><td>40HQ<\/td><\/tr><tr><td>AQL039<\/td><td>800\/1200<\/td><td>220<\/td><td>2<\/td><td>720<\/td><td>207*133*110<\/td><td>228*168*150<\/td><td>620*475*510<\/td><td>24<\/td><td>18.5<\/td><td>Tamp\u00e3o<\/td><td>PTC<\/td><td>4512<\/td><td>10968<\/td><\/tr><\/tbody><\/table><\/figure><div class=\"wp-block-columns is-layout-flex wp-container-core-columns-is-layout-9d6595d7 wp-block-columns-is-layout-flex\"><div class=\"wp-block-column is-layout-flow wp-block-column-is-layout-flow\" style=\"flex-basis:50%\"><h3 class=\"wp-block-heading has-text-align-left\">Vantagens do aquecedor port\u00e1til pequeno por atacado<\/h3>\n\n<ul class=\"wp-block-list\"><li><strong>Aquecimento r\u00e1pido, eficiente e duradouro: <\/strong>Este pequeno aquecedor port\u00e1til por atacado adota a tecnologia de aquecimento de cer\u00e2mica PTC, com alta efici\u00eancia de aquecimento, pode aumentar rapidamente a temperatura e manter a sa\u00edda de temperatura constante, mantendo assim o efeito de aquecimento est\u00e1vel e duradouro.<\/li>\n\n<li><strong>Velocidade do vento a duas velocidades, regula\u00e7\u00e3o personalizada:<\/strong> Os nossos pequenos aquecedores el\u00e9ctricos por atacado est\u00e3o equipados com ajuste de velocidade do vento de duas velocidades, e pode escolher livremente ar quente suave ou ar quente forte de acordo com diferentes necessidades. Quer se trate de aquecimento auxiliar de baixa temperatura ou de aquecimento r\u00e1pido, pode satisfazer as necessidades de utiliza\u00e7\u00e3o.<\/li>\n\n<li><strong>Prote\u00e7\u00e3o de seguran\u00e7a inteligente, utiliza\u00e7\u00e3o tranquila: <\/strong>Com prote\u00e7\u00e3o de desligamento por tombamento, este pequeno aquecedor port\u00e1til por atacado pode desligar-se automaticamente quando o produto tomba inadvertidamente para evitar riscos de seguran\u00e7a. Ao mesmo tempo, fornece v\u00e1rias protec\u00e7\u00f5es contra o sobreaquecimento e a sobrecorrente, excluindo, por exemplo, a temperatura excessiva ou a corrente anormal.<\/li>\n\n<li><strong>Material resistente a altas temperaturas e retardador de chama, atualiza\u00e7\u00e3o de seguran\u00e7a: <\/strong>A concha de nossos pequenos aquecedores el\u00e9tricos por atacado \u00e9 feita de material retardador de chama ABS de alta qualidade, que tem boa resist\u00eancia a altas temperaturas e resist\u00eancia ao fogo, e pode permanecer seguro e est\u00e1vel mesmo ap\u00f3s a opera\u00e7\u00e3o de longo prazo.<\/li><\/ul><\/div>\n\n<div class=\"wp-block-column is-layout-flow wp-block-column-is-layout-flow\"><figure class=\"wp-block-image size-full\"><img decoding=\"async\" width=\"800\" height=\"800\" src=\"https:\/\/www.gdwanjiada.net\/wp-content\/uploads\/2025\/03\/Wholesale-Small-Portable-Heater-With-Overheat-Protection-3.webp\" alt=\"Aquecedor port\u00e1til pequeno por atacado com prote\u00e7\u00e3o contra sobreaquecimento-3\" class=\"wp-image-1650\" srcset=\"https:\/\/www.gdwanjiada.net\/wp-content\/uploads\/2025\/03\/Wholesale-Small-Portable-Heater-With-Overheat-Protection-3.webp 800w, https:\/\/www.gdwanjiada.net\/wp-content\/uploads\/2025\/03\/Wholesale-Small-Portable-Heater-With-Overheat-Protection-3-300x300.webp 300w, https:\/\/www.gdwanjiada.net\/wp-content\/uploads\/2025\/03\/Wholesale-Small-Portable-Heater-With-Overheat-Protection-3-150x150.webp 150w, https:\/\/www.gdwanjiada.net\/wp-content\/uploads\/2025\/03\/Wholesale-Small-Portable-Heater-With-Overheat-Protection-3-768x768.webp 768w, https:\/\/www.gdwanjiada.net\/wp-content\/uploads\/2025\/03\/Wholesale-Small-Portable-Heater-With-Overheat-Protection-3-12x12.webp 12w, https:\/\/www.gdwanjiada.net\/wp-content\/uploads\/2025\/03\/Wholesale-Small-Portable-Heater-With-Overheat-Protection-3-600x600.webp 600w, https:\/\/www.gdwanjiada.net\/wp-content\/uploads\/2025\/03\/Wholesale-Small-Portable-Heater-With-Overheat-Protection-3-100x100.webp 100w\" sizes=\"(max-width: 800px) 100vw, 800px\" \/><\/figure><\/div><\/div>","protected":false},"excerpt":{"rendered":"<p>Bem-vindo ao comprar pequenos aquecedores el\u00e9ctricos por atacado. Este pequeno aquecedor port\u00e1til branco por atacado tem fun\u00e7\u00f5es como aquecimento r\u00e1pido, ajuste de duas velocidades, prote\u00e7\u00e3o de desligamento de ponta e prote\u00e7\u00e3o m\u00faltipla de superaquecimento. Tem um excelente desempenho de seguran\u00e7a e \u00e9 adequado para v\u00e1rios cen\u00e1rios, como casa e escrit\u00f3rio.<\/p>\n<h2>Carater\u00edsticas do produto\uff1a<\/h2>\n<ul>\n<li>Ar aquecido com controlo de duas velocidades.<\/li>\n<li>Tomba com prote\u00e7\u00e3o contra o corte de energia.<\/li>\n<li>A temperatura est\u00e1 a subir rapidamente.<\/li>\n<li>Aquecimento por PTC, alta efici\u00eancia e durabilidade.<\/li>\n<li>Prote\u00e7\u00e3o m\u00faltipla contra sobreaquecimento ou sobreintensidade.<\/li>\n<li>Material ABS retardador de chama para maior seguran\u00e7a.<\/li>\n<\/ul>","protected":false},"featured_media":1648,"comment_status":"closed","ping_status":"closed","template":"","meta":{"_acf_changed":false},"product_brand":[],"product_cat":[22],"product_tag":[],"class_list":{"0":"post-1647","1":"product","2":"type-product","3":"status-publish","4":"has-post-thumbnail","6":"product_cat-wholesale-fan-heaters","8":"first","9":"instock","10":"shipping-taxable","11":"product-type-simple"},"acf":[],"_links":{"self":[{"href":"https:\/\/www.gdwanjiada.net\/pt\/wp-json\/wp\/v2\/product\/1647","targetHints":{"allow":["GET"]}}],"collection":[{"href":"https:\/\/www.gdwanjiada.net\/pt\/wp-json\/wp\/v2\/product"}],"about":[{"href":"https:\/\/www.gdwanjiada.net\/pt\/wp-json\/wp\/v2\/types\/product"}],"replies":[{"embeddable":true,"href":"https:\/\/www.gdwanjiada.net\/pt\/wp-json\/wp\/v2\/comments?post=1647"}],"wp:featuredmedia":[{"embeddable":true,"href":"https:\/\/www.gdwanjiada.net\/pt\/wp-json\/wp\/v2\/media\/1648"}],"wp:attachment":[{"href":"https:\/\/www.gdwanjiada.net\/pt\/wp-json\/wp\/v2\/media?parent=1647"}],"wp:term":[{"taxonomy":"product_brand","embeddable":true,"href":"https:\/\/www.gdwanjiada.net\/pt\/wp-json\/wp\/v2\/product_brand?post=1647"},{"taxonomy":"product_cat","embeddable":true,"href":"https:\/\/www.gdwanjiada.net\/pt\/wp-json\/wp\/v2\/product_cat?post=1647"},{"taxonomy":"product_tag","embeddable":true,"href":"https:\/\/www.gdwanjiada.net\/pt\/wp-json\/wp\/v2\/product_tag?post=1647"}],"curies":[{"name":"wp","href":"https:\/\/api.w.org\/{rel}","templated":true}]}}