{"id":1631,"date":"2025-03-05T07:56:54","date_gmt":"2025-03-05T07:56:54","guid":{"rendered":"https:\/\/www.gdwanjiada.net\/?post_type=product&#038;p=1631"},"modified":"2025-03-05T08:18:53","modified_gmt":"2025-03-05T08:18:53","slug":"wholesale-portable-heater","status":"publish","type":"product","link":"https:\/\/www.gdwanjiada.net\/pt\/produto\/wholesale-portable-heater\/","title":{"rendered":"Aquecedor port\u00e1til azul elegante por atacado, aquecedor de mesa a granel"},"content":{"rendered":"<h3 class=\"wp-block-heading has-text-align-center\">Especifica\u00e7\u00f5es do aquecedor port\u00e1til por atacado<\/h3><figure class=\"wp-block-table\"><table class=\"has-fixed-layout\"><tbody><tr><td>Modelo<\/td><td>Modo de aquecimento<\/td><td>Volt\/Freq<\/td><td colspan=\"2\">Pot\u00eancia (W)&nbsp;<\/td><td colspan=\"3\">Tamanho do produto (mm)&nbsp;<\/td><td colspan=\"2\">Embalagem<\/td><td>N.W.\/ G.W.(kg)&nbsp;<\/td><td>Tamanho da embalagem (mm)<\/td><td colspan=\"2\">Carregamento Qtd (pcs)<\/td><\/tr><tr><td rowspan=\"2\">WJD501R<\/td><td rowspan=\"2\">PTC<\/td><td rowspan=\"2\">220V\/50Hz<\/td><td>Frio<br>vento<\/td><td>Calor<br>vento<\/td><td>Comprimento<\/td><td>Largura<\/td><td>Altura<\/td><td>Caixa interior<\/td><td>1 unidade<\/td><td>0.4\/0.48<\/td><td>133*80*190<\/td><td>20'GP<\/td><td>40'HQ<\/td><\/tr><tr><td>\/<\/td><td>500<\/td><td>100<\/td><td>65<\/td><td>175<\/td><td>Caixa de cart\u00e3o<\/td><td>48 unidades<\/td><td>23.04\/24.54<\/td><td>540*330*590<\/td><td>14352<\/td><td>33792<\/td><\/tr><\/tbody><\/table><\/figure><div class=\"wp-block-columns is-layout-flex wp-container-core-columns-is-layout-9d6595d7 wp-block-columns-is-layout-flex\"><div class=\"wp-block-column is-layout-flow wp-block-column-is-layout-flow\" style=\"flex-basis:50%\"><h3 class=\"wp-block-heading has-text-align-left\">Vantagens do aquecedor port\u00e1til por grosso<\/h3>\n\n<ul class=\"wp-block-list\"><li><strong>Aspeto elegante em azul: <\/strong>Este aquecedor port\u00e1til por atacado adopta uma apar\u00eancia azul elegante, n\u00e3o s\u00f3 com um toque moderno, mas tamb\u00e9m traz uma impress\u00e3o nova e jovem para qualquer espa\u00e7o, especialmente adequado para casa, escrit\u00f3rio e outros ambientes.<\/li>\n\n<li><strong>Aquecimento cer\u00e2mico PTC: <\/strong>Este aquecedor de secret\u00e1ria a granel adopta a tecnologia de aquecimento cer\u00e2mico PTC, que n\u00e3o s\u00f3 tem a fun\u00e7\u00e3o de aquecimento r\u00e1pido e fun\u00e7\u00e3o de aquecimento confort\u00e1vel, mas tamb\u00e9m tem alta efici\u00eancia energ\u00e9tica, portanto, pode economizar eletricidade e prolongar a vida \u00fatil.<\/li>\n\n<li><strong>Funcionamento com baixo ru\u00eddo:<\/strong> Este aquecedor port\u00e1til por atacado \u00e9 pouco ruidoso durante o funcionamento, perfeito para espa\u00e7os que requerem um ambiente silencioso, e pode ser utilizado \u00e0 noite ou no escrit\u00f3rio sem perturbar as suas actividades di\u00e1rias.<\/li>\n\n<li><strong>Prote\u00e7\u00e3o de seguran\u00e7a m\u00faltipla: <\/strong>O nosso aquecedor de secret\u00e1ria a granel tem um sistema de prote\u00e7\u00e3o contra sobreaquecimento e sobrecorrente, e a caixa \u00e9 de material retardador de chamas, pelo que pode ser utilizado durante muito tempo de forma segura e n\u00e3o representa qualquer risco para a seguran\u00e7a.<\/li><\/ul><\/div>\n\n<div class=\"wp-block-column is-layout-flow wp-block-column-is-layout-flow\"><figure class=\"wp-block-image size-full\"><img decoding=\"async\" width=\"800\" height=\"800\" src=\"https:\/\/www.gdwanjiada.net\/wp-content\/uploads\/2025\/03\/Stylish-Blue-Wholesale-Portable-Heater-Desktop-Heater-Bulk-2.webp\" alt=\"Aquecedor port\u00e1til azul elegante por atacado, aquecedor de mesa Bulk-2\" class=\"wp-image-1632\" srcset=\"https:\/\/www.gdwanjiada.net\/wp-content\/uploads\/2025\/03\/Stylish-Blue-Wholesale-Portable-Heater-Desktop-Heater-Bulk-2.webp 800w, https:\/\/www.gdwanjiada.net\/wp-content\/uploads\/2025\/03\/Stylish-Blue-Wholesale-Portable-Heater-Desktop-Heater-Bulk-2-300x300.webp 300w, https:\/\/www.gdwanjiada.net\/wp-content\/uploads\/2025\/03\/Stylish-Blue-Wholesale-Portable-Heater-Desktop-Heater-Bulk-2-150x150.webp 150w, https:\/\/www.gdwanjiada.net\/wp-content\/uploads\/2025\/03\/Stylish-Blue-Wholesale-Portable-Heater-Desktop-Heater-Bulk-2-768x768.webp 768w, https:\/\/www.gdwanjiada.net\/wp-content\/uploads\/2025\/03\/Stylish-Blue-Wholesale-Portable-Heater-Desktop-Heater-Bulk-2-12x12.webp 12w, https:\/\/www.gdwanjiada.net\/wp-content\/uploads\/2025\/03\/Stylish-Blue-Wholesale-Portable-Heater-Desktop-Heater-Bulk-2-600x600.webp 600w, https:\/\/www.gdwanjiada.net\/wp-content\/uploads\/2025\/03\/Stylish-Blue-Wholesale-Portable-Heater-Desktop-Heater-Bulk-2-100x100.webp 100w\" sizes=\"(max-width: 800px) 100vw, 800px\" \/><\/figure><\/div><\/div>","protected":false},"excerpt":{"rendered":"<p>Bem-vindo ao comprar aquecedor port\u00e1til por atacado. Este moderno aquecedor de mesa azul a granel tem um aquecimento r\u00e1pido e uniforme, proporcionando uma sensa\u00e7\u00e3o de calor duradoura. O tamanho compacto e o baixo ru\u00eddo garantem que ele pode ser colocado na mesa facilmente, ideal para casa, escrit\u00f3rio e outras ocasi\u00f5es.<\/p>\n<h2>Carater\u00edsticas do produto\uff1a<\/h2>\n<ul>\n<li>M\u00faltiplos m\u00e9todos de coloca\u00e7\u00e3o, f\u00e1cil de colocar.<\/li>\n<li>Baixo ru\u00eddo, n\u00e3o perturba o sono.<\/li>\n<li>Aquecimento PTC, aquecimento r\u00e1pido, eficiente e duradouro.<\/li>\n<li>Prote\u00e7\u00e3o m\u00faltipla contra sobreaquecimento e sobreintensidade.<\/li>\n<li>Material retardador de chama, design razo\u00e1vel, seguro e fi\u00e1vel.<\/li>\n<\/ul>","protected":false},"featured_media":1633,"comment_status":"closed","ping_status":"closed","template":"","meta":{"_acf_changed":false},"product_brand":[],"product_cat":[22],"product_tag":[],"class_list":{"0":"post-1631","1":"product","2":"type-product","3":"status-publish","4":"has-post-thumbnail","6":"product_cat-wholesale-fan-heaters","8":"first","9":"instock","10":"shipping-taxable","11":"product-type-simple"},"acf":[],"_links":{"self":[{"href":"https:\/\/www.gdwanjiada.net\/pt\/wp-json\/wp\/v2\/product\/1631","targetHints":{"allow":["GET"]}}],"collection":[{"href":"https:\/\/www.gdwanjiada.net\/pt\/wp-json\/wp\/v2\/product"}],"about":[{"href":"https:\/\/www.gdwanjiada.net\/pt\/wp-json\/wp\/v2\/types\/product"}],"replies":[{"embeddable":true,"href":"https:\/\/www.gdwanjiada.net\/pt\/wp-json\/wp\/v2\/comments?post=1631"}],"wp:featuredmedia":[{"embeddable":true,"href":"https:\/\/www.gdwanjiada.net\/pt\/wp-json\/wp\/v2\/media\/1633"}],"wp:attachment":[{"href":"https:\/\/www.gdwanjiada.net\/pt\/wp-json\/wp\/v2\/media?parent=1631"}],"wp:term":[{"taxonomy":"product_brand","embeddable":true,"href":"https:\/\/www.gdwanjiada.net\/pt\/wp-json\/wp\/v2\/product_brand?post=1631"},{"taxonomy":"product_cat","embeddable":true,"href":"https:\/\/www.gdwanjiada.net\/pt\/wp-json\/wp\/v2\/product_cat?post=1631"},{"taxonomy":"product_tag","embeddable":true,"href":"https:\/\/www.gdwanjiada.net\/pt\/wp-json\/wp\/v2\/product_tag?post=1631"}],"curies":[{"name":"wp","href":"https:\/\/api.w.org\/{rel}","templated":true}]}}