{"id":1619,"date":"2025-03-05T03:59:16","date_gmt":"2025-03-05T03:59:16","guid":{"rendered":"https:\/\/www.gdwanjiada.net\/?post_type=product&#038;p=1619"},"modified":"2025-03-05T08:19:43","modified_gmt":"2025-03-05T08:19:43","slug":"wholesale-handy-fan-heater","status":"publish","type":"product","link":"https:\/\/www.gdwanjiada.net\/pt\/produto\/wholesale-handy-fan-heater\/","title":{"rendered":"Aquecedor com ventilador branco brilhante, pequeno aquecedor a granel"},"content":{"rendered":"<h3 class=\"wp-block-heading has-text-align-center\">Especifica\u00e7\u00f5es do Aquecedor com ventilador por atacado<\/h3><figure class=\"wp-block-table\"><table class=\"has-fixed-layout\"><tbody><tr><td>Modelo<\/td><td>Modo de aquecimento<\/td><td>Volt\/Freq<\/td><td colspan=\"2\">Pot\u00eancia (W)&nbsp;<\/td><td colspan=\"3\">Tamanho do produto (mm)&nbsp;<\/td><td colspan=\"2\">Embalagem<\/td><td>N.W.\/ G.W.(kg)&nbsp;<\/td><td>Tamanho da embalagem (mm)<\/td><td colspan=\"2\">Carregamento Qtd (pcs)<\/td><\/tr><tr><td rowspan=\"2\">WJD501R<\/td><td rowspan=\"2\">PTC<\/td><td rowspan=\"2\">220V\/50Hz<\/td><td>Frio<br>vento<\/td><td>Calor<br>vento<\/td><td>Comprimento<\/td><td>Largura<\/td><td>Altura<\/td><td>Caixa interior<\/td><td>1 unidade<\/td><td>0.4\/0.48<\/td><td>133*80*190<\/td><td>20'GP<\/td><td>40'HQ<\/td><\/tr><tr><td>\/<\/td><td>500<\/td><td>100<\/td><td>65<\/td><td>175<\/td><td>Caixa de cart\u00e3o<\/td><td>48 unidades<\/td><td>23.04\/24.54<\/td><td>540*330*590<\/td><td>14352<\/td><td>33792<\/td><\/tr><\/tbody><\/table><\/figure><div class=\"wp-block-columns is-layout-flex wp-container-core-columns-is-layout-9d6595d7 wp-block-columns-is-layout-flex\"><div class=\"wp-block-column is-layout-flow wp-block-column-is-layout-flow\" style=\"flex-basis:50%\"><h3 class=\"wp-block-heading has-text-align-left\">Vantagens do aquecedor de ventoinha port\u00e1til por grosso<\/h3>\n\n<ul class=\"wp-block-list\"><li><strong>Aspeto branco brilhante e elegante:<\/strong> Este pr\u00e1tico aquecedor com ventoinha por atacado adopta uma apar\u00eancia branca brilhante e suave, com um aspeto simples e elegante, que pode ser utilizado em v\u00e1rios ambientes dom\u00e9sticos e de escrit\u00f3rio. \u00c9 pequeno em tamanho e pode ser ajustado \u00e0 vontade para atender a v\u00e1rias necessidades de aquecimento.<\/li>\n\n<li><strong>Aquecimento r\u00e1pido: <\/strong>O nosso pequeno aquecedor port\u00e1til a granel pode aumentar a temperatura num curto espa\u00e7o de tempo utilizando menos energia, com uma longa vida \u00fatil e carater\u00edstica de n\u00e3o secar, proporcionando um aquecimento mais confort\u00e1vel.<\/li>\n\n<li><strong>Silencioso e n\u00e3o perturbador: <\/strong>O nosso pr\u00e1tico aquecedor com ventoinha tem um design de baixo ru\u00eddo, mesmo quando utilizado \u00e0 noite, n\u00e3o perturba o sono ou o trabalho, pode apreciar o calor sem se preocupar com isso, adequado para quartos, escrit\u00f3rios e outros locais.<\/li>\n\n<li><strong>M\u00faltiplas protec\u00e7\u00f5es de seguran\u00e7a: <\/strong>O nosso pequeno aquecedor port\u00e1til a granel possui prote\u00e7\u00e3o contra sobreaquecimento, prote\u00e7\u00e3o contra sobreintensidade e um inv\u00f3lucro ign\u00edfugo para garantir que \u00e9 seguro e dur\u00e1vel mesmo quando utilizado continuamente, oferecendo um aquecimento mais seguro.<\/li><\/ul><\/div>\n\n<div class=\"wp-block-column is-layout-flow wp-block-column-is-layout-flow\"><figure class=\"wp-block-image size-full\"><img decoding=\"async\" width=\"800\" height=\"800\" src=\"https:\/\/www.gdwanjiada.net\/wp-content\/uploads\/2025\/03\/Wholesale-Desktop-Heater-Portable-Electric-Heater-Bulk.webp\" alt=\"Aquecedor de mesa por atacado, aquecedor el\u00e9trico port\u00e1til a granel\" class=\"wp-image-1611\" srcset=\"https:\/\/www.gdwanjiada.net\/wp-content\/uploads\/2025\/03\/Wholesale-Desktop-Heater-Portable-Electric-Heater-Bulk.webp 800w, https:\/\/www.gdwanjiada.net\/wp-content\/uploads\/2025\/03\/Wholesale-Desktop-Heater-Portable-Electric-Heater-Bulk-300x300.webp 300w, https:\/\/www.gdwanjiada.net\/wp-content\/uploads\/2025\/03\/Wholesale-Desktop-Heater-Portable-Electric-Heater-Bulk-150x150.webp 150w, https:\/\/www.gdwanjiada.net\/wp-content\/uploads\/2025\/03\/Wholesale-Desktop-Heater-Portable-Electric-Heater-Bulk-768x768.webp 768w, https:\/\/www.gdwanjiada.net\/wp-content\/uploads\/2025\/03\/Wholesale-Desktop-Heater-Portable-Electric-Heater-Bulk-12x12.webp 12w, https:\/\/www.gdwanjiada.net\/wp-content\/uploads\/2025\/03\/Wholesale-Desktop-Heater-Portable-Electric-Heater-Bulk-600x600.webp 600w, https:\/\/www.gdwanjiada.net\/wp-content\/uploads\/2025\/03\/Wholesale-Desktop-Heater-Portable-Electric-Heater-Bulk-100x100.webp 100w\" sizes=\"(max-width: 800px) 100vw, 800px\" \/><\/figure><\/div><\/div>","protected":false},"excerpt":{"rendered":"<p>Bem-vindo ao comprar um pequeno aquecedor port\u00e1til a granel. Este aquecedor com ventoinha branco brilhante \u00e9 pequeno em tamanho, leve, de f\u00e1cil instala\u00e7\u00e3o, baixo ru\u00eddo e n\u00e3o interrompe o sono e o trabalho. Possui in\u00fameras prote\u00e7\u00f5es de superaquecimento e sobrecorrente e usa materiais retardadores de chama para um trabalho seguro e est\u00e1vel.<\/p>\n<h2>Carater\u00edsticas do produto\uff1a<\/h2>\n<ul>\n<li>M\u00faltiplos m\u00e9todos de coloca\u00e7\u00e3o, f\u00e1cil de colocar.<\/li>\n<li>Baixo ru\u00eddo, n\u00e3o perturba o sono.<\/li>\n<li>Aquecimento PTC, aquecimento r\u00e1pido, eficiente e duradouro.<\/li>\n<li>Prote\u00e7\u00e3o m\u00faltipla contra sobreaquecimento e sobreintensidade.<\/li>\n<li>Material retardador de chama, design razo\u00e1vel, seguro e fi\u00e1vel.<\/li>\n<\/ul>","protected":false},"featured_media":1620,"comment_status":"closed","ping_status":"closed","template":"","meta":{"_acf_changed":false},"product_brand":[],"product_cat":[22],"product_tag":[],"class_list":{"0":"post-1619","1":"product","2":"type-product","3":"status-publish","4":"has-post-thumbnail","6":"product_cat-wholesale-fan-heaters","8":"first","9":"instock","10":"shipping-taxable","11":"product-type-simple"},"acf":[],"_links":{"self":[{"href":"https:\/\/www.gdwanjiada.net\/pt\/wp-json\/wp\/v2\/product\/1619","targetHints":{"allow":["GET"]}}],"collection":[{"href":"https:\/\/www.gdwanjiada.net\/pt\/wp-json\/wp\/v2\/product"}],"about":[{"href":"https:\/\/www.gdwanjiada.net\/pt\/wp-json\/wp\/v2\/types\/product"}],"replies":[{"embeddable":true,"href":"https:\/\/www.gdwanjiada.net\/pt\/wp-json\/wp\/v2\/comments?post=1619"}],"wp:featuredmedia":[{"embeddable":true,"href":"https:\/\/www.gdwanjiada.net\/pt\/wp-json\/wp\/v2\/media\/1620"}],"wp:attachment":[{"href":"https:\/\/www.gdwanjiada.net\/pt\/wp-json\/wp\/v2\/media?parent=1619"}],"wp:term":[{"taxonomy":"product_brand","embeddable":true,"href":"https:\/\/www.gdwanjiada.net\/pt\/wp-json\/wp\/v2\/product_brand?post=1619"},{"taxonomy":"product_cat","embeddable":true,"href":"https:\/\/www.gdwanjiada.net\/pt\/wp-json\/wp\/v2\/product_cat?post=1619"},{"taxonomy":"product_tag","embeddable":true,"href":"https:\/\/www.gdwanjiada.net\/pt\/wp-json\/wp\/v2\/product_tag?post=1619"}],"curies":[{"name":"wp","href":"https:\/\/api.w.org\/{rel}","templated":true}]}}