{"id":1612,"date":"2025-03-05T03:49:41","date_gmt":"2025-03-05T03:49:41","guid":{"rendered":"https:\/\/www.gdwanjiada.net\/?post_type=product&#038;p=1612"},"modified":"2025-03-05T03:59:04","modified_gmt":"2025-03-05T03:59:04","slug":"fan-heater-wholesale","status":"publish","type":"product","link":"https:\/\/www.gdwanjiada.net\/pt\/produto\/fan-heater-wholesale\/","title":{"rendered":"Aquecedor de ventilador cinza de luxo por atacado, aquecedor de ventilador seguro e pr\u00e1tico a granel"},"content":{"rendered":"<h3 class=\"wp-block-heading has-text-align-center\">Especifica\u00e7\u00f5es do aquecedor com ventilador por atacado<\/h3><figure class=\"wp-block-table\"><table class=\"has-fixed-layout\"><tbody><tr><td>Modelo<\/td><td>Modo de aquecimento<\/td><td>Volt\/Freq<\/td><td colspan=\"2\">Pot\u00eancia (W)&nbsp;<\/td><td colspan=\"3\">Tamanho do produto (mm)&nbsp;<\/td><td colspan=\"2\">Embalagem<\/td><td>N.W.\/ G.W.(kg)&nbsp;<\/td><td>Tamanho da embalagem (mm)<\/td><td colspan=\"2\">Carregamento Qtd (pcs)<\/td><\/tr><tr><td rowspan=\"2\">WJD501R<\/td><td rowspan=\"2\">PTC<\/td><td rowspan=\"2\">220V\/50Hz<\/td><td>Frio<br>vento<\/td><td>Calor<br>vento<\/td><td>Comprimento<\/td><td>Largura<\/td><td>Altura<\/td><td>Caixa interior<\/td><td>1 unidade<\/td><td>0.4\/0.48<\/td><td>133*80*190<\/td><td>20'GP<\/td><td>40'HQ<\/td><\/tr><tr><td>\/<\/td><td>500<\/td><td>100<\/td><td>65<\/td><td>175<\/td><td>Caixa de cart\u00e3o<\/td><td>48 unidades<\/td><td>23.04\/24.54<\/td><td>540*330*590<\/td><td>14352<\/td><td>33792<\/td><\/tr><\/tbody><\/table><\/figure><div class=\"wp-block-columns is-layout-flex wp-container-core-columns-is-layout-9d6595d7 wp-block-columns-is-layout-flex\"><div class=\"wp-block-column is-layout-flow wp-block-column-is-layout-flow\" style=\"flex-basis:50%\"><h3 class=\"wp-block-heading has-text-align-left\">Vantagens do aquecedor com ventilador por atacado<\/h3>\n\n<ul class=\"wp-block-list\"><li><strong>Design simples e topo de gama: <\/strong>Este aquecedor com ventilador por atacado adopta cores cinzentas de luxo, minimalistas e elegantes, adequadas para v\u00e1rios estilos de design de interiores. O seu corpo leve e pequeno pode ser colocado aleatoriamente para satisfazer muitas necessidades de calor.<\/li>\n\n<li><strong>Aquecimento r\u00e1pido e maior poupan\u00e7a de energia: <\/strong>O nosso pr\u00e1tico aquecedor com ventilador a granel adopta a tecnologia de aquecimento cer\u00e2mico PTC, que pode ser rapidamente aquecido num curto espa\u00e7o de tempo e apresenta estabilidade de sa\u00edda de calor, economia de energia e alta efici\u00eancia.<\/li>\n\n<li><strong>Silencioso e n\u00e3o perturba o sono: <\/strong>Este aquecedor com ventoinha produz um ru\u00eddo m\u00ednimo durante o funcionamento, n\u00e3o perturba o trabalho, o estudo ou o sono e pode ser utilizado em quartos, escrit\u00f3rios e outros locais onde o sil\u00eancio \u00e9 essencial, para tornar o aquecimento mais confort\u00e1vel e acolhedor.<\/li>\n\n<li><strong>M\u00faltiplas protec\u00e7\u00f5es de seguran\u00e7a: <\/strong>O nosso pr\u00e1tico aquecedor com ventoinha a granel possui v\u00e1rias protec\u00e7\u00f5es de seguran\u00e7a, tais como prote\u00e7\u00e3o contra sobreaquecimento e prote\u00e7\u00e3o contra sobreintensidade, para evitar o sobreaquecimento devido a horas de trabalho prolongadas. Possui uma caixa feita de material resistente ao fogo para garantir seguran\u00e7a e fiabilidade.<\/li><\/ul><\/div>\n\n<div class=\"wp-block-column is-layout-flow wp-block-column-is-layout-flow\"><figure class=\"wp-block-image size-full\"><img decoding=\"async\" width=\"800\" height=\"800\" src=\"https:\/\/www.gdwanjiada.net\/wp-content\/uploads\/2025\/03\/Luxury-Gray-Fan-Heater-Wholesale-Safe-Handy-Fan-Heater-Bulk-6.webp\" alt=\"\" class=\"wp-image-1618\" srcset=\"https:\/\/www.gdwanjiada.net\/wp-content\/uploads\/2025\/03\/Luxury-Gray-Fan-Heater-Wholesale-Safe-Handy-Fan-Heater-Bulk-6.webp 800w, https:\/\/www.gdwanjiada.net\/wp-content\/uploads\/2025\/03\/Luxury-Gray-Fan-Heater-Wholesale-Safe-Handy-Fan-Heater-Bulk-6-300x300.webp 300w, https:\/\/www.gdwanjiada.net\/wp-content\/uploads\/2025\/03\/Luxury-Gray-Fan-Heater-Wholesale-Safe-Handy-Fan-Heater-Bulk-6-150x150.webp 150w, https:\/\/www.gdwanjiada.net\/wp-content\/uploads\/2025\/03\/Luxury-Gray-Fan-Heater-Wholesale-Safe-Handy-Fan-Heater-Bulk-6-768x768.webp 768w, https:\/\/www.gdwanjiada.net\/wp-content\/uploads\/2025\/03\/Luxury-Gray-Fan-Heater-Wholesale-Safe-Handy-Fan-Heater-Bulk-6-12x12.webp 12w, https:\/\/www.gdwanjiada.net\/wp-content\/uploads\/2025\/03\/Luxury-Gray-Fan-Heater-Wholesale-Safe-Handy-Fan-Heater-Bulk-6-600x600.webp 600w, https:\/\/www.gdwanjiada.net\/wp-content\/uploads\/2025\/03\/Luxury-Gray-Fan-Heater-Wholesale-Safe-Handy-Fan-Heater-Bulk-6-100x100.webp 100w\" sizes=\"(max-width: 800px) 100vw, 800px\" \/><\/figure><\/div><\/div>","protected":false},"excerpt":{"rendered":"<p>Bem-vindo ao comprar aquecedor de ventoinha por atacado. Este aquecedor de ventoinha cinza prateado a granel usa aquecimento de cer\u00e2mica PTC, aquecimento r\u00e1pido e proporcionando uma sensa\u00e7\u00e3o de calor est\u00e1vel e duradoura. Possui um tamanho compacto e \u00e9 f\u00e1cil de colocar, e pode ser aplicado a cenas extensas, como desktops e pisos.<\/p>\n<h2>Carater\u00edsticas do produto\uff1a<\/h2>\n<ul>\n<li>M\u00faltiplos m\u00e9todos de coloca\u00e7\u00e3o, f\u00e1cil de colocar.<\/li>\n<li>Baixo ru\u00eddo, n\u00e3o perturba o sono.<\/li>\n<li>Aquecimento PTC, aquecimento r\u00e1pido, eficiente e duradouro.<\/li>\n<li>Prote\u00e7\u00e3o m\u00faltipla contra sobreaquecimento e sobreintensidade.<\/li>\n<li>Material retardador de chama, design razo\u00e1vel, seguro e fi\u00e1vel.<\/li>\n<\/ul>","protected":false},"featured_media":1613,"comment_status":"closed","ping_status":"closed","template":"","meta":{"_acf_changed":false},"product_brand":[],"product_cat":[22],"product_tag":[],"class_list":{"0":"post-1612","1":"product","2":"type-product","3":"status-publish","4":"has-post-thumbnail","6":"product_cat-wholesale-fan-heaters","8":"first","9":"instock","10":"shipping-taxable","11":"product-type-simple"},"acf":[],"_links":{"self":[{"href":"https:\/\/www.gdwanjiada.net\/pt\/wp-json\/wp\/v2\/product\/1612","targetHints":{"allow":["GET"]}}],"collection":[{"href":"https:\/\/www.gdwanjiada.net\/pt\/wp-json\/wp\/v2\/product"}],"about":[{"href":"https:\/\/www.gdwanjiada.net\/pt\/wp-json\/wp\/v2\/types\/product"}],"replies":[{"embeddable":true,"href":"https:\/\/www.gdwanjiada.net\/pt\/wp-json\/wp\/v2\/comments?post=1612"}],"wp:featuredmedia":[{"embeddable":true,"href":"https:\/\/www.gdwanjiada.net\/pt\/wp-json\/wp\/v2\/media\/1613"}],"wp:attachment":[{"href":"https:\/\/www.gdwanjiada.net\/pt\/wp-json\/wp\/v2\/media?parent=1612"}],"wp:term":[{"taxonomy":"product_brand","embeddable":true,"href":"https:\/\/www.gdwanjiada.net\/pt\/wp-json\/wp\/v2\/product_brand?post=1612"},{"taxonomy":"product_cat","embeddable":true,"href":"https:\/\/www.gdwanjiada.net\/pt\/wp-json\/wp\/v2\/product_cat?post=1612"},{"taxonomy":"product_tag","embeddable":true,"href":"https:\/\/www.gdwanjiada.net\/pt\/wp-json\/wp\/v2\/product_tag?post=1612"}],"curies":[{"name":"wp","href":"https:\/\/api.w.org\/{rel}","templated":true}]}}