{"id":1605,"date":"2025-03-05T03:28:42","date_gmt":"2025-03-05T03:28:42","guid":{"rendered":"https:\/\/www.gdwanjiada.net\/?post_type=product&#038;p=1605"},"modified":"2025-03-05T03:48:55","modified_gmt":"2025-03-05T03:48:55","slug":"wholesale-desktop-heater","status":"publish","type":"product","link":"https:\/\/www.gdwanjiada.net\/pt\/produto\/wholesale-desktop-heater\/","title":{"rendered":"Aquecedor de mesa verde por atacado, aquecedor el\u00e9trico port\u00e1til a granel"},"content":{"rendered":"<h3 class=\"wp-block-heading has-text-align-center\">Especifica\u00e7\u00f5es do aquecedor de mesa por atacado<\/h3><figure class=\"wp-block-table\"><table class=\"has-fixed-layout\"><tbody><tr><td>Modelo<\/td><td>Modo de aquecimento<\/td><td>Volt\/Freq<\/td><td colspan=\"2\">Pot\u00eancia (W)&nbsp;<\/td><td colspan=\"3\">Tamanho do produto (mm)&nbsp;<\/td><td colspan=\"2\">Embalagem<\/td><td>N.W.\/ G.W.(kg)&nbsp;<\/td><td>Tamanho da embalagem (mm)<\/td><td colspan=\"2\">Carregamento Qtd (pcs)<\/td><\/tr><tr><td rowspan=\"2\">WJD501R<\/td><td rowspan=\"2\">PTC<\/td><td rowspan=\"2\">220V\/50Hz<\/td><td>Frio<br>vento<\/td><td>Calor<br>vento<\/td><td>Comprimento<\/td><td>Largura<\/td><td>Altura<\/td><td>Caixa interior<\/td><td>1 unidade<\/td><td>0.4\/0.48<\/td><td>133*80*190<\/td><td>20'GP<\/td><td>40'HQ<\/td><\/tr><tr><td>\/<\/td><td>500<\/td><td>100<\/td><td>65<\/td><td>175<\/td><td>Caixa de cart\u00e3o<\/td><td>48 unidades<\/td><td>23.04\/24.54<\/td><td>540*330*590<\/td><td>14352<\/td><td>33792<\/td><\/tr><\/tbody><\/table><\/figure><div class=\"wp-block-columns is-layout-flex wp-container-core-columns-is-layout-9d6595d7 wp-block-columns-is-layout-flex\"><div class=\"wp-block-column is-layout-flow wp-block-column-is-layout-flow\" style=\"flex-basis:50%\"><h3 class=\"wp-block-heading has-text-align-left\">Vantagens do aquecedor de secret\u00e1ria por grosso<\/h3>\n\n<ul class=\"wp-block-list\"><li><strong>Flex\u00edvel e aplic\u00e1vel:<\/strong> Este aquecedor de mesa por atacado \u00e9 pequeno em tamanho e pode ser colocado de forma flex\u00edvel na mesa, no ch\u00e3o ou na cabeceira do quarto. \u00c9 adequado para diferentes ambientes, como casa e escrit\u00f3rio.<\/li>\n\n<li><strong>Aquecimento r\u00e1pido e duradouro: <\/strong>Os nossos aquecedores el\u00e9ctricos port\u00e1teis por atacado est\u00e3o equipados com tecnologia de aquecimento de cer\u00e2mica PTC. Aquece rapidamente depois de ser ligado, irradia uniformemente o calor, \u00e9 dur\u00e1vel e \u00e9 mais eficiente e eficiente em termos energ\u00e9ticos, de modo que o calor pode acompanh\u00e1-lo a qualquer momento.<\/li>\n\n<li><strong>Funcionamento com baixo ru\u00eddo: <\/strong>Este aquecedor de secret\u00e1ria por atacado funciona com baixo ru\u00eddo e n\u00e3o perturba o sono, mesmo quando funciona durante a noite. \u00c9 ideal para quartos e escrit\u00f3rios que exigem condi\u00e7\u00f5es de sil\u00eancio.<\/li>\n\n<li><strong>M\u00faltiplas protec\u00e7\u00f5es de seguran\u00e7a: <\/strong>Os nossos aquecedores el\u00e9ctricos port\u00e1teis por atacado incorporam prote\u00e7\u00e3o contra sobreaquecimento, prote\u00e7\u00e3o contra sobreintensidade e utilizam material ign\u00edfugo para garantir que continuam a ser seguros e fi\u00e1veis, mesmo em caso de utiliza\u00e7\u00e3o prolongada, para evitar riscos de seguran\u00e7a.<\/li><\/ul><\/div>\n\n<div class=\"wp-block-column is-layout-flow wp-block-column-is-layout-flow\"><figure class=\"wp-block-image size-full\"><img decoding=\"async\" width=\"800\" height=\"800\" src=\"https:\/\/www.gdwanjiada.net\/wp-content\/uploads\/2025\/03\/Wholesale-Desktop-Heater-Portable-Electric-Heater-Bulk.webp\" alt=\"Aquecedor de mesa por atacado, aquecedor el\u00e9trico port\u00e1til a granel\" class=\"wp-image-1611\" srcset=\"https:\/\/www.gdwanjiada.net\/wp-content\/uploads\/2025\/03\/Wholesale-Desktop-Heater-Portable-Electric-Heater-Bulk.webp 800w, https:\/\/www.gdwanjiada.net\/wp-content\/uploads\/2025\/03\/Wholesale-Desktop-Heater-Portable-Electric-Heater-Bulk-300x300.webp 300w, https:\/\/www.gdwanjiada.net\/wp-content\/uploads\/2025\/03\/Wholesale-Desktop-Heater-Portable-Electric-Heater-Bulk-150x150.webp 150w, https:\/\/www.gdwanjiada.net\/wp-content\/uploads\/2025\/03\/Wholesale-Desktop-Heater-Portable-Electric-Heater-Bulk-768x768.webp 768w, https:\/\/www.gdwanjiada.net\/wp-content\/uploads\/2025\/03\/Wholesale-Desktop-Heater-Portable-Electric-Heater-Bulk-12x12.webp 12w, https:\/\/www.gdwanjiada.net\/wp-content\/uploads\/2025\/03\/Wholesale-Desktop-Heater-Portable-Electric-Heater-Bulk-600x600.webp 600w, https:\/\/www.gdwanjiada.net\/wp-content\/uploads\/2025\/03\/Wholesale-Desktop-Heater-Portable-Electric-Heater-Bulk-100x100.webp 100w\" sizes=\"(max-width: 800px) 100vw, 800px\" \/><\/figure><\/div><\/div>","protected":false},"excerpt":{"rendered":"<p>Bem-vindo ao comprar aquecedores el\u00e9ctricos port\u00e1teis. Este aquecedor de mesa por atacado adota a tecnologia de aquecimento de cer\u00e2mica PTC, aquecimento r\u00e1pido, economia de energia e longa vida \u00fatil. Tamanho pequeno, espa\u00e7o espa\u00e7oso para m\u00faltiplas coloca\u00e7\u00f5es e baixo ru\u00eddo. Com v\u00e1rios recursos de prote\u00e7\u00e3o de seguran\u00e7a, o aquecimento \u00e9 mais seguro e mais confi\u00e1vel.<\/p>\n<h2>Carater\u00edsticas do produto\uff1a<\/h2>\n<ul>\n<li>M\u00faltiplos m\u00e9todos de coloca\u00e7\u00e3o, f\u00e1cil de colocar.<\/li>\n<li>Baixo ru\u00eddo, n\u00e3o perturba o sono.<\/li>\n<li>Aquecimento PTC, aquecimento r\u00e1pido, eficiente e duradouro.<\/li>\n<li>Prote\u00e7\u00e3o m\u00faltipla contra sobreaquecimento e sobreintensidade.<\/li>\n<li>Material retardador de chama, design razo\u00e1vel, seguro e fi\u00e1vel.<\/li>\n<\/ul>","protected":false},"featured_media":1606,"comment_status":"closed","ping_status":"closed","template":"","meta":{"_acf_changed":false},"product_brand":[],"product_cat":[22],"product_tag":[],"class_list":{"0":"post-1605","1":"product","2":"type-product","3":"status-publish","4":"has-post-thumbnail","6":"product_cat-wholesale-fan-heaters","8":"first","9":"instock","10":"shipping-taxable","11":"product-type-simple"},"acf":[],"_links":{"self":[{"href":"https:\/\/www.gdwanjiada.net\/pt\/wp-json\/wp\/v2\/product\/1605","targetHints":{"allow":["GET"]}}],"collection":[{"href":"https:\/\/www.gdwanjiada.net\/pt\/wp-json\/wp\/v2\/product"}],"about":[{"href":"https:\/\/www.gdwanjiada.net\/pt\/wp-json\/wp\/v2\/types\/product"}],"replies":[{"embeddable":true,"href":"https:\/\/www.gdwanjiada.net\/pt\/wp-json\/wp\/v2\/comments?post=1605"}],"wp:featuredmedia":[{"embeddable":true,"href":"https:\/\/www.gdwanjiada.net\/pt\/wp-json\/wp\/v2\/media\/1606"}],"wp:attachment":[{"href":"https:\/\/www.gdwanjiada.net\/pt\/wp-json\/wp\/v2\/media?parent=1605"}],"wp:term":[{"taxonomy":"product_brand","embeddable":true,"href":"https:\/\/www.gdwanjiada.net\/pt\/wp-json\/wp\/v2\/product_brand?post=1605"},{"taxonomy":"product_cat","embeddable":true,"href":"https:\/\/www.gdwanjiada.net\/pt\/wp-json\/wp\/v2\/product_cat?post=1605"},{"taxonomy":"product_tag","embeddable":true,"href":"https:\/\/www.gdwanjiada.net\/pt\/wp-json\/wp\/v2\/product_tag?post=1605"}],"curies":[{"name":"wp","href":"https:\/\/api.w.org\/{rel}","templated":true}]}}