{"id":1570,"date":"2025-01-16T03:23:19","date_gmt":"2025-01-16T03:23:19","guid":{"rendered":"https:\/\/www.gdwanjiada.net\/?post_type=product&#038;p=1570"},"modified":"2025-01-21T08:52:51","modified_gmt":"2025-01-21T08:52:51","slug":"wholesale-battery-operated-fans","status":"publish","type":"product","link":"https:\/\/www.gdwanjiada.net\/pt\/produto\/wholesale-battery-operated-fans\/","title":{"rendered":"Ventiladores a pilhas brancos por atacado, ventilador port\u00e1til pequeno a granel"},"content":{"rendered":"<h3 class=\"wp-block-heading has-text-align-center\">Especifica\u00e7\u00f5es das ventoinhas a pilhas por atacado<\/h3><figure class=\"wp-block-table\"><table class=\"has-fixed-layout\"><tbody><tr><td rowspan=\"2\">Modelo<\/td><td rowspan=\"2\">Pot\u00eancia\uff08W\uff09<\/td><td rowspan=\"2\">Tens\u00e3o\uff08V\uff09<\/td><td rowspan=\"2\">Modo de velocidade<\/td><td rowspan=\"2\">G.W.\uff08g\uff09<\/td><td rowspan=\"2\">Tamanho do produto\uff08mm\uff09<\/td><td rowspan=\"2\">Tamanho da embalagem\uff08mm\uff09<\/td><td rowspan=\"2\">Tamanho da caixa\uff08mm\uff09<\/td><td rowspan=\"2\">Embalagem Q'ty\uff08pc\uff09<\/td><td rowspan=\"2\">Caixa de cart\u00e3o G.W.\uff08kg\uff09<\/td><td rowspan=\"2\">Alimenta\u00e7\u00e3o el\u00e9ctrica<\/td><td rowspan=\"2\">Capacidade da bateria<\/td><td colspan=\"2\">Q'ty de carregamento<\/td><\/tr><tr><td>20GP<\/td><td>40HQ<\/td><\/tr><tr><td>F04<\/td><td>5<\/td><td>5<\/td><td>3<\/td><td>650<\/td><td>190*200*230<\/td><td>367*184*184<\/td><td>820*420*615<\/td><td>24<\/td><td>17.6<\/td><td>Tamp\u00e3o<\/td><td>1200mh<\/td><td>3192<\/td><td>7704<\/td><\/tr><\/tbody><\/table><\/figure><div class=\"wp-block-columns is-layout-flex wp-container-core-columns-is-layout-9d6595d7 wp-block-columns-is-layout-flex\"><div class=\"wp-block-column is-layout-flow wp-block-column-is-layout-flow\" style=\"flex-basis:50%\"><h3 class=\"wp-block-heading has-text-align-left\">Vantagens das ventoinhas a pilhas por grosso<\/h3>\n\n<ul class=\"wp-block-list\"><li><strong>Port\u00e1til e compacto, adequado para utiliza\u00e7\u00e3o em v\u00e1rios cen\u00e1rios: <\/strong>Os nossos ventiladores por atacado operados por bateria s\u00e3o projetados para serem leves e compactos, f\u00e1ceis de transportar com voc\u00ea, e podem ser amplamente utilizados em v\u00e1rias ocasi\u00f5es, como em casa, escrit\u00f3rio, viagens ao ar livre, etc., trazendo frescor a qualquer hora, em qualquer lugar.<\/li>\n\n<li><strong>Ajuste da velocidade do vento a 3 velocidades para satisfazer as necessidades de forma flex\u00edvel: <\/strong>Esta ventoinha port\u00e1til a granel est\u00e1 equipada com tr\u00eas modos de velocidade do vento ajust\u00e1veis, desde uma brisa suave at\u00e9 um fluxo de ar forte, para satisfazer diferentes ambientes e necessidades pessoais, proporcionando uma experi\u00eancia de utiliza\u00e7\u00e3o personalizada.<\/li>\n\n<li><strong>Circula\u00e7\u00e3o de ar eficiente para criar um espa\u00e7o fresco: <\/strong>Estes ventiladores por atacado operados por bateria t\u00eam uma excelente fun\u00e7\u00e3o de circula\u00e7\u00e3o de ar, que pode n\u00e3o s\u00f3 proporcionar frescura, mas tamb\u00e9m promover a circula\u00e7\u00e3o do ar interior e otimizar a qualidade do ambiente espacial.<\/li>\n\n<li><strong>Bateria de l\u00edtio incorporada, bateria de longa dura\u00e7\u00e3o sem preocupa\u00e7\u00f5es: <\/strong>Esta ventoinha port\u00e1til a granel vem com uma bateria de l\u00edtio de grande capacidade incorporada que n\u00e3o necessita de ser ligada a uma tomada el\u00e9ctrica. Pode funcionar durante muito tempo ap\u00f3s o carregamento completo. \u00c9 muito adequada para actividades ao ar livre ou falhas de energia.<\/li><\/ul><\/div>\n\n<div class=\"wp-block-column is-layout-flow wp-block-column-is-layout-flow\"><figure class=\"wp-block-image size-full\"><img decoding=\"async\" width=\"800\" height=\"800\" src=\"https:\/\/www.gdwanjiada.net\/wp-content\/uploads\/2025\/01\/White-Wholesale-Battery-Operated-Fans-Small-Portable-Fan-In-Bulk-1.webp\" alt=\"Ventiladores a pilhas brancos por atacado, ventilador port\u00e1til pequeno a granel-1\" class=\"wp-image-1571\" srcset=\"https:\/\/www.gdwanjiada.net\/wp-content\/uploads\/2025\/01\/White-Wholesale-Battery-Operated-Fans-Small-Portable-Fan-In-Bulk-1.webp 800w, https:\/\/www.gdwanjiada.net\/wp-content\/uploads\/2025\/01\/White-Wholesale-Battery-Operated-Fans-Small-Portable-Fan-In-Bulk-1-300x300.webp 300w, https:\/\/www.gdwanjiada.net\/wp-content\/uploads\/2025\/01\/White-Wholesale-Battery-Operated-Fans-Small-Portable-Fan-In-Bulk-1-150x150.webp 150w, https:\/\/www.gdwanjiada.net\/wp-content\/uploads\/2025\/01\/White-Wholesale-Battery-Operated-Fans-Small-Portable-Fan-In-Bulk-1-768x768.webp 768w, https:\/\/www.gdwanjiada.net\/wp-content\/uploads\/2025\/01\/White-Wholesale-Battery-Operated-Fans-Small-Portable-Fan-In-Bulk-1-12x12.webp 12w, https:\/\/www.gdwanjiada.net\/wp-content\/uploads\/2025\/01\/White-Wholesale-Battery-Operated-Fans-Small-Portable-Fan-In-Bulk-1-600x600.webp 600w, https:\/\/www.gdwanjiada.net\/wp-content\/uploads\/2025\/01\/White-Wholesale-Battery-Operated-Fans-Small-Portable-Fan-In-Bulk-1-100x100.webp 100w\" sizes=\"(max-width: 800px) 100vw, 800px\" \/><\/figure><\/div><\/div>","protected":false},"excerpt":{"rendered":"<p>Bem-vindo ao comprar ventoinhas a pilhas por atacado. A nossa ventoinha port\u00e1til branca a granel \u00e9 conhecida pelo seu design compacto e fun\u00e7\u00f5es poderosas. Possui 3 ajustes de velocidade do vento, bateria de l\u00edtio embutida e fun\u00e7\u00e3o de circula\u00e7\u00e3o de ar eficiente. Quer seja em casa ou no exterior, pode proporcionar uma experi\u00eancia confort\u00e1vel e fresca, \u00e9 uma escolha fi\u00e1vel no mercado grossista.<\/p>\n<h2>Carater\u00edsticas do produto\uff1a<\/h2>\n<ul>\n<li>Pode ser utilizado em v\u00e1rios cen\u00e1rios, tais como instala\u00e7\u00e3o no solo, montagem na parede, secret\u00e1ria e exterior.<\/li>\n<li>O \u00e2ngulo de fornecimento de ar roda 180 graus, a velocidade do vento \u00e9 ajust\u00e1vel em 3 n\u00edveis e tem uma bateria de l\u00edtio incorporada.<\/li>\n<li>Mem\u00f3ria de brilho inteligente e escurecimento cont\u00ednuo, pode ajustar o brilho \u00e0 vontade e pode ser utilizado como candeeiro de mesa, candeeiro de exterior, luz de preenchimento ou luz nocturna.<\/li>\n<li>Fa\u00e7a circular o ar e desfrute de cada lufada de ar fresco.<\/li>\n<\/ul>","protected":false},"featured_media":1573,"comment_status":"closed","ping_status":"closed","template":"","meta":{"_acf_changed":false},"product_brand":[],"product_cat":[23,24],"product_tag":[],"class_list":{"0":"post-1570","1":"product","2":"type-product","3":"status-publish","4":"has-post-thumbnail","6":"product_cat-wholesale-portable-fans","7":"product_cat-air-circulation-fan-wholesale","9":"first","10":"instock","11":"shipping-taxable","12":"product-type-simple"},"acf":[],"_links":{"self":[{"href":"https:\/\/www.gdwanjiada.net\/pt\/wp-json\/wp\/v2\/product\/1570","targetHints":{"allow":["GET"]}}],"collection":[{"href":"https:\/\/www.gdwanjiada.net\/pt\/wp-json\/wp\/v2\/product"}],"about":[{"href":"https:\/\/www.gdwanjiada.net\/pt\/wp-json\/wp\/v2\/types\/product"}],"replies":[{"embeddable":true,"href":"https:\/\/www.gdwanjiada.net\/pt\/wp-json\/wp\/v2\/comments?post=1570"}],"wp:featuredmedia":[{"embeddable":true,"href":"https:\/\/www.gdwanjiada.net\/pt\/wp-json\/wp\/v2\/media\/1573"}],"wp:attachment":[{"href":"https:\/\/www.gdwanjiada.net\/pt\/wp-json\/wp\/v2\/media?parent=1570"}],"wp:term":[{"taxonomy":"product_brand","embeddable":true,"href":"https:\/\/www.gdwanjiada.net\/pt\/wp-json\/wp\/v2\/product_brand?post=1570"},{"taxonomy":"product_cat","embeddable":true,"href":"https:\/\/www.gdwanjiada.net\/pt\/wp-json\/wp\/v2\/product_cat?post=1570"},{"taxonomy":"product_tag","embeddable":true,"href":"https:\/\/www.gdwanjiada.net\/pt\/wp-json\/wp\/v2\/product_tag?post=1570"}],"curies":[{"name":"wp","href":"https:\/\/api.w.org\/{rel}","templated":true}]}}