{"id":1559,"date":"2025-01-16T02:59:15","date_gmt":"2025-01-16T02:59:15","guid":{"rendered":"https:\/\/www.gdwanjiada.net\/?post_type=product&#038;p=1559"},"modified":"2025-01-16T03:09:43","modified_gmt":"2025-01-16T03:09:43","slug":"portable-fan-wholesale","status":"publish","type":"product","link":"https:\/\/www.gdwanjiada.net\/pt\/produto\/portable-fan-wholesale\/","title":{"rendered":"Ventilador port\u00e1til rosa por atacado, ventiladores a granel operados por bateria com luz"},"content":{"rendered":"<h3 class=\"wp-block-heading has-text-align-center\">Especifica\u00e7\u00f5es do Ventilador port\u00e1til por atacado<\/h3><figure class=\"wp-block-table\"><table class=\"has-fixed-layout\"><tbody><tr><td rowspan=\"2\">Modelo<\/td><td rowspan=\"2\">Pot\u00eancia\uff08W\uff09<\/td><td rowspan=\"2\">Tens\u00e3o\uff08V\uff09<\/td><td rowspan=\"2\">Modo de velocidade<\/td><td rowspan=\"2\">G.W.\uff08g\uff09<\/td><td rowspan=\"2\">Tamanho do produto\uff08mm\uff09<\/td><td rowspan=\"2\">Tamanho da embalagem\uff08mm\uff09<\/td><td rowspan=\"2\">Tamanho da caixa\uff08mm\uff09<\/td><td rowspan=\"2\">Embalagem Q'ty\uff08pc\uff09<\/td><td rowspan=\"2\">Caixa de cart\u00e3o G.W.\uff08kg\uff09<\/td><td rowspan=\"2\">Alimenta\u00e7\u00e3o el\u00e9ctrica<\/td><td rowspan=\"2\">Capacidade da bateria<\/td><td colspan=\"2\">Q'ty de carregamento<\/td><\/tr><tr><td>20GP<\/td><td>40HQ<\/td><\/tr><tr><td>F04<\/td><td>5<\/td><td>5<\/td><td>3<\/td><td>650<\/td><td>190*200*230<\/td><td>367*184*184<\/td><td>820*420*615<\/td><td>24<\/td><td>17.6<\/td><td>Tamp\u00e3o<\/td><td>1200mh<\/td><td>3192<\/td><td>7704<\/td><\/tr><\/tbody><\/table><\/figure><div class=\"wp-block-columns is-layout-flex wp-container-core-columns-is-layout-9d6595d7 wp-block-columns-is-layout-flex\"><div class=\"wp-block-column is-layout-flow wp-block-column-is-layout-flow\" style=\"flex-basis:50%\"><h3 class=\"wp-block-heading has-text-align-left\">Vantagens do ventilador port\u00e1til por atacado<\/h3>\n\n<ul class=\"wp-block-list\"><li><strong>Conce\u00e7\u00e3o polivalente, adapta\u00e7\u00e3o flex\u00edvel a v\u00e1rios cen\u00e1rios: <\/strong>Quer seja em casa, no escrit\u00f3rio ou em actividades ao ar livre, esta ventoinha port\u00e1til pode ser facilmente utilizada. Suporta v\u00e1rios m\u00e9todos de instala\u00e7\u00e3o, tais como instala\u00e7\u00e3o no ch\u00e3o, na parede e na secret\u00e1ria, proporcionando aos utilizadores op\u00e7\u00f5es de utiliza\u00e7\u00e3o convenientes.<\/li>\n\n<li><strong>Fornecimento de ar de \u00e2ngulo alargado, cobertura de arrefecimento mais abrangente: <\/strong>Estas ventoinhas a granel operadas a pilhas t\u00eam uma fun\u00e7\u00e3o de rota\u00e7\u00e3o de 180 graus, que pode ajustar de forma flex\u00edvel a dire\u00e7\u00e3o do fornecimento de ar e cobrir uma gama maior, para que todos os cantos possam sentir uma brisa fresca uniforme e confort\u00e1vel.<\/li>\n\n<li><strong>Ajuste personalizado da velocidade do vento, tendo em conta as necessidades: <\/strong>Esta ventoinha port\u00e1til por atacado tem uma fun\u00e7\u00e3o de 3 velocidades, desde uma brisa suave a uma forte frescura. Os utilizadores podem escolher livremente o vento de acordo com o ambiente e a prefer\u00eancia para desfrutar de um ambiente refrescante.<\/li>\n\n<li><strong>Bateria de l\u00edtio de grande capacidade incorporada, port\u00e1til e de longa dura\u00e7\u00e3o:<\/strong> As nossas ventoinhas a granel operadas por bateria t\u00eam baterias de l\u00edtio incorporadas que suportam uma vida \u00fatil prolongada da bateria sem ter de depender necessariamente da utiliza\u00e7\u00e3o de uma ficha - c\u00f3modas, r\u00e1pidas e f\u00e1ceis de transportar para utiliza\u00e7\u00e3o no interior e no exterior.<\/li><\/ul><\/div>\n\n<div class=\"wp-block-column is-layout-flow wp-block-column-is-layout-flow\"><figure class=\"wp-block-image size-full\"><img decoding=\"async\" width=\"800\" height=\"800\" src=\"https:\/\/www.gdwanjiada.net\/wp-content\/uploads\/2025\/01\/Pink-Portable-Fan-Wholesale-Bulk-Battery-Operated-Fans-With-Light-7.webp\" alt=\"Ventilador port\u00e1til rosa por atacado, ventiladores a granel operados por bateria com luz-7\" class=\"wp-image-1562\" srcset=\"https:\/\/www.gdwanjiada.net\/wp-content\/uploads\/2025\/01\/Pink-Portable-Fan-Wholesale-Bulk-Battery-Operated-Fans-With-Light-7.webp 800w, https:\/\/www.gdwanjiada.net\/wp-content\/uploads\/2025\/01\/Pink-Portable-Fan-Wholesale-Bulk-Battery-Operated-Fans-With-Light-7-300x300.webp 300w, https:\/\/www.gdwanjiada.net\/wp-content\/uploads\/2025\/01\/Pink-Portable-Fan-Wholesale-Bulk-Battery-Operated-Fans-With-Light-7-150x150.webp 150w, https:\/\/www.gdwanjiada.net\/wp-content\/uploads\/2025\/01\/Pink-Portable-Fan-Wholesale-Bulk-Battery-Operated-Fans-With-Light-7-768x768.webp 768w, https:\/\/www.gdwanjiada.net\/wp-content\/uploads\/2025\/01\/Pink-Portable-Fan-Wholesale-Bulk-Battery-Operated-Fans-With-Light-7-12x12.webp 12w, https:\/\/www.gdwanjiada.net\/wp-content\/uploads\/2025\/01\/Pink-Portable-Fan-Wholesale-Bulk-Battery-Operated-Fans-With-Light-7-600x600.webp 600w, https:\/\/www.gdwanjiada.net\/wp-content\/uploads\/2025\/01\/Pink-Portable-Fan-Wholesale-Bulk-Battery-Operated-Fans-With-Light-7-100x100.webp 100w\" sizes=\"(max-width: 800px) 100vw, 800px\" \/><\/figure><\/div><\/div>","protected":false},"excerpt":{"rendered":"<p>Bem-vindo \u00e0 compra de ventoinhas a pilhas a granel. A nossa ventoinha port\u00e1til rosa por atacado tem uma apar\u00eancia elegante e fun\u00e7\u00f5es poderosas, suporta a utiliza\u00e7\u00e3o numa variedade de cen\u00e1rios, tem um fornecimento de ar de \u00e2ngulo amplo de 180 graus, ajuste de velocidade do vento de 3 velocidades e design de bateria de l\u00edtio incorporada de longa dura\u00e7\u00e3o, e \u00e9 um must-have para a vida di\u00e1ria e viagens ao ar livre.<\/p>\n<h2>Carater\u00edsticas do produto\uff1a<\/h2>\n<ul>\n<li>Pode ser utilizado em v\u00e1rios cen\u00e1rios, tais como instala\u00e7\u00e3o no solo, montagem na parede, secret\u00e1ria e exterior.<\/li>\n<li>O \u00e2ngulo de fornecimento de ar roda 180 graus, a velocidade do vento \u00e9 ajust\u00e1vel em 3 n\u00edveis e tem uma bateria de l\u00edtio incorporada.<\/li>\n<li>Mem\u00f3ria de brilho inteligente e escurecimento cont\u00ednuo, pode ajustar o brilho \u00e0 vontade e pode ser utilizado como candeeiro de mesa, candeeiro de exterior, luz de preenchimento ou luz nocturna.<\/li>\n<li>Fa\u00e7a circular o ar e desfrute de cada lufada de ar fresco.<\/li>\n<\/ul>","protected":false},"featured_media":1561,"comment_status":"closed","ping_status":"closed","template":"","meta":{"_acf_changed":false},"product_brand":[],"product_cat":[23,24],"product_tag":[],"class_list":{"0":"post-1559","1":"product","2":"type-product","3":"status-publish","4":"has-post-thumbnail","6":"product_cat-wholesale-portable-fans","7":"product_cat-air-circulation-fan-wholesale","9":"first","10":"instock","11":"shipping-taxable","12":"product-type-simple"},"acf":[],"_links":{"self":[{"href":"https:\/\/www.gdwanjiada.net\/pt\/wp-json\/wp\/v2\/product\/1559","targetHints":{"allow":["GET"]}}],"collection":[{"href":"https:\/\/www.gdwanjiada.net\/pt\/wp-json\/wp\/v2\/product"}],"about":[{"href":"https:\/\/www.gdwanjiada.net\/pt\/wp-json\/wp\/v2\/types\/product"}],"replies":[{"embeddable":true,"href":"https:\/\/www.gdwanjiada.net\/pt\/wp-json\/wp\/v2\/comments?post=1559"}],"wp:featuredmedia":[{"embeddable":true,"href":"https:\/\/www.gdwanjiada.net\/pt\/wp-json\/wp\/v2\/media\/1561"}],"wp:attachment":[{"href":"https:\/\/www.gdwanjiada.net\/pt\/wp-json\/wp\/v2\/media?parent=1559"}],"wp:term":[{"taxonomy":"product_brand","embeddable":true,"href":"https:\/\/www.gdwanjiada.net\/pt\/wp-json\/wp\/v2\/product_brand?post=1559"},{"taxonomy":"product_cat","embeddable":true,"href":"https:\/\/www.gdwanjiada.net\/pt\/wp-json\/wp\/v2\/product_cat?post=1559"},{"taxonomy":"product_tag","embeddable":true,"href":"https:\/\/www.gdwanjiada.net\/pt\/wp-json\/wp\/v2\/product_tag?post=1559"}],"curies":[{"name":"wp","href":"https:\/\/api.w.org\/{rel}","templated":true}]}}