{"id":1543,"date":"2025-01-07T02:18:56","date_gmt":"2025-01-07T02:18:56","guid":{"rendered":"https:\/\/www.gdwanjiada.net\/?post_type=product&#038;p=1543"},"modified":"2025-01-07T02:26:33","modified_gmt":"2025-01-07T02:26:33","slug":"mini-portable-fan-bulk","status":"publish","type":"product","link":"https:\/\/www.gdwanjiada.net\/pt\/produto\/mini-portable-fan-bulk\/","title":{"rendered":"Mini ventilador port\u00e1til branco a granel, ventiladores dobr\u00e1veis para acampamento por atacado"},"content":{"rendered":"<h3 class=\"wp-block-heading has-text-align-center\">Especifica\u00e7\u00f5es da Mini ventoinha port\u00e1til a granel<\/h3><figure class=\"wp-block-table\"><table class=\"has-fixed-layout\"><tbody><tr><td rowspan=\"2\">Modelo<\/td><td rowspan=\"2\">Pot\u00eancia\uff08W\uff09<\/td><td rowspan=\"2\">Tens\u00e3o\uff08V\uff09<\/td><td rowspan=\"2\">Velocidade<\/td><td rowspan=\"2\">G.W.\uff08g\uff09<\/td><td rowspan=\"2\">Tamanho do produto\uff08mm\uff09<\/td><td rowspan=\"2\">Tamanho da embalagem\uff08mm\uff09<\/td><td rowspan=\"2\">Tamanho da caixa\uff08mm\uff09<\/td><td rowspan=\"2\">Embalagem Q'ty\uff08pc\uff09<\/td><td rowspan=\"2\">Caixa de cart\u00e3o G.W.\uff08kg\uff09<\/td><td rowspan=\"2\">Alimenta\u00e7\u00e3o el\u00e9ctrica<\/td><td rowspan=\"2\">Capacidade da bateria<\/td><td colspan=\"2\">Q'ty de carregamento<\/td><\/tr><tr><td>20GP<\/td><td>40HQ<\/td><\/tr><tr><td>F03<\/td><td>5<\/td><td>5<\/td><td>5<\/td><td>440<\/td><td>210*220*230<\/td><td>216*58*216<\/td><td>600*447*462<\/td><td>40<\/td><td>19.6<\/td><td>Tipo C\/Bateria<\/td><td>1800mh<\/td><td>9040<\/td><td>21960<\/td><\/tr><\/tbody><\/table><\/figure><div class=\"wp-block-columns is-layout-flex wp-container-core-columns-is-layout-9d6595d7 wp-block-columns-is-layout-flex\"><div class=\"wp-block-column is-layout-flow wp-block-column-is-layout-flow\" style=\"flex-basis:50%\"><h3 class=\"wp-block-heading has-text-align-left\">Vantagens da Mini ventoinha port\u00e1til a granel<\/h3>\n\n<ul class=\"wp-block-list\"><li><strong>M\u00faltiplos m\u00e9todos de coloca\u00e7\u00e3o: <\/strong>Esta mini ventoinha port\u00e1til branca a granel \u00e9 adequada para coloca\u00e7\u00e3o em secret\u00e1ria, montagem na parede e para pendurar. Seja em casa, no escrit\u00f3rio ou num acampamento ao ar livre, pode proporcionar uma sensa\u00e7\u00e3o de vento refrescante e confort\u00e1vel, que \u00e9 a escolha ideal para cen\u00e1rios multifuncionais.<\/li>\n\n<li><strong>Regula\u00e7\u00e3o da velocidade do vento e da luz: <\/strong>As nossas ventoinhas dobr\u00e1veis a granel t\u00eam 5 fun\u00e7\u00f5es de ajuste da velocidade do vento, desde a brisa suave \u00e0 brisa fresca forte para satisfazer v\u00e1rias necessidades. Ao mesmo tempo, o design de luz dupla inclui luz branca frontal e luz quente de base, e o brilho suporta ajuste cont\u00ednuo, que pode iluminar e criar uma atmosfera quente.<\/li>\n\n<li><strong>Compatibilidade com l\u00edquidos multifuncionais: <\/strong>A fun\u00e7\u00e3o de aromaterapia especialmente concebida deste mini ventilador port\u00e1til a granel permite a adi\u00e7\u00e3o de l\u00edquido de aromaterapia, l\u00edquido repelente de mosquitos ou desinfetante para adicionar uma fragr\u00e2ncia fresca ao ambiente, fornecer prote\u00e7\u00e3o repelente de mosquitos e efeitos de esteriliza\u00e7\u00e3o, adequados para casa, escrit\u00f3rio e cenas ao ar livre, e melhorar de forma abrangente a qualidade de vida.<\/li>\n\n<li><strong>Compacto e dobr\u00e1vel: <\/strong>O nosso ventilador dobr\u00e1vel a granel adopta um design compacto, que pode ser facilmente dobrado e guardado, n\u00e3o ocupa espa\u00e7o e \u00e9 f\u00e1cil de transportar consigo, adequado para campismo, viagens ou uso di\u00e1rio. A sua portabilidade e praticidade fazem dele um parceiro perfeito para as actividades di\u00e1rias e ao ar livre.<\/li><\/ul><\/div>\n\n<div class=\"wp-block-column is-layout-flow wp-block-column-is-layout-flow\"><figure class=\"wp-block-image size-full\"><img decoding=\"async\" width=\"800\" height=\"800\" src=\"https:\/\/www.gdwanjiada.net\/wp-content\/uploads\/2024\/09\/Bulk-Portable-Fans-Wholesale-Desk-Fans-With-Dual-Light-7.webp\" alt=\"Ventiladores port\u00e1teis a granel, Ventiladores de mesa com luz dupla, Ventiladores dobr\u00e1veis a granel, Mini ventilador port\u00e1til a granel\" class=\"wp-image-764\" srcset=\"https:\/\/www.gdwanjiada.net\/wp-content\/uploads\/2024\/09\/Bulk-Portable-Fans-Wholesale-Desk-Fans-With-Dual-Light-7.webp 800w, https:\/\/www.gdwanjiada.net\/wp-content\/uploads\/2024\/09\/Bulk-Portable-Fans-Wholesale-Desk-Fans-With-Dual-Light-7-300x300.webp 300w, https:\/\/www.gdwanjiada.net\/wp-content\/uploads\/2024\/09\/Bulk-Portable-Fans-Wholesale-Desk-Fans-With-Dual-Light-7-150x150.webp 150w, https:\/\/www.gdwanjiada.net\/wp-content\/uploads\/2024\/09\/Bulk-Portable-Fans-Wholesale-Desk-Fans-With-Dual-Light-7-768x768.webp 768w, https:\/\/www.gdwanjiada.net\/wp-content\/uploads\/2024\/09\/Bulk-Portable-Fans-Wholesale-Desk-Fans-With-Dual-Light-7-600x600.webp 600w, https:\/\/www.gdwanjiada.net\/wp-content\/uploads\/2024\/09\/Bulk-Portable-Fans-Wholesale-Desk-Fans-With-Dual-Light-7-100x100.webp 100w\" sizes=\"(max-width: 800px) 100vw, 800px\" \/><\/figure><\/div><\/div>","protected":false},"excerpt":{"rendered":"<p>Bem-vindo ao comprar ventoinhas dobr\u00e1veis a granel. Este mini ventilador port\u00e1til branco a granel suporta v\u00e1rios cen\u00e1rios, tem 5 ajustes de velocidade do vento, design de luz dupla e fun\u00e7\u00e3o de aromaterapia, \u00e9 leve e dobr\u00e1vel e \u00e9 f\u00e1cil de transportar e armazenar. Seja em casa, no escrit\u00f3rio ou no acampamento ao ar livre, ele pode oferecer uma gama completa de experi\u00eancias frescas e confort\u00e1veis, e \u00e9 seu ajudante multifuncional.<\/p>\n<h2>Carater\u00edsticas do produto\uff1a<\/h2>\n<ul>\n<li>M\u00faltiplos cen\u00e1rios, tais como mesa de trabalho, pendurar na parede, pendurar, etc.<\/li>\n<li>5 velocidades de vento ajust\u00e1veis, duplo ajuste de luz, a frente \u00e9 luz branca e a base \u00e9 luz quente<\/li>\n<li>O centro pode adicionar aromaterapia, l\u00edquido repelente e l\u00edquido desinfetante<\/li>\n<li>Design compacto para uma arruma\u00e7\u00e3o f\u00e1cil de transportar e dobrar sem ocupar espa\u00e7o<\/li>\n<li>Ecr\u00e3 de visualiza\u00e7\u00e3o = regula\u00e7\u00e3o da velocidade do ar + regula\u00e7\u00e3o da intensidade luminosa sem escal\u00f5es + quantidade el\u00e9ctrica.<\/li>\n<\/ul>","protected":false},"featured_media":760,"comment_status":"closed","ping_status":"closed","template":"","meta":{"_acf_changed":false},"product_brand":[],"product_cat":[23],"product_tag":[],"class_list":{"0":"post-1543","1":"product","2":"type-product","3":"status-publish","4":"has-post-thumbnail","6":"product_cat-wholesale-portable-fans","8":"first","9":"instock","10":"shipping-taxable","11":"product-type-simple"},"acf":[],"_links":{"self":[{"href":"https:\/\/www.gdwanjiada.net\/pt\/wp-json\/wp\/v2\/product\/1543","targetHints":{"allow":["GET"]}}],"collection":[{"href":"https:\/\/www.gdwanjiada.net\/pt\/wp-json\/wp\/v2\/product"}],"about":[{"href":"https:\/\/www.gdwanjiada.net\/pt\/wp-json\/wp\/v2\/types\/product"}],"replies":[{"embeddable":true,"href":"https:\/\/www.gdwanjiada.net\/pt\/wp-json\/wp\/v2\/comments?post=1543"}],"wp:featuredmedia":[{"embeddable":true,"href":"https:\/\/www.gdwanjiada.net\/pt\/wp-json\/wp\/v2\/media\/760"}],"wp:attachment":[{"href":"https:\/\/www.gdwanjiada.net\/pt\/wp-json\/wp\/v2\/media?parent=1543"}],"wp:term":[{"taxonomy":"product_brand","embeddable":true,"href":"https:\/\/www.gdwanjiada.net\/pt\/wp-json\/wp\/v2\/product_brand?post=1543"},{"taxonomy":"product_cat","embeddable":true,"href":"https:\/\/www.gdwanjiada.net\/pt\/wp-json\/wp\/v2\/product_cat?post=1543"},{"taxonomy":"product_tag","embeddable":true,"href":"https:\/\/www.gdwanjiada.net\/pt\/wp-json\/wp\/v2\/product_tag?post=1543"}],"curies":[{"name":"wp","href":"https:\/\/api.w.org\/{rel}","templated":true}]}}