{"id":1542,"date":"2025-01-07T02:12:32","date_gmt":"2025-01-07T02:12:32","guid":{"rendered":"https:\/\/www.gdwanjiada.net\/?post_type=product&#038;p=1542"},"modified":"2025-01-07T02:18:44","modified_gmt":"2025-01-07T02:18:44","slug":"desk-fans-wholesale","status":"publish","type":"product","link":"https:\/\/www.gdwanjiada.net\/pt\/produto\/desk-fans-wholesale\/","title":{"rendered":"Ventiladores de mesa rosa por atacado com luz, ventilador port\u00e1til a granel"},"content":{"rendered":"<h3 class=\"wp-block-heading has-text-align-center\">Especifica\u00e7\u00f5es de Ventiladores de mesa por atacado<\/h3><figure class=\"wp-block-table\"><table class=\"has-fixed-layout\"><tbody><tr><td rowspan=\"2\">Modelo<\/td><td rowspan=\"2\">Pot\u00eancia\uff08W\uff09<\/td><td rowspan=\"2\">Tens\u00e3o\uff08V\uff09<\/td><td rowspan=\"2\">Velocidade<\/td><td rowspan=\"2\">G.W.\uff08g\uff09<\/td><td rowspan=\"2\">Tamanho do produto\uff08mm\uff09<\/td><td rowspan=\"2\">Tamanho da embalagem\uff08mm\uff09<\/td><td rowspan=\"2\">Tamanho da caixa\uff08mm\uff09<\/td><td rowspan=\"2\">Embalagem Q'ty\uff08pc\uff09<\/td><td rowspan=\"2\">Caixa de cart\u00e3o G.W.\uff08kg\uff09<\/td><td rowspan=\"2\">Alimenta\u00e7\u00e3o el\u00e9ctrica<\/td><td rowspan=\"2\">Capacidade da bateria<\/td><td colspan=\"2\">Q'ty de carregamento<\/td><\/tr><tr><td>20GP<\/td><td>40HQ<\/td><\/tr><tr><td>F03<\/td><td>5<\/td><td>5<\/td><td>5<\/td><td>440<\/td><td>210*220*230<\/td><td>216*58*216<\/td><td>600*447*462<\/td><td>40<\/td><td>19.6<\/td><td>Tipo C\/Bateria<\/td><td>1800mh<\/td><td>9040<\/td><td>21960<\/td><\/tr><\/tbody><\/table><\/figure><div class=\"wp-block-columns is-layout-flex wp-container-core-columns-is-layout-9d6595d7 wp-block-columns-is-layout-flex\"><div class=\"wp-block-column is-layout-flow wp-block-column-is-layout-flow\" style=\"flex-basis:50%\"><h3 class=\"wp-block-heading has-text-align-left\">Vantagens das ventoinhas de secret\u00e1ria por grosso<\/h3>\n\n<ul class=\"wp-block-list\"><li><strong>Aplica\u00e7\u00e3o em v\u00e1rios cen\u00e1rios: <\/strong>Os nossos ventiladores de secret\u00e1ria cor-de-rosa suportam a coloca\u00e7\u00e3o em secret\u00e1ria, a suspens\u00e3o na parede e a utiliza\u00e7\u00e3o em gancho. Quer se trate de cenas em casa, no escrit\u00f3rio ou no exterior, pode ser facilmente adaptado para lhe proporcionar uma experi\u00eancia agrad\u00e1vel a qualquer hora e em qualquer lugar.<\/li>\n\n<li><strong>Velocidade do vento de 5 velocidades e regula\u00e7\u00e3o da luz dupla:<\/strong> A nossa ventoinha port\u00e1til a granel est\u00e1 equipada com 5 velocidades de regula\u00e7\u00e3o da velocidade do vento, proporcionando uma variedade de op\u00e7\u00f5es, desde vento suave a vento forte, para satisfazer as necessidades de diferentes ambientes. A ventoinha est\u00e1 equipada com duas fontes de luz, a luz branca frontal \u00e9 utilizada para ilumina\u00e7\u00e3o di\u00e1ria e a luz quente da base cria uma atmosfera quente. A luminosidade pode ser regulada de forma cont\u00ednua, o que \u00e9 mais pr\u00e1tico.<\/li>\n\n<li><strong>Aromaterapia e suporte l\u00edquido multifuncional: <\/strong>O design especial destes ventiladores de secret\u00e1ria por atacado permite a adi\u00e7\u00e3o de l\u00edquido de aromaterapia, l\u00edquido repelente de mosquitos ou desinfetante, o que n\u00e3o s\u00f3 adiciona ar fresco, mas tamb\u00e9m proporciona efeitos repelentes de mosquitos e de esteriliza\u00e7\u00e3o, acrescentando mais op\u00e7\u00f5es funcionais para utiliza\u00e7\u00e3o em casa ou em passeios.<\/li>\n\n<li><strong>Design dobr\u00e1vel e port\u00e1til, f\u00e1cil de guardar: <\/strong>Esta ventoinha port\u00e1til a granel adopta um design compacto, suporta armazenamento dobr\u00e1vel, \u00e9 f\u00e1cil de transportar, poupa espa\u00e7o e \u00e9 conveniente para viagens, escrit\u00f3rio e utiliza\u00e7\u00e3o di\u00e1ria em casa. \u00c9 uma mini ventoinha que combina funcionalidade e conveni\u00eancia.<\/li><\/ul><\/div>\n\n<div class=\"wp-block-column is-layout-flow wp-block-column-is-layout-flow\"><figure class=\"wp-block-image size-full\"><img decoding=\"async\" width=\"800\" height=\"800\" src=\"https:\/\/www.gdwanjiada.net\/wp-content\/uploads\/2024\/09\/Bulk-Portable-Fans-Wholesale-Desk-Fans-With-Dual-Light-7.webp\" alt=\"Ventiladores port\u00e1teis a granel, ventiladores de mesa por atacado com luz dupla-7\" class=\"wp-image-764\" srcset=\"https:\/\/www.gdwanjiada.net\/wp-content\/uploads\/2024\/09\/Bulk-Portable-Fans-Wholesale-Desk-Fans-With-Dual-Light-7.webp 800w, https:\/\/www.gdwanjiada.net\/wp-content\/uploads\/2024\/09\/Bulk-Portable-Fans-Wholesale-Desk-Fans-With-Dual-Light-7-300x300.webp 300w, https:\/\/www.gdwanjiada.net\/wp-content\/uploads\/2024\/09\/Bulk-Portable-Fans-Wholesale-Desk-Fans-With-Dual-Light-7-150x150.webp 150w, https:\/\/www.gdwanjiada.net\/wp-content\/uploads\/2024\/09\/Bulk-Portable-Fans-Wholesale-Desk-Fans-With-Dual-Light-7-768x768.webp 768w, https:\/\/www.gdwanjiada.net\/wp-content\/uploads\/2024\/09\/Bulk-Portable-Fans-Wholesale-Desk-Fans-With-Dual-Light-7-600x600.webp 600w, https:\/\/www.gdwanjiada.net\/wp-content\/uploads\/2024\/09\/Bulk-Portable-Fans-Wholesale-Desk-Fans-With-Dual-Light-7-100x100.webp 100w\" sizes=\"(max-width: 800px) 100vw, 800px\" \/><\/figure><\/div><\/div>","protected":false},"excerpt":{"rendered":"<p>Bem-vindo ao comprar uma ventoinha port\u00e1til a granel. Este ventilador de mesa rosa por atacado suporta v\u00e1rios cen\u00e1rios, com 5 velocidades de vento, ajuste de fonte de luz dupla e fun\u00e7\u00e3o de aromaterapia, e \u00e9 leve e dobr\u00e1vel, f\u00e1cil de transportar e armazenar. Quer se trate de casa di\u00e1ria, ambiente de escrit\u00f3rio ou viagens ao ar livre, pode proporcionar-lhe uma experi\u00eancia multifuncional fresca, confort\u00e1vel e pr\u00e1tica, e \u00e9 um companheiro ideal para a vida moderna.<\/p>\n<h2>Carater\u00edsticas do produto\uff1a<\/h2>\n<ul>\n<li>M\u00faltiplos cen\u00e1rios, tais como mesa de trabalho, pendurar na parede, pendurar, etc.<\/li>\n<li>5 velocidades de vento ajust\u00e1veis, duplo ajuste de luz, a frente \u00e9 luz branca e a base \u00e9 luz quente<\/li>\n<li>O centro pode adicionar aromaterapia, l\u00edquido repelente e l\u00edquido desinfetante<\/li>\n<li>Design compacto para uma arruma\u00e7\u00e3o f\u00e1cil de transportar e dobrar sem ocupar espa\u00e7o<\/li>\n<li>Ecr\u00e3 de visualiza\u00e7\u00e3o = regula\u00e7\u00e3o da velocidade do ar + regula\u00e7\u00e3o da intensidade luminosa sem escal\u00f5es + quantidade el\u00e9ctrica.<\/li>\n<\/ul>","protected":false},"featured_media":759,"comment_status":"closed","ping_status":"closed","template":"","meta":{"_acf_changed":false},"product_brand":[],"product_cat":[23],"product_tag":[],"class_list":{"0":"post-1542","1":"product","2":"type-product","3":"status-publish","4":"has-post-thumbnail","6":"product_cat-wholesale-portable-fans","8":"first","9":"instock","10":"shipping-taxable","11":"product-type-simple"},"acf":[],"_links":{"self":[{"href":"https:\/\/www.gdwanjiada.net\/pt\/wp-json\/wp\/v2\/product\/1542","targetHints":{"allow":["GET"]}}],"collection":[{"href":"https:\/\/www.gdwanjiada.net\/pt\/wp-json\/wp\/v2\/product"}],"about":[{"href":"https:\/\/www.gdwanjiada.net\/pt\/wp-json\/wp\/v2\/types\/product"}],"replies":[{"embeddable":true,"href":"https:\/\/www.gdwanjiada.net\/pt\/wp-json\/wp\/v2\/comments?post=1542"}],"wp:featuredmedia":[{"embeddable":true,"href":"https:\/\/www.gdwanjiada.net\/pt\/wp-json\/wp\/v2\/media\/759"}],"wp:attachment":[{"href":"https:\/\/www.gdwanjiada.net\/pt\/wp-json\/wp\/v2\/media?parent=1542"}],"wp:term":[{"taxonomy":"product_brand","embeddable":true,"href":"https:\/\/www.gdwanjiada.net\/pt\/wp-json\/wp\/v2\/product_brand?post=1542"},{"taxonomy":"product_cat","embeddable":true,"href":"https:\/\/www.gdwanjiada.net\/pt\/wp-json\/wp\/v2\/product_cat?post=1542"},{"taxonomy":"product_tag","embeddable":true,"href":"https:\/\/www.gdwanjiada.net\/pt\/wp-json\/wp\/v2\/product_tag?post=1542"}],"curies":[{"name":"wp","href":"https:\/\/api.w.org\/{rel}","templated":true}]}}