{"id":1541,"date":"2025-01-07T02:04:14","date_gmt":"2025-01-07T02:04:14","guid":{"rendered":"https:\/\/www.gdwanjiada.net\/?post_type=product&#038;p=1541"},"modified":"2025-01-07T02:12:19","modified_gmt":"2025-01-07T02:12:19","slug":"bulk-folding-fans","status":"publish","type":"product","link":"https:\/\/www.gdwanjiada.net\/pt\/produto\/bulk-folding-fans\/","title":{"rendered":"Ventiladores dobr\u00e1veis verdes a granel, Mini ventiladores de mesa por atacado"},"content":{"rendered":"<h3 class=\"wp-block-heading has-text-align-center\">Especifica\u00e7\u00f5es das ventoinhas dobr\u00e1veis a granel<\/h3><figure class=\"wp-block-table\"><table class=\"has-fixed-layout\"><tbody><tr><td rowspan=\"2\">Modelo<\/td><td rowspan=\"2\">Pot\u00eancia\uff08W\uff09<\/td><td rowspan=\"2\">Tens\u00e3o\uff08V\uff09<\/td><td rowspan=\"2\">Velocidade<\/td><td rowspan=\"2\">G.W.\uff08g\uff09<\/td><td rowspan=\"2\">Tamanho do produto\uff08mm\uff09<\/td><td rowspan=\"2\">Tamanho da embalagem\uff08mm\uff09<\/td><td rowspan=\"2\">Tamanho da caixa\uff08mm\uff09<\/td><td rowspan=\"2\">Embalagem Q'ty\uff08pc\uff09<\/td><td rowspan=\"2\">Caixa de cart\u00e3o G.W.\uff08kg\uff09<\/td><td rowspan=\"2\">Alimenta\u00e7\u00e3o el\u00e9ctrica<\/td><td rowspan=\"2\">Capacidade da bateria<\/td><td colspan=\"2\">Q'ty de carregamento<\/td><\/tr><tr><td>20GP<\/td><td>40HQ<\/td><\/tr><tr><td>F03<\/td><td>5<\/td><td>5<\/td><td>5<\/td><td>440<\/td><td>210*220*230<\/td><td>216*58*216<\/td><td>600*447*462<\/td><td>40<\/td><td>19.6<\/td><td>Tipo C\/Bateria<\/td><td>1800mh<\/td><td>9040<\/td><td>21960<\/td><\/tr><\/tbody><\/table><\/figure><div class=\"wp-block-columns is-layout-flex wp-container-core-columns-is-layout-9d6595d7 wp-block-columns-is-layout-flex\"><div class=\"wp-block-column is-layout-flow wp-block-column-is-layout-flow\" style=\"flex-basis:50%\"><h3 class=\"wp-block-heading has-text-align-left\">Vantagens das ventoinhas dobr\u00e1veis a granel<\/h3>\n\n<ul class=\"wp-block-list\"><li><strong>Utiliza\u00e7\u00e3o em v\u00e1rios cen\u00e1rios, flex\u00edvel e c\u00f3moda: <\/strong>As nossas ventoinhas dobr\u00e1veis a granel t\u00eam um design de apar\u00eancia verde fresca, suportam a coloca\u00e7\u00e3o em secret\u00e1ria, montagem na parede e utiliza\u00e7\u00e3o suspensa, adequadas para uma variedade de cen\u00e1rios. Seja em casa, no escrit\u00f3rio ou em actividades ao ar livre, esta ventoinha pode satisfazer as necessidades de arrefecimento e proporcionar uma experi\u00eancia de utiliza\u00e7\u00e3o conveniente.<\/li>\n\n<li><strong>Regula\u00e7\u00e3o da velocidade do vento a 5 velocidades, modo de ilumina\u00e7\u00e3o duplo: <\/strong>As nossas mini ventoinhas por atacado est\u00e3o equipadas com uma fun\u00e7\u00e3o de ajuste da velocidade do vento de 5 velocidades, que pode selecionar livremente a velocidade do vento de acordo com as necessidades ambientais para garantir uma circula\u00e7\u00e3o de ar mais confort\u00e1vel. O ventilador tem um design de ilumina\u00e7\u00e3o dupla de luz branca na frente e luz quente na base, com brilho ajust\u00e1vel, que \u00e9 adequado para a ilumina\u00e7\u00e3o di\u00e1ria.<\/li>\n\n<li><strong>Fun\u00e7\u00e3o de aromaterapia, experi\u00eancias m\u00faltiplas: <\/strong>A parte central destes ventiladores dobr\u00e1veis a granel \u00e9 especialmente concebida para adicionar l\u00edquido de aromaterapia, l\u00edquido repelente de mosquitos ou desinfetante para adicionar uma fragr\u00e2ncia fresca ao ambiente, tendo tamb\u00e9m fun\u00e7\u00f5es de repelente de mosquitos e de esteriliza\u00e7\u00e3o, adequadas a uma variedade de cen\u00e1rios de utiliza\u00e7\u00e3o.<\/li>\n\n<li><strong>Design leve e dobr\u00e1vel, f\u00e1cil de transportar e guardar: <\/strong>Estas mini-ventiladoras por atacado t\u00eam um design compacto e podem ser facilmente dobradas e guardadas, sem ocupar espa\u00e7o extra, f\u00e1ceis de transportar, adequadas para viagens, escrit\u00f3rio e arruma\u00e7\u00e3o em casa.<\/li><\/ul><\/div>\n\n<div class=\"wp-block-column is-layout-flow wp-block-column-is-layout-flow\"><figure class=\"wp-block-image size-full\"><img decoding=\"async\" width=\"800\" height=\"800\" src=\"https:\/\/www.gdwanjiada.net\/wp-content\/uploads\/2024\/09\/Bulk-Portable-Fans-Wholesale-Desk-Fans-With-Dual-Light-7.webp\" alt=\"Ventiladores port\u00e1teis a granel, Ventiladores de mesa com luz dupla, Ventiladores dobr\u00e1veis a granel\" class=\"wp-image-764\" srcset=\"https:\/\/www.gdwanjiada.net\/wp-content\/uploads\/2024\/09\/Bulk-Portable-Fans-Wholesale-Desk-Fans-With-Dual-Light-7.webp 800w, https:\/\/www.gdwanjiada.net\/wp-content\/uploads\/2024\/09\/Bulk-Portable-Fans-Wholesale-Desk-Fans-With-Dual-Light-7-300x300.webp 300w, https:\/\/www.gdwanjiada.net\/wp-content\/uploads\/2024\/09\/Bulk-Portable-Fans-Wholesale-Desk-Fans-With-Dual-Light-7-150x150.webp 150w, https:\/\/www.gdwanjiada.net\/wp-content\/uploads\/2024\/09\/Bulk-Portable-Fans-Wholesale-Desk-Fans-With-Dual-Light-7-768x768.webp 768w, https:\/\/www.gdwanjiada.net\/wp-content\/uploads\/2024\/09\/Bulk-Portable-Fans-Wholesale-Desk-Fans-With-Dual-Light-7-600x600.webp 600w, https:\/\/www.gdwanjiada.net\/wp-content\/uploads\/2024\/09\/Bulk-Portable-Fans-Wholesale-Desk-Fans-With-Dual-Light-7-100x100.webp 100w\" sizes=\"(max-width: 800px) 100vw, 800px\" \/><\/figure><\/div><\/div>","protected":false},"excerpt":{"rendered":"<p>Bem-vindo ao comprar mini ventiladores por atacado. Os nossos mini ventiladores dobr\u00e1veis verdes a granel s\u00e3o adequados para v\u00e1rios cen\u00e1rios e t\u00eam 5 n\u00edveis de ajuste da velocidade do vento, modos de ilumina\u00e7\u00e3o dupla e fun\u00e7\u00f5es de aromaterapia. \u00c9 leve e port\u00e1til e n\u00e3o ocupa espa\u00e7o quando armazenado, tornando-o um companheiro ideal para a vida di\u00e1ria e viagens.<\/p>\n<h2>Carater\u00edsticas do produto\uff1a<\/h2>\n<ul>\n<li>M\u00faltiplos cen\u00e1rios, tais como mesa de trabalho, pendurar na parede, pendurar, etc.<\/li>\n<li>5 velocidades de vento ajust\u00e1veis, duplo ajuste de luz, a frente \u00e9 luz branca e a base \u00e9 luz quente<\/li>\n<li>O centro pode adicionar aromaterapia, l\u00edquido repelente e l\u00edquido desinfetante<\/li>\n<li>Design compacto para uma arruma\u00e7\u00e3o f\u00e1cil de transportar e dobrar sem ocupar espa\u00e7o<\/li>\n<li>Ecr\u00e3 de visualiza\u00e7\u00e3o = regula\u00e7\u00e3o da velocidade do ar + regula\u00e7\u00e3o da intensidade luminosa sem escal\u00f5es + quantidade el\u00e9ctrica.<\/li>\n<\/ul>","protected":false},"featured_media":758,"comment_status":"closed","ping_status":"closed","template":"","meta":{"_acf_changed":false},"product_brand":[],"product_cat":[23],"product_tag":[],"class_list":{"0":"post-1541","1":"product","2":"type-product","3":"status-publish","4":"has-post-thumbnail","6":"product_cat-wholesale-portable-fans","8":"first","9":"instock","10":"shipping-taxable","11":"product-type-simple"},"acf":[],"_links":{"self":[{"href":"https:\/\/www.gdwanjiada.net\/pt\/wp-json\/wp\/v2\/product\/1541","targetHints":{"allow":["GET"]}}],"collection":[{"href":"https:\/\/www.gdwanjiada.net\/pt\/wp-json\/wp\/v2\/product"}],"about":[{"href":"https:\/\/www.gdwanjiada.net\/pt\/wp-json\/wp\/v2\/types\/product"}],"replies":[{"embeddable":true,"href":"https:\/\/www.gdwanjiada.net\/pt\/wp-json\/wp\/v2\/comments?post=1541"}],"wp:featuredmedia":[{"embeddable":true,"href":"https:\/\/www.gdwanjiada.net\/pt\/wp-json\/wp\/v2\/media\/758"}],"wp:attachment":[{"href":"https:\/\/www.gdwanjiada.net\/pt\/wp-json\/wp\/v2\/media?parent=1541"}],"wp:term":[{"taxonomy":"product_brand","embeddable":true,"href":"https:\/\/www.gdwanjiada.net\/pt\/wp-json\/wp\/v2\/product_brand?post=1541"},{"taxonomy":"product_cat","embeddable":true,"href":"https:\/\/www.gdwanjiada.net\/pt\/wp-json\/wp\/v2\/product_cat?post=1541"},{"taxonomy":"product_tag","embeddable":true,"href":"https:\/\/www.gdwanjiada.net\/pt\/wp-json\/wp\/v2\/product_tag?post=1541"}],"curies":[{"name":"wp","href":"https:\/\/api.w.org\/{rel}","templated":true}]}}