{"id":1540,"date":"2025-01-07T01:50:29","date_gmt":"2025-01-07T01:50:29","guid":{"rendered":"https:\/\/www.gdwanjiada.net\/?post_type=product&#038;p=1540"},"modified":"2025-01-16T02:26:47","modified_gmt":"2025-01-16T02:26:47","slug":"bulk-battery-operated-fans","status":"publish","type":"product","link":"https:\/\/www.gdwanjiada.net\/pt\/produto\/bulk-battery-operated-fans\/","title":{"rendered":"Ventiladores a pilhas a granel, ventiladores port\u00e1teis sem p\u00e1s por atacado"},"content":{"rendered":"<h3 class=\"wp-block-heading has-text-align-center\">Especifica\u00e7\u00f5es das ventoinhas a pilhas a granel<\/h3><figure class=\"wp-block-table\"><table class=\"has-fixed-layout\"><tbody><tr><td rowspan=\"2\">Modelo<\/td><td rowspan=\"2\">Pot\u00eancia\uff08W\uff09<\/td><td rowspan=\"2\">Tens\u00e3o\uff08V\uff09<\/td><td rowspan=\"2\">Velocidade<\/td><td rowspan=\"2\">G.W.\uff08g\uff09<\/td><td rowspan=\"2\">Tamanho do produto\uff08mm\uff09<\/td><td rowspan=\"2\">Tamanho da embalagem\uff08mm\uff09<\/td><td rowspan=\"2\">Tamanho da caixa\uff08mm\uff09<\/td><td rowspan=\"2\">Embalagem Q'ty\uff08pc\uff09<\/td><td rowspan=\"2\">Caixa de cart\u00e3o G.W.\uff08kg\uff09<\/td><td rowspan=\"2\">Alimenta\u00e7\u00e3o el\u00e9ctrica<\/td><td rowspan=\"2\">Capacidade da bateria<\/td><td colspan=\"2\">Q'ty de carregamento<\/td><\/tr><tr><td>20GP<\/td><td>40HQ<\/td><\/tr><tr><td>F05<\/td><td>9<\/td><td>5<\/td><td>5<\/td><td>600<\/td><td>160*95*215<\/td><td>165*100*220<\/td><td>620*350*440<\/td><td>18<\/td><td>16.5<\/td><td>Tipo C\/Bateria<\/td><td>1800mh<\/td><td>6720<\/td><td>16320<\/td><\/tr><\/tbody><\/table><\/figure><div class=\"wp-block-columns is-layout-flex wp-container-core-columns-is-layout-9d6595d7 wp-block-columns-is-layout-flex\"><div class=\"wp-block-column is-layout-flow wp-block-column-is-layout-flow\" style=\"flex-basis:50%\"><h3 class=\"wp-block-heading has-text-align-left\">Vantagens das ventoinhas a pilhas a granel<\/h3>\n\n<ul class=\"wp-block-list\"><li><strong>Aplic\u00e1vel em v\u00e1rios cen\u00e1rios:<\/strong> Os nossos ventiladores a pilhas a granel adoptam um design verde simples e fresco, que suporta m\u00faltiplos cen\u00e1rios de utiliza\u00e7\u00e3o, incluindo a coloca\u00e7\u00e3o em secret\u00e1ria, a suspens\u00e3o e o transporte no exterior. A base foi concebida com um gancho oculto para ser facilmente pendurada em qualquer altura.<\/li>\n\n<li><strong>Regula\u00e7\u00e3o de 6 velocidades: <\/strong>Os nossos ventiladores sem p\u00e1s por atacado est\u00e3o equipados com fun\u00e7\u00e3o de ajuste de 6 velocidades. Os utilizadores podem escolher livremente a velocidade do vento de acordo com as suas necessidades. A 6\u00aa velocidade \u00e9 a velocidade do vento de frequ\u00eancia vari\u00e1vel, que simula as mudan\u00e7as suaves do vento natural, proporcionando-lhe uma experi\u00eancia de arrefecimento mais confort\u00e1vel e natural.<\/li>\n\n<li><strong>Ilumina\u00e7\u00e3o multi-modo:<\/strong> A ilumina\u00e7\u00e3o frontal das nossas ventoinhas a pilhas a granel suporta escurecimento cont\u00ednuo, e o brilho pode ser ajustado \u00e0 vontade de acordo com o ambiente. Tamb\u00e9m est\u00e1 equipada com uma variedade de modos de ilumina\u00e7\u00e3o, que \u00e9 adequada para ilumina\u00e7\u00e3o nocturna, companhia de luz suave ou necessidades de atmosfera decorativa.<\/li>\n\n<li><strong>Controlo inteligente: <\/strong>Estas ventoinhas sem p\u00e1s por atacado est\u00e3o equipadas com fun\u00e7\u00e3o de controlo remoto sem fios, permitindo-lhe controlar facilmente as defini\u00e7\u00f5es da ventoinha. O ecr\u00e3 inteligente mostra claramente a velocidade do vento, o modo de escurecimento e o estado de energia, proporcionando maior comodidade de utiliza\u00e7\u00e3o. Al\u00e9m disso, o ventilador foi especialmente concebido para adicionar l\u00edquido de aromaterapia, repelente de mosquitos ou desinfetante.<\/li><\/ul><\/div>\n\n<div class=\"wp-block-column is-layout-flow wp-block-column-is-layout-flow\"><figure class=\"wp-block-image size-full\"><img decoding=\"async\" width=\"800\" height=\"800\" src=\"https:\/\/www.gdwanjiada.net\/wp-content\/uploads\/2024\/10\/Bladeless-Portable-Fans-Wholesale-Bulk-Battery-Operated-Fans-6.webp\" alt=\"Ventiladores port\u00e1teis sem p\u00e1s por atacado, ventiladores a granel operados por bateria-6\" class=\"wp-image-1070\" srcset=\"https:\/\/www.gdwanjiada.net\/wp-content\/uploads\/2024\/10\/Bladeless-Portable-Fans-Wholesale-Bulk-Battery-Operated-Fans-6.webp 800w, https:\/\/www.gdwanjiada.net\/wp-content\/uploads\/2024\/10\/Bladeless-Portable-Fans-Wholesale-Bulk-Battery-Operated-Fans-6-300x300.webp 300w, https:\/\/www.gdwanjiada.net\/wp-content\/uploads\/2024\/10\/Bladeless-Portable-Fans-Wholesale-Bulk-Battery-Operated-Fans-6-150x150.webp 150w, https:\/\/www.gdwanjiada.net\/wp-content\/uploads\/2024\/10\/Bladeless-Portable-Fans-Wholesale-Bulk-Battery-Operated-Fans-6-768x768.webp 768w, https:\/\/www.gdwanjiada.net\/wp-content\/uploads\/2024\/10\/Bladeless-Portable-Fans-Wholesale-Bulk-Battery-Operated-Fans-6-12x12.webp 12w, https:\/\/www.gdwanjiada.net\/wp-content\/uploads\/2024\/10\/Bladeless-Portable-Fans-Wholesale-Bulk-Battery-Operated-Fans-6-600x600.webp 600w, https:\/\/www.gdwanjiada.net\/wp-content\/uploads\/2024\/10\/Bladeless-Portable-Fans-Wholesale-Bulk-Battery-Operated-Fans-6-100x100.webp 100w\" sizes=\"(max-width: 800px) 100vw, 800px\" \/><\/figure><\/div><\/div>","protected":false},"excerpt":{"rendered":"<p>Bem-vindo \u00e0 compra de ventiladores a granel operados por bateria. Os nossos ventiladores verdes sem l\u00e2minas combinam a aplica\u00e7\u00e3o em v\u00e1rios cen\u00e1rios, o ajuste da velocidade do vento em 6 velocidades, a ilumina\u00e7\u00e3o com escurecimento infinito e as fun\u00e7\u00f5es de ecr\u00e3 inteligente, combinando praticidade e design. O gancho da base \u00e9 f\u00e1cil de pendurar, o controlo remoto sem fios e o design de adicionar aromaterapia ou repelente de mosquitos tornam-no mais adequado \u00e0s necessidades da vida moderna.<\/p>\n<h2>Carater\u00edsticas do produto\uff1a<\/h2>\n<ul>\n<li>M\u00faltiplos cen\u00e1rios de utiliza\u00e7\u00e3o, como o ambiente de trabalho, pendurado, ao ar livre, etc.<\/li>\n<li>6 velocidades de vento ajust\u00e1veis e a n.\u00ba 6 \u00e9 a velocidade do vento vari\u00e1vel.<\/li>\n<li>A ilumina\u00e7\u00e3o frontal \u00e9 regul\u00e1vel de forma infinita com v\u00e1rios modos de luz.<\/li>\n<li>Esquerda-direita por oscila\u00e7\u00e3o autom\u00e1tica, Cima-baixo por ajuste do \u00e2ngulo direcional do ventilador.<\/li>\n<li>Base com gancho para pendurar.<\/li>\n<li>Controlo remoto sem fios dispon\u00edvel (op\u00e7\u00e3o).<\/li>\n<li>Ecr\u00e3 de visualiza\u00e7\u00e3o = regula\u00e7\u00e3o da velocidade do ar + regula\u00e7\u00e3o da intensidade da luz sem escal\u00f5es + quantidade de eletricidade.<\/li>\n<li>Pode ser adicionado l\u00edquido de aromaterapia, l\u00edquido repelente de mosquitos e l\u00edquido desinfetante.<\/li>\n<\/ul>","protected":false},"featured_media":1069,"comment_status":"closed","ping_status":"closed","template":"","meta":{"_acf_changed":false},"product_brand":[],"product_cat":[23,24],"product_tag":[38],"class_list":{"0":"post-1540","1":"product","2":"type-product","3":"status-publish","4":"has-post-thumbnail","6":"product_cat-wholesale-portable-fans","7":"product_cat-air-circulation-fan-wholesale","8":"product_tag-wholesale-bladeless-fans","10":"first","11":"instock","12":"shipping-taxable","13":"product-type-simple"},"acf":[],"_links":{"self":[{"href":"https:\/\/www.gdwanjiada.net\/pt\/wp-json\/wp\/v2\/product\/1540","targetHints":{"allow":["GET"]}}],"collection":[{"href":"https:\/\/www.gdwanjiada.net\/pt\/wp-json\/wp\/v2\/product"}],"about":[{"href":"https:\/\/www.gdwanjiada.net\/pt\/wp-json\/wp\/v2\/types\/product"}],"replies":[{"embeddable":true,"href":"https:\/\/www.gdwanjiada.net\/pt\/wp-json\/wp\/v2\/comments?post=1540"}],"wp:featuredmedia":[{"embeddable":true,"href":"https:\/\/www.gdwanjiada.net\/pt\/wp-json\/wp\/v2\/media\/1069"}],"wp:attachment":[{"href":"https:\/\/www.gdwanjiada.net\/pt\/wp-json\/wp\/v2\/media?parent=1540"}],"wp:term":[{"taxonomy":"product_brand","embeddable":true,"href":"https:\/\/www.gdwanjiada.net\/pt\/wp-json\/wp\/v2\/product_brand?post=1540"},{"taxonomy":"product_cat","embeddable":true,"href":"https:\/\/www.gdwanjiada.net\/pt\/wp-json\/wp\/v2\/product_cat?post=1540"},{"taxonomy":"product_tag","embeddable":true,"href":"https:\/\/www.gdwanjiada.net\/pt\/wp-json\/wp\/v2\/product_tag?post=1540"}],"curies":[{"name":"wp","href":"https:\/\/api.w.org\/{rel}","templated":true}]}}