{"id":1432,"date":"2024-12-07T08:10:21","date_gmt":"2024-12-07T08:10:21","guid":{"rendered":"https:\/\/www.gdwanjiada.net\/?post_type=product&#038;p=1432"},"modified":"2024-12-07T08:10:22","modified_gmt":"2024-12-07T08:10:22","slug":"bulk-air-cooler","status":"publish","type":"product","link":"https:\/\/www.gdwanjiada.net\/pt\/produto\/bulk-air-cooler\/","title":{"rendered":"Resfriador de ar a granel port\u00e1til industrial 80L, resfriador de ar evaporativo por atacado"},"content":{"rendered":"<h3 class=\"wp-block-heading has-text-align-center\">Especifica\u00e7\u00f5es do refrigerador de ar a granel<\/h3><figure class=\"wp-block-table\"><table class=\"has-fixed-layout\"><tbody><tr><td rowspan=\"2\">Modelo<\/td><td rowspan=\"2\">Pot\u00eancia (W)&nbsp;<\/td><td colspan=\"3\">Caudal de ar (m\u00b3\/h)<\/td><td rowspan=\"2\">Capacidade do dep\u00f3sito de \u00e1gua (L)<\/td><td colspan=\"3\">Tamanho do produto (mm)&nbsp;<\/td><td rowspan=\"2\">Tamanho da almofada de arrefecimento (mm)<\/td><td rowspan=\"2\">Embalagem<\/td><td rowspan=\"2\">N.W.\/ G.W. (kg)&nbsp;&nbsp;<\/td><td rowspan=\"2\">Tamanho da embalagem (mm)&nbsp;<\/td><td colspan=\"2\">Carregamento Qtd<\/td><\/tr><tr><td>H<\/td><td>M<\/td><td>L<\/td><td>L<\/td><td>W<\/td><td>H<\/td><td>20'GP<\/td><td>40'HQ<\/td><\/tr><tr><td>WJD8000F-2Z<\/td><td>200<\/td><td>8000<\/td><td>6000<\/td><td>3500<\/td><td>80.0<\/td><td>680<\/td><td>410<\/td><td>1250<\/td><td>75*520*690<\/td><td>1 unidade<\/td><td>18\/21<\/td><td>695*460*980<\/td><td>98<\/td><td>230<\/td><\/tr><\/tbody><\/table><\/figure><div class=\"wp-block-columns is-layout-flex wp-container-core-columns-is-layout-9d6595d7 wp-block-columns-is-layout-flex\"><div class=\"wp-block-column is-layout-flow wp-block-column-is-layout-flow\" style=\"flex-basis:50%\"><h3 class=\"wp-block-heading has-text-align-left\">Vantagens do refrigerador de ar a granel<\/h3>\n\n<ul class=\"wp-block-list\"><li><strong>Grande volume de ar e baixo ru\u00eddo: <\/strong>Com o seu impulsor de fluxo axial de grande di\u00e2metro, este refrigerador de ar industrial a granel garante um forte volume de ar e \u00e9 adequado para a cobertura de grandes espa\u00e7os industriais, como armaz\u00e9ns. Al\u00e9m disso, esta m\u00e1quina assegura que os n\u00edveis de ru\u00eddo permanecem baixos durante as opera\u00e7\u00f5es para garantir um arrefecimento eficaz, assegurando simultaneamente o sil\u00eancio no ambiente de trabalho.<\/li>\n\n<li><strong>Funcionamento e manuten\u00e7\u00e3o sem esfor\u00e7o: <\/strong>O nosso refrigerador de ar evaporativo industrial por atacado est\u00e1 equipado com um tanque de \u00e1gua de grande capacidade com um design de embalagem invertido para um transporte econ\u00f3mico e com economia de espa\u00e7o. O design dividido do tanque permite a desmontagem e manuten\u00e7\u00e3o convenientes, prolonga efetivamente o tempo de funcionamento, reduz o problema de adi\u00e7\u00e3o frequente de \u00e1gua e atende \u00e0s demandas de uso em locais industriais por um longo tempo.<\/li>\n\n<li><strong>Design top flip: <\/strong>Este melhor refrigerador de ar a granel por atacado tem um design de flip superior, e os usu\u00e1rios podem facilmente adicionar \u00e1gua, cubos de gelo ou cristais de gelo para aumentar ainda mais o efeito de resfriamento e manter o ambiente industrial quente fresco.<\/li>\n\n<li><strong>Ecr\u00e3 anti-p\u00f3 amov\u00edvel:<\/strong> O nosso refrigerador de ar evaporativo industrial de topo de gama por atacado est\u00e1 equipado com um filtro de p\u00f3 destac\u00e1vel, que permite aos utilizadores limp\u00e1-lo facilmente com regularidade para garantir que o equipamento permanece eficiente durante muito tempo, o ar \u00e9 fresco e \u00e9 mais adequado para utiliza\u00e7\u00e3o em ambientes industriais.<\/li><\/ul><\/div>\n\n<div class=\"wp-block-column is-layout-flow wp-block-column-is-layout-flow\"><figure class=\"wp-block-image size-full\"><img decoding=\"async\" width=\"1126\" height=\"1126\" src=\"https:\/\/www.gdwanjiada.net\/wp-content\/uploads\/2024\/12\/80L-evaporative-outdoor-swamp-coolers-for-patio-wholesale-4.webp\" alt=\"80L Refrigerador de ar port\u00e1til industrial a granel, Refrigerador de ar evaporativo por atacado-5\" class=\"wp-image-1436\" srcset=\"https:\/\/www.gdwanjiada.net\/wp-content\/uploads\/2024\/12\/80L-evaporative-outdoor-swamp-coolers-for-patio-wholesale-4.webp 1126w, https:\/\/www.gdwanjiada.net\/wp-content\/uploads\/2024\/12\/80L-evaporative-outdoor-swamp-coolers-for-patio-wholesale-4-300x300.webp 300w, https:\/\/www.gdwanjiada.net\/wp-content\/uploads\/2024\/12\/80L-evaporative-outdoor-swamp-coolers-for-patio-wholesale-4-150x150.webp 150w, https:\/\/www.gdwanjiada.net\/wp-content\/uploads\/2024\/12\/80L-evaporative-outdoor-swamp-coolers-for-patio-wholesale-4-768x768.webp 768w, https:\/\/www.gdwanjiada.net\/wp-content\/uploads\/2024\/12\/80L-evaporative-outdoor-swamp-coolers-for-patio-wholesale-4-12x12.webp 12w, https:\/\/www.gdwanjiada.net\/wp-content\/uploads\/2024\/12\/80L-evaporative-outdoor-swamp-coolers-for-patio-wholesale-4-600x600.webp 600w, https:\/\/www.gdwanjiada.net\/wp-content\/uploads\/2024\/12\/80L-evaporative-outdoor-swamp-coolers-for-patio-wholesale-4-100x100.webp 100w\" sizes=\"(max-width: 1126px) 100vw, 1126px\" \/><\/figure><\/div><\/div><p><\/p>","protected":false},"excerpt":{"rendered":"<p>Bem-vindo ao comprar refrigeradores de ar evaporativos por atacado. O nosso refrigerador de ar industrial a granel est\u00e1 equipado com um impulsor de fluxo axial de grande di\u00e2metro. Equipado com um tanque de \u00e1gua de 80L, fornecendo suporte de refrigera\u00e7\u00e3o de longo prazo.<\/p>\n<h2>Carater\u00edsticas do produto\uff1a<\/h2>\n<ul>\n<li>Integra fun\u00e7\u00f5es de refrigera\u00e7\u00e3o, humidifica\u00e7\u00e3o e purifica\u00e7\u00e3o, sendo uma m\u00e1quina polivalente.<\/li>\n<li>Utiliza entrada de ar de tr\u00eas lados e cortinas h\u00famidas de arrefecimento evaporativo de alta efici\u00eancia, e o efeito de arrefecimento \u00e9 mais \u00f3bvio.<\/li>\n<li>Fun\u00e7\u00e3o de vento oscilante manual para cima e para baixo, autom\u00e1tica para a esquerda e para a direita, tr\u00eas op\u00e7\u00f5es de velocidade do vento.<\/li>\n<li>Impulsor de fluxo axial de grande di\u00e2metro, grande volume de ar, baixo ru\u00eddo.<\/li>\n<li>Dep\u00f3sito de \u00e1gua dividido de grande capacidade, f\u00e1cil de limpar.<\/li>\n<li>A parte superior da fuselagem pode ser virada para adicionar \u00e1gua, gelo e cristais de gelo para a tornar mais fresca.<\/li>\n<li>Rede anti-p\u00f3 amov\u00edvel para uma limpeza f\u00e1cil.<\/li>\n<li>A roda dianteira tem uma fun\u00e7\u00e3o de bloqueio do trav\u00e3o, o que \u00e9 conveniente para mover e colocar.<\/li>\n<li>A bomba submers\u00edvel tem v\u00e1rias fun\u00e7\u00f5es de prote\u00e7\u00e3o, \u00e1gua suficiente e a seguran\u00e7a \u00e9 garantida.<\/li>\n<li>Motor em cobre puro.<\/li>\n<li>A embalagem invertida do dep\u00f3sito de \u00e1gua poupa espa\u00e7o e custos durante o transporte.<\/li>\n<li>Fun\u00e7\u00e3o de barra de oxig\u00e9nio de i\u00f5es negativos, aumenta o oxig\u00e9nio ativo e purifica o ar.<\/li>\n<li>Fun\u00e7\u00e3o de encerramento autom\u00e1tico temporizado de 1-12 horas.<\/li>\n<li>Tr\u00eas tipos de vento \u00e0 escolha: imita\u00e7\u00e3o de vento natural, vento adormecido e vento normal.<\/li>\n<\/ul>","protected":false},"featured_media":1433,"comment_status":"closed","ping_status":"closed","template":"","meta":{"_acf_changed":false},"product_brand":[],"product_cat":[26],"product_tag":[29],"class_list":{"0":"post-1432","1":"product","2":"type-product","3":"status-publish","4":"has-post-thumbnail","6":"product_cat-wholesale-air-coolers","7":"product_tag-wholesale-industrial-evaporative-air-coolers","9":"first","10":"instock","11":"shipping-taxable","12":"product-type-simple"},"acf":[],"_links":{"self":[{"href":"https:\/\/www.gdwanjiada.net\/pt\/wp-json\/wp\/v2\/product\/1432","targetHints":{"allow":["GET"]}}],"collection":[{"href":"https:\/\/www.gdwanjiada.net\/pt\/wp-json\/wp\/v2\/product"}],"about":[{"href":"https:\/\/www.gdwanjiada.net\/pt\/wp-json\/wp\/v2\/types\/product"}],"replies":[{"embeddable":true,"href":"https:\/\/www.gdwanjiada.net\/pt\/wp-json\/wp\/v2\/comments?post=1432"}],"wp:featuredmedia":[{"embeddable":true,"href":"https:\/\/www.gdwanjiada.net\/pt\/wp-json\/wp\/v2\/media\/1433"}],"wp:attachment":[{"href":"https:\/\/www.gdwanjiada.net\/pt\/wp-json\/wp\/v2\/media?parent=1432"}],"wp:term":[{"taxonomy":"product_brand","embeddable":true,"href":"https:\/\/www.gdwanjiada.net\/pt\/wp-json\/wp\/v2\/product_brand?post=1432"},{"taxonomy":"product_cat","embeddable":true,"href":"https:\/\/www.gdwanjiada.net\/pt\/wp-json\/wp\/v2\/product_cat?post=1432"},{"taxonomy":"product_tag","embeddable":true,"href":"https:\/\/www.gdwanjiada.net\/pt\/wp-json\/wp\/v2\/product_tag?post=1432"}],"curies":[{"name":"wp","href":"https:\/\/api.w.org\/{rel}","templated":true}]}}