{"id":1422,"date":"2024-12-07T08:19:24","date_gmt":"2024-12-07T08:19:24","guid":{"rendered":"https:\/\/www.gdwanjiada.net\/?post_type=product&#038;p=1422"},"modified":"2024-12-07T08:19:26","modified_gmt":"2024-12-07T08:19:26","slug":"air-purifiers-wholesale","status":"publish","type":"product","link":"https:\/\/www.gdwanjiada.net\/pt\/produto\/air-purifiers-wholesale\/","title":{"rendered":"Purificadores de ar por atacado para casa, sala grande, tanque de \u00e1gua de 3,6L"},"content":{"rendered":"<h3 class=\"wp-block-heading has-text-align-center\">Especifica\u00e7\u00f5es de Purificadores de ar por atacado<\/h3><figure class=\"wp-block-table\"><table class=\"has-fixed-layout\"><tbody><tr><td rowspan=\"2\">Modelo<\/td><td rowspan=\"2\">Pot\u00eancia (w)<\/td><td rowspan=\"2\">Volt\/Freq<\/td><td rowspan=\"2\">\u00c1rea aplic\u00e1vel (\u33a1)<\/td><td rowspan=\"2\">Dep\u00f3sito de \u00e1gua (L)<\/td><td rowspan=\"2\">Capacidade de evapora\u00e7\u00e3o (ml\/h)<\/td><td rowspan=\"2\">Tamanho do produto<br>(mm)<\/td><td rowspan=\"2\">Tamanho da embalagem<br>(mm)<\/td><td rowspan=\"2\">N.W. (kg)<\/td><td rowspan=\"2\">Peso bruto (kg)<\/td><td colspan=\"2\">Carregamento Qtd (pcs)<\/td><\/tr><tr><td>20'GP<\/td><td>40'HQ<\/td><\/tr><tr><td>WJD8050A<\/td><td>55<\/td><td>220V\/50Hz<\/td><td>30<\/td><td>3.6<\/td><td>300<\/td><td>250*250*460<\/td><td>295*295*520<\/td><td>3.8<\/td><td>4.8<\/td><td>680<\/td><td>1600<\/td><\/tr><\/tbody><\/table><\/figure><div class=\"wp-block-columns is-layout-flex wp-container-core-columns-is-layout-9d6595d7 wp-block-columns-is-layout-flex\"><div class=\"wp-block-column is-layout-flow wp-block-column-is-layout-flow\" style=\"flex-basis:50%\"><h3 class=\"wp-block-heading has-text-align-left\">Vantagens dos purificadores de ar por atacado<\/h3>\n\n<ul class=\"wp-block-list\"><li><strong>Controlo remoto: <\/strong>Os nossos purificadores de ar por atacado para casa est\u00e3o equipados com um controlo remoto, tornando mais f\u00e1cil para os utilizadores operarem remotamente, ajustarem diferentes fun\u00e7\u00f5es e defini\u00e7\u00f5es de velocidade do vento. A opera\u00e7\u00e3o torna-se mais conveniente e inteligente para uma melhor experi\u00eancia do utilizador.<\/li>\n\n<li><strong>Fun\u00e7\u00e3o de barra de oxig\u00e9nio de i\u00f5es negativos:<\/strong> Os nossos purificadores de ar por atacado t\u00eam geradores de i\u00f5es negativos incorporados, que purificam o ar de forma eficaz, eliminam subst\u00e2ncias nocivas e odores no ar, ajudam a remover formalde\u00eddo, fumo e outros poluentes, melhoram a qualidade do ar interior e tornam o ambiente de vida mais saud\u00e1vel.<\/li>\n\n<li><strong>Design port\u00e1til, f\u00e1cil de deslocar: <\/strong>Este purificador de ar inteligente por atacado e combina\u00e7\u00e3o de umidificador com ventilador oscilante usa um design de al\u00e7a de sulco oculto. Os usu\u00e1rios podem facilmente mover o equipamento a qualquer momento, adequado para diferentes salas em casa ou no escrit\u00f3rio, e melhorar a praticidade e flexibilidade.<\/li>\n\n<li><strong>Humidifica\u00e7\u00e3o sem nevoeiro, sem ch\u00e3o molhado: <\/strong>Nosso purificador de ar inteligente por atacado tem um tanque de \u00e1gua de grande capacidade de 3,6L e suporta tecnologia de umidifica\u00e7\u00e3o sem neblina. No processo de umidifica\u00e7\u00e3o efetiva do ar, ele n\u00e3o molhar\u00e1 o ch\u00e3o e manter\u00e1 o ambiente interno limpo e arrumado, adequado para espa\u00e7os que precisam ser mantidos limpos.<\/li><\/ul><\/div>\n\n<div class=\"wp-block-column is-layout-flow wp-block-column-is-layout-flow\"><figure class=\"wp-block-image size-full\"><img decoding=\"async\" width=\"1126\" height=\"1126\" src=\"https:\/\/www.gdwanjiada.net\/wp-content\/uploads\/2024\/12\/wholesale-best-air-purifier-for-large-home-7.webp\" alt=\"Purificadores de ar por atacado para casa, sala grande, tanque de \u00e1gua 3.6L-1\" class=\"wp-image-1429\" srcset=\"https:\/\/www.gdwanjiada.net\/wp-content\/uploads\/2024\/12\/wholesale-best-air-purifier-for-large-home-7.webp 1126w, https:\/\/www.gdwanjiada.net\/wp-content\/uploads\/2024\/12\/wholesale-best-air-purifier-for-large-home-7-300x300.webp 300w, https:\/\/www.gdwanjiada.net\/wp-content\/uploads\/2024\/12\/wholesale-best-air-purifier-for-large-home-7-150x150.webp 150w, https:\/\/www.gdwanjiada.net\/wp-content\/uploads\/2024\/12\/wholesale-best-air-purifier-for-large-home-7-768x768.webp 768w, https:\/\/www.gdwanjiada.net\/wp-content\/uploads\/2024\/12\/wholesale-best-air-purifier-for-large-home-7-12x12.webp 12w, https:\/\/www.gdwanjiada.net\/wp-content\/uploads\/2024\/12\/wholesale-best-air-purifier-for-large-home-7-600x600.webp 600w, https:\/\/www.gdwanjiada.net\/wp-content\/uploads\/2024\/12\/wholesale-best-air-purifier-for-large-home-7-100x100.webp 100w\" sizes=\"(max-width: 1126px) 100vw, 1126px\" \/><\/figure><\/div><\/div><p><\/p>","protected":false},"excerpt":{"rendered":"<p>Bem-vindo ao comprar o purificador de ar inteligente por atacado. Os nossos purificadores de ar por atacado com controlo remoto combinam purifica\u00e7\u00e3o de i\u00f5es negativos, design port\u00e1til e humidifica\u00e7\u00e3o sem nevoeiro. Tem um tanque de \u00e1gua de grande capacidade de 3,6L para at\u00e9 12 horas de humidifica\u00e7\u00e3o cont\u00ednua. Purifica o ar, removendo eficazmente elementos nocivos como o formalde\u00eddo, por isso \u00e9 adequado para uso em casa e no escrit\u00f3rio.<\/p>\n<h2>Carater\u00edsticas do produto\uff1a<\/h2>\n<ul>\n<li>Controlo por painel t\u00e1til, controlo remoto por infravermelhos.<\/li>\n<li>Dete\u00e7\u00e3o inteligente da qualidade do ar, indica\u00e7\u00e3o da temperatura e da humidade.<\/li>\n<li>Fun\u00e7\u00e3o ani\u00f3nica, purifica o ar.<\/li>\n<li>Pega oculta, f\u00e1cil de transportar.<\/li>\n<li>Painel traseiro amov\u00edvel, para facilitar a limpeza do elemento filtrante.<\/li>\n<li>Purifica\u00e7\u00e3o\/remo\u00e7\u00e3o de formalde\u00eddo + humidifica\u00e7\u00e3o.<\/li>\n<li>Humidifica\u00e7\u00e3o sem n\u00e9voa, grande capacidade de humidifica\u00e7\u00e3o, n\u00e3o molha o ch\u00e3o.<\/li>\n<li>Grande dep\u00f3sito de \u00e1gua, dispon\u00edvel durante 12 horas com \u00e1gua cheia.<\/li>\n<\/ul>","protected":false},"featured_media":1423,"comment_status":"closed","ping_status":"closed","template":"","meta":{"_acf_changed":false},"product_brand":[],"product_cat":[25],"product_tag":[],"class_list":{"0":"post-1422","1":"product","2":"type-product","3":"status-publish","4":"has-post-thumbnail","6":"product_cat-wholesale-air-purifiers","8":"first","9":"instock","10":"shipping-taxable","11":"product-type-simple"},"acf":[],"_links":{"self":[{"href":"https:\/\/www.gdwanjiada.net\/pt\/wp-json\/wp\/v2\/product\/1422","targetHints":{"allow":["GET"]}}],"collection":[{"href":"https:\/\/www.gdwanjiada.net\/pt\/wp-json\/wp\/v2\/product"}],"about":[{"href":"https:\/\/www.gdwanjiada.net\/pt\/wp-json\/wp\/v2\/types\/product"}],"replies":[{"embeddable":true,"href":"https:\/\/www.gdwanjiada.net\/pt\/wp-json\/wp\/v2\/comments?post=1422"}],"wp:featuredmedia":[{"embeddable":true,"href":"https:\/\/www.gdwanjiada.net\/pt\/wp-json\/wp\/v2\/media\/1423"}],"wp:attachment":[{"href":"https:\/\/www.gdwanjiada.net\/pt\/wp-json\/wp\/v2\/media?parent=1422"}],"wp:term":[{"taxonomy":"product_brand","embeddable":true,"href":"https:\/\/www.gdwanjiada.net\/pt\/wp-json\/wp\/v2\/product_brand?post=1422"},{"taxonomy":"product_cat","embeddable":true,"href":"https:\/\/www.gdwanjiada.net\/pt\/wp-json\/wp\/v2\/product_cat?post=1422"},{"taxonomy":"product_tag","embeddable":true,"href":"https:\/\/www.gdwanjiada.net\/pt\/wp-json\/wp\/v2\/product_tag?post=1422"}],"curies":[{"name":"wp","href":"https:\/\/api.w.org\/{rel}","templated":true}]}}