{"id":1388,"date":"2024-12-03T06:41:36","date_gmt":"2024-12-03T06:41:36","guid":{"rendered":"https:\/\/www.gdwanjiada.net\/?post_type=product&#038;p=1388"},"modified":"2025-01-16T02:25:50","modified_gmt":"2025-01-16T02:25:50","slug":"tower-fan-wholesale","status":"publish","type":"product","link":"https:\/\/www.gdwanjiada.net\/pt\/produto\/tower-fan-wholesale\/","title":{"rendered":"Ventilador de torre sem p\u00e1s por atacado, ventiladores port\u00e1teis comerciais a granel"},"content":{"rendered":"<h3 class=\"wp-block-heading has-text-align-center\">Especifica\u00e7\u00f5es do Ventilador de torre por atacado<\/h3><figure class=\"wp-block-table\"><table class=\"has-fixed-layout\"><tbody><tr><td rowspan=\"2\">Modelo<\/td><td rowspan=\"2\">Pot\u00eancia\uff08W\uff09<\/td><td rowspan=\"2\">Tens\u00e3o\uff08V\uff09<\/td><td rowspan=\"2\">Modo de velocidade<\/td><td rowspan=\"2\">G.W.\uff08g\uff09<\/td><td rowspan=\"2\">Tamanho do produto\uff08mm\uff09<\/td><td rowspan=\"2\">Tamanho da embalagem\uff08mm\uff09<\/td><td rowspan=\"2\">Tamanho da caixa\uff08mm\uff09<\/td><td rowspan=\"2\">Embalagem Q'ty\uff08pc\uff09<\/td><td rowspan=\"2\">Caixa de cart\u00e3o G.W.\uff08kg\uff09<\/td><td rowspan=\"2\">Alimenta\u00e7\u00e3o el\u00e9ctrica<\/td><td rowspan=\"2\">Capacidade da bateria<\/td><td colspan=\"2\">Q'ty de carregamento<\/td><\/tr><tr><td>20GP<\/td><td>40HQ<\/td><\/tr><tr><td>X28<\/td><td>5<\/td><td>5<\/td><td>6<\/td><td>882<\/td><td>138*138*370<\/td><td>168*168*363<\/td><td>530*530*745<\/td><td>18<\/td><td>18<\/td><td>Tipo C\/Bateria<\/td><td>1800mh<\/td><td>2960<\/td><td>6860<\/td><\/tr><\/tbody><\/table><\/figure><div class=\"wp-block-columns is-layout-flex wp-container-core-columns-is-layout-9d6595d7 wp-block-columns-is-layout-flex\"><div class=\"wp-block-column is-layout-flow wp-block-column-is-layout-flow\" style=\"flex-basis:50%\"><h3 class=\"wp-block-heading has-text-align-left\">Vantagens do ventilador de torre por atacado<\/h3>\n\n<ul class=\"wp-block-list\"><li><strong>Design sem l\u00e2minas, seguro e eficiente:<\/strong> O nosso ventilador de torre sem p\u00e1s por atacado utiliza um design sem p\u00e1s altamente avan\u00e7ado que elimina as p\u00e1s rotativas dos ventiladores tradicionais por raz\u00f5es de seguran\u00e7a. Tamb\u00e9m \u00e9 particularmente adequado num ambiente onde crian\u00e7as ou animais de estima\u00e7\u00e3o est\u00e3o presentes em casa. Tamb\u00e9m diminui a acumula\u00e7\u00e3o de p\u00f3 e o ru\u00eddo, proporcionando uma experi\u00eancia de circula\u00e7\u00e3o de ar mais fresca e confort\u00e1vel.<\/li>\n\n<li><strong>Vento forte, arrefecimento r\u00e1pido:<\/strong> Embora o ventilador n\u00e3o tenha p\u00e1s, estes ventiladores port\u00e1teis comerciais por atacado podem ainda fornecer vento forte para reduzir r\u00e1pida e eficazmente a temperatura do ambiente circundante. Quer seja no ver\u00e3o quente ou num espa\u00e7o de trabalho que necessite de ar corrente, pode proporcionar-lhe frescura e conforto, tornando o seu ambiente de trabalho e de lazer mais agrad\u00e1vel.<\/li>\n\n<li><strong>Design est\u00e9tico moderno, economia de espa\u00e7o: <\/strong>Esta ventoinha de torre sem p\u00e1s por atacado tem um aspeto simples e moderno, com um design elegante sem ocupar espa\u00e7o, adequado para uma variedade de ambientes dom\u00e9sticos e de escrit\u00f3rio. O seu design de torre fina pode ser facilmente integrado em diferentes estilos de decora\u00e7\u00e3o de interiores, ao mesmo tempo que economiza espa\u00e7o no ch\u00e3o, tornando-o uma escolha ideal para pequenos escrit\u00f3rios e uso dom\u00e9stico.<\/li>\n\n<li><strong>Alta efici\u00eancia e modo de poupan\u00e7a de energia, reduzindo o consumo de energia: <\/strong>Os nossos ventiladores port\u00e1teis comerciais por atacado t\u00eam um modo de poupan\u00e7a de energia, que minimiza o consumo de energia enquanto fornece vento forte, poupando-lhe contas de eletricidade. A combina\u00e7\u00e3o de um motor eficiente e um sistema de controlo inteligente faz com que este ventilador de torre n\u00e3o s\u00f3 tenha um desempenho excecional, mas tamb\u00e9m preste aten\u00e7\u00e3o \u00e0 utiliza\u00e7\u00e3o racional da energia, em conformidade com os conceitos modernos de prote\u00e7\u00e3o ambiental.<\/li><\/ul><\/div>\n\n<div class=\"wp-block-column is-layout-flow wp-block-column-is-layout-flow\"><figure class=\"wp-block-image size-full\"><img decoding=\"async\" width=\"800\" height=\"800\" src=\"https:\/\/www.gdwanjiada.net\/wp-content\/uploads\/2024\/12\/Bladeless-Tower-Fan-Wholesale-Commercial-Portable-Fans-Bulk-1.webp\" alt=\"Ventilador de torre sem p\u00e1s por atacado, ventiladores port\u00e1teis comerciais Bulk-1\" class=\"wp-image-1389\" srcset=\"https:\/\/www.gdwanjiada.net\/wp-content\/uploads\/2024\/12\/Bladeless-Tower-Fan-Wholesale-Commercial-Portable-Fans-Bulk-1.webp 800w, https:\/\/www.gdwanjiada.net\/wp-content\/uploads\/2024\/12\/Bladeless-Tower-Fan-Wholesale-Commercial-Portable-Fans-Bulk-1-300x300.webp 300w, https:\/\/www.gdwanjiada.net\/wp-content\/uploads\/2024\/12\/Bladeless-Tower-Fan-Wholesale-Commercial-Portable-Fans-Bulk-1-150x150.webp 150w, https:\/\/www.gdwanjiada.net\/wp-content\/uploads\/2024\/12\/Bladeless-Tower-Fan-Wholesale-Commercial-Portable-Fans-Bulk-1-768x768.webp 768w, https:\/\/www.gdwanjiada.net\/wp-content\/uploads\/2024\/12\/Bladeless-Tower-Fan-Wholesale-Commercial-Portable-Fans-Bulk-1-12x12.webp 12w, https:\/\/www.gdwanjiada.net\/wp-content\/uploads\/2024\/12\/Bladeless-Tower-Fan-Wholesale-Commercial-Portable-Fans-Bulk-1-600x600.webp 600w, https:\/\/www.gdwanjiada.net\/wp-content\/uploads\/2024\/12\/Bladeless-Tower-Fan-Wholesale-Commercial-Portable-Fans-Bulk-1-100x100.webp 100w\" sizes=\"(max-width: 800px) 100vw, 800px\" \/><\/figure><\/div><\/div>","protected":false},"excerpt":{"rendered":"<p>Bem-vindo ao comprar ventiladores port\u00e1teis comerciais por atacado. O nosso ventilador de torre sem l\u00e2minas por atacado tem forte poder de vento, fornece refrigera\u00e7\u00e3o eficiente e circula\u00e7\u00e3o de ar fresco, adequado para uso em casa e no escrit\u00f3rio. O seu design est\u00e9tico moderno poupa espa\u00e7o, e o modo de poupan\u00e7a de energia pode efetivamente reduzir o consumo de energia. Os ventiladores de torre sem p\u00e1s n\u00e3o s\u00e3o apenas seguros, mas tamb\u00e9m t\u00eam uma alta rela\u00e7\u00e3o custo-benef\u00edcio em compras comerciais por atacado, adequadas para compras a granel.<\/p>\n<h2>Carater\u00edsticas do produto\uff1a<\/h2>\n<ul>\n<li>Opera\u00e7\u00e3o de ligar\/desligar com um toque.<\/li>\n<li>Sem folhas para fornecer vento.<\/li>\n<li>Velocidade do vento regul\u00e1vel 5+1.<\/li>\n<li>Ecr\u00e3 de visualiza\u00e7\u00e3o de energia LED.<\/li>\n<li>Alimenta\u00e7\u00e3o de ar de 2,5 m, ar circulante.<\/li>\n<li>Material ABS.<\/li>\n<li>Grande capacidade da bateria de l\u00edtio.<\/li>\n<\/ul>","protected":false},"featured_media":1390,"comment_status":"closed","ping_status":"closed","template":"","meta":{"_acf_changed":false},"product_brand":[],"product_cat":[23,24],"product_tag":[38],"class_list":{"0":"post-1388","1":"product","2":"type-product","3":"status-publish","4":"has-post-thumbnail","6":"product_cat-wholesale-portable-fans","7":"product_cat-air-circulation-fan-wholesale","8":"product_tag-wholesale-bladeless-fans","10":"first","11":"instock","12":"shipping-taxable","13":"product-type-simple"},"acf":[],"_links":{"self":[{"href":"https:\/\/www.gdwanjiada.net\/pt\/wp-json\/wp\/v2\/product\/1388","targetHints":{"allow":["GET"]}}],"collection":[{"href":"https:\/\/www.gdwanjiada.net\/pt\/wp-json\/wp\/v2\/product"}],"about":[{"href":"https:\/\/www.gdwanjiada.net\/pt\/wp-json\/wp\/v2\/types\/product"}],"replies":[{"embeddable":true,"href":"https:\/\/www.gdwanjiada.net\/pt\/wp-json\/wp\/v2\/comments?post=1388"}],"wp:featuredmedia":[{"embeddable":true,"href":"https:\/\/www.gdwanjiada.net\/pt\/wp-json\/wp\/v2\/media\/1390"}],"wp:attachment":[{"href":"https:\/\/www.gdwanjiada.net\/pt\/wp-json\/wp\/v2\/media?parent=1388"}],"wp:term":[{"taxonomy":"product_brand","embeddable":true,"href":"https:\/\/www.gdwanjiada.net\/pt\/wp-json\/wp\/v2\/product_brand?post=1388"},{"taxonomy":"product_cat","embeddable":true,"href":"https:\/\/www.gdwanjiada.net\/pt\/wp-json\/wp\/v2\/product_cat?post=1388"},{"taxonomy":"product_tag","embeddable":true,"href":"https:\/\/www.gdwanjiada.net\/pt\/wp-json\/wp\/v2\/product_tag?post=1388"}],"curies":[{"name":"wp","href":"https:\/\/api.w.org\/{rel}","templated":true}]}}