{"id":1380,"date":"2024-12-03T06:29:50","date_gmt":"2024-12-03T06:29:50","guid":{"rendered":"https:\/\/www.gdwanjiada.net\/?post_type=product&#038;p=1380"},"modified":"2024-12-03T06:40:24","modified_gmt":"2024-12-03T06:40:24","slug":"handheld-mini-fans-bulk","status":"publish","type":"product","link":"https:\/\/www.gdwanjiada.net\/pt\/produto\/handheld-mini-fans-bulk\/","title":{"rendered":"Mini ventiladores port\u00e1teis de fantasia a granel, ventilador port\u00e1til preto por atacado"},"content":{"rendered":"<h3 class=\"wp-block-heading has-text-align-center\">Especifica\u00e7\u00f5es da Mini ventoinha de m\u00e3o a granel<\/h3><figure class=\"wp-block-table\"><table class=\"has-fixed-layout\"><tbody><tr><td rowspan=\"2\">Modelo<\/td><td rowspan=\"2\">Pot\u00eancia\uff08W\uff09<\/td><td rowspan=\"2\">Tens\u00e3o\uff08V\uff09<\/td><td rowspan=\"2\">Modo de velocidade<\/td><td rowspan=\"2\">G.W.\uff08g\uff09<\/td><td rowspan=\"2\">Tamanho do produto\uff08mm\uff09<\/td><td rowspan=\"2\">Tamanho da embalagem\uff08mm\uff09<\/td><td rowspan=\"2\">Tamanho da caixa\uff08mm\uff09<\/td><td rowspan=\"2\">Embalagem Q'ty\uff08pc\uff09<\/td><td rowspan=\"2\">Caixa de cart\u00e3o G.W.\uff08kg\uff09<\/td><td rowspan=\"2\">Alimenta\u00e7\u00e3o el\u00e9ctrica<\/td><td rowspan=\"2\">Capacidade da bateria<\/td><td colspan=\"2\">Q'ty de carregamento<\/td><\/tr><tr><td>20GP<\/td><td>40HQ<\/td><\/tr><tr><td>F02<\/td><td>9<\/td><td>5<\/td><td>5<\/td><td>268<\/td><td>114*56*45<\/td><td>107*52*152<\/td><td>445*340*335<\/td><td>45<\/td><td>14.4<\/td><td>Tipo C\/Bateria<\/td><td>2400mh<\/td><td>26880<\/td><td>65280<\/td><\/tr><\/tbody><\/table><\/figure><div class=\"wp-block-columns is-layout-flex wp-container-core-columns-is-layout-9d6595d7 wp-block-columns-is-layout-flex\"><div class=\"wp-block-column is-layout-flow wp-block-column-is-layout-flow\" style=\"flex-basis:50%\"><h3 class=\"wp-block-heading has-text-align-left\">Vantagens das mini ventoinhas port\u00e1teis a granel<\/h3>\n\n<ul class=\"wp-block-list\"><li><strong>Design elegante em preto: <\/strong>Os nossos mini ventiladores port\u00e1teis a granel adoptam um design preto cl\u00e1ssico, simples e elegante, que pode n\u00e3o s\u00f3 contribuir para o sentido de moda do utilizador, mas tamb\u00e9m adaptar-se a v\u00e1rias ocasi\u00f5es e vestu\u00e1rio. Quer seja no escrit\u00f3rio, em viagem ou para uso di\u00e1rio, pode proporcionar-lhe uma experi\u00eancia elegante e fresca e tornar-se um s\u00edmbolo do seu gosto.<\/li>\n\n<li><strong>Energia e\u00f3lica forte: <\/strong>Apesar do seu tamanho compacto, esta ventoinha port\u00e1til tem uma forte pot\u00eancia e\u00f3lica, que pode arrefecer r\u00e1pida e eficazmente e proporcionar-lhe uma sensa\u00e7\u00e3o refrescante imediata. Quer se trate de um ver\u00e3o quente ou de um ambiente interior abafado, pode proporcionar uma brisa fresca e confort\u00e1vel para o manter refrescado e confort\u00e1vel.<\/li>\n\n<li><strong>Regula\u00e7\u00e3o multi-velocidade: <\/strong>Estas mini-ventiladoras de m\u00e3o est\u00e3o equipadas com v\u00e1rias velocidades do vento e os utilizadores podem ajustar a velocidade do vento mais adequada de acordo com as altera\u00e7\u00f5es ambientais. Quer seja suave ou forte, pode ser ajustada livremente para satisfazer as necessidades pessoais e desfrutar da sensa\u00e7\u00e3o mais confort\u00e1vel do vento.<\/li>\n\n<li><strong>F\u00e1cil de transportar: <\/strong>Esta ventoinha port\u00e1til por atacado \u00e9 leve e compacta, f\u00e1cil de segurar ou colocar num saco e utiliz\u00e1-la em qualquer lugar. A sua portabilidade torna-o um companheiro perfeito para viagens, actividades ao ar livre, desloca\u00e7\u00f5es di\u00e1rias e outros cen\u00e1rios, permitindo-lhe desfrutar facilmente da frescura em qualquer lugar.<\/li><\/ul><\/div>\n\n<div class=\"wp-block-column is-layout-flow wp-block-column-is-layout-flow\"><figure class=\"wp-block-image size-full\"><img decoding=\"async\" width=\"800\" height=\"800\" src=\"https:\/\/www.gdwanjiada.net\/wp-content\/uploads\/2024\/12\/Fancy-Handheld-Mini-Fans-Bulk-Black-Portable-Fan-Wholesale-2.webp\" alt=\"Mini ventiladores de m\u00e3o a granel, ventilador port\u00e1til preto por atacado-2\" class=\"wp-image-1382\" srcset=\"https:\/\/www.gdwanjiada.net\/wp-content\/uploads\/2024\/12\/Fancy-Handheld-Mini-Fans-Bulk-Black-Portable-Fan-Wholesale-2.webp 800w, https:\/\/www.gdwanjiada.net\/wp-content\/uploads\/2024\/12\/Fancy-Handheld-Mini-Fans-Bulk-Black-Portable-Fan-Wholesale-2-300x300.webp 300w, https:\/\/www.gdwanjiada.net\/wp-content\/uploads\/2024\/12\/Fancy-Handheld-Mini-Fans-Bulk-Black-Portable-Fan-Wholesale-2-150x150.webp 150w, https:\/\/www.gdwanjiada.net\/wp-content\/uploads\/2024\/12\/Fancy-Handheld-Mini-Fans-Bulk-Black-Portable-Fan-Wholesale-2-768x768.webp 768w, https:\/\/www.gdwanjiada.net\/wp-content\/uploads\/2024\/12\/Fancy-Handheld-Mini-Fans-Bulk-Black-Portable-Fan-Wholesale-2-12x12.webp 12w, https:\/\/www.gdwanjiada.net\/wp-content\/uploads\/2024\/12\/Fancy-Handheld-Mini-Fans-Bulk-Black-Portable-Fan-Wholesale-2-600x600.webp 600w, https:\/\/www.gdwanjiada.net\/wp-content\/uploads\/2024\/12\/Fancy-Handheld-Mini-Fans-Bulk-Black-Portable-Fan-Wholesale-2-100x100.webp 100w\" sizes=\"(max-width: 800px) 100vw, 800px\" \/><\/figure><\/div><\/div>","protected":false},"excerpt":{"rendered":"<p>Bem-vindo ao comprar ventoinhas de m\u00e3o a granel. Os nossos mini-ventiladores de m\u00e3o a granel combinam um aspeto elegante e uma forte for\u00e7a do vento para proporcionar um efeito de arrefecimento r\u00e1pido. Ajuste de v\u00e1rias velocidades para atender a diferentes necessidades, design leve para f\u00e1cil transporte, voc\u00ea pode desfrutar de frescor e conforto a qualquer hora e em qualquer lugar. Quer seja no trabalho, em viagens ou em actividades ao ar livre, \u00e9 o seu companheiro de refrigera\u00e7\u00e3o ideal. Adequado para compras a granel, muito econ\u00f3mico.<\/p>\n<h2>Carater\u00edsticas do produto\uff1a<\/h2>\n<ul>\n<li>Design cl\u00e1ssico em preto, elegante e simples.<\/li>\n<li>M\u00faltiplos m\u00e9todos de utiliza\u00e7\u00e3o, adaptados a v\u00e1rios cen\u00e1rios, adequados para utiliza\u00e7\u00e3o numa variedade de ocasi\u00f5es.<\/li>\n<li>Compacto e port\u00e1til, pequeno e leve, f\u00e1cil de transportar, desfruta de frescura em qualquer altura.<\/li>\n<li>Vento forte, arrefecimento eficaz, proporciona rapidamente uma sensa\u00e7\u00e3o de vento confort\u00e1vel.<\/li>\n<li>Cinco velocidades de vento e duas velocidades de regula\u00e7\u00e3o da luz, flex\u00edveis para se adaptarem a diferentes ambientes de utiliza\u00e7\u00e3o.<\/li>\n<li>Ecr\u00e3 inteligente, monitoriza\u00e7\u00e3o em tempo real da velocidade e da pot\u00eancia do vento.<\/li>\n<\/ul>","protected":false},"featured_media":1381,"comment_status":"closed","ping_status":"closed","template":"","meta":{"_acf_changed":false},"product_brand":[],"product_cat":[23],"product_tag":[],"class_list":{"0":"post-1380","1":"product","2":"type-product","3":"status-publish","4":"has-post-thumbnail","6":"product_cat-wholesale-portable-fans","8":"first","9":"instock","10":"shipping-taxable","11":"product-type-simple"},"acf":[],"_links":{"self":[{"href":"https:\/\/www.gdwanjiada.net\/pt\/wp-json\/wp\/v2\/product\/1380","targetHints":{"allow":["GET"]}}],"collection":[{"href":"https:\/\/www.gdwanjiada.net\/pt\/wp-json\/wp\/v2\/product"}],"about":[{"href":"https:\/\/www.gdwanjiada.net\/pt\/wp-json\/wp\/v2\/types\/product"}],"replies":[{"embeddable":true,"href":"https:\/\/www.gdwanjiada.net\/pt\/wp-json\/wp\/v2\/comments?post=1380"}],"wp:featuredmedia":[{"embeddable":true,"href":"https:\/\/www.gdwanjiada.net\/pt\/wp-json\/wp\/v2\/media\/1381"}],"wp:attachment":[{"href":"https:\/\/www.gdwanjiada.net\/pt\/wp-json\/wp\/v2\/media?parent=1380"}],"wp:term":[{"taxonomy":"product_brand","embeddable":true,"href":"https:\/\/www.gdwanjiada.net\/pt\/wp-json\/wp\/v2\/product_brand?post=1380"},{"taxonomy":"product_cat","embeddable":true,"href":"https:\/\/www.gdwanjiada.net\/pt\/wp-json\/wp\/v2\/product_cat?post=1380"},{"taxonomy":"product_tag","embeddable":true,"href":"https:\/\/www.gdwanjiada.net\/pt\/wp-json\/wp\/v2\/product_tag?post=1380"}],"curies":[{"name":"wp","href":"https:\/\/api.w.org\/{rel}","templated":true}]}}