{"id":1360,"date":"2024-12-03T03:50:25","date_gmt":"2024-12-03T03:50:25","guid":{"rendered":"https:\/\/www.gdwanjiada.net\/?post_type=product&#038;p=1360"},"modified":"2024-12-03T04:02:18","modified_gmt":"2024-12-03T04:02:18","slug":"wholesale-desk-fans","status":"publish","type":"product","link":"https:\/\/www.gdwanjiada.net\/pt\/produto\/wholesale-desk-fans\/","title":{"rendered":"Venda por grosso de ventoinhas de secret\u00e1ria, mini ventoinhas pessoais port\u00e1teis verdes a granel"},"content":{"rendered":"<h3 class=\"wp-block-heading has-text-align-center\">Especifica\u00e7\u00f5es das ventoinhas de secret\u00e1ria por grosso<\/h3><figure class=\"wp-block-table\"><table class=\"has-fixed-layout\"><tbody><tr><td rowspan=\"2\">Modelo<\/td><td rowspan=\"2\">Pot\u00eancia\uff08W\uff09<\/td><td rowspan=\"2\">Tens\u00e3o\uff08V\uff09<\/td><td rowspan=\"2\">Modo de velocidade<\/td><td rowspan=\"2\">G.W.\uff08g\uff09<\/td><td rowspan=\"2\">Tamanho do produto\uff08mm\uff09<\/td><td rowspan=\"2\">Tamanho da embalagem\uff08mm\uff09<\/td><td rowspan=\"2\">Tamanho da caixa\uff08mm\uff09<\/td><td rowspan=\"2\">Embalagem Q'ty\uff08pc\uff09<\/td><td rowspan=\"2\">Caixa de cart\u00e3o G.W.\uff08kg\uff09<\/td><td rowspan=\"2\">Alimenta\u00e7\u00e3o el\u00e9ctrica<\/td><td rowspan=\"2\">Capacidade da bateria<\/td><td colspan=\"2\">Q'ty de carregamento<\/td><\/tr><tr><td>20GP<\/td><td>40HQ<\/td><\/tr><tr><td>F02<\/td><td>9<\/td><td>5<\/td><td>5<\/td><td>268<\/td><td>114*56*45<\/td><td>107*52*152<\/td><td>445*340*335<\/td><td>45<\/td><td>14.4<\/td><td>Tipo C\/Bateria<\/td><td>2400mh<\/td><td>26880<\/td><td>65280<\/td><\/tr><\/tbody><\/table><\/figure><div class=\"wp-block-columns is-layout-flex wp-container-core-columns-is-layout-9d6595d7 wp-block-columns-is-layout-flex\"><div class=\"wp-block-column is-layout-flow wp-block-column-is-layout-flow\" style=\"flex-basis:50%\"><h3 class=\"wp-block-heading has-text-align-left\">Vantagens das ventoinhas de secret\u00e1ria por grosso<\/h3>\n\n<ul class=\"wp-block-list\"><li><strong>Energia e\u00f3lica de alta efici\u00eancia: <\/strong>As nossas ventoinhas de secret\u00e1ria por atacado s\u00e3o compactas, mas potentes, e podem fornecer rapidamente um fluxo de ar fresco. Mesmo com tempo quente, podem arrefecer eficazmente e proporcionar uma experi\u00eancia confort\u00e1vel e fresca. Quer se trate de um escrit\u00f3rio, quarto ou ambiente exterior, pode criar um fluxo de ar fresco e agrad\u00e1vel para si.<\/li>\n\n<li><strong>Design port\u00e1til: <\/strong>Estas mini ventoinhas pessoais a granel adoptam um design leve e port\u00e1til, com um tamanho pequeno, f\u00e1cil de transportar e guardar. Quer esteja a viajar, a acampar ou a trabalhar num escrit\u00f3rio onde precisa de ajustar o ambiente de trabalho a qualquer momento, pode facilmente lev\u00e1-la consigo e desfrutar da frescura a qualquer hora e em qualquer lugar.<\/li>\n\n<li><strong>Poupan\u00e7a de energia e silencioso: <\/strong>As nossas ventoinhas de secret\u00e1ria por atacado possuem uma tecnologia avan\u00e7ada de baixo ru\u00eddo para garantir que quase nenhum ru\u00eddo seja produzido durante o funcionamento, proporcionando assim aos utilizadores uma experi\u00eancia de utiliza\u00e7\u00e3o mais silenciosa. \u00c9 muito adequado para escrit\u00f3rios, quartos e locais onde \u00e9 necess\u00e1rio sil\u00eancio para trabalhar ou descansar sem interfer\u00eancias.<\/li>\n\n<li><strong>Muito rent\u00e1vel: <\/strong>Fornecemos servi\u00e7os de aquisi\u00e7\u00e3o por grosso de mini-ventiladores pessoais a granel, que s\u00e3o adequados para comerciantes, empresas de planeamento de eventos e utilizadores de grupos comprarem a granel. Atrav\u00e9s das vendas diretas da f\u00e1brica, podemos fornecer aos clientes pre\u00e7os grossistas muito competitivos, o que \u00e9 a escolha ideal para retalhistas e compradores a granel.<\/li><\/ul><\/div>\n\n<div class=\"wp-block-column is-layout-flow wp-block-column-is-layout-flow\"><figure class=\"wp-block-image size-full\"><img decoding=\"async\" width=\"800\" height=\"800\" src=\"https:\/\/www.gdwanjiada.net\/wp-content\/uploads\/2024\/12\/Wholesale-Desk-Fans-Green-Portable-Personal-Mini-Fans-Bulk-1.webp\" alt=\"Venda por grosso de ventoinhas de secret\u00e1ria, mini ventoinhas pessoais port\u00e1teis verdes Bulk-1\" class=\"wp-image-1361\" srcset=\"https:\/\/www.gdwanjiada.net\/wp-content\/uploads\/2024\/12\/Wholesale-Desk-Fans-Green-Portable-Personal-Mini-Fans-Bulk-1.webp 800w, https:\/\/www.gdwanjiada.net\/wp-content\/uploads\/2024\/12\/Wholesale-Desk-Fans-Green-Portable-Personal-Mini-Fans-Bulk-1-300x300.webp 300w, https:\/\/www.gdwanjiada.net\/wp-content\/uploads\/2024\/12\/Wholesale-Desk-Fans-Green-Portable-Personal-Mini-Fans-Bulk-1-150x150.webp 150w, https:\/\/www.gdwanjiada.net\/wp-content\/uploads\/2024\/12\/Wholesale-Desk-Fans-Green-Portable-Personal-Mini-Fans-Bulk-1-768x768.webp 768w, https:\/\/www.gdwanjiada.net\/wp-content\/uploads\/2024\/12\/Wholesale-Desk-Fans-Green-Portable-Personal-Mini-Fans-Bulk-1-12x12.webp 12w, https:\/\/www.gdwanjiada.net\/wp-content\/uploads\/2024\/12\/Wholesale-Desk-Fans-Green-Portable-Personal-Mini-Fans-Bulk-1-600x600.webp 600w, https:\/\/www.gdwanjiada.net\/wp-content\/uploads\/2024\/12\/Wholesale-Desk-Fans-Green-Portable-Personal-Mini-Fans-Bulk-1-100x100.webp 100w\" sizes=\"(max-width: 800px) 100vw, 800px\" \/><\/figure><\/div><\/div>","protected":false},"excerpt":{"rendered":"<p>Bem-vindo ao comprar mini ventiladores pessoais a granel. Os nossos ventiladores de secret\u00e1ria por atacado s\u00e3o companheiros ideais para o escrit\u00f3rio, casa e viagens, com o seu vento forte, design de baixo ru\u00eddo e peso leve. Independentemente do ambiente em que se encontra, eles podem proporcionar-lhe uma experi\u00eancia fresca e confort\u00e1vel. Os pre\u00e7os de f\u00e1brica por grosso s\u00e3o acess\u00edveis e adequados para compras a granel para satisfazer as necessidades de retalhistas e grupos.<\/p>\n<h2>Carater\u00edsticas do produto\uff1a<\/h2>\n<ul>\n<li>Adequado para pendurar ao pesco\u00e7o ou \u00e0 cintura e para colocar na secret\u00e1ria ou junto ao computador.<\/li>\n<li>Pode ser utilizado para soprar pinturas a \u00f3leo, soprar pestanas ou desfrutar de frescura enquanto acampa.<\/li>\n<li>Existem cinco mudan\u00e7as ajust\u00e1veis para satisfazer diferentes necessidades e s\u00e3o fornecidas duas mudan\u00e7as de ajuste da luz para responder de forma flex\u00edvel a v\u00e1rias necessidades ambientais.<\/li>\n<li>O design compacto e o tamanho reduzido facilitam o transporte e permitem desfrutar da frescura em qualquer altura e em qualquer lugar.<\/li>\n<li>O visor inteligente pode apresentar claramente a velocidade atual do vento, as defini\u00e7\u00f5es de luz e a carga da bateria.<\/li>\n<\/ul>","protected":false},"featured_media":1366,"comment_status":"closed","ping_status":"closed","template":"","meta":{"_acf_changed":false},"product_brand":[],"product_cat":[23],"product_tag":[],"class_list":{"0":"post-1360","1":"product","2":"type-product","3":"status-publish","4":"has-post-thumbnail","6":"product_cat-wholesale-portable-fans","8":"first","9":"instock","10":"shipping-taxable","11":"product-type-simple"},"acf":[],"_links":{"self":[{"href":"https:\/\/www.gdwanjiada.net\/pt\/wp-json\/wp\/v2\/product\/1360","targetHints":{"allow":["GET"]}}],"collection":[{"href":"https:\/\/www.gdwanjiada.net\/pt\/wp-json\/wp\/v2\/product"}],"about":[{"href":"https:\/\/www.gdwanjiada.net\/pt\/wp-json\/wp\/v2\/types\/product"}],"replies":[{"embeddable":true,"href":"https:\/\/www.gdwanjiada.net\/pt\/wp-json\/wp\/v2\/comments?post=1360"}],"wp:featuredmedia":[{"embeddable":true,"href":"https:\/\/www.gdwanjiada.net\/pt\/wp-json\/wp\/v2\/media\/1366"}],"wp:attachment":[{"href":"https:\/\/www.gdwanjiada.net\/pt\/wp-json\/wp\/v2\/media?parent=1360"}],"wp:term":[{"taxonomy":"product_brand","embeddable":true,"href":"https:\/\/www.gdwanjiada.net\/pt\/wp-json\/wp\/v2\/product_brand?post=1360"},{"taxonomy":"product_cat","embeddable":true,"href":"https:\/\/www.gdwanjiada.net\/pt\/wp-json\/wp\/v2\/product_cat?post=1360"},{"taxonomy":"product_tag","embeddable":true,"href":"https:\/\/www.gdwanjiada.net\/pt\/wp-json\/wp\/v2\/product_tag?post=1360"}],"curies":[{"name":"wp","href":"https:\/\/api.w.org\/{rel}","templated":true}]}}