{"id":1154,"date":"2024-10-30T01:54:51","date_gmt":"2024-10-30T01:54:51","guid":{"rendered":"https:\/\/www.gdwanjiada.net\/?post_type=product&#038;p=1154"},"modified":"2024-10-30T02:05:58","modified_gmt":"2024-10-30T02:05:58","slug":"storage-cabinet-wholesale","status":"publish","type":"product","link":"https:\/\/www.gdwanjiada.net\/pt\/produto\/storage-cabinet-wholesale\/","title":{"rendered":"Arm\u00e1rio de armazenamento dobr\u00e1vel de 6 camadas extra grande por atacado, recipientes de pl\u00e1stico a granel"},"content":{"rendered":"<h3 class=\"wp-block-heading has-text-align-center\">Especifica\u00e7\u00f5es do arm\u00e1rio de arruma\u00e7\u00e3o por atacado<\/h3><figure class=\"wp-block-table\"><table class=\"has-fixed-layout\"><tbody><tr><td>Modelo<\/td><td>Material<\/td><td>Tamanho do produto\uff08cm\uff09<\/td><td>Tamanho da caixa\uff08cm\uff09<\/td><td>Qtd. da embalagem\uff08pcs\uff09<\/td><td>G.W.\uff08kg\uff09<\/td><td>N.W.\uff08kg\uff09<\/td><\/tr><tr><td>316\uff086 camadas\uff09<\/td><td>PP<\/td><td>30*38*95<\/td><td>51.5*36.5*31.5<\/td><td>1<\/td><td>5.322<\/td><td>4.522<\/td><\/tr><\/tbody><\/table><\/figure><div class=\"wp-block-columns is-layout-flex wp-container-core-columns-is-layout-9d6595d7 wp-block-columns-is-layout-flex\"><div class=\"wp-block-column is-layout-flow wp-block-column-is-layout-flow\" style=\"flex-basis:50%\"><h3 class=\"wp-block-heading has-text-align-left\">Vantagens dos arm\u00e1rios de armazenagem por atacado<\/h3>\n\n<ul class=\"wp-block-list\"><li><strong>Design extra-grande de seis camadas, proporcionando um espa\u00e7o amplo: <\/strong>Este arm\u00e1rio de arruma\u00e7\u00e3o de seis camadas por atacado foi concebido com uma capacidade extragrande, que pode satisfazer as necessidades dos utilizadores para guardar um grande n\u00famero de artigos e \u00e9 adequado para utiliza\u00e7\u00e3o em casas, escrit\u00f3rios e locais de arruma\u00e7\u00e3o.<\/li>\n\n<li><strong>Estrutura dobr\u00e1vel para facilitar o transporte e a arruma\u00e7\u00e3o: <\/strong>O design inovador e dobr\u00e1vel permite que estes contentores de pl\u00e1stico a granel sejam facilmente dobrados quando n\u00e3o est\u00e3o a ser utilizados, reduzindo o espa\u00e7o ocupado, facilitando o transporte e o armazenamento e reduzindo consideravelmente os custos log\u00edsticos.<\/li>\n\n<li><strong>Material pl\u00e1stico de alta qualidade, resistente e duradouro: <\/strong>O nosso arm\u00e1rio de armazenamento por atacado \u00e9 feito de pl\u00e1stico de alta qualidade, que \u00e9 forte e est\u00e1vel, \u00e0 prova de humidade e \u00e0 prova de \u00e1gua, garantindo uma utiliza\u00e7\u00e3o a longo prazo em v\u00e1rios ambientes.<\/li>\n\n<li><strong>Montagem flex\u00edvel e funcionamento f\u00e1cil: <\/strong>O design modular destes contentores de pl\u00e1stico a granel permite aos utilizadores montarem ou desmontarem facilmente e cada camada pode ser utilizada independentemente ou combinada de acordo com as necessidades, o que \u00e9 conveniente e flex\u00edvel.<\/li><\/ul><\/div>\n\n<div class=\"wp-block-column is-layout-flow wp-block-column-is-layout-flow\"><figure class=\"wp-block-image size-full\"><img decoding=\"async\" width=\"800\" height=\"800\" src=\"https:\/\/www.gdwanjiada.net\/wp-content\/uploads\/2024\/10\/Extra-Large-6-layer-Foldable-Storage-Cabinet-Wholesale-Bulk-Plastic-Containers.webp\" alt=\"Arm\u00e1rio de armazenamento dobr\u00e1vel de 6 camadas extra grande por atacado, recipientes de pl\u00e1stico a granel\" class=\"wp-image-1155\" srcset=\"https:\/\/www.gdwanjiada.net\/wp-content\/uploads\/2024\/10\/Extra-Large-6-layer-Foldable-Storage-Cabinet-Wholesale-Bulk-Plastic-Containers.webp 800w, https:\/\/www.gdwanjiada.net\/wp-content\/uploads\/2024\/10\/Extra-Large-6-layer-Foldable-Storage-Cabinet-Wholesale-Bulk-Plastic-Containers-300x300.webp 300w, https:\/\/www.gdwanjiada.net\/wp-content\/uploads\/2024\/10\/Extra-Large-6-layer-Foldable-Storage-Cabinet-Wholesale-Bulk-Plastic-Containers-150x150.webp 150w, https:\/\/www.gdwanjiada.net\/wp-content\/uploads\/2024\/10\/Extra-Large-6-layer-Foldable-Storage-Cabinet-Wholesale-Bulk-Plastic-Containers-768x768.webp 768w, https:\/\/www.gdwanjiada.net\/wp-content\/uploads\/2024\/10\/Extra-Large-6-layer-Foldable-Storage-Cabinet-Wholesale-Bulk-Plastic-Containers-12x12.webp 12w, https:\/\/www.gdwanjiada.net\/wp-content\/uploads\/2024\/10\/Extra-Large-6-layer-Foldable-Storage-Cabinet-Wholesale-Bulk-Plastic-Containers-600x600.webp 600w, https:\/\/www.gdwanjiada.net\/wp-content\/uploads\/2024\/10\/Extra-Large-6-layer-Foldable-Storage-Cabinet-Wholesale-Bulk-Plastic-Containers-100x100.webp 100w\" sizes=\"(max-width: 800px) 100vw, 800px\" \/><\/figure><\/div><\/div>","protected":false},"excerpt":{"rendered":"<p>Bem-vindo \u00e0 compra de contentores de pl\u00e1stico a granel. Este arm\u00e1rio de armazenamento extragrande de seis camadas \u00e9 feito de material pl\u00e1stico resistente, proporcionando amplo espa\u00e7o e fun\u00e7\u00e3o de dobragem conveniente. \u00c9 uma escolha ideal para compras por atacado e \u00e9 adequado para armazenamento eficiente em v\u00e1rios cen\u00e1rios.<\/p>\n<h2>Carater\u00edsticas do produto\uff1a<\/h2>\n<ul>\n<li>Capacidade extra grande de seis camadas, proporcionando um espa\u00e7o de armazenamento espa\u00e7oso para acomodar um grande n\u00famero de itens.<\/li>\n<li>Design dobr\u00e1vel, f\u00e1cil de transportar e guardar, poupando espa\u00e7o.<\/li>\n<li>Material pl\u00e1stico de alta qualidade, \u00e0 prova de humidade e de \u00e1gua, dur\u00e1vel e de longa dura\u00e7\u00e3o.<\/li>\n<li>Montagem modular, cada camada pode ser utilizada de forma independente ou combinada de forma flex\u00edvel, f\u00e1cil de instalar.<\/li>\n<li>Aplica\u00e7\u00e3o polivalente, adequada para necessidades de armazenamento em v\u00e1rios locais, como casa, escrit\u00f3rio, armaz\u00e9m, etc.<\/li>\n<\/ul>","protected":false},"featured_media":1155,"comment_status":"closed","ping_status":"closed","template":"","meta":{"_acf_changed":false},"product_brand":[],"product_cat":[20],"product_tag":[],"class_list":{"0":"post-1154","1":"product","2":"type-product","3":"status-publish","4":"has-post-thumbnail","6":"product_cat-plastic-cabinets-wholesale","8":"first","9":"instock","10":"shipping-taxable","11":"product-type-simple"},"acf":[],"_links":{"self":[{"href":"https:\/\/www.gdwanjiada.net\/pt\/wp-json\/wp\/v2\/product\/1154","targetHints":{"allow":["GET"]}}],"collection":[{"href":"https:\/\/www.gdwanjiada.net\/pt\/wp-json\/wp\/v2\/product"}],"about":[{"href":"https:\/\/www.gdwanjiada.net\/pt\/wp-json\/wp\/v2\/types\/product"}],"replies":[{"embeddable":true,"href":"https:\/\/www.gdwanjiada.net\/pt\/wp-json\/wp\/v2\/comments?post=1154"}],"wp:featuredmedia":[{"embeddable":true,"href":"https:\/\/www.gdwanjiada.net\/pt\/wp-json\/wp\/v2\/media\/1155"}],"wp:attachment":[{"href":"https:\/\/www.gdwanjiada.net\/pt\/wp-json\/wp\/v2\/media?parent=1154"}],"wp:term":[{"taxonomy":"product_brand","embeddable":true,"href":"https:\/\/www.gdwanjiada.net\/pt\/wp-json\/wp\/v2\/product_brand?post=1154"},{"taxonomy":"product_cat","embeddable":true,"href":"https:\/\/www.gdwanjiada.net\/pt\/wp-json\/wp\/v2\/product_cat?post=1154"},{"taxonomy":"product_tag","embeddable":true,"href":"https:\/\/www.gdwanjiada.net\/pt\/wp-json\/wp\/v2\/product_tag?post=1154"}],"curies":[{"name":"wp","href":"https:\/\/api.w.org\/{rel}","templated":true}]}}