{"id":1152,"date":"2024-10-30T01:46:03","date_gmt":"2024-10-30T01:46:03","guid":{"rendered":"https:\/\/www.gdwanjiada.net\/?post_type=product&#038;p=1152"},"modified":"2024-10-30T01:54:43","modified_gmt":"2024-10-30T01:54:43","slug":"bulk-plastic-storage-containers","status":"publish","type":"product","link":"https:\/\/www.gdwanjiada.net\/pt\/produto\/bulk-plastic-storage-containers\/","title":{"rendered":"Recipientes de armazenamento de pl\u00e1stico a granel, arm\u00e1rios de 5 camadas por atacado"},"content":{"rendered":"<h3 class=\"wp-block-heading has-text-align-center\">Especifica\u00e7\u00f5es dos contentores de pl\u00e1stico para armazenagem a granel<\/h3><figure class=\"wp-block-table\"><table class=\"has-fixed-layout\"><tbody><tr><td>Modelo<\/td><td>Material<\/td><td>Tamanho do produto\uff08cm\uff09<\/td><td>Tamanho da caixa\uff08cm\uff09<\/td><td>Qtd. da embalagem\uff08pcs\uff09<\/td><td>G.W.\uff08kg\uff09<\/td><td>N.W.\uff08kg\uff09<\/td><\/tr><tr><td>315\uff085 camadas\uff09<\/td><td>PP<\/td><td>30*38*79.8<\/td><td>51.5*36.5*25<\/td><td>1<\/td><td>4.524<\/td><td>3.804<\/td><\/tr><\/tbody><\/table><\/figure><div class=\"wp-block-columns is-layout-flex wp-container-core-columns-is-layout-9d6595d7 wp-block-columns-is-layout-flex\"><div class=\"wp-block-column is-layout-flow wp-block-column-is-layout-flow\" style=\"flex-basis:50%\"><h3 class=\"wp-block-heading has-text-align-left\">Vantagens dos contentores de pl\u00e1stico para armazenagem a granel<\/h3>\n\n<ul class=\"wp-block-list\"><li><strong>Design de grande capacidade com cinco camadas:<\/strong> Estes recipientes de armazenamento de pl\u00e1stico a granel de cinco camadas proporcionam um amplo espa\u00e7o de armazenamento, ajudando os utilizadores a armazenar e ordenar facilmente v\u00e1rios artigos, adequados para utiliza\u00e7\u00e3o numa variedade de locais, como casa, escrit\u00f3rio, dormit\u00f3rio, etc.<\/li>\n\n<li><strong>Material de alta qualidade, resistente e duradouro: <\/strong>Estes arm\u00e1rios por atacado s\u00e3o fabricados em pl\u00e1stico de alta qualidade, com uma estrutura est\u00e1vel, excelente resist\u00eancia \u00e0 press\u00e3o e durabilidade, garantindo que se mant\u00eam em boas condi\u00e7\u00f5es durante a utiliza\u00e7\u00e3o di\u00e1ria.<\/li>\n\n<li><strong>Design simples da gaveta: <\/strong>Os nossos recipientes de armazenamento de pl\u00e1stico a granel est\u00e3o equipados com gavetas lisas, que os utilizadores podem abrir ou fechar facilmente, tornando conveniente tirar e guardar rapidamente os artigos e melhorar a experi\u00eancia de utiliza\u00e7\u00e3o di\u00e1ria.<\/li>\n\n<li><strong>Aspeto elegante e sele\u00e7\u00e3o de v\u00e1rias cores: <\/strong>O design dos nossos arm\u00e1rios de pl\u00e1stico por atacado \u00e9 simples e elegante, e oferece uma variedade de op\u00e7\u00f5es de cores, adequadas a diferentes estilos de necessidades de decora\u00e7\u00e3o, acrescentando cor e vitalidade ao espa\u00e7o.<\/li><\/ul><\/div>\n\n<div class=\"wp-block-column is-layout-flow wp-block-column-is-layout-flow\"><figure class=\"wp-block-image size-full\"><img decoding=\"async\" width=\"800\" height=\"800\" src=\"https:\/\/www.gdwanjiada.net\/wp-content\/uploads\/2024\/10\/Bulk-Plastic-Storage-Containers-5-Layers-Cabinets-Wholesale.webp\" alt=\"Recipientes de armazenamento de pl\u00e1stico a granel, arm\u00e1rios de 5 camadas por atacado\" class=\"wp-image-1153\" srcset=\"https:\/\/www.gdwanjiada.net\/wp-content\/uploads\/2024\/10\/Bulk-Plastic-Storage-Containers-5-Layers-Cabinets-Wholesale.webp 800w, https:\/\/www.gdwanjiada.net\/wp-content\/uploads\/2024\/10\/Bulk-Plastic-Storage-Containers-5-Layers-Cabinets-Wholesale-300x300.webp 300w, https:\/\/www.gdwanjiada.net\/wp-content\/uploads\/2024\/10\/Bulk-Plastic-Storage-Containers-5-Layers-Cabinets-Wholesale-150x150.webp 150w, https:\/\/www.gdwanjiada.net\/wp-content\/uploads\/2024\/10\/Bulk-Plastic-Storage-Containers-5-Layers-Cabinets-Wholesale-768x768.webp 768w, https:\/\/www.gdwanjiada.net\/wp-content\/uploads\/2024\/10\/Bulk-Plastic-Storage-Containers-5-Layers-Cabinets-Wholesale-12x12.webp 12w, https:\/\/www.gdwanjiada.net\/wp-content\/uploads\/2024\/10\/Bulk-Plastic-Storage-Containers-5-Layers-Cabinets-Wholesale-600x600.webp 600w, https:\/\/www.gdwanjiada.net\/wp-content\/uploads\/2024\/10\/Bulk-Plastic-Storage-Containers-5-Layers-Cabinets-Wholesale-100x100.webp 100w\" sizes=\"(max-width: 800px) 100vw, 800px\" \/><\/figure><\/div><\/div>","protected":false},"excerpt":{"rendered":"<p>Bem-vindo \u00e0 compra de arm\u00e1rios por grosso. Os nossos recipientes de armazenamento de pl\u00e1stico a granel de cinco camadas t\u00eam uma grande capacidade e uma estrutura robusta, adequada para utiliza\u00e7\u00e3o numa variedade de cen\u00e1rios. O seu aspeto simples e elegante e as op\u00e7\u00f5es multicoloridas d\u00e3o cor ao espa\u00e7o e s\u00e3o uma escolha de armazenamento ideal para compras por grosso.<\/p>\n<h2>Carater\u00edsticas do produto\uff1a<\/h2>\n<ul>\n<li>Com um design de 5 camadas e um amplo espa\u00e7o de arruma\u00e7\u00e3o, adequado para guardar v\u00e1rios artigos, como artigos de papelaria, documentos, vestu\u00e1rio, etc.<\/li>\n<li>As gavetas est\u00e3o dispon\u00edveis numa variedade de cores e os utilizadores podem combin\u00e1-las de acordo com as suas prefer\u00eancias pessoais e com o ambiente do escrit\u00f3rio para acrescentar beleza e vitalidade ao espa\u00e7o.<\/li>\n<li>Leve e dur\u00e1vel, pode suportar o desgaste da utiliza\u00e7\u00e3o di\u00e1ria, garantindo que n\u00e3o se danifica facilmente durante a utiliza\u00e7\u00e3o a longo prazo.<\/li>\n<li>Os utilizadores podem mont\u00e1-lo rapidamente, poupando tempo e energia, e coloc\u00e1-lo rapidamente em funcionamento.<\/li>\n<li>Adequado para uma variedade de ocasi\u00f5es, como em casa, no escrit\u00f3rio, na escola, etc., proporcionando solu\u00e7\u00f5es de arruma\u00e7\u00e3o flex\u00edveis.<\/li>\n<\/ul>","protected":false},"featured_media":1153,"comment_status":"closed","ping_status":"closed","template":"","meta":{"_acf_changed":false},"product_brand":[],"product_cat":[20],"product_tag":[],"class_list":{"0":"post-1152","1":"product","2":"type-product","3":"status-publish","4":"has-post-thumbnail","6":"product_cat-plastic-cabinets-wholesale","8":"first","9":"instock","10":"shipping-taxable","11":"product-type-simple"},"acf":[],"_links":{"self":[{"href":"https:\/\/www.gdwanjiada.net\/pt\/wp-json\/wp\/v2\/product\/1152","targetHints":{"allow":["GET"]}}],"collection":[{"href":"https:\/\/www.gdwanjiada.net\/pt\/wp-json\/wp\/v2\/product"}],"about":[{"href":"https:\/\/www.gdwanjiada.net\/pt\/wp-json\/wp\/v2\/types\/product"}],"replies":[{"embeddable":true,"href":"https:\/\/www.gdwanjiada.net\/pt\/wp-json\/wp\/v2\/comments?post=1152"}],"wp:featuredmedia":[{"embeddable":true,"href":"https:\/\/www.gdwanjiada.net\/pt\/wp-json\/wp\/v2\/media\/1153"}],"wp:attachment":[{"href":"https:\/\/www.gdwanjiada.net\/pt\/wp-json\/wp\/v2\/media?parent=1152"}],"wp:term":[{"taxonomy":"product_brand","embeddable":true,"href":"https:\/\/www.gdwanjiada.net\/pt\/wp-json\/wp\/v2\/product_brand?post=1152"},{"taxonomy":"product_cat","embeddable":true,"href":"https:\/\/www.gdwanjiada.net\/pt\/wp-json\/wp\/v2\/product_cat?post=1152"},{"taxonomy":"product_tag","embeddable":true,"href":"https:\/\/www.gdwanjiada.net\/pt\/wp-json\/wp\/v2\/product_tag?post=1152"}],"curies":[{"name":"wp","href":"https:\/\/api.w.org\/{rel}","templated":true}]}}