{"id":1150,"date":"2024-10-30T01:38:16","date_gmt":"2024-10-30T01:38:16","guid":{"rendered":"https:\/\/www.gdwanjiada.net\/?post_type=product&#038;p=1150"},"modified":"2024-10-30T01:45:42","modified_gmt":"2024-10-30T01:45:42","slug":"wholesale-cabinet","status":"publish","type":"product","link":"https:\/\/www.gdwanjiada.net\/pt\/produto\/wholesale-cabinet\/","title":{"rendered":"Arm\u00e1rio de pl\u00e1stico de 4 camadas para venda por grosso, arm\u00e1rios empilh\u00e1veis para armazenamento a granel"},"content":{"rendered":"<h3 class=\"wp-block-heading has-text-align-center\">Especifica\u00e7\u00f5es do arm\u00e1rio grossista<\/h3><figure class=\"wp-block-table\"><table class=\"has-fixed-layout\"><tbody><tr><td>Modelo<\/td><td>Material<\/td><td>Tamanho do produto\uff08cm\uff09<\/td><td>Tamanho da caixa\uff08cm\uff09<\/td><td>Qtd. da embalagem\uff08pcs\uff09<\/td><td>G.W.\uff08kg\uff09<\/td><td>N.W.\uff08kg\uff09<\/td><\/tr><tr><td>314\uff084 camadas\uff09<\/td><td>PP<\/td><td>30*38*64.6<\/td><td>51.5*36.5*23.5<\/td><td>1<\/td><td>3.816<\/td><td>3.116<\/td><\/tr><\/tbody><\/table><\/figure><div class=\"wp-block-columns is-layout-flex wp-container-core-columns-is-layout-9d6595d7 wp-block-columns-is-layout-flex\"><div class=\"wp-block-column is-layout-flow wp-block-column-is-layout-flow\" style=\"flex-basis:50%\"><h3 class=\"wp-block-heading has-text-align-left\">Vantagens do arm\u00e1rio por grosso<\/h3>\n\n<ul class=\"wp-block-list\"><li><strong>Design de grande capacidade: <\/strong>Este arm\u00e1rio de pl\u00e1stico para venda por grosso tem quatro camadas de gavetas, proporcionando um amplo espa\u00e7o de arruma\u00e7\u00e3o, ajudando os utilizadores a organizar e guardar facilmente v\u00e1rios artigos, adequados para utiliza\u00e7\u00e3o em casa, no escrit\u00f3rio e no dormit\u00f3rio.<\/li>\n\n<li><strong>Flexibilidade empilh\u00e1vel: <\/strong>Estes arm\u00e1rios de armazenamento a granel suportam a fun\u00e7\u00e3o de empilhamento, os utilizadores podem empilhar v\u00e1rios arm\u00e1rios de acordo com as necessidades, maximizar a utiliza\u00e7\u00e3o do espa\u00e7o vertical e s\u00e3o muito adequados para espa\u00e7os pequenos.<\/li>\n\n<li><strong>Materiais amigos do ambiente:<\/strong> Os nossos arm\u00e1rios de pl\u00e1stico para venda por grosso s\u00e3o fabricados com materiais pl\u00e1sticos de alta qualidade e duradouros, resistentes \u00e0 press\u00e3o e \u00e0 humidade, garantindo que se mant\u00eam em boas condi\u00e7\u00f5es durante uma utiliza\u00e7\u00e3o prolongada. Ao mesmo tempo, os materiais s\u00e3o amigos do ambiente, seguros e fi\u00e1veis.<\/li>\n\n<li><strong>Design elegante e colorido: <\/strong>Estes arm\u00e1rios de arruma\u00e7\u00e3o a granel adoptam designs coloridos simples e modernos, acrescentando vitalidade ao ambiente interior, adequados a diferentes estilos de decora\u00e7\u00e3o e convenientes para ordenar os artigos por cor.<\/li><\/ul><\/div>\n\n<div class=\"wp-block-column is-layout-flow wp-block-column-is-layout-flow\"><figure class=\"wp-block-image size-full\"><img decoding=\"async\" width=\"800\" height=\"800\" src=\"https:\/\/www.gdwanjiada.net\/wp-content\/uploads\/2024\/10\/4-Layers-Plastic-Wholesale-Cabinet-Stackable-Bulk-Storage-Cabinets.webp\" alt=\"Arm\u00e1rio de pl\u00e1stico de 4 camadas para venda por grosso, arm\u00e1rios empilh\u00e1veis para armazenamento a granel\" class=\"wp-image-1151\" srcset=\"https:\/\/www.gdwanjiada.net\/wp-content\/uploads\/2024\/10\/4-Layers-Plastic-Wholesale-Cabinet-Stackable-Bulk-Storage-Cabinets.webp 800w, https:\/\/www.gdwanjiada.net\/wp-content\/uploads\/2024\/10\/4-Layers-Plastic-Wholesale-Cabinet-Stackable-Bulk-Storage-Cabinets-300x300.webp 300w, https:\/\/www.gdwanjiada.net\/wp-content\/uploads\/2024\/10\/4-Layers-Plastic-Wholesale-Cabinet-Stackable-Bulk-Storage-Cabinets-150x150.webp 150w, https:\/\/www.gdwanjiada.net\/wp-content\/uploads\/2024\/10\/4-Layers-Plastic-Wholesale-Cabinet-Stackable-Bulk-Storage-Cabinets-768x768.webp 768w, https:\/\/www.gdwanjiada.net\/wp-content\/uploads\/2024\/10\/4-Layers-Plastic-Wholesale-Cabinet-Stackable-Bulk-Storage-Cabinets-12x12.webp 12w, https:\/\/www.gdwanjiada.net\/wp-content\/uploads\/2024\/10\/4-Layers-Plastic-Wholesale-Cabinet-Stackable-Bulk-Storage-Cabinets-600x600.webp 600w, https:\/\/www.gdwanjiada.net\/wp-content\/uploads\/2024\/10\/4-Layers-Plastic-Wholesale-Cabinet-Stackable-Bulk-Storage-Cabinets-100x100.webp 100w\" sizes=\"(max-width: 800px) 100vw, 800px\" \/><\/figure><\/div><\/div>","protected":false},"excerpt":{"rendered":"<p>Bem-vindo ao comprar arm\u00e1rios de armazenamento a granel. Este arm\u00e1rio de pl\u00e1stico de 4 camadas adopta um design de empilhamento, com excelente utiliza\u00e7\u00e3o do espa\u00e7o e armazenamento de grande capacidade, adequado para espa\u00e7os dom\u00e9sticos e de escrit\u00f3rio. Feito de pl\u00e1stico ecol\u00f3gico de alta qualidade, a apar\u00eancia \u00e9 colorida e elegante, e \u00e9 uma escolha ideal para compras por atacado.<\/p>\n<h2>Carater\u00edsticas do produto\uff1a<\/h2>\n<ul>\n<li>Design de 4 camadas com amplo espa\u00e7o de armazenamento, adequado para organizar roupas, brinquedos e outros itens.<\/li>\n<li>As gavetas est\u00e3o dispon\u00edveis numa variedade de cores, acrescentando beleza ao espa\u00e7o.<\/li>\n<li>Utiliza materiais pl\u00e1sticos leves, que s\u00e3o duradouros e podem suportar o desgaste da utiliza\u00e7\u00e3o di\u00e1ria.<\/li>\n<li>Montagem c\u00f3moda, n\u00e3o s\u00e3o necess\u00e1rias ferramentas profissionais, o que permite poupar tempo e energia.<\/li>\n<li>\u00c9 amplamente utilizado em casas, escrit\u00f3rios, escolas e outros locais, proporcionando aos utilizadores solu\u00e7\u00f5es de armazenamento flex\u00edveis.<\/li>\n<\/ul>","protected":false},"featured_media":1151,"comment_status":"closed","ping_status":"closed","template":"","meta":{"_acf_changed":false},"product_brand":[],"product_cat":[20],"product_tag":[],"class_list":{"0":"post-1150","1":"product","2":"type-product","3":"status-publish","4":"has-post-thumbnail","6":"product_cat-plastic-cabinets-wholesale","8":"first","9":"instock","10":"shipping-taxable","11":"product-type-simple"},"acf":[],"_links":{"self":[{"href":"https:\/\/www.gdwanjiada.net\/pt\/wp-json\/wp\/v2\/product\/1150","targetHints":{"allow":["GET"]}}],"collection":[{"href":"https:\/\/www.gdwanjiada.net\/pt\/wp-json\/wp\/v2\/product"}],"about":[{"href":"https:\/\/www.gdwanjiada.net\/pt\/wp-json\/wp\/v2\/types\/product"}],"replies":[{"embeddable":true,"href":"https:\/\/www.gdwanjiada.net\/pt\/wp-json\/wp\/v2\/comments?post=1150"}],"wp:featuredmedia":[{"embeddable":true,"href":"https:\/\/www.gdwanjiada.net\/pt\/wp-json\/wp\/v2\/media\/1151"}],"wp:attachment":[{"href":"https:\/\/www.gdwanjiada.net\/pt\/wp-json\/wp\/v2\/media?parent=1150"}],"wp:term":[{"taxonomy":"product_brand","embeddable":true,"href":"https:\/\/www.gdwanjiada.net\/pt\/wp-json\/wp\/v2\/product_brand?post=1150"},{"taxonomy":"product_cat","embeddable":true,"href":"https:\/\/www.gdwanjiada.net\/pt\/wp-json\/wp\/v2\/product_cat?post=1150"},{"taxonomy":"product_tag","embeddable":true,"href":"https:\/\/www.gdwanjiada.net\/pt\/wp-json\/wp\/v2\/product_tag?post=1150"}],"curies":[{"name":"wp","href":"https:\/\/api.w.org\/{rel}","templated":true}]}}