{"id":1122,"date":"2024-10-19T10:16:21","date_gmt":"2024-10-19T10:16:21","guid":{"rendered":"https:\/\/www.gdwanjiada.net\/?post_type=product&#038;p=1122"},"modified":"2024-10-19T10:22:55","modified_gmt":"2024-10-19T10:22:55","slug":"custom-storage-cabinets","status":"publish","type":"product","link":"https:\/\/www.gdwanjiada.net\/pt\/produto\/custom-storage-cabinets\/","title":{"rendered":"Arm\u00e1rios de armazenamento personalizados de 6 camadas, arm\u00e1rios de pl\u00e1stico por atacado para casa"},"content":{"rendered":"<h3 class=\"wp-block-heading has-text-align-center\">Especifica\u00e7\u00f5es dos arm\u00e1rios de arruma\u00e7\u00e3o personalizados<\/h3><figure class=\"wp-block-table\"><table class=\"has-fixed-layout\"><tbody><tr><td>Modelo<\/td><td>Material<\/td><td>Tamanho do produto\uff08cm\uff09<\/td><td>Tamanho da caixa\uff08cm\uff09<\/td><td>Qtd. da embalagem\uff08pcs\uff09<\/td><td>G.W.\uff08kg\uff09<\/td><td>N.W.\uff08kg\uff09<\/td><\/tr><tr><td>216\uff086layers\uff09<\/td><td>PP<\/td><td>20*38*95<\/td><td>41*36.5*32<\/td><td>1<\/td><td>3.987<\/td><td>3.317<\/td><\/tr><\/tbody><\/table><\/figure><div class=\"wp-block-columns is-layout-flex wp-container-core-columns-is-layout-9d6595d7 wp-block-columns-is-layout-flex\"><div class=\"wp-block-column is-layout-flow wp-block-column-is-layout-flow\" style=\"flex-basis:50%\"><h3 class=\"wp-block-heading has-text-align-left\">Vantagens dos arm\u00e1rios de armazenagem personalizados<\/h3>\n\n<ul class=\"wp-block-list\"><li><strong>Amplo espa\u00e7o de arruma\u00e7\u00e3o: <\/strong>Estes arm\u00e1rios de arruma\u00e7\u00e3o personalizados de seis camadas proporcionam um amplo espa\u00e7o de arruma\u00e7\u00e3o, ajudando eficazmente os utilizadores a organizar e classificar v\u00e1rios artigos, quer se trate de vestu\u00e1rio, brinquedos ou necessidades di\u00e1rias, que podem ser facilmente guardados, melhorando a limpeza e a efici\u00eancia do ambiente dom\u00e9stico.<\/li>\n\n<li><strong>Design personalizado, acrescentando vitalidade: <\/strong>Estes arm\u00e1rios de pl\u00e1stico por atacado t\u00eam uma variedade de op\u00e7\u00f5es de gavetas coloridas, acrescentando beleza e vitalidade ao espa\u00e7o, criando um ambiente dom\u00e9stico confort\u00e1vel e agrad\u00e1vel.<\/li>\n\n<li><strong>Materiais dur\u00e1veis e leves: <\/strong>Os nossos arm\u00e1rios de arruma\u00e7\u00e3o personalizados s\u00e3o fabricados com materiais pl\u00e1sticos de alta qualidade para garantir que s\u00e3o leves e duradouros e que podem suportar o desgaste da utiliza\u00e7\u00e3o di\u00e1ria. S\u00e3o adequados para ambientes dom\u00e9sticos de utiliza\u00e7\u00e3o frequente e proporcionam uma experi\u00eancia de utiliza\u00e7\u00e3o duradoura.<\/li>\n\n<li><strong>Processo de instala\u00e7\u00e3o f\u00e1cil: <\/strong>O processo de montagem dos nossos arm\u00e1rios de pl\u00e1stico por atacado \u00e9 simples, sem ferramentas e passos complicados. Os utilizadores podem conclu\u00ed-lo facilmente seguindo as instru\u00e7\u00f5es, de modo a que as solu\u00e7\u00f5es de armazenamento possam ser rapidamente colocadas no lugar, poupando tempo e energia.<\/li><\/ul><\/div>\n\n<div class=\"wp-block-column is-layout-flow wp-block-column-is-layout-flow\"><figure class=\"wp-block-image size-full\"><img decoding=\"async\" width=\"800\" height=\"800\" src=\"https:\/\/www.gdwanjiada.net\/wp-content\/uploads\/2024\/10\/6-Layers-Custom-Storage-Cabinets-Wholesale-Plastic-Cabinets-For-Home.webp\" alt=\"Arm\u00e1rios de armazenamento personalizados de 6 camadas, arm\u00e1rios de pl\u00e1stico por atacado para casa\" class=\"wp-image-1123\" srcset=\"https:\/\/www.gdwanjiada.net\/wp-content\/uploads\/2024\/10\/6-Layers-Custom-Storage-Cabinets-Wholesale-Plastic-Cabinets-For-Home.webp 800w, https:\/\/www.gdwanjiada.net\/wp-content\/uploads\/2024\/10\/6-Layers-Custom-Storage-Cabinets-Wholesale-Plastic-Cabinets-For-Home-300x300.webp 300w, https:\/\/www.gdwanjiada.net\/wp-content\/uploads\/2024\/10\/6-Layers-Custom-Storage-Cabinets-Wholesale-Plastic-Cabinets-For-Home-150x150.webp 150w, https:\/\/www.gdwanjiada.net\/wp-content\/uploads\/2024\/10\/6-Layers-Custom-Storage-Cabinets-Wholesale-Plastic-Cabinets-For-Home-768x768.webp 768w, https:\/\/www.gdwanjiada.net\/wp-content\/uploads\/2024\/10\/6-Layers-Custom-Storage-Cabinets-Wholesale-Plastic-Cabinets-For-Home-12x12.webp 12w, https:\/\/www.gdwanjiada.net\/wp-content\/uploads\/2024\/10\/6-Layers-Custom-Storage-Cabinets-Wholesale-Plastic-Cabinets-For-Home-600x600.webp 600w, https:\/\/www.gdwanjiada.net\/wp-content\/uploads\/2024\/10\/6-Layers-Custom-Storage-Cabinets-Wholesale-Plastic-Cabinets-For-Home-100x100.webp 100w\" sizes=\"(max-width: 800px) 100vw, 800px\" \/><\/figure><\/div><\/div>","protected":false},"excerpt":{"rendered":"<p>Bem-vindo ao comprar arm\u00e1rios de pl\u00e1stico por atacado. Os nossos arm\u00e1rios de arruma\u00e7\u00e3o personalizados de seis camadas s\u00e3o uma solu\u00e7\u00e3o ideal para arruma\u00e7\u00e3o dom\u00e9stica, proporcionando um amplo espa\u00e7o de arruma\u00e7\u00e3o e uma variedade de op\u00e7\u00f5es de cores. Eles s\u00e3o leves e dur\u00e1veis, adequados para v\u00e1rios lugares, como casa e escrit\u00f3rio. O design de instala\u00e7\u00e3o conveniente permite que os utilizadores montem facilmente, e \u00e9 amplamente utilizado para o armazenamento de roupas, brinquedos e outros itens dom\u00e9sticos.<\/p>\n<h2>Carater\u00edsticas do produto\uff1a<\/h2>\n<ul>\n<li>O design de seis camadas aumenta o espa\u00e7o de arruma\u00e7\u00e3o e \u00e9 adequado para organizar roupas, brinquedos, artigos de papelaria e outros artigos dom\u00e9sticos.<\/li>\n<li>As gavetas est\u00e3o dispon\u00edveis numa variedade de cores, e os utilizadores podem combin\u00e1-las de acordo com as suas prefer\u00eancias pessoais ou estilos de interiores para acrescentar beleza ao ambiente dom\u00e9stico.<\/li>\n<li>Fabricado em material pl\u00e1stico leve, tem uma boa durabilidade e pode suportar o desgaste da utiliza\u00e7\u00e3o di\u00e1ria para garantir uma utiliza\u00e7\u00e3o a longo prazo.<\/li>\n<li>O processo de instala\u00e7\u00e3o \u00e9 simples, os utilizadores n\u00e3o necessitam de ferramentas profissionais e podem concluir rapidamente a montagem, poupando tempo e energia.<\/li>\n<li>Adequado para uma variedade de locais, como casa, escrit\u00f3rio, escola, etc., proporcionando aos utilizadores solu\u00e7\u00f5es de armazenamento flex\u00edveis e diversificadas.<\/li>\n<\/ul>","protected":false},"featured_media":1123,"comment_status":"closed","ping_status":"closed","template":"","meta":{"_acf_changed":false},"product_brand":[],"product_cat":[20],"product_tag":[],"class_list":{"0":"post-1122","1":"product","2":"type-product","3":"status-publish","4":"has-post-thumbnail","6":"product_cat-plastic-cabinets-wholesale","8":"first","9":"instock","10":"shipping-taxable","11":"product-type-simple"},"acf":[],"_links":{"self":[{"href":"https:\/\/www.gdwanjiada.net\/pt\/wp-json\/wp\/v2\/product\/1122","targetHints":{"allow":["GET"]}}],"collection":[{"href":"https:\/\/www.gdwanjiada.net\/pt\/wp-json\/wp\/v2\/product"}],"about":[{"href":"https:\/\/www.gdwanjiada.net\/pt\/wp-json\/wp\/v2\/types\/product"}],"replies":[{"embeddable":true,"href":"https:\/\/www.gdwanjiada.net\/pt\/wp-json\/wp\/v2\/comments?post=1122"}],"wp:featuredmedia":[{"embeddable":true,"href":"https:\/\/www.gdwanjiada.net\/pt\/wp-json\/wp\/v2\/media\/1123"}],"wp:attachment":[{"href":"https:\/\/www.gdwanjiada.net\/pt\/wp-json\/wp\/v2\/media?parent=1122"}],"wp:term":[{"taxonomy":"product_brand","embeddable":true,"href":"https:\/\/www.gdwanjiada.net\/pt\/wp-json\/wp\/v2\/product_brand?post=1122"},{"taxonomy":"product_cat","embeddable":true,"href":"https:\/\/www.gdwanjiada.net\/pt\/wp-json\/wp\/v2\/product_cat?post=1122"},{"taxonomy":"product_tag","embeddable":true,"href":"https:\/\/www.gdwanjiada.net\/pt\/wp-json\/wp\/v2\/product_tag?post=1122"}],"curies":[{"name":"wp","href":"https:\/\/api.w.org\/{rel}","templated":true}]}}