{"id":1118,"date":"2024-10-19T10:01:18","date_gmt":"2024-10-19T10:01:18","guid":{"rendered":"https:\/\/www.gdwanjiada.net\/?post_type=product&#038;p=1118"},"modified":"2024-10-19T10:08:31","modified_gmt":"2024-10-19T10:08:31","slug":"custom-plastic-cabinets","status":"publish","type":"product","link":"https:\/\/www.gdwanjiada.net\/pt\/produto\/custom-plastic-cabinets\/","title":{"rendered":"Arm\u00e1rios de pl\u00e1stico personalizados de 4 camadas, Arm\u00e1rio por atacado para casa e escrit\u00f3rio"},"content":{"rendered":"<h3 class=\"wp-block-heading has-text-align-center\">Especifica\u00e7\u00f5es dos arm\u00e1rios de pl\u00e1stico personalizados<\/h3><figure class=\"wp-block-table\"><table class=\"has-fixed-layout\"><tbody><tr><td>Modelo<\/td><td>Material<\/td><td>Tamanho do produto\uff08cm\uff09<\/td><td>Tamanho da caixa\uff08cm\uff09<\/td><td>Qtd. da embalagem\uff08pcs\uff09<\/td><td>G.W.\uff08kg\uff09<\/td><td>N.W.\uff08kg\uff09<\/td><\/tr><tr><td>214\uff084layers\uff09<\/td><td>PP<\/td><td>20*38*64.6<\/td><td>41*36.5*25<\/td><td>1<\/td><td>2.887<\/td><td>2.277<\/td><\/tr><\/tbody><\/table><\/figure><div class=\"wp-block-columns is-layout-flex wp-container-core-columns-is-layout-9d6595d7 wp-block-columns-is-layout-flex\"><div class=\"wp-block-column is-layout-flow wp-block-column-is-layout-flow\" style=\"flex-basis:50%\"><h3 class=\"wp-block-heading has-text-align-left\">Vantagens dos arm\u00e1rios de pl\u00e1stico personalizados<\/h3>\n\n<ul class=\"wp-block-list\"><li><strong>Solu\u00e7\u00e3o de armazenamento eficiente: <\/strong>Este arm\u00e1rio de pl\u00e1stico de quatro camadas pode satisfazer plenamente as necessidades de armazenamento dos utilizadores, ajudando-os eficazmente a organizar e classificar v\u00e1rios artigos, desde vestu\u00e1rio a artigos de papelaria, que podem ser facilmente armazenados, melhorando a limpeza e a efici\u00eancia do espa\u00e7o.<\/li>\n\n<li><strong>Design personalizado e bonito: <\/strong>Os nossos arm\u00e1rios de pl\u00e1stico personalizados t\u00eam uma variedade de cores de gaveta \u00e0 escolha, permitindo aos utilizadores combinar livremente de acordo com o estilo pessoal e a decora\u00e7\u00e3o de interiores, acrescentando vitalidade e moda ao espa\u00e7o, criando um ambiente mais confort\u00e1vel e bonito para casa e escrit\u00f3rio.<\/li>\n\n<li><strong>Material dur\u00e1vel e leve: <\/strong>O nosso arm\u00e1rio de pl\u00e1stico para venda por grosso \u00e9 feito de materiais pl\u00e1sticos de alta qualidade para garantir que \u00e9 leve e dur\u00e1vel, n\u00e3o \u00e9 f\u00e1cil de danificar, \u00e9 muito adequado para ambientes de utiliza\u00e7\u00e3o frequente e garante uma experi\u00eancia de utiliza\u00e7\u00e3o a longo prazo.<\/li>\n\n<li><strong>Instala\u00e7\u00e3o f\u00e1cil, sem necessidade de ferramentas:<\/strong> Os nossos arm\u00e1rios de pl\u00e1stico personalizados centram-se na experi\u00eancia do utilizador, o processo de montagem \u00e9 simples, n\u00e3o s\u00e3o necess\u00e1rias ferramentas e passos complicados, os utilizadores podem conclu\u00ed-lo facilmente seguindo as instru\u00e7\u00f5es, poupando tempo e energia e colocando rapidamente as solu\u00e7\u00f5es de armazenamento no lugar.<\/li><\/ul><\/div>\n\n<div class=\"wp-block-column is-layout-flow wp-block-column-is-layout-flow\"><figure class=\"wp-block-image size-full\"><img decoding=\"async\" width=\"800\" height=\"800\" src=\"https:\/\/www.gdwanjiada.net\/wp-content\/uploads\/2024\/10\/4-Layers-Custom-Plastic-Cabinets-Wholesale-Cabinet-For-Home-and-Office.webp\" alt=\"Arm\u00e1rios de pl\u00e1stico personalizados de 4 camadas, Arm\u00e1rio por atacado para casa e escrit\u00f3rio\" class=\"wp-image-1119\" srcset=\"https:\/\/www.gdwanjiada.net\/wp-content\/uploads\/2024\/10\/4-Layers-Custom-Plastic-Cabinets-Wholesale-Cabinet-For-Home-and-Office.webp 800w, https:\/\/www.gdwanjiada.net\/wp-content\/uploads\/2024\/10\/4-Layers-Custom-Plastic-Cabinets-Wholesale-Cabinet-For-Home-and-Office-300x300.webp 300w, https:\/\/www.gdwanjiada.net\/wp-content\/uploads\/2024\/10\/4-Layers-Custom-Plastic-Cabinets-Wholesale-Cabinet-For-Home-and-Office-150x150.webp 150w, https:\/\/www.gdwanjiada.net\/wp-content\/uploads\/2024\/10\/4-Layers-Custom-Plastic-Cabinets-Wholesale-Cabinet-For-Home-and-Office-768x768.webp 768w, https:\/\/www.gdwanjiada.net\/wp-content\/uploads\/2024\/10\/4-Layers-Custom-Plastic-Cabinets-Wholesale-Cabinet-For-Home-and-Office-12x12.webp 12w, https:\/\/www.gdwanjiada.net\/wp-content\/uploads\/2024\/10\/4-Layers-Custom-Plastic-Cabinets-Wholesale-Cabinet-For-Home-and-Office-600x600.webp 600w, https:\/\/www.gdwanjiada.net\/wp-content\/uploads\/2024\/10\/4-Layers-Custom-Plastic-Cabinets-Wholesale-Cabinet-For-Home-and-Office-100x100.webp 100w\" sizes=\"(max-width: 800px) 100vw, 800px\" \/><\/figure><\/div><\/div>","protected":false},"excerpt":{"rendered":"<p>Bem-vindo aos arm\u00e1rios de pl\u00e1stico personalizados. Este arm\u00e1rio de pl\u00e1stico de 4 camadas para venda por grosso \u00e9 uma solu\u00e7\u00e3o de arruma\u00e7\u00e3o ideal, proporcionando um amplo espa\u00e7o de arruma\u00e7\u00e3o e uma variedade de op\u00e7\u00f5es de cores. \u00c9 leve e dur\u00e1vel, adequado para v\u00e1rios locais, como casa e escrit\u00f3rio. O design de instala\u00e7\u00e3o conveniente permite que os utilizadores o montem facilmente.<\/p>\n<h2>Carater\u00edsticas do produto\uff1a<\/h2>\n<ul>\n<li>Apresenta um design de quatro camadas com um amplo espa\u00e7o de arruma\u00e7\u00e3o, adequado para organizar vestu\u00e1rio, brinquedos, artigos de papelaria e outros artigos.<\/li>\n<li>As gavetas est\u00e3o dispon\u00edveis numa variedade de cores, e os utilizadores podem combin\u00e1-las de acordo com as suas prefer\u00eancias pessoais e estilo interior para acrescentar beleza ao espa\u00e7o.<\/li>\n<li>Utiliza materiais pl\u00e1sticos leves, que s\u00e3o duradouros e podem suportar o desgaste da utiliza\u00e7\u00e3o di\u00e1ria para garantir uma utiliza\u00e7\u00e3o a longo prazo.<\/li>\n<li>M\u00e9todo de montagem pr\u00e1tico, n\u00e3o s\u00e3o necess\u00e1rias ferramentas profissionais, os utilizadores podem concluir rapidamente a instala\u00e7\u00e3o, poupando tempo e energia.<\/li>\n<li>\u00c9 amplamente utilizado em casas, escrit\u00f3rios, escolas e outros locais, proporcionando aos utilizadores solu\u00e7\u00f5es de armazenamento flex\u00edveis.<\/li>\n<\/ul>","protected":false},"featured_media":1119,"comment_status":"closed","ping_status":"closed","template":"","meta":{"_acf_changed":false},"product_brand":[],"product_cat":[20],"product_tag":[],"class_list":{"0":"post-1118","1":"product","2":"type-product","3":"status-publish","4":"has-post-thumbnail","6":"product_cat-plastic-cabinets-wholesale","8":"first","9":"instock","10":"shipping-taxable","11":"product-type-simple"},"acf":[],"_links":{"self":[{"href":"https:\/\/www.gdwanjiada.net\/pt\/wp-json\/wp\/v2\/product\/1118","targetHints":{"allow":["GET"]}}],"collection":[{"href":"https:\/\/www.gdwanjiada.net\/pt\/wp-json\/wp\/v2\/product"}],"about":[{"href":"https:\/\/www.gdwanjiada.net\/pt\/wp-json\/wp\/v2\/types\/product"}],"replies":[{"embeddable":true,"href":"https:\/\/www.gdwanjiada.net\/pt\/wp-json\/wp\/v2\/comments?post=1118"}],"wp:featuredmedia":[{"embeddable":true,"href":"https:\/\/www.gdwanjiada.net\/pt\/wp-json\/wp\/v2\/media\/1119"}],"wp:attachment":[{"href":"https:\/\/www.gdwanjiada.net\/pt\/wp-json\/wp\/v2\/media?parent=1118"}],"wp:term":[{"taxonomy":"product_brand","embeddable":true,"href":"https:\/\/www.gdwanjiada.net\/pt\/wp-json\/wp\/v2\/product_brand?post=1118"},{"taxonomy":"product_cat","embeddable":true,"href":"https:\/\/www.gdwanjiada.net\/pt\/wp-json\/wp\/v2\/product_cat?post=1118"},{"taxonomy":"product_tag","embeddable":true,"href":"https:\/\/www.gdwanjiada.net\/pt\/wp-json\/wp\/v2\/product_tag?post=1118"}],"curies":[{"name":"wp","href":"https:\/\/api.w.org\/{rel}","templated":true}]}}