{"id":1116,"date":"2024-10-19T09:44:46","date_gmt":"2024-10-19T09:44:46","guid":{"rendered":"https:\/\/www.gdwanjiada.net\/?post_type=product&#038;p=1116"},"modified":"2024-10-19T10:01:08","modified_gmt":"2024-10-19T10:01:08","slug":"wholesale-storage-cabinets","status":"publish","type":"product","link":"https:\/\/www.gdwanjiada.net\/pt\/produto\/wholesale-storage-cabinets\/","title":{"rendered":"Arm\u00e1rios de armazenamento por atacado de 3 camadas, arm\u00e1rios de pl\u00e1stico personalizados para armazenamento dom\u00e9stico"},"content":{"rendered":"<h3 class=\"wp-block-heading has-text-align-center\">Especifica\u00e7\u00f5es dos arm\u00e1rios de armazenagem por grosso<\/h3><figure class=\"wp-block-table\"><table class=\"has-fixed-layout\"><tbody><tr><td>Modelo<\/td><td>Material<\/td><td>Tamanho do produto\uff08cm\uff09<\/td><td>Tamanho da caixa\uff08cm\uff09<\/td><td>Qtd. da embalagem\uff08pcs\uff09<\/td><td>G.W.\uff08kg\uff09<\/td><td>N.W.\uff08kg\uff09<\/td><\/tr><tr><td>213\uff083layers\uff09<\/td><td>PP<\/td><td>20*38*49.4<\/td><td>41*36.5*20<\/td><td>1<\/td><td>2.312<\/td><td>1.762<\/td><\/tr><\/tbody><\/table><\/figure><div class=\"wp-block-columns is-layout-flex wp-container-core-columns-is-layout-9d6595d7 wp-block-columns-is-layout-flex\"><div class=\"wp-block-column is-layout-flow wp-block-column-is-layout-flow\" style=\"flex-basis:50%\"><h3 class=\"wp-block-heading has-text-align-left\">Vantagens dos arm\u00e1rios de armazenagem por grosso<\/h3>\n\n<ul class=\"wp-block-list\"><li><strong>Solu\u00e7\u00f5es de armazenamento flex\u00edveis:<\/strong> Este arm\u00e1rio de arruma\u00e7\u00e3o de pl\u00e1stico de tr\u00eas camadas oferece muito espa\u00e7o de arruma\u00e7\u00e3o, o que pode ajudar eficazmente os utilizadores a organizar e classificar roupas, brinquedos e outros artigos, e melhorar a limpeza e a efici\u00eancia dos ambientes dom\u00e9sticos e de escrit\u00f3rio.<\/li>\n\n<li><strong>Design personalizado, acrescentando beleza: <\/strong>Estes arm\u00e1rios de pl\u00e1stico personalizados t\u00eam uma variedade de op\u00e7\u00f5es de gavetas coloridas, que podem facilmente combinar com diferentes estilos de decora\u00e7\u00e3o de interiores, acrescentar vitalidade e beleza ao ambiente e criar um espa\u00e7o de vida confort\u00e1vel.<\/li>\n\n<li><strong>Materiais de alta qualidade, duradouros e resistentes: <\/strong>Os nossos arm\u00e1rios de arruma\u00e7\u00e3o por atacado s\u00e3o feitos de materiais pl\u00e1sticos de alta qualidade, que s\u00e3o simultaneamente leves e resistentes, garantindo que os arm\u00e1rios de arruma\u00e7\u00e3o n\u00e3o s\u00e3o facilmente danificados na utiliza\u00e7\u00e3o di\u00e1ria, proporcionando aos utilizadores uma experi\u00eancia de utiliza\u00e7\u00e3o a longo prazo, adequada para uma variedade de locais como a casa e a escola.<\/li>\n\n<li><strong>Processo de instala\u00e7\u00e3o f\u00e1cil: <\/strong>Os nossos arm\u00e1rios de pl\u00e1stico personalizados s\u00e3o bem concebidos e podem ser montados rapidamente pelos utilizadores sem ferramentas ou passos complicados, permitindo-lhes poupar tempo e desfrutar facilmente de solu\u00e7\u00f5es de armazenamento eficientes.<\/li><\/ul><\/div>\n\n<div class=\"wp-block-column is-layout-flow wp-block-column-is-layout-flow\"><figure class=\"wp-block-image size-full\"><img decoding=\"async\" width=\"800\" height=\"800\" src=\"https:\/\/www.gdwanjiada.net\/wp-content\/uploads\/2024\/10\/3-Layers-Wholesale-Storage-Cabinets-Custom-Plastic-Cabinets-For-Home-Storage.webp\" alt=\"Arm\u00e1rios de armazenamento por atacado de 3 camadas, arm\u00e1rios de pl\u00e1stico personalizados para armazenamento dom\u00e9stico\" class=\"wp-image-1117\" srcset=\"https:\/\/www.gdwanjiada.net\/wp-content\/uploads\/2024\/10\/3-Layers-Wholesale-Storage-Cabinets-Custom-Plastic-Cabinets-For-Home-Storage.webp 800w, https:\/\/www.gdwanjiada.net\/wp-content\/uploads\/2024\/10\/3-Layers-Wholesale-Storage-Cabinets-Custom-Plastic-Cabinets-For-Home-Storage-300x300.webp 300w, https:\/\/www.gdwanjiada.net\/wp-content\/uploads\/2024\/10\/3-Layers-Wholesale-Storage-Cabinets-Custom-Plastic-Cabinets-For-Home-Storage-150x150.webp 150w, https:\/\/www.gdwanjiada.net\/wp-content\/uploads\/2024\/10\/3-Layers-Wholesale-Storage-Cabinets-Custom-Plastic-Cabinets-For-Home-Storage-768x768.webp 768w, https:\/\/www.gdwanjiada.net\/wp-content\/uploads\/2024\/10\/3-Layers-Wholesale-Storage-Cabinets-Custom-Plastic-Cabinets-For-Home-Storage-12x12.webp 12w, https:\/\/www.gdwanjiada.net\/wp-content\/uploads\/2024\/10\/3-Layers-Wholesale-Storage-Cabinets-Custom-Plastic-Cabinets-For-Home-Storage-600x600.webp 600w, https:\/\/www.gdwanjiada.net\/wp-content\/uploads\/2024\/10\/3-Layers-Wholesale-Storage-Cabinets-Custom-Plastic-Cabinets-For-Home-Storage-100x100.webp 100w\" sizes=\"(max-width: 800px) 100vw, 800px\" \/><\/figure><\/div><\/div>","protected":false},"excerpt":{"rendered":"<p>Bem-vindo aos arm\u00e1rios de pl\u00e1stico personalizados. Os nossos arm\u00e1rios de armazenamento por atacado de 3 camadas s\u00e3o a solu\u00e7\u00e3o de armazenamento ideal, proporcionando espa\u00e7o de armazenamento abundante e uma variedade de cores. \u00c9 leve e dur\u00e1vel, adequado para uso dom\u00e9stico e comercial. O design de instala\u00e7\u00e3o conveniente permite que os utilizadores montem facilmente, e \u00e9 amplamente utilizado para o armazenamento de roupas, brinquedos e outros itens, criando um ambiente limpo e ordenado para os utilizadores.<\/p>\n<h2>Carater\u00edsticas do produto\uff1a<\/h2>\n<ul>\n<li>Oferece um amplo espa\u00e7o de arruma\u00e7\u00e3o para roupas, brinquedos e outros objectos.<\/li>\n<li>As gavetas est\u00e3o dispon\u00edveis numa variedade de cores para dar vitalidade e beleza ao espa\u00e7o.<\/li>\n<li>Leve e dur\u00e1vel, pode suportar o desgaste da utiliza\u00e7\u00e3o di\u00e1ria.<\/li>\n<li>Os utilizadores podem mont\u00e1-lo rapidamente sem ferramentas profissionais e passos complicados.<\/li>\n<li>Amplamente utilizado em locais como a casa, a escola e o escrit\u00f3rio.<\/li>\n<\/ul>","protected":false},"featured_media":1117,"comment_status":"closed","ping_status":"closed","template":"","meta":{"_acf_changed":false},"product_brand":[],"product_cat":[20],"product_tag":[],"class_list":{"0":"post-1116","1":"product","2":"type-product","3":"status-publish","4":"has-post-thumbnail","6":"product_cat-plastic-cabinets-wholesale","8":"first","9":"instock","10":"shipping-taxable","11":"product-type-simple"},"acf":[],"_links":{"self":[{"href":"https:\/\/www.gdwanjiada.net\/pt\/wp-json\/wp\/v2\/product\/1116","targetHints":{"allow":["GET"]}}],"collection":[{"href":"https:\/\/www.gdwanjiada.net\/pt\/wp-json\/wp\/v2\/product"}],"about":[{"href":"https:\/\/www.gdwanjiada.net\/pt\/wp-json\/wp\/v2\/types\/product"}],"replies":[{"embeddable":true,"href":"https:\/\/www.gdwanjiada.net\/pt\/wp-json\/wp\/v2\/comments?post=1116"}],"wp:featuredmedia":[{"embeddable":true,"href":"https:\/\/www.gdwanjiada.net\/pt\/wp-json\/wp\/v2\/media\/1117"}],"wp:attachment":[{"href":"https:\/\/www.gdwanjiada.net\/pt\/wp-json\/wp\/v2\/media?parent=1116"}],"wp:term":[{"taxonomy":"product_brand","embeddable":true,"href":"https:\/\/www.gdwanjiada.net\/pt\/wp-json\/wp\/v2\/product_brand?post=1116"},{"taxonomy":"product_cat","embeddable":true,"href":"https:\/\/www.gdwanjiada.net\/pt\/wp-json\/wp\/v2\/product_cat?post=1116"},{"taxonomy":"product_tag","embeddable":true,"href":"https:\/\/www.gdwanjiada.net\/pt\/wp-json\/wp\/v2\/product_tag?post=1116"}],"curies":[{"name":"wp","href":"https:\/\/api.w.org\/{rel}","templated":true}]}}