{"id":1073,"date":"2024-10-07T07:50:31","date_gmt":"2024-10-07T07:50:31","guid":{"rendered":"https:\/\/www.gdwanjiada.net\/?post_type=product&#038;p=1073"},"modified":"2024-10-07T08:20:19","modified_gmt":"2024-10-07T08:20:19","slug":"wholesale-cabinets-for-clothes","status":"publish","type":"product","link":"https:\/\/www.gdwanjiada.net\/pt\/produto\/wholesale-cabinets-for-clothes\/","title":{"rendered":"Arm\u00e1rios de 4 camadas por atacado para roupas, arm\u00e1rios de pl\u00e1stico personalizados a granel"},"content":{"rendered":"<h3 class=\"wp-block-heading has-text-align-center\">Especifica\u00e7\u00f5es dos arm\u00e1rios por grosso<\/h3><figure class=\"wp-block-table\"><table class=\"has-fixed-layout\"><tbody><tr><td>Modelo<\/td><td>Material<\/td><td>Tamanho do produto\uff08cm\uff09<\/td><td>Tamanho da caixa\uff08cm\uff09<\/td><td>Qtd. da embalagem\uff08pcs\uff09<\/td><td>G.W.\uff08kg\uff09<\/td><td>N.W.\uff08kg\uff09<\/td><\/tr><tr><td>704\uff084 camadas\uff09<\/td><td>ABS+PP<\/td><td>69*38*144<\/td><td>72*42.5*34.5<\/td><td>1<\/td><td>12.1<\/td><td>10.57<\/td><\/tr><\/tbody><\/table><\/figure><div class=\"wp-block-columns is-layout-flex wp-container-core-columns-is-layout-9d6595d7 wp-block-columns-is-layout-flex\"><div class=\"wp-block-column is-layout-flow wp-block-column-is-layout-flow\" style=\"flex-basis:50%\"><h3 class=\"wp-block-heading has-text-align-left\">Vantagens dos arm\u00e1rios por grosso<\/h3>\n\n<ul class=\"wp-block-list\"><li><strong>Armazenamento de grande capacidade: <\/strong>Estes arm\u00e1rios grossistas t\u00eam quatro camadas de design de grande capacidade, que podem facilmente armazenar roupa, roupa de cama, etc., adequados para quartos de fam\u00edlia, dormit\u00f3rios ou quartos de crian\u00e7as, ajudando os utilizadores a organizar o espa\u00e7o de forma eficiente.<\/li>\n\n<li><strong>Dur\u00e1vel e f\u00e1cil de limpar: <\/strong>Os nossos arm\u00e1rios de pl\u00e1stico personalizados a granel s\u00e3o feitos de pl\u00e1stico de alta qualidade, que n\u00e3o s\u00f3 \u00e9 \u00e0 prova de humidade e resistente ao desgaste, como tamb\u00e9m \u00e9 f\u00e1cil de limpar, garantindo a utiliza\u00e7\u00e3o a longo prazo do arm\u00e1rio e mantendo o seu aspeto como novo.<\/li>\n\n<li><strong>Leve e f\u00e1cil de deslocar: <\/strong>Os nossos arm\u00e1rios para venda por grosso t\u00eam uma estrutura leve e os utilizadores podem desloc\u00e1-los ou reorganiz\u00e1-los facilmente, o que \u00e9 especialmente adequado para pequenos apartamentos ou cen\u00e1rios que t\u00eam de ser deslocados frequentemente.<\/li>\n\n<li><strong>Design personaliz\u00e1vel: <\/strong>Os nossos arm\u00e1rios de pl\u00e1stico personalizados a granel suportam op\u00e7\u00f5es personalizadas de v\u00e1rios tamanhos, cores e camadas, tornando o produto mais em linha com as necessidades de vida personalizadas.<\/li><\/ul><\/div>\n\n<div class=\"wp-block-column is-layout-flow wp-block-column-is-layout-flow\"><figure class=\"wp-block-image size-full\"><img decoding=\"async\" width=\"800\" height=\"800\" src=\"https:\/\/www.gdwanjiada.net\/wp-content\/uploads\/2024\/10\/4-Layers-Wholesale-Cabinets-For-Clothes-Custom-Plastic-Cabinets-Bulk-2.webp\" alt=\"Arm\u00e1rios de 4 camadas por atacado para roupas, arm\u00e1rios de pl\u00e1stico personalizados a granel-2\" class=\"wp-image-1075\" srcset=\"https:\/\/www.gdwanjiada.net\/wp-content\/uploads\/2024\/10\/4-Layers-Wholesale-Cabinets-For-Clothes-Custom-Plastic-Cabinets-Bulk-2.webp 800w, https:\/\/www.gdwanjiada.net\/wp-content\/uploads\/2024\/10\/4-Layers-Wholesale-Cabinets-For-Clothes-Custom-Plastic-Cabinets-Bulk-2-300x300.webp 300w, https:\/\/www.gdwanjiada.net\/wp-content\/uploads\/2024\/10\/4-Layers-Wholesale-Cabinets-For-Clothes-Custom-Plastic-Cabinets-Bulk-2-150x150.webp 150w, https:\/\/www.gdwanjiada.net\/wp-content\/uploads\/2024\/10\/4-Layers-Wholesale-Cabinets-For-Clothes-Custom-Plastic-Cabinets-Bulk-2-768x768.webp 768w, https:\/\/www.gdwanjiada.net\/wp-content\/uploads\/2024\/10\/4-Layers-Wholesale-Cabinets-For-Clothes-Custom-Plastic-Cabinets-Bulk-2-12x12.webp 12w, https:\/\/www.gdwanjiada.net\/wp-content\/uploads\/2024\/10\/4-Layers-Wholesale-Cabinets-For-Clothes-Custom-Plastic-Cabinets-Bulk-2-600x600.webp 600w, https:\/\/www.gdwanjiada.net\/wp-content\/uploads\/2024\/10\/4-Layers-Wholesale-Cabinets-For-Clothes-Custom-Plastic-Cabinets-Bulk-2-100x100.webp 100w\" sizes=\"(max-width: 800px) 100vw, 800px\" \/><\/figure><\/div><\/div>","protected":false},"excerpt":{"rendered":"<p>Bem-vindo aos arm\u00e1rios de pl\u00e1stico personalizados a granel. Estes arm\u00e1rios por atacado oferecem um espa\u00e7o de armazenamento de grande capacidade, adequado para organizar roupas e necessidades di\u00e1rias. Feito de material pl\u00e1stico de alta qualidade, \u00e9 \u00e0 prova de humidade, dur\u00e1vel e f\u00e1cil de limpar. O design do arm\u00e1rio \u00e9 leve e f\u00e1cil de mover, tornando-o uma escolha ideal para casa e dormit\u00f3rio.<\/p>\n<h2>Carater\u00edsticas do produto\uff1a<\/h2>\n<ul>\n<li>O design das divis\u00f3rias de quatro camadas proporciona um amplo espa\u00e7o de arruma\u00e7\u00e3o para roupas e objectos de uso di\u00e1rio.<\/li>\n<li>Utilizando materiais pl\u00e1sticos de alta qualidade, o arm\u00e1rio \u00e9 robusto e dur\u00e1vel, \u00e0 prova de humidade e de ferrugem, adequado para uma utiliza\u00e7\u00e3o a longo prazo.<\/li>\n<li>O design \u00e9 leve e f\u00e1cil de deslocar e mudar de lugar sem demasiado trabalho.<\/li>\n<li>Suporta tamanho, cor e n\u00famero de camadas personalizados para satisfazer as necessidades de diferentes fam\u00edlias e espa\u00e7os.<\/li>\n<li>Cada camada de gavetas tem um fecho de seguran\u00e7a para garantir que os objectos n\u00e3o caem ou tombam facilmente.<\/li>\n<\/ul>","protected":false},"featured_media":1078,"comment_status":"closed","ping_status":"closed","template":"","meta":{"_acf_changed":false},"product_brand":[],"product_cat":[20],"product_tag":[],"class_list":{"0":"post-1073","1":"product","2":"type-product","3":"status-publish","4":"has-post-thumbnail","6":"product_cat-plastic-cabinets-wholesale","8":"first","9":"instock","10":"shipping-taxable","11":"product-type-simple"},"acf":[],"_links":{"self":[{"href":"https:\/\/www.gdwanjiada.net\/pt\/wp-json\/wp\/v2\/product\/1073","targetHints":{"allow":["GET"]}}],"collection":[{"href":"https:\/\/www.gdwanjiada.net\/pt\/wp-json\/wp\/v2\/product"}],"about":[{"href":"https:\/\/www.gdwanjiada.net\/pt\/wp-json\/wp\/v2\/types\/product"}],"replies":[{"embeddable":true,"href":"https:\/\/www.gdwanjiada.net\/pt\/wp-json\/wp\/v2\/comments?post=1073"}],"wp:featuredmedia":[{"embeddable":true,"href":"https:\/\/www.gdwanjiada.net\/pt\/wp-json\/wp\/v2\/media\/1078"}],"wp:attachment":[{"href":"https:\/\/www.gdwanjiada.net\/pt\/wp-json\/wp\/v2\/media?parent=1073"}],"wp:term":[{"taxonomy":"product_brand","embeddable":true,"href":"https:\/\/www.gdwanjiada.net\/pt\/wp-json\/wp\/v2\/product_brand?post=1073"},{"taxonomy":"product_cat","embeddable":true,"href":"https:\/\/www.gdwanjiada.net\/pt\/wp-json\/wp\/v2\/product_cat?post=1073"},{"taxonomy":"product_tag","embeddable":true,"href":"https:\/\/www.gdwanjiada.net\/pt\/wp-json\/wp\/v2\/product_tag?post=1073"}],"curies":[{"name":"wp","href":"https:\/\/api.w.org\/{rel}","templated":true}]}}