{"id":1064,"date":"2024-10-07T07:36:38","date_gmt":"2024-10-07T07:36:38","guid":{"rendered":"https:\/\/www.gdwanjiada.net\/?post_type=product&#038;p=1064"},"modified":"2025-01-16T02:25:59","modified_gmt":"2025-01-16T02:25:59","slug":"portable-fans-wholesale","status":"publish","type":"product","link":"https:\/\/www.gdwanjiada.net\/pt\/produto\/portable-fans-wholesale\/","title":{"rendered":"Ventiladores port\u00e1teis sem p\u00e1s por atacado, ventiladores a granel operados por bateria"},"content":{"rendered":"<h3 class=\"wp-block-heading has-text-align-center\">Especifica\u00e7\u00f5es de Ventiladores port\u00e1teis por atacado<\/h3><figure class=\"wp-block-table\"><table class=\"has-fixed-layout\"><tbody><tr><td rowspan=\"2\">Modelo<\/td><td rowspan=\"2\">Pot\u00eancia\uff08W\uff09<\/td><td rowspan=\"2\">Tens\u00e3o\uff08V\uff09<\/td><td rowspan=\"2\">Velocidade<\/td><td rowspan=\"2\">G.W.\uff08g\uff09<\/td><td rowspan=\"2\">Tamanho do produto\uff08mm\uff09<\/td><td rowspan=\"2\">Tamanho da embalagem\uff08mm\uff09<\/td><td rowspan=\"2\">Tamanho da caixa\uff08mm\uff09<\/td><td rowspan=\"2\">Embalagem Q'ty\uff08pc\uff09<\/td><td rowspan=\"2\">Caixa de cart\u00e3o G.W.\uff08kg\uff09<\/td><td rowspan=\"2\">Alimenta\u00e7\u00e3o el\u00e9ctrica<\/td><td rowspan=\"2\">Capacidade da bateria<\/td><td colspan=\"2\">Q'ty de carregamento<\/td><\/tr><tr><td>20GP<\/td><td>40HQ<\/td><\/tr><tr><td>F05<\/td><td>9<\/td><td>5<\/td><td>5<\/td><td>600<\/td><td>160*95*215<\/td><td>165*100*220<\/td><td>620*350*440<\/td><td>18<\/td><td>16.5<\/td><td>Tipo C\/Bateria<\/td><td>1800mh<\/td><td>6720<\/td><td>16320<\/td><\/tr><\/tbody><\/table><\/figure><div class=\"wp-block-columns is-layout-flex wp-container-core-columns-is-layout-9d6595d7 wp-block-columns-is-layout-flex\"><div class=\"wp-block-column is-layout-flow wp-block-column-is-layout-flow\" style=\"flex-basis:50%\"><h3 class=\"wp-block-heading has-text-align-left\">Vantagens das ventoinhas port\u00e1teis por atacado<\/h3>\n\n<ul class=\"wp-block-list\"><li><strong>Regula\u00e7\u00e3o da velocidade do vento com 6 velocidades: <\/strong>As nossas ventoinhas port\u00e1teis sem l\u00e2minas fornecem um ajuste da velocidade do vento de 6 velocidades para satisfazer as diversas necessidades, desde a brisa ao fluxo de ar forte, entre as quais a 6\u00aa velocidade \u00e9 vari\u00e1vel, simulando a mudan\u00e7a do vento natural, proporcionando uma experi\u00eancia de sensa\u00e7\u00e3o de vento mais confort\u00e1vel.<\/li>\n\n<li><strong>M\u00faltiplos modos de ilumina\u00e7\u00e3o: <\/strong>As nossas ventoinhas a pilhas est\u00e3o equipadas com uma fun\u00e7\u00e3o de escurecimento cont\u00ednuo dos far\u00f3is, os utilizadores podem ajustar o brilho da luz de acordo com as necessidades ambientais, com v\u00e1rios modos de ilumina\u00e7\u00e3o, adequados para diferentes cen\u00e1rios.<\/li>\n\n<li><strong>Regula\u00e7\u00e3o da dire\u00e7\u00e3o do vento a toda a volta: <\/strong>Estas ventoinhas port\u00e1teis sem p\u00e1s suportam a oscila\u00e7\u00e3o autom\u00e1tica para a esquerda e para a direita e o ajuste direcional para cima e para baixo do \u00e2ngulo da ventoinha para garantir que o ar possa fluir uniformemente para todos os cantos da sala.<\/li>\n\n<li><strong>Gancho e controlo sem fios: <\/strong>Estas ventoinhas a granel alimentadas a pilhas t\u00eam um design em forma de gancho na base, que permite a sua utiliza\u00e7\u00e3o suspensa e poupa espa\u00e7o. Ao mesmo tempo, est\u00e1 equipada com um controlo remoto sem fios, os utilizadores podem facilmente controlar \u00e0 dist\u00e2ncia a ventoinha e a luz, e verificar a velocidade do vento, o brilho da luz e o estado da energia com o ecr\u00e3.<\/li><\/ul><\/div>\n\n<div class=\"wp-block-column is-layout-flow wp-block-column-is-layout-flow\"><figure class=\"wp-block-image size-full\"><img decoding=\"async\" width=\"800\" height=\"800\" src=\"https:\/\/www.gdwanjiada.net\/wp-content\/uploads\/2024\/10\/Bladeless-Portable-Fans-Wholesale-Bulk-Battery-Operated-Fans-6.webp\" alt=\"Ventiladores port\u00e1teis sem p\u00e1s por atacado, ventiladores a granel operados por bateria-6\" class=\"wp-image-1070\" srcset=\"https:\/\/www.gdwanjiada.net\/wp-content\/uploads\/2024\/10\/Bladeless-Portable-Fans-Wholesale-Bulk-Battery-Operated-Fans-6.webp 800w, https:\/\/www.gdwanjiada.net\/wp-content\/uploads\/2024\/10\/Bladeless-Portable-Fans-Wholesale-Bulk-Battery-Operated-Fans-6-300x300.webp 300w, https:\/\/www.gdwanjiada.net\/wp-content\/uploads\/2024\/10\/Bladeless-Portable-Fans-Wholesale-Bulk-Battery-Operated-Fans-6-150x150.webp 150w, https:\/\/www.gdwanjiada.net\/wp-content\/uploads\/2024\/10\/Bladeless-Portable-Fans-Wholesale-Bulk-Battery-Operated-Fans-6-768x768.webp 768w, https:\/\/www.gdwanjiada.net\/wp-content\/uploads\/2024\/10\/Bladeless-Portable-Fans-Wholesale-Bulk-Battery-Operated-Fans-6-12x12.webp 12w, https:\/\/www.gdwanjiada.net\/wp-content\/uploads\/2024\/10\/Bladeless-Portable-Fans-Wholesale-Bulk-Battery-Operated-Fans-6-600x600.webp 600w, https:\/\/www.gdwanjiada.net\/wp-content\/uploads\/2024\/10\/Bladeless-Portable-Fans-Wholesale-Bulk-Battery-Operated-Fans-6-100x100.webp 100w\" sizes=\"(max-width: 800px) 100vw, 800px\" \/><\/figure><\/div><\/div>","protected":false},"excerpt":{"rendered":"<p>Bem-vindo \u00e0 compra de ventoinhas a pilhas a granel. Esta ventoinha port\u00e1til sem l\u00e2minas oferece 6 velocidades de ajuste da velocidade do vento e v\u00e1rios modos de ilumina\u00e7\u00e3o, que podem adaptar-se de forma flex\u00edvel a diferentes necessidades ambientais. O ventilador suporta o balan\u00e7o autom\u00e1tico para a esquerda e para a direita e o ajuste direcional para cima e para baixo, com um design de gancho de base e um controlo remoto sem fios.<\/p>\n<h2>Carater\u00edsticas do produto\uff1a<\/h2>\n<ul>\n<li>M\u00faltiplos cen\u00e1rios de utiliza\u00e7\u00e3o, como o ambiente de trabalho, pendurado, ao ar livre, etc.<\/li>\n<li>6 velocidades de vento ajust\u00e1veis e a n.\u00ba 6 \u00e9 a velocidade do vento vari\u00e1vel.<\/li>\n<li>A ilumina\u00e7\u00e3o frontal \u00e9 regul\u00e1vel de forma infinita com v\u00e1rios modos de luz.<\/li>\n<li>Esquerda-direita por oscila\u00e7\u00e3o autom\u00e1tica, Cima-baixo por ajuste do \u00e2ngulo direcional do ventilador.<\/li>\n<li>Base com gancho para pendurar.<\/li>\n<li>Controlo remoto sem fios dispon\u00edvel (op\u00e7\u00e3o).<\/li>\n<li>Ecr\u00e3 de visualiza\u00e7\u00e3o = regula\u00e7\u00e3o da velocidade do ar + regula\u00e7\u00e3o da intensidade da luz sem escal\u00f5es + quantidade de eletricidade.<\/li>\n<li>Pode ser adicionado l\u00edquido de aromaterapia, l\u00edquido repelente de mosquitos e l\u00edquido desinfetante.<\/li>\n<\/ul>","protected":false},"featured_media":1071,"comment_status":"closed","ping_status":"closed","template":"","meta":{"_acf_changed":false},"product_brand":[],"product_cat":[23,24],"product_tag":[38],"class_list":{"0":"post-1064","1":"product","2":"type-product","3":"status-publish","4":"has-post-thumbnail","6":"product_cat-wholesale-portable-fans","7":"product_cat-air-circulation-fan-wholesale","8":"product_tag-wholesale-bladeless-fans","10":"first","11":"instock","12":"shipping-taxable","13":"product-type-simple"},"acf":[],"_links":{"self":[{"href":"https:\/\/www.gdwanjiada.net\/pt\/wp-json\/wp\/v2\/product\/1064","targetHints":{"allow":["GET"]}}],"collection":[{"href":"https:\/\/www.gdwanjiada.net\/pt\/wp-json\/wp\/v2\/product"}],"about":[{"href":"https:\/\/www.gdwanjiada.net\/pt\/wp-json\/wp\/v2\/types\/product"}],"replies":[{"embeddable":true,"href":"https:\/\/www.gdwanjiada.net\/pt\/wp-json\/wp\/v2\/comments?post=1064"}],"wp:featuredmedia":[{"embeddable":true,"href":"https:\/\/www.gdwanjiada.net\/pt\/wp-json\/wp\/v2\/media\/1071"}],"wp:attachment":[{"href":"https:\/\/www.gdwanjiada.net\/pt\/wp-json\/wp\/v2\/media?parent=1064"}],"wp:term":[{"taxonomy":"product_brand","embeddable":true,"href":"https:\/\/www.gdwanjiada.net\/pt\/wp-json\/wp\/v2\/product_brand?post=1064"},{"taxonomy":"product_cat","embeddable":true,"href":"https:\/\/www.gdwanjiada.net\/pt\/wp-json\/wp\/v2\/product_cat?post=1064"},{"taxonomy":"product_tag","embeddable":true,"href":"https:\/\/www.gdwanjiada.net\/pt\/wp-json\/wp\/v2\/product_tag?post=1064"}],"curies":[{"name":"wp","href":"https:\/\/api.w.org\/{rel}","templated":true}]}}