{"id":1053,"date":"2024-10-07T06:26:06","date_gmt":"2024-10-07T06:26:06","guid":{"rendered":"https:\/\/www.gdwanjiada.net\/?post_type=product&#038;p=1053"},"modified":"2025-01-16T02:26:22","modified_gmt":"2025-01-16T02:26:22","slug":"wholesale-bladeless-fans","status":"publish","type":"product","link":"https:\/\/www.gdwanjiada.net\/pt\/produto\/wholesale-bladeless-fans\/","title":{"rendered":"Ventiladores sem p\u00e1s por atacado, ventiladores a granel operados por bateria com fun\u00e7\u00e3o de circula\u00e7\u00e3o de ar"},"content":{"rendered":"<h3 class=\"wp-block-heading has-text-align-center\">Especifica\u00e7\u00f5es dos ventiladores sem p\u00e1s por atacado<\/h3><figure class=\"wp-block-table\"><table class=\"has-fixed-layout\"><tbody><tr><td rowspan=\"2\">Modelo<\/td><td rowspan=\"2\">Pot\u00eancia\uff08W\uff09<\/td><td rowspan=\"2\">Tens\u00e3o\uff08V\uff09<\/td><td rowspan=\"2\">Velocidade<\/td><td rowspan=\"2\">G.W.\uff08g\uff09<\/td><td rowspan=\"2\">Tamanho do produto\uff08mm\uff09<\/td><td rowspan=\"2\">Tamanho da embalagem\uff08mm\uff09<\/td><td rowspan=\"2\">Tamanho da caixa\uff08mm\uff09<\/td><td rowspan=\"2\">Embalagem Q'ty\uff08pc\uff09<\/td><td rowspan=\"2\">Caixa de cart\u00e3o G.W.\uff08kg\uff09<\/td><td rowspan=\"2\">Alimenta\u00e7\u00e3o el\u00e9ctrica<\/td><td rowspan=\"2\">Capacidade da bateria<\/td><td colspan=\"2\">Q'ty de carregamento<\/td><\/tr><tr><td>20GP<\/td><td>40HQ<\/td><\/tr><tr><td>Y-3<\/td><td>9<\/td><td>5<\/td><td>3<\/td><td>800<\/td><td>205*185*290<\/td><td>205*185*290<\/td><td>790*450*630<\/td><td>16<\/td><td>14<\/td><td>Tipo C\/Bateria<\/td><td>2400mh<\/td><td>2000<\/td><td>4864<\/td><\/tr><\/tbody><\/table><\/figure><div class=\"wp-block-columns is-layout-flex wp-container-core-columns-is-layout-9d6595d7 wp-block-columns-is-layout-flex\"><div class=\"wp-block-column is-layout-flow wp-block-column-is-layout-flow\" style=\"flex-basis:50%\"><h3 class=\"wp-block-heading has-text-align-left\">Vantagens das ventoinhas sem p\u00e1s por grosso<\/h3>\n\n<ul class=\"wp-block-list\"><li><strong>F\u00e1cil de operar e c\u00f3modo de utilizar: <\/strong>As nossas ventoinhas sem p\u00e1s por atacado est\u00e3o equipadas com uma fun\u00e7\u00e3o de ligar\/desligar com um toque, permitindo aos utilizadores ligar ou desligar rapidamente o dispositivo com apenas um toque, o que \u00e9 f\u00e1cil de operar.<\/li>\n\n<li><strong>Design sem l\u00e2minas, seguro e fi\u00e1vel: <\/strong>Estas ventoinhas a granel alimentadas a pilhas utilizam uma tecnologia inovadora de fornecimento de ar sem p\u00e1s para evitar os riscos de seguran\u00e7a causados pela rota\u00e7\u00e3o das p\u00e1s nas ventoinhas tradicionais. S\u00e3o especialmente adequadas para fam\u00edlias com crian\u00e7as ou animais de estima\u00e7\u00e3o, proporcionando um forte fluxo de ar e garantindo a seguran\u00e7a.<\/li>\n\n<li><strong>V\u00e1rias velocidades do vento para satisfazer necessidades personalizadas: <\/strong>As nossas ventoinhas sem p\u00e1s por atacado t\u00eam 3 fun\u00e7\u00f5es de ajuste da velocidade do vento, permitindo aos utilizadores escolher a velocidade do vento adequada de acordo com diferentes ambientes e necessidades pessoais, desde o vento natural suave \u00e0 forte circula\u00e7\u00e3o de ar, e responder de forma flex\u00edvel a v\u00e1rios cen\u00e1rios de utiliza\u00e7\u00e3o.<\/li>\n\n<li><strong>Design flex\u00edvel da sa\u00edda de ar para melhorar a circula\u00e7\u00e3o do ar: <\/strong>O design de sa\u00edda de ar manual para cima e para baixo destas ventoinhas a pilhas permite aos utilizadores ajustar livremente o \u00e2ngulo de sa\u00edda de ar, obter uma gama mais ampla de circula\u00e7\u00e3o de ar, otimizar o efeito de circula\u00e7\u00e3o do ar interior e proporcionar uma experi\u00eancia de utiliza\u00e7\u00e3o mais confort\u00e1vel.<\/li><\/ul><\/div>\n\n<div class=\"wp-block-column is-layout-flow wp-block-column-is-layout-flow\"><figure class=\"wp-block-image size-full\"><img decoding=\"async\" width=\"800\" height=\"800\" src=\"https:\/\/www.gdwanjiada.net\/wp-content\/uploads\/2024\/10\/Wholesale-Bladeless-Fans-Bulk-Battery-Operated-Fans-With-Air-Circulation-Function-6.webp\" alt=\"Ventiladores sem p\u00e1s por atacado, ventiladores a granel operados por bateria com fun\u00e7\u00e3o de circula\u00e7\u00e3o de ar-6\" class=\"wp-image-1059\" srcset=\"https:\/\/www.gdwanjiada.net\/wp-content\/uploads\/2024\/10\/Wholesale-Bladeless-Fans-Bulk-Battery-Operated-Fans-With-Air-Circulation-Function-6.webp 800w, https:\/\/www.gdwanjiada.net\/wp-content\/uploads\/2024\/10\/Wholesale-Bladeless-Fans-Bulk-Battery-Operated-Fans-With-Air-Circulation-Function-6-300x300.webp 300w, https:\/\/www.gdwanjiada.net\/wp-content\/uploads\/2024\/10\/Wholesale-Bladeless-Fans-Bulk-Battery-Operated-Fans-With-Air-Circulation-Function-6-150x150.webp 150w, https:\/\/www.gdwanjiada.net\/wp-content\/uploads\/2024\/10\/Wholesale-Bladeless-Fans-Bulk-Battery-Operated-Fans-With-Air-Circulation-Function-6-768x768.webp 768w, https:\/\/www.gdwanjiada.net\/wp-content\/uploads\/2024\/10\/Wholesale-Bladeless-Fans-Bulk-Battery-Operated-Fans-With-Air-Circulation-Function-6-12x12.webp 12w, https:\/\/www.gdwanjiada.net\/wp-content\/uploads\/2024\/10\/Wholesale-Bladeless-Fans-Bulk-Battery-Operated-Fans-With-Air-Circulation-Function-6-600x600.webp 600w, https:\/\/www.gdwanjiada.net\/wp-content\/uploads\/2024\/10\/Wholesale-Bladeless-Fans-Bulk-Battery-Operated-Fans-With-Air-Circulation-Function-6-100x100.webp 100w\" sizes=\"(max-width: 800px) 100vw, 800px\" \/><\/figure><\/div><\/div>","protected":false},"excerpt":{"rendered":"<p>Bem-vindo \u00e0 compra de ventoinhas a pilhas a granel. Os nossos ventiladores sem l\u00e2minas por atacado proporcionam uma experi\u00eancia de utiliza\u00e7\u00e3o conveniente, utilizando um design sem l\u00e2minas para garantir a seguran\u00e7a. O ventilador tem uma fun\u00e7\u00e3o de ajuste de velocidade do vento de 3 velocidades para se adaptar a uma variedade de necessidades de uso. A bateria de l\u00edtio de grande capacidade proporciona uma vida \u00fatil duradoura, tornando-a uma escolha ideal para casa e escrit\u00f3rio.<\/p>\n<h2>Carater\u00edsticas do produto\uff1a<\/h2>\n<ul>\n<li>Opera\u00e7\u00e3o de ligar\/desligar com um toque.<\/li>\n<li>Sem folhas para fornecer vento.<\/li>\n<li>3 velocidades de vento ajust\u00e1veis.<\/li>\n<li>Tipo de mesa ou tipo vertical para a sua escolha preferida.<\/li>\n<li>Girar manualmente a sa\u00edda de ar para cima e para baixo.<\/li>\n<li>Grande capacidade da bateria de l\u00edtio.<\/li>\n<\/ul>","protected":false},"featured_media":1056,"comment_status":"closed","ping_status":"closed","template":"","meta":{"_acf_changed":false},"product_brand":[],"product_cat":[23,24],"product_tag":[38],"class_list":{"0":"post-1053","1":"product","2":"type-product","3":"status-publish","4":"has-post-thumbnail","6":"product_cat-wholesale-portable-fans","7":"product_cat-air-circulation-fan-wholesale","8":"product_tag-wholesale-bladeless-fans","10":"first","11":"instock","12":"shipping-taxable","13":"product-type-simple"},"acf":[],"_links":{"self":[{"href":"https:\/\/www.gdwanjiada.net\/pt\/wp-json\/wp\/v2\/product\/1053","targetHints":{"allow":["GET"]}}],"collection":[{"href":"https:\/\/www.gdwanjiada.net\/pt\/wp-json\/wp\/v2\/product"}],"about":[{"href":"https:\/\/www.gdwanjiada.net\/pt\/wp-json\/wp\/v2\/types\/product"}],"replies":[{"embeddable":true,"href":"https:\/\/www.gdwanjiada.net\/pt\/wp-json\/wp\/v2\/comments?post=1053"}],"wp:featuredmedia":[{"embeddable":true,"href":"https:\/\/www.gdwanjiada.net\/pt\/wp-json\/wp\/v2\/media\/1056"}],"wp:attachment":[{"href":"https:\/\/www.gdwanjiada.net\/pt\/wp-json\/wp\/v2\/media?parent=1053"}],"wp:term":[{"taxonomy":"product_brand","embeddable":true,"href":"https:\/\/www.gdwanjiada.net\/pt\/wp-json\/wp\/v2\/product_brand?post=1053"},{"taxonomy":"product_cat","embeddable":true,"href":"https:\/\/www.gdwanjiada.net\/pt\/wp-json\/wp\/v2\/product_cat?post=1053"},{"taxonomy":"product_tag","embeddable":true,"href":"https:\/\/www.gdwanjiada.net\/pt\/wp-json\/wp\/v2\/product_tag?post=1053"}],"curies":[{"name":"wp","href":"https:\/\/api.w.org\/{rel}","templated":true}]}}