{"id":846,"date":"2024-09-28T06:50:44","date_gmt":"2024-09-28T06:50:44","guid":{"rendered":"https:\/\/www.gdwanjiada.net\/?post_type=product&#038;p=846"},"modified":"2026-03-10T02:35:36","modified_gmt":"2026-03-10T02:35:36","slug":"wholesale-bladeless-fan","status":"publish","type":"product","link":"https:\/\/www.gdwanjiada.net\/fr\/produit\/wholesale-bladeless-fan\/","title":{"rendered":"Wholesale Bladeless Fan, Mini ventilateur portable avec affichage LED"},"content":{"rendered":"<h3 class=\"wp-block-heading has-text-align-center\">Sp\u00e9cifications du ventilateur sans pale Wholesale<\/h3><figure class=\"wp-block-table\"><table class=\"has-fixed-layout\"><tbody><tr><td rowspan=\"2\">Mod\u00e8le<\/td><td rowspan=\"2\">Puissance\uff08W\uff09<\/td><td rowspan=\"2\">Tension\uff08V\uff09<\/td><td rowspan=\"2\">Mode vitesse<\/td><td rowspan=\"2\">G.W.\uff08g\uff09<\/td><td rowspan=\"2\">Taille du produit\uff08mm\uff09<\/td><td rowspan=\"2\">Taille de l'emballage\uff08mm\uff09<\/td><td rowspan=\"2\">Taille du carton\uff08mm\uff09<\/td><td rowspan=\"2\">Emballage Q'ty\uff08pc\uff09<\/td><td rowspan=\"2\">Carton G.W.\uff08kg\uff09<\/td><td rowspan=\"2\">Alimentation \u00e9lectrique<\/td><td rowspan=\"2\">Capacit\u00e9 de la batterie<\/td><td colspan=\"2\">Chargement Q'ty<\/td><\/tr><tr><td>20GP<\/td><td>40HQ<\/td><\/tr><tr><td>X28<\/td><td>5<\/td><td>5<\/td><td>6<\/td><td>882<\/td><td>138*138*370<\/td><td>168*168*363<\/td><td>530*530*745<\/td><td>18<\/td><td>18<\/td><td>Type-C\/Batterie<\/td><td>1800mh<\/td><td>2960<\/td><td>6860<\/td><\/tr><\/tbody><\/table><\/figure><div class=\"wp-block-columns is-layout-flex wp-container-core-columns-is-layout-9d6595d7 wp-block-columns-is-layout-flex\"><div class=\"wp-block-column is-layout-flow wp-block-column-is-layout-flow\" style=\"flex-basis:50%\"><h3 class=\"wp-block-heading has-text-align-left\">Avantages du ventilateur sans pale en gros<\/h3>\n\n<ul class=\"wp-block-list\"><li><strong>Conception sans lame, s\u00fbre et silencieuse :<\/strong> Ce ventilateur sans pale adopte une conception d'alimentation en air sans pale, fournissant un flux d'air s\u00fbr et r\u00e9gulier, peu bruyant, adapt\u00e9 \u00e0 une utilisation dans des environnements calmes tels que la maison et le bureau, tout en garantissant la s\u00e9curit\u00e9 des enfants et des animaux de compagnie.<\/li>\n\n<li><strong>Vitesse du vent r\u00e9glable 5+1, contr\u00f4le pr\u00e9cis du vent : <\/strong>Nos mini ventilateurs portables en vrac offrent 5 vitesses de vent de base et 1 vitesse de vent fort. Les utilisateurs peuvent choisir la vitesse de vent la plus appropri\u00e9e en fonction de leurs besoins et r\u00e9pondre de mani\u00e8re flexible aux besoins de refroidissement de diff\u00e9rents environnements.<\/li>\n\n<li><strong>Affichage de la puissance par LED, intuitif et facile \u00e0 utiliser : <\/strong>Ce ventilateur sans pale est \u00e9quip\u00e9 d'un affichage LED de la puissance, d'un bouton marche\/arr\u00eat, la vitesse du vent et les informations sur la puissance sont claires en un coup d'\u0153il, il est facile de v\u00e9rifier la puissance restante \u00e0 tout moment, et d'am\u00e9liorer la commodit\u00e9 d'utilisation.<\/li>\n\n<li><strong>Batterie au lithium de grande capacit\u00e9, longue dur\u00e9e de vie : <\/strong>Nos mini ventilateurs portables en vrac sont dot\u00e9s de batteries au lithium de grande capacit\u00e9 pour garantir une longue dur\u00e9e de vie. Ils conviennent \u00e0 une utilisation prolong\u00e9e en ext\u00e9rieur, en voyage et dans d'autres sc\u00e9narios, et sont vraiment portables et tr\u00e8s performants.<\/li><\/ul><\/div>\n\n<div class=\"wp-block-column is-layout-flow wp-block-column-is-layout-flow\"><figure class=\"wp-block-image size-full\"><img decoding=\"async\" width=\"800\" height=\"800\" src=\"https:\/\/www.gdwanjiada.net\/wp-content\/uploads\/2024\/09\/Wholesale-Bladeless-Fan-Mini-Portable-Fans-In-Bulk-With-LED-Display-2.webp\" alt=\"Wholesale Bladeless Fan, Mini ventilateur portable en vrac avec affichage LED-2\" class=\"wp-image-856\" srcset=\"https:\/\/www.gdwanjiada.net\/wp-content\/uploads\/2024\/09\/Wholesale-Bladeless-Fan-Mini-Portable-Fans-In-Bulk-With-LED-Display-2.webp 800w, https:\/\/www.gdwanjiada.net\/wp-content\/uploads\/2024\/09\/Wholesale-Bladeless-Fan-Mini-Portable-Fans-In-Bulk-With-LED-Display-2-300x300.webp 300w, https:\/\/www.gdwanjiada.net\/wp-content\/uploads\/2024\/09\/Wholesale-Bladeless-Fan-Mini-Portable-Fans-In-Bulk-With-LED-Display-2-150x150.webp 150w, https:\/\/www.gdwanjiada.net\/wp-content\/uploads\/2024\/09\/Wholesale-Bladeless-Fan-Mini-Portable-Fans-In-Bulk-With-LED-Display-2-768x768.webp 768w, https:\/\/www.gdwanjiada.net\/wp-content\/uploads\/2024\/09\/Wholesale-Bladeless-Fan-Mini-Portable-Fans-In-Bulk-With-LED-Display-2-600x600.webp 600w, https:\/\/www.gdwanjiada.net\/wp-content\/uploads\/2024\/09\/Wholesale-Bladeless-Fan-Mini-Portable-Fans-In-Bulk-With-LED-Display-2-100x100.webp 100w\" sizes=\"(max-width: 800px) 100vw, 800px\" \/><\/figure><\/div><\/div>","protected":false},"excerpt":{"rendered":"<p>Nous vous invitons \u00e0 acheter des mini ventilateurs portables en gros. Ce ventilateur sans pale est s\u00fbr et silencieux, \u00e9quip\u00e9 de 5+1 vitesses de vent r\u00e9glables et d'une distance d'alimentation en air de 2,5 m\u00e8tres, fournissant une circulation d'air confortable. Ecran d'affichage LED int\u00e9gr\u00e9, batterie au lithium de grande capacit\u00e9, pour assurer une endurance \u00e0 long terme. Le mat\u00e9riau ABS est solide et durable, il convient \u00e0 la maison, au bureau ou \u00e0 l'ext\u00e9rieur, \u00e0 tout moment et en tout lieu.<\/p>\n<h2>Caract\u00e9ristiques du produit\uff1a<\/h2>\n<ul>\n<li>Fonctionnement marche\/arr\u00eat par simple pression d'une touche.<\/li>\n<li>Sans feuille pour alimenter le vent.<\/li>\n<li>Vitesse du vent r\u00e9glable 5+1.<\/li>\n<li>\u00c9cran d'affichage de la puissance par LED.<\/li>\n<li>2,5 m d'alimentation en air, circulation de l'air.<\/li>\n<li>Mat\u00e9riau ABS.<\/li>\n<li>Grande capacit\u00e9 de la batterie au lithium.<\/li>\n<\/ul>","protected":false},"featured_media":859,"comment_status":"closed","ping_status":"closed","template":"","meta":{"_acf_changed":false},"product_brand":[],"product_cat":[23,24],"product_tag":[38],"class_list":{"0":"post-846","1":"product","2":"type-product","3":"status-publish","4":"has-post-thumbnail","6":"product_cat-wholesale-portable-fans","7":"product_cat-air-circulation-fan-wholesale","8":"product_tag-wholesale-bladeless-fans","10":"first","11":"instock","12":"shipping-taxable","13":"product-type-simple"},"acf":[],"_links":{"self":[{"href":"https:\/\/www.gdwanjiada.net\/fr\/wp-json\/wp\/v2\/product\/846","targetHints":{"allow":["GET"]}}],"collection":[{"href":"https:\/\/www.gdwanjiada.net\/fr\/wp-json\/wp\/v2\/product"}],"about":[{"href":"https:\/\/www.gdwanjiada.net\/fr\/wp-json\/wp\/v2\/types\/product"}],"replies":[{"embeddable":true,"href":"https:\/\/www.gdwanjiada.net\/fr\/wp-json\/wp\/v2\/comments?post=846"}],"wp:featuredmedia":[{"embeddable":true,"href":"https:\/\/www.gdwanjiada.net\/fr\/wp-json\/wp\/v2\/media\/859"}],"wp:attachment":[{"href":"https:\/\/www.gdwanjiada.net\/fr\/wp-json\/wp\/v2\/media?parent=846"}],"wp:term":[{"taxonomy":"product_brand","embeddable":true,"href":"https:\/\/www.gdwanjiada.net\/fr\/wp-json\/wp\/v2\/product_brand?post=846"},{"taxonomy":"product_cat","embeddable":true,"href":"https:\/\/www.gdwanjiada.net\/fr\/wp-json\/wp\/v2\/product_cat?post=846"},{"taxonomy":"product_tag","embeddable":true,"href":"https:\/\/www.gdwanjiada.net\/fr\/wp-json\/wp\/v2\/product_tag?post=846"}],"curies":[{"name":"wp","href":"https:\/\/api.w.org\/{rel}","templated":true}]}}