{"id":830,"date":"2024-09-28T06:31:13","date_gmt":"2024-09-28T06:31:13","guid":{"rendered":"https:\/\/www.gdwanjiada.net\/?post_type=product&#038;p=830"},"modified":"2024-09-28T06:50:34","modified_gmt":"2024-09-28T06:50:34","slug":"bulk-handheld-fans","status":"publish","type":"product","link":"https:\/\/www.gdwanjiada.net\/fr\/produit\/bulk-handheld-fans\/","title":{"rendered":"Ventilateurs de poche en vrac, Mini ventilateurs en gros avec \u00e9clairage"},"content":{"rendered":"<h3 class=\"wp-block-heading has-text-align-center\">Sp\u00e9cifications des ventilateurs de poche en vrac<\/h3><figure class=\"wp-block-table\"><table class=\"has-fixed-layout\"><tbody><tr><td rowspan=\"2\">Mod\u00e8le<\/td><td rowspan=\"2\">Puissance\uff08W\uff09<\/td><td rowspan=\"2\">Tension\uff08V\uff09<\/td><td rowspan=\"2\">Mode vitesse<\/td><td rowspan=\"2\">G.W.\uff08g\uff09<\/td><td rowspan=\"2\">Taille du produit\uff08mm\uff09<\/td><td rowspan=\"2\">Taille de l'emballage\uff08mm\uff09<\/td><td rowspan=\"2\">Taille du carton\uff08mm\uff09<\/td><td rowspan=\"2\">Emballage Q'ty\uff08pc\uff09<\/td><td rowspan=\"2\">Carton G.W.\uff08kg\uff09<\/td><td rowspan=\"2\">Alimentation \u00e9lectrique<\/td><td rowspan=\"2\">Capacit\u00e9 de la batterie<\/td><td colspan=\"2\">Chargement Q'ty<\/td><\/tr><tr><td>20GP<\/td><td>40HQ<\/td><\/tr><tr><td>F02<\/td><td>9<\/td><td>5<\/td><td>5<\/td><td>268<\/td><td>114*56*45<\/td><td>107*52*152<\/td><td>445*340*335<\/td><td>45<\/td><td>14.4<\/td><td>Type-C\/Batterie<\/td><td>2400mh<\/td><td>26880<\/td><td>65280<\/td><\/tr><\/tbody><\/table><\/figure><div class=\"wp-block-columns is-layout-flex wp-container-core-columns-is-layout-9d6595d7 wp-block-columns-is-layout-flex\"><div class=\"wp-block-column is-layout-flow wp-block-column-is-layout-flow\" style=\"flex-basis:50%\"><h3 class=\"wp-block-heading has-text-align-left\">Avantages des ventilateurs de poche en vrac<\/h3>\n\n<ul class=\"wp-block-list\"><li><strong>Conception portable, facile \u00e0 transporter : <\/strong>Nos ventilateurs de poche en vrac sont compacts et faciles \u00e0 transporter. Ils conviennent aux voyages, aux activit\u00e9s de plein air, au bureau ou \u00e0 l'usage quotidien.<\/li>\n\n<li><strong>R\u00e9glage de la vitesse du vent \u00e0 plusieurs vitesses : <\/strong>Ces mini ventilateurs en gros offrent un r\u00e9glage de la vitesse du vent \u00e0 5 vitesses, les utilisateurs peuvent choisir la vitesse du vent appropri\u00e9e en fonction de leurs besoins et profiter d'une exp\u00e9rience de refroidissement personnalis\u00e9e.<\/li>\n\n<li><strong>Fonction d'\u00e9clairage, pratique et diversifi\u00e9e : <\/strong>Nos ventilateurs de poche en vrac sont dot\u00e9s d'un syst\u00e8me d'\u00e9clairage int\u00e9gr\u00e9 et de deux modes de gradation. Ils peuvent \u00eatre utilis\u00e9s comme ventilateurs \u00e0 main et fournir de l'\u00e9clairage. Ils conviennent \u00e0 une utilisation nocturne ou ext\u00e9rieure et ont diverses fonctions.<\/li>\n\n<li><strong>Economies d'\u00e9nergie, efficacit\u00e9 et facilit\u00e9 d'utilisation :<\/strong> Ces mini-ventilateurs avec \u00e9clairage sont con\u00e7us pour \u00e9conomiser l'\u00e9nergie, ont une longue dur\u00e9e de vie des piles et sont simples \u00e0 utiliser. Le contr\u00f4le de la vitesse du vent et de l'\u00e9clairage \u00e0 l'aide d'un seul bouton est pratique et rapide.<\/li><\/ul><\/div>\n\n<div class=\"wp-block-column is-layout-flow wp-block-column-is-layout-flow\"><figure class=\"wp-block-image size-full\"><img decoding=\"async\" width=\"800\" height=\"800\" src=\"https:\/\/www.gdwanjiada.net\/wp-content\/uploads\/2024\/09\/Bulk-Handheld-Fans-Wholesale-Mini-Fans-With-Lighting-Design-5.webp\" alt=\"Ventilateurs de poche en vrac, Mini ventilateurs en gros avec \u00e9clairage Design-5\" class=\"wp-image-840\" srcset=\"https:\/\/www.gdwanjiada.net\/wp-content\/uploads\/2024\/09\/Bulk-Handheld-Fans-Wholesale-Mini-Fans-With-Lighting-Design-5.webp 800w, https:\/\/www.gdwanjiada.net\/wp-content\/uploads\/2024\/09\/Bulk-Handheld-Fans-Wholesale-Mini-Fans-With-Lighting-Design-5-300x300.webp 300w, https:\/\/www.gdwanjiada.net\/wp-content\/uploads\/2024\/09\/Bulk-Handheld-Fans-Wholesale-Mini-Fans-With-Lighting-Design-5-150x150.webp 150w, https:\/\/www.gdwanjiada.net\/wp-content\/uploads\/2024\/09\/Bulk-Handheld-Fans-Wholesale-Mini-Fans-With-Lighting-Design-5-768x768.webp 768w, https:\/\/www.gdwanjiada.net\/wp-content\/uploads\/2024\/09\/Bulk-Handheld-Fans-Wholesale-Mini-Fans-With-Lighting-Design-5-600x600.webp 600w, https:\/\/www.gdwanjiada.net\/wp-content\/uploads\/2024\/09\/Bulk-Handheld-Fans-Wholesale-Mini-Fans-With-Lighting-Design-5-100x100.webp 100w\" sizes=\"(max-width: 800px) 100vw, 800px\" \/><\/figure><\/div><\/div>","protected":false},"excerpt":{"rendered":"<p>Nous vous invitons \u00e0 acheter des mini ventilateurs en gros. Nos ventilateurs de poche en vrac sont compacts, avec 5 r\u00e9glages de vitesse du vent et 2 modes d'\u00e9clairage, et sont faciles \u00e0 transporter. Il int\u00e8gre les fonctions de ventilateur et d'\u00e9clairage, convient \u00e0 l'ext\u00e9rieur, aux voyages et \u00e0 l'utilisation quotidienne, assurant le refroidissement et l'\u00e9clairage. \u00c9conomes en \u00e9nergie et efficaces, faciles \u00e0 utiliser, ils r\u00e9pondent \u00e0 de nombreux besoins d'utilisation.<\/p>\n<h2>Caract\u00e9ristiques du produit\uff1a<\/h2>\n<ul>\n<li>De multiples sc\u00e9narios, tels que l'accrochage au cou, au bureau de la taille, \u00e0 l'ordinateur, le s\u00e9chage de peintures \u00e0 l'huile, le s\u00e9chage des cils, le camping, etc.\u00a0<\/li>\n<li>R\u00e9glage du vent \u00e0 5 vitesses, 2 r\u00e9glages de l'\u00e9clairage r\u00e9glables\uff1b.<\/li>\n<li>Conception compacte pour un transport facile.<\/li>\n<li>\u00c9cran d'affichage = Vitesse + Lumi\u00e8re + Puissance<\/li>\n<\/ul>","protected":false},"featured_media":845,"comment_status":"closed","ping_status":"closed","template":"","meta":{"_acf_changed":false},"product_brand":[],"product_cat":[23],"product_tag":[],"class_list":{"0":"post-830","1":"product","2":"type-product","3":"status-publish","4":"has-post-thumbnail","6":"product_cat-wholesale-portable-fans","8":"first","9":"instock","10":"shipping-taxable","11":"product-type-simple"},"acf":[],"_links":{"self":[{"href":"https:\/\/www.gdwanjiada.net\/fr\/wp-json\/wp\/v2\/product\/830","targetHints":{"allow":["GET"]}}],"collection":[{"href":"https:\/\/www.gdwanjiada.net\/fr\/wp-json\/wp\/v2\/product"}],"about":[{"href":"https:\/\/www.gdwanjiada.net\/fr\/wp-json\/wp\/v2\/types\/product"}],"replies":[{"embeddable":true,"href":"https:\/\/www.gdwanjiada.net\/fr\/wp-json\/wp\/v2\/comments?post=830"}],"wp:featuredmedia":[{"embeddable":true,"href":"https:\/\/www.gdwanjiada.net\/fr\/wp-json\/wp\/v2\/media\/845"}],"wp:attachment":[{"href":"https:\/\/www.gdwanjiada.net\/fr\/wp-json\/wp\/v2\/media?parent=830"}],"wp:term":[{"taxonomy":"product_brand","embeddable":true,"href":"https:\/\/www.gdwanjiada.net\/fr\/wp-json\/wp\/v2\/product_brand?post=830"},{"taxonomy":"product_cat","embeddable":true,"href":"https:\/\/www.gdwanjiada.net\/fr\/wp-json\/wp\/v2\/product_cat?post=830"},{"taxonomy":"product_tag","embeddable":true,"href":"https:\/\/www.gdwanjiada.net\/fr\/wp-json\/wp\/v2\/product_tag?post=830"}],"curies":[{"name":"wp","href":"https:\/\/api.w.org\/{rel}","templated":true}]}}