{"id":807,"date":"2024-09-28T03:57:59","date_gmt":"2024-09-28T03:57:59","guid":{"rendered":"https:\/\/www.gdwanjiada.net\/?post_type=product&#038;p=807"},"modified":"2026-03-10T02:32:16","modified_gmt":"2026-03-10T02:32:16","slug":"custom-storage-containers","status":"publish","type":"product","link":"https:\/\/www.gdwanjiada.net\/fr\/produit\/custom-storage-containers\/","title":{"rendered":"R\u00e9cipients de stockage personnalis\u00e9s pour aliments, bacs de stockage en plastique PP"},"content":{"rendered":"<h3 class=\"wp-block-heading has-text-align-center\">Sp\u00e9cifications de Custom Storage Containers Bulk<\/h3><figure class=\"wp-block-table\"><table class=\"has-fixed-layout\"><tbody><tr><td>Mod\u00e8le<\/td><td>Mat\u00e9riau<\/td><td>Taille du produit\uff08cm\uff09<\/td><td>Taille du carton\uff08cm\uff09<\/td><td>Qt\u00e9 d'emballage\uff08pcs\uff09<\/td><td>G.W.\uff08kg\uff09<\/td><td>N.W.\uff08kg\uff09<\/td><\/tr><tr><td>319<\/td><td>PP<\/td><td>34.5*23.5*35<\/td><td>48.5*36*92<\/td><td>20<\/td><td>0.74\/14.8<\/td><td>0.678\/13.56<\/td><\/tr><\/tbody><\/table><\/figure><div class=\"wp-block-columns is-layout-flex wp-container-core-columns-is-layout-9d6595d7 wp-block-columns-is-layout-flex\"><div class=\"wp-block-column is-layout-flow wp-block-column-is-layout-flow\" style=\"flex-basis:50%\"><h3 class=\"wp-block-heading has-text-align-left\">Avantages des conteneurs de stockage personnalis\u00e9s en vrac<\/h3>\n\n<ul class=\"wp-block-list\"><li><strong>Mat\u00e9riau de s\u00e9curit\u00e9 de qualit\u00e9 alimentaire : <\/strong>Nos conteneurs de stockage personnalis\u00e9s en vrac sont fabriqu\u00e9s en plastique PP de qualit\u00e9 alimentaire, non toxique et inoffensif, garantissant un stockage s\u00fbr des aliments. Il s'agit d'un choix id\u00e9al pour le stockage des c\u00e9r\u00e9ales, des produits secs et des en-cas, et il r\u00e9pond \u00e0 des normes strictes en mati\u00e8re de s\u00e9curit\u00e9 alimentaire.<\/li>\n\n<li><strong>Conception efficace de l'\u00e9tanch\u00e9it\u00e9 : <\/strong>Ces bacs de stockage en plastique \u00e0 couvercle herm\u00e9tique offrent une excellente \u00e9tanch\u00e9it\u00e9, isolent efficacement l'air et l'humidit\u00e9, garantissent la fra\u00eecheur des aliments, pr\u00e9viennent la d\u00e9t\u00e9rioration et conviennent au stockage \u00e0 long terme.<\/li>\n\n<li><strong>Fonction mobile pratique : <\/strong>Nos conteneurs de stockage personnalis\u00e9s en vrac sont \u00e9quip\u00e9s de 2 roues, ce qui permet de d\u00e9placer facilement le conteneur de stockage, pratique pour les acc\u00e8s fr\u00e9quents ou lorsque la position doit \u00eatre ajust\u00e9e, et am\u00e9liore l'exp\u00e9rience d'utilisation.<\/li>\n\n<li><strong>Aspect translucide, facile \u00e0 voir : <\/strong>La conception translucide de ces bacs de stockage en plastique permet aux utilisateurs de voir le contenu du stockage \u00e0 tout moment, r\u00e9duisant ainsi les probl\u00e8mes de d\u00e9ballage fr\u00e9quent et facilitant la gestion du tri et de la classification.<\/li><\/ul><\/div>\n\n<div class=\"wp-block-column is-layout-flow wp-block-column-is-layout-flow\"><figure class=\"wp-block-image size-full\"><img decoding=\"async\" width=\"800\" height=\"800\" src=\"https:\/\/www.gdwanjiada.net\/wp-content\/uploads\/2024\/09\/Custom-Storage-Containers-For-Food-Plastic-Storage-Bins-Bulk-1.webp\" alt=\"R\u00e9cipients de stockage personnalis\u00e9s pour aliments, bacs de stockage en plastique Bulk-1\" class=\"wp-image-808\" srcset=\"https:\/\/www.gdwanjiada.net\/wp-content\/uploads\/2024\/09\/Custom-Storage-Containers-For-Food-Plastic-Storage-Bins-Bulk-1.webp 800w, https:\/\/www.gdwanjiada.net\/wp-content\/uploads\/2024\/09\/Custom-Storage-Containers-For-Food-Plastic-Storage-Bins-Bulk-1-300x300.webp 300w, https:\/\/www.gdwanjiada.net\/wp-content\/uploads\/2024\/09\/Custom-Storage-Containers-For-Food-Plastic-Storage-Bins-Bulk-1-150x150.webp 150w, https:\/\/www.gdwanjiada.net\/wp-content\/uploads\/2024\/09\/Custom-Storage-Containers-For-Food-Plastic-Storage-Bins-Bulk-1-768x768.webp 768w, https:\/\/www.gdwanjiada.net\/wp-content\/uploads\/2024\/09\/Custom-Storage-Containers-For-Food-Plastic-Storage-Bins-Bulk-1-600x600.webp 600w, https:\/\/www.gdwanjiada.net\/wp-content\/uploads\/2024\/09\/Custom-Storage-Containers-For-Food-Plastic-Storage-Bins-Bulk-1-100x100.webp 100w\" sizes=\"(max-width: 800px) 100vw, 800px\" \/><\/figure><\/div><\/div>","protected":false},"excerpt":{"rendered":"<p>Nous vous invitons \u00e0 acheter des bacs de stockage en plastique en vrac. Nos bacs de stockage en vrac pour aliments sont fabriqu\u00e9s en plastique PP de qualit\u00e9 alimentaire, \u00e9quip\u00e9s de couvercles herm\u00e9tiques et de deux roues, garantissant un stockage s\u00fbr des aliments tout en \u00e9tant faciles \u00e0 d\u00e9placer. Le design translucide permet de voir facilement les articles \u00e0 l'int\u00e9rieur et convient aux besoins de stockage de divers aliments. Durable et facile \u00e0 nettoyer, avec une vari\u00e9t\u00e9 d'options de taille, c'est un choix id\u00e9al pour les cuisines domestiques et commerciales.<\/p>\n<h2>Caract\u00e9ristiques du produit\uff1a<\/h2>\n<ul>\n<li>Fabriqu\u00e9 en plastique PP de qualit\u00e9 alimentaire, s\u00fbr et non toxique.<\/li>\n<li>Le couvercle scell\u00e9 garantit l'\u00e9tanch\u00e9it\u00e9 et la fra\u00eecheur des aliments.<\/li>\n<li>\u00c9quip\u00e9 de 2 roues pour un d\u00e9placement ais\u00e9.<\/li>\n<li>Conception translucide pour faciliter la visualisation des \u00e9l\u00e9ments internes.<\/li>\n<li>Disponible dans une vari\u00e9t\u00e9 de couleurs et de tailles pour r\u00e9pondre \u00e0 diff\u00e9rents besoins de stockage.<\/li>\n<li>Durable, r\u00e9sistant aux chutes et facile \u00e0 nettoyer.<\/li>\n<\/ul>","protected":false},"featured_media":809,"comment_status":"closed","ping_status":"closed","template":"","meta":{"_acf_changed":false},"product_brand":[],"product_cat":[19],"product_tag":[],"class_list":{"0":"post-807","1":"product","2":"type-product","3":"status-publish","4":"has-post-thumbnail","6":"product_cat-storage-bins-in-bulk","8":"first","9":"instock","10":"shipping-taxable","11":"product-type-simple"},"acf":[],"_links":{"self":[{"href":"https:\/\/www.gdwanjiada.net\/fr\/wp-json\/wp\/v2\/product\/807","targetHints":{"allow":["GET"]}}],"collection":[{"href":"https:\/\/www.gdwanjiada.net\/fr\/wp-json\/wp\/v2\/product"}],"about":[{"href":"https:\/\/www.gdwanjiada.net\/fr\/wp-json\/wp\/v2\/types\/product"}],"replies":[{"embeddable":true,"href":"https:\/\/www.gdwanjiada.net\/fr\/wp-json\/wp\/v2\/comments?post=807"}],"wp:featuredmedia":[{"embeddable":true,"href":"https:\/\/www.gdwanjiada.net\/fr\/wp-json\/wp\/v2\/media\/809"}],"wp:attachment":[{"href":"https:\/\/www.gdwanjiada.net\/fr\/wp-json\/wp\/v2\/media?parent=807"}],"wp:term":[{"taxonomy":"product_brand","embeddable":true,"href":"https:\/\/www.gdwanjiada.net\/fr\/wp-json\/wp\/v2\/product_brand?post=807"},{"taxonomy":"product_cat","embeddable":true,"href":"https:\/\/www.gdwanjiada.net\/fr\/wp-json\/wp\/v2\/product_cat?post=807"},{"taxonomy":"product_tag","embeddable":true,"href":"https:\/\/www.gdwanjiada.net\/fr\/wp-json\/wp\/v2\/product_tag?post=807"}],"curies":[{"name":"wp","href":"https:\/\/api.w.org\/{rel}","templated":true}]}}