{"id":800,"date":"2024-09-28T03:46:47","date_gmt":"2024-09-28T03:46:47","guid":{"rendered":"https:\/\/www.gdwanjiada.net\/?post_type=product&#038;p=800"},"modified":"2026-03-10T02:25:55","modified_gmt":"2026-03-10T02:25:55","slug":"bulk-plastic-storage-bins","status":"publish","type":"product","link":"https:\/\/www.gdwanjiada.net\/fr\/produit\/bulk-plastic-storage-bins\/","title":{"rendered":"Bacs de stockage en plastique pour aliments, bo\u00eetes de stockage en gros"},"content":{"rendered":"<h3 class=\"wp-block-heading has-text-align-center\">Sp\u00e9cifications des bacs de stockage en plastique en vrac<\/h3><figure class=\"wp-block-table\"><table class=\"has-fixed-layout\"><tbody><tr><td>Mod\u00e8le<\/td><td>Mat\u00e9riau<\/td><td>Taille du produit\uff08cm\uff09<\/td><td>Taille du carton\uff08cm\uff09<\/td><td>Qt\u00e9 d'emballage\uff08pcs\uff09<\/td><td>G.W.\uff08kg\uff09<\/td><td>N.W.\uff08kg\uff09<\/td><\/tr><tr><td>318<\/td><td>PP<\/td><td>34.5*23.5*24<\/td><td>48.5*36*76<\/td><td>20<\/td><td>0.54\/10.8<\/td><td>0.48\/9.6<\/td><\/tr><\/tbody><\/table><\/figure><div class=\"wp-block-columns is-layout-flex wp-container-core-columns-is-layout-9d6595d7 wp-block-columns-is-layout-flex\"><div class=\"wp-block-column is-layout-flow wp-block-column-is-layout-flow\" style=\"flex-basis:50%\"><h3 class=\"wp-block-heading has-text-align-left\">Avantages des bacs de stockage en plastique en vrac<\/h3>\n\n<ul class=\"wp-block-list\"><li><strong>Mat\u00e9riau PP de qualit\u00e9 alimentaire, s\u00fbr et sain : <\/strong>Nos bacs de stockage en vrac pour aliments sont fabriqu\u00e9s en plastique PP de qualit\u00e9 alimentaire, non toxique et inoffensif, ce qui garantit la s\u00e9curit\u00e9 du stockage des aliments. Ils conviennent au stockage de divers produits secs, c\u00e9r\u00e9ales, snacks, etc. et r\u00e9pondent aux normes strictes de s\u00e9curit\u00e9 alimentaire.<\/li>\n\n<li><strong>Couvercle scell\u00e9 pour conserver la fra\u00eecheur des aliments : <\/strong>Le syst\u00e8me de fermeture efficace de ces bacs de stockage en plastique en vrac permet d'isoler efficacement l'air et l'humidit\u00e9, de garantir que les aliments ne sont pas affect\u00e9s par le monde ext\u00e9rieur, de prolonger la dur\u00e9e de conservation et d'emp\u00eacher la moisissure et l'humidit\u00e9.<\/li>\n\n<li><strong>Conception mobile pratique : <\/strong>Nos bacs de stockage en plastique pour aliments en vrac sont \u00e9quip\u00e9s de deux roues, ce qui les rend plus faciles et plus pratiques \u00e0 d\u00e9placer. Ils conviennent \u00e0 une utilisation fr\u00e9quente ou \u00e0 des sc\u00e8nes qui doivent \u00eatre d\u00e9plac\u00e9es, et am\u00e9liorent l'exp\u00e9rience d'utilisation et la flexibilit\u00e9.<\/li>\n\n<li><strong>Bo\u00eete translucide pour un acc\u00e8s facile : <\/strong>La conception translucide de ces bo\u00eetes de stockage en gros permet aux utilisateurs de voir facilement les articles stock\u00e9s \u00e0 l'int\u00e9rieur, ce qui r\u00e9duit la n\u00e9cessit\u00e9 d'ouvrir fr\u00e9quemment le couvercle, et facilite la gestion et le classement.<\/li><\/ul><\/div>\n\n<div class=\"wp-block-column is-layout-flow wp-block-column-is-layout-flow\"><figure class=\"wp-block-image size-full\"><img decoding=\"async\" width=\"800\" height=\"800\" src=\"https:\/\/www.gdwanjiada.net\/wp-content\/uploads\/2024\/09\/Bulk-Plastic-Storage-Bins-For-Food-Wholesale-Storage-Boxes-3.webp\" alt=\"Bacs de stockage en plastique pour aliments, bo\u00eetes de stockage en gros-3\" class=\"wp-image-803\" srcset=\"https:\/\/www.gdwanjiada.net\/wp-content\/uploads\/2024\/09\/Bulk-Plastic-Storage-Bins-For-Food-Wholesale-Storage-Boxes-3.webp 800w, https:\/\/www.gdwanjiada.net\/wp-content\/uploads\/2024\/09\/Bulk-Plastic-Storage-Bins-For-Food-Wholesale-Storage-Boxes-3-300x300.webp 300w, https:\/\/www.gdwanjiada.net\/wp-content\/uploads\/2024\/09\/Bulk-Plastic-Storage-Bins-For-Food-Wholesale-Storage-Boxes-3-150x150.webp 150w, https:\/\/www.gdwanjiada.net\/wp-content\/uploads\/2024\/09\/Bulk-Plastic-Storage-Bins-For-Food-Wholesale-Storage-Boxes-3-768x768.webp 768w, https:\/\/www.gdwanjiada.net\/wp-content\/uploads\/2024\/09\/Bulk-Plastic-Storage-Bins-For-Food-Wholesale-Storage-Boxes-3-600x600.webp 600w, https:\/\/www.gdwanjiada.net\/wp-content\/uploads\/2024\/09\/Bulk-Plastic-Storage-Bins-For-Food-Wholesale-Storage-Boxes-3-100x100.webp 100w\" sizes=\"(max-width: 800px) 100vw, 800px\" \/><\/figure><\/div><\/div>","protected":false},"excerpt":{"rendered":"<p>Bienvenue dans l'achat de bo\u00eetes de stockage en gros. Ce bac de stockage en vrac pour aliments est fabriqu\u00e9 en plastique PP de qualit\u00e9 alimentaire, \u00e9quip\u00e9 d'un couvercle herm\u00e9tique et de 2 roues mobiles, ce qui permet aux utilisateurs de d\u00e9placer facilement les aliments et de les stocker en toute s\u00e9curit\u00e9. La conception translucide permet de voir facilement les articles \u00e0 l'int\u00e9rieur. Il convient \u00e0 divers besoins de stockage dans les foyers, les restaurants et les cuisines commerciales. Il est disponible dans une vari\u00e9t\u00e9 de tailles et est durable et facile \u00e0 nettoyer.<\/p>\n<h2>Caract\u00e9ristiques du produit\uff1a<\/h2>\n<ul>\n<li>Fabriqu\u00e9 en plastique PP de qualit\u00e9 alimentaire, s\u00fbr et non toxique.<\/li>\n<li>Le couvercle scell\u00e9 garantit l'\u00e9tanch\u00e9it\u00e9 et la fra\u00eecheur des aliments.<\/li>\n<li>\u00c9quip\u00e9 de 2 roues pour un d\u00e9placement ais\u00e9.<\/li>\n<li>Conception translucide pour faciliter la visualisation des \u00e9l\u00e9ments internes.<\/li>\n<li>Disponible dans une vari\u00e9t\u00e9 de couleurs et de tailles pour r\u00e9pondre \u00e0 diff\u00e9rents besoins de stockage.<\/li>\n<li>Durable, r\u00e9sistant aux chutes et facile \u00e0 nettoyer.<\/li>\n<\/ul>","protected":false},"featured_media":801,"comment_status":"closed","ping_status":"closed","template":"","meta":{"_acf_changed":false},"product_brand":[],"product_cat":[19],"product_tag":[],"class_list":{"0":"post-800","1":"product","2":"type-product","3":"status-publish","4":"has-post-thumbnail","6":"product_cat-storage-bins-in-bulk","8":"first","9":"instock","10":"shipping-taxable","11":"product-type-simple"},"acf":[],"_links":{"self":[{"href":"https:\/\/www.gdwanjiada.net\/fr\/wp-json\/wp\/v2\/product\/800","targetHints":{"allow":["GET"]}}],"collection":[{"href":"https:\/\/www.gdwanjiada.net\/fr\/wp-json\/wp\/v2\/product"}],"about":[{"href":"https:\/\/www.gdwanjiada.net\/fr\/wp-json\/wp\/v2\/types\/product"}],"replies":[{"embeddable":true,"href":"https:\/\/www.gdwanjiada.net\/fr\/wp-json\/wp\/v2\/comments?post=800"}],"wp:featuredmedia":[{"embeddable":true,"href":"https:\/\/www.gdwanjiada.net\/fr\/wp-json\/wp\/v2\/media\/801"}],"wp:attachment":[{"href":"https:\/\/www.gdwanjiada.net\/fr\/wp-json\/wp\/v2\/media?parent=800"}],"wp:term":[{"taxonomy":"product_brand","embeddable":true,"href":"https:\/\/www.gdwanjiada.net\/fr\/wp-json\/wp\/v2\/product_brand?post=800"},{"taxonomy":"product_cat","embeddable":true,"href":"https:\/\/www.gdwanjiada.net\/fr\/wp-json\/wp\/v2\/product_cat?post=800"},{"taxonomy":"product_tag","embeddable":true,"href":"https:\/\/www.gdwanjiada.net\/fr\/wp-json\/wp\/v2\/product_tag?post=800"}],"curies":[{"name":"wp","href":"https:\/\/api.w.org\/{rel}","templated":true}]}}