{"id":793,"date":"2024-09-28T03:30:24","date_gmt":"2024-09-28T03:30:24","guid":{"rendered":"https:\/\/www.gdwanjiada.net\/?post_type=product&#038;p=793"},"modified":"2026-03-10T02:15:21","modified_gmt":"2026-03-10T02:15:21","slug":"food-storage-bins-bulk","status":"publish","type":"product","link":"https:\/\/www.gdwanjiada.net\/fr\/produit\/food-storage-bins-bulk\/","title":{"rendered":"Bacs de stockage alimentaire en vrac, conteneurs de stockage herm\u00e9tiques Approvisionnement"},"content":{"rendered":"<h3 class=\"wp-block-heading has-text-align-center\">Sp\u00e9cifications des bacs de stockage en vrac<\/h3><figure class=\"wp-block-table\"><table class=\"has-fixed-layout\"><tbody><tr><td>Mod\u00e8le<\/td><td>Mat\u00e9riau<\/td><td>Taille du produit\uff08cm\uff09<\/td><td>Taille du carton\uff08cm\uff09<\/td><td>Qt\u00e9 d'emballage\uff08pcs\uff09<\/td><td>G.W.\uff08kg\uff09<\/td><td>N.W.\uff08kg\uff09<\/td><\/tr><tr><td>317<\/td><td>PP<\/td><td>34.5*23.5*14.5<\/td><td>48.5*36*66.5<\/td><td>20<\/td><td>0.4\/8<\/td><td>0.34\/6.8<\/td><\/tr><\/tbody><\/table><\/figure><div class=\"wp-block-columns is-layout-flex wp-container-core-columns-is-layout-9d6595d7 wp-block-columns-is-layout-flex\"><div class=\"wp-block-column is-layout-flow wp-block-column-is-layout-flow\" style=\"flex-basis:50%\"><h3 class=\"wp-block-heading has-text-align-left\">Avantages des bacs de stockage en vrac<\/h3>\n\n<ul class=\"wp-block-list\"><li><strong>Garantie de s\u00e9curit\u00e9 alimentaire : <\/strong>Nos bacs de stockage alimentaire en vrac, fabriqu\u00e9s en plastique PP de qualit\u00e9 alimentaire, garantissent l'absence de substances nocives au contact des aliments. S\u00fbrs et respectueux de l'environnement, ils conviennent au stockage \u00e0 long terme de divers produits secs, assaisonnements, c\u00e9r\u00e9ales et autres aliments.<\/li>\n\n<li><strong>Excellente performance d'\u00e9tanch\u00e9it\u00e9 : <\/strong>Le couvercle herm\u00e9tique de ces conteneurs de stockage en vrac isole efficacement l'air et l'humidit\u00e9, conserve la fra\u00eecheur des aliments, pr\u00e9vient la moisissure et l'humidit\u00e9 et garantit la qualit\u00e9 des aliments pour un stockage \u00e0 long terme.<\/li>\n\n<li><strong>Solution de stockage polyvalente : <\/strong>Nous proposons des bacs de stockage des aliments en vrac dans une vari\u00e9t\u00e9 de couleurs et de tailles, adapt\u00e9s \u00e0 la maison, aux restaurants et aux cuisines commerciales, afin de r\u00e9pondre aux besoins de stockage des diff\u00e9rents aliments et de faciliter la classification et la gestion des ingr\u00e9dients.<\/li>\n\n<li><strong>Robuste et facile \u00e0 nettoyer :<\/strong> Ces conteneurs de stockage en vrac herm\u00e9tiques sont fabriqu\u00e9s en plastique PP durable, anti-chute et anti-usure, et la surface lisse de nos bacs de stockage alimentaire en vrac est facile \u00e0 nettoyer, garantissant la commodit\u00e9 d'une utilisation \u00e0 long terme.<\/li><\/ul><\/div>\n\n<div class=\"wp-block-column is-layout-flow wp-block-column-is-layout-flow\"><figure class=\"wp-block-image size-full\"><img decoding=\"async\" width=\"800\" height=\"800\" src=\"https:\/\/www.gdwanjiada.net\/wp-content\/uploads\/2024\/09\/Food-Storage-Bins-Bulk-Airtight-Bulk-Storage-Containers-4.webp\" alt=\"Bacs de stockage alimentaire en vrac, conteneurs de stockage en vrac herm\u00e9tiques-4\" class=\"wp-image-797\" srcset=\"https:\/\/www.gdwanjiada.net\/wp-content\/uploads\/2024\/09\/Food-Storage-Bins-Bulk-Airtight-Bulk-Storage-Containers-4.webp 800w, https:\/\/www.gdwanjiada.net\/wp-content\/uploads\/2024\/09\/Food-Storage-Bins-Bulk-Airtight-Bulk-Storage-Containers-4-300x300.webp 300w, https:\/\/www.gdwanjiada.net\/wp-content\/uploads\/2024\/09\/Food-Storage-Bins-Bulk-Airtight-Bulk-Storage-Containers-4-150x150.webp 150w, https:\/\/www.gdwanjiada.net\/wp-content\/uploads\/2024\/09\/Food-Storage-Bins-Bulk-Airtight-Bulk-Storage-Containers-4-768x768.webp 768w, https:\/\/www.gdwanjiada.net\/wp-content\/uploads\/2024\/09\/Food-Storage-Bins-Bulk-Airtight-Bulk-Storage-Containers-4-600x600.webp 600w, https:\/\/www.gdwanjiada.net\/wp-content\/uploads\/2024\/09\/Food-Storage-Bins-Bulk-Airtight-Bulk-Storage-Containers-4-100x100.webp 100w\" sizes=\"(max-width: 800px) 100vw, 800px\" \/><\/figure><\/div><\/div>","protected":false},"excerpt":{"rendered":"<p>Nous vous invitons \u00e0 acheter des conteneurs de stockage en vrac \u00e9tanches \u00e0 l'air. Nos bacs de conservation des aliments en vrac sont fabriqu\u00e9s en plastique PP de qualit\u00e9 alimentaire, s\u00fbr et non toxique, et conviennent \u00e0 la conservation \u00e0 long terme de divers aliments. Le couvercle scell\u00e9 assure l'\u00e9tanch\u00e9it\u00e9, conserve efficacement la fra\u00eecheur des aliments, emp\u00eache l'humidit\u00e9 et la d\u00e9t\u00e9rioration. Robustes et faciles \u00e0 nettoyer, ils sont tr\u00e8s pratiques.<\/p>\n<h2>Caract\u00e9ristiques du produit\uff1a<\/h2>\n<ul>\n<li>Fabriqu\u00e9 en plastique PP de qualit\u00e9 alimentaire, s\u00fbr, non toxique et sans BPA.<\/li>\n<li>Le couvercle scell\u00e9 \u00e0 rabat garantit une bonne \u00e9tanch\u00e9it\u00e9 \u00e0 l'air.<\/li>\n<li>Convient \u00e0 la conservation de toutes sortes d'aliments.<\/li>\n<li>Durable, r\u00e9sistant aux chutes et facile \u00e0 nettoyer.<\/li>\n<li>Disponible dans une vari\u00e9t\u00e9 de couleurs pour r\u00e9pondre \u00e0 diff\u00e9rents besoins de stockage.<\/li>\n<li>Conception translucide pour une visualisation ais\u00e9e du contenu.<\/li>\n<\/ul>","protected":false},"featured_media":794,"comment_status":"closed","ping_status":"closed","template":"","meta":{"_acf_changed":false},"product_brand":[],"product_cat":[19],"product_tag":[],"class_list":{"0":"post-793","1":"product","2":"type-product","3":"status-publish","4":"has-post-thumbnail","6":"product_cat-storage-bins-in-bulk","8":"first","9":"instock","10":"shipping-taxable","11":"product-type-simple"},"acf":[],"_links":{"self":[{"href":"https:\/\/www.gdwanjiada.net\/fr\/wp-json\/wp\/v2\/product\/793","targetHints":{"allow":["GET"]}}],"collection":[{"href":"https:\/\/www.gdwanjiada.net\/fr\/wp-json\/wp\/v2\/product"}],"about":[{"href":"https:\/\/www.gdwanjiada.net\/fr\/wp-json\/wp\/v2\/types\/product"}],"replies":[{"embeddable":true,"href":"https:\/\/www.gdwanjiada.net\/fr\/wp-json\/wp\/v2\/comments?post=793"}],"wp:featuredmedia":[{"embeddable":true,"href":"https:\/\/www.gdwanjiada.net\/fr\/wp-json\/wp\/v2\/media\/794"}],"wp:attachment":[{"href":"https:\/\/www.gdwanjiada.net\/fr\/wp-json\/wp\/v2\/media?parent=793"}],"wp:term":[{"taxonomy":"product_brand","embeddable":true,"href":"https:\/\/www.gdwanjiada.net\/fr\/wp-json\/wp\/v2\/product_brand?post=793"},{"taxonomy":"product_cat","embeddable":true,"href":"https:\/\/www.gdwanjiada.net\/fr\/wp-json\/wp\/v2\/product_cat?post=793"},{"taxonomy":"product_tag","embeddable":true,"href":"https:\/\/www.gdwanjiada.net\/fr\/wp-json\/wp\/v2\/product_tag?post=793"}],"curies":[{"name":"wp","href":"https:\/\/api.w.org\/{rel}","templated":true}]}}