{"id":768,"date":"2024-09-27T15:30:20","date_gmt":"2024-09-27T15:30:20","guid":{"rendered":"https:\/\/www.gdwanjiada.net\/?post_type=product&#038;p=768"},"modified":"2026-01-06T08:00:57","modified_gmt":"2026-01-06T08:00:57","slug":"custom-plastic-cabinets-bulk","status":"publish","type":"product","link":"https:\/\/www.gdwanjiada.net\/fr\/produit\/custom-plastic-cabinets-bulk\/","title":{"rendered":"Armoires en plastique sur mesure en vrac, armoires en gros 3 couches"},"content":{"rendered":"<h3 class=\"wp-block-heading has-text-align-center\">Sp\u00e9cifications des armoires en plastique sur mesure en vrac<\/h3><figure class=\"wp-block-table\"><table class=\"has-fixed-layout\"><tbody><tr><td>Mod\u00e8le<\/td><td>Mat\u00e9riau<\/td><td>Taille du produit\uff08cm\uff09<\/td><td>Taille du carton\uff08cm\uff09<\/td><td>Qt\u00e9 d'emballage\uff08pcs\uff09<\/td><td>G.W.\uff08kg\uff09<\/td><td>N.W.\uff08kg\uff09<\/td><\/tr><tr><td>703\uff083 couches\uff09<\/td><td>ABS+PP<\/td><td>69*38*108.5<\/td><td>72*42.5*26.5<\/td><td>1<\/td><td>9.4<\/td><td>8.11<\/td><\/tr><\/tbody><\/table><\/figure><div class=\"wp-block-columns is-layout-flex wp-container-core-columns-is-layout-9d6595d7 wp-block-columns-is-layout-flex\"><div class=\"wp-block-column is-layout-flow wp-block-column-is-layout-flow\" style=\"flex-basis:50%\"><h3 class=\"wp-block-heading has-text-align-left\">Avantages des armoires en plastique sur mesure en vrac<\/h3>\n\n<ul class=\"wp-block-list\"><li><strong>Durabilit\u00e9 : <\/strong>Nos armoires plastiques personnalis\u00e9es en vrac sont fabriqu\u00e9es \u00e0 partir de mat\u00e9riaux plastiques \u00e9cologiques de haute qualit\u00e9, qui sont imperm\u00e9ables, r\u00e9sistants \u00e0 la moisissure et \u00e0 la corrosion. Elles peuvent r\u00e9sister \u00e0 l'usure quotidienne, rester en bon \u00e9tat dans les environnements humides et convenir \u00e0 une utilisation \u00e0 long terme.<\/li>\n\n<li><strong>Optimisation de l'espace : <\/strong>Ces armoires de gros ont une structure \u00e0 trois niveaux qui r\u00e9partit rationnellement l'espace de stockage. Chaque couche peut stocker de mani\u00e8re flexible diff\u00e9rents articles, qui peuvent \u00eatre class\u00e9s et stock\u00e9s dans les v\u00eatements et les articles m\u00e9nagers, et peut facilement accueillir des documents de bureau, ce qui rend l'utilisation de l'espace plus efficace.<\/li>\n\n<li><strong>Service personnalis\u00e9 :<\/strong> Nos armoires en gros permettent une personnalisation de la couleur, de la taille et du nombre de couches, et peuvent \u00eatre adapt\u00e9es aux diff\u00e9rents besoins de stockage et environnements des clients pour cr\u00e9er des armoires en plastique personnalis\u00e9es uniques en vrac.<\/li>\n\n<li><strong>Facile \u00e0 nettoyer et \u00e0 entretenir : <\/strong>La surface en plastique lisse de nos armoires en plastique personnalis\u00e9es en vrac est non seulement r\u00e9sistante \u00e0 la poussi\u00e8re et aux taches, mais elle peut \u00e9galement \u00eatre facilement nettoy\u00e9e pour rester propre, sans nettoyage ni entretien compliqu\u00e9s, ce qui convient parfaitement aux utilisateurs qui ont besoin de g\u00e9rer l'espace de mani\u00e8re efficace.<\/li><\/ul><\/div>\n\n<div class=\"wp-block-column is-layout-flow wp-block-column-is-layout-flow\"><figure class=\"wp-block-image size-full\"><img decoding=\"async\" width=\"800\" height=\"800\" src=\"https:\/\/www.gdwanjiada.net\/wp-content\/uploads\/2024\/09\/3-Layers-Custom-Plastic-Cabinets-Bulk-Wholesale-Cabinets-For-Clothes-3.webp\" alt=\"Armoires en plastique 3 couches personnalis\u00e9es Bulk, Wholesale Cabinets pour v\u00eatements-3\" class=\"wp-image-771\" srcset=\"https:\/\/www.gdwanjiada.net\/wp-content\/uploads\/2024\/09\/3-Layers-Custom-Plastic-Cabinets-Bulk-Wholesale-Cabinets-For-Clothes-3.webp 800w, https:\/\/www.gdwanjiada.net\/wp-content\/uploads\/2024\/09\/3-Layers-Custom-Plastic-Cabinets-Bulk-Wholesale-Cabinets-For-Clothes-3-300x300.webp 300w, https:\/\/www.gdwanjiada.net\/wp-content\/uploads\/2024\/09\/3-Layers-Custom-Plastic-Cabinets-Bulk-Wholesale-Cabinets-For-Clothes-3-150x150.webp 150w, https:\/\/www.gdwanjiada.net\/wp-content\/uploads\/2024\/09\/3-Layers-Custom-Plastic-Cabinets-Bulk-Wholesale-Cabinets-For-Clothes-3-768x768.webp 768w, https:\/\/www.gdwanjiada.net\/wp-content\/uploads\/2024\/09\/3-Layers-Custom-Plastic-Cabinets-Bulk-Wholesale-Cabinets-For-Clothes-3-600x600.webp 600w, https:\/\/www.gdwanjiada.net\/wp-content\/uploads\/2024\/09\/3-Layers-Custom-Plastic-Cabinets-Bulk-Wholesale-Cabinets-For-Clothes-3-100x100.webp 100w\" sizes=\"(max-width: 800px) 100vw, 800px\" \/><\/figure><\/div><\/div>","protected":false},"excerpt":{"rendered":"<p>Bienvenue pour acheter des armoires en gros. Nos armoires en plastique personnalis\u00e9es en vrac sont fabriqu\u00e9es en plastique de haute qualit\u00e9, imperm\u00e9able \u00e0 l'eau et \u00e0 la moisissure, avec un design l\u00e9ger et un assemblage facile, offrant un grand espace de stockage class\u00e9. Le produit peut \u00eatre personnalis\u00e9 en couleur et en taille selon les besoins du client, ce qui en fait un choix id\u00e9al pour le stockage \u00e0 la maison et au bureau.<\/p>\n<h2>Caract\u00e9ristiques du produit\uff1a<\/h2>\n<ul>\n<li>Fabriqu\u00e9 en plastique durable, respectueux de l'environnement et facile \u00e0 nettoyer.<\/li>\n<li>La conception \u00e0 trois couches offre un vaste espace de rangement.<\/li>\n<li>Couleurs et tailles personnalisables.<\/li>\n<li>Structure l\u00e9g\u00e8re, facile \u00e0 assembler et \u00e0 d\u00e9placer.<\/li>\n<\/ul>","protected":false},"featured_media":770,"comment_status":"closed","ping_status":"closed","template":"","meta":{"_acf_changed":false},"product_brand":[],"product_cat":[20],"product_tag":[],"class_list":{"0":"post-768","1":"product","2":"type-product","3":"status-publish","4":"has-post-thumbnail","6":"product_cat-plastic-cabinets-wholesale","8":"first","9":"instock","10":"shipping-taxable","11":"product-type-simple"},"acf":[],"_links":{"self":[{"href":"https:\/\/www.gdwanjiada.net\/fr\/wp-json\/wp\/v2\/product\/768","targetHints":{"allow":["GET"]}}],"collection":[{"href":"https:\/\/www.gdwanjiada.net\/fr\/wp-json\/wp\/v2\/product"}],"about":[{"href":"https:\/\/www.gdwanjiada.net\/fr\/wp-json\/wp\/v2\/types\/product"}],"replies":[{"embeddable":true,"href":"https:\/\/www.gdwanjiada.net\/fr\/wp-json\/wp\/v2\/comments?post=768"}],"wp:featuredmedia":[{"embeddable":true,"href":"https:\/\/www.gdwanjiada.net\/fr\/wp-json\/wp\/v2\/media\/770"}],"wp:attachment":[{"href":"https:\/\/www.gdwanjiada.net\/fr\/wp-json\/wp\/v2\/media?parent=768"}],"wp:term":[{"taxonomy":"product_brand","embeddable":true,"href":"https:\/\/www.gdwanjiada.net\/fr\/wp-json\/wp\/v2\/product_brand?post=768"},{"taxonomy":"product_cat","embeddable":true,"href":"https:\/\/www.gdwanjiada.net\/fr\/wp-json\/wp\/v2\/product_cat?post=768"},{"taxonomy":"product_tag","embeddable":true,"href":"https:\/\/www.gdwanjiada.net\/fr\/wp-json\/wp\/v2\/product_tag?post=768"}],"curies":[{"name":"wp","href":"https:\/\/api.w.org\/{rel}","templated":true}]}}