{"id":735,"date":"2024-09-27T09:37:01","date_gmt":"2024-09-27T09:37:01","guid":{"rendered":"https:\/\/www.gdwanjiada.net\/?post_type=product&#038;p=735"},"modified":"2025-12-17T07:18:42","modified_gmt":"2025-12-17T07:18:42","slug":"small-portable-heater-in-bulk","status":"publish","type":"product","link":"https:\/\/www.gdwanjiada.net\/fr\/produit\/small-portable-heater-in-bulk\/","title":{"rendered":"Petit chauffage portable en vrac, chauffages d'ambiance en c\u00e9ramique PTC"},"content":{"rendered":"<h3 class=\"wp-block-heading has-text-align-center\">Sp\u00e9cifications du petit chauffage portable en vrac<\/h3><figure class=\"wp-block-table\"><table class=\"has-fixed-layout\"><tbody><tr><td>Mod\u00e8le<\/td><td>Mode chauffage<\/td><td>Volt\/Freq<\/td><td colspan=\"2\">Puissance (W)&nbsp;<\/td><td colspan=\"3\">Taille du produit (mm)&nbsp;<\/td><td colspan=\"2\">Emballage<\/td><td>Poids net \/ poids brut (kg)&nbsp;<\/td><td>Taille de l'emballage (mm)<\/td><td colspan=\"2\">Chargement Qt\u00e9 (pcs)<\/td><\/tr><tr><td rowspan=\"2\">WJD801R<\/td><td rowspan=\"2\">PTC<\/td><td rowspan=\"2\">220V\/50Hz<\/td><td>Froid<br>vent<\/td><td>Chaleur<br>vent<\/td><td>Longueur<\/td><td>Largeur<\/td><td>Hauteur<\/td><td>Bo\u00eete int\u00e9rieure<\/td><td>1 pi\u00e8ce<\/td><td>0.85\/0.97<\/td><td>140*140*250<\/td><td>20'GP<\/td><td>40'HQ<\/td><\/tr><tr><td>6<\/td><td>800<\/td><td>130<\/td><td>130<\/td><td>235<\/td><td>Carton<\/td><td>24 pi\u00e8ces<\/td><td>21.5\/28<\/td><td>580*435*520<\/td><td>5016<\/td><td>12168<\/td><\/tr><\/tbody><\/table><\/figure><div class=\"wp-block-columns is-layout-flex wp-container-core-columns-is-layout-9d6595d7 wp-block-columns-is-layout-flex\"><div class=\"wp-block-column is-layout-flow wp-block-column-is-layout-flow\" style=\"flex-basis:50%\"><h3 class=\"wp-block-heading has-text-align-left\">Avantages du petit chauffage portable en vrac<\/h3>\n\n<ul class=\"wp-block-list\"><li><strong>Contr\u00f4le intelligent, \u00e9l\u00e9gant et attentionn\u00e9 :<\/strong> Ce petit chauffage portable en vrac est \u00e9quip\u00e9 d'un syst\u00e8me de contr\u00f4le intelligent, facile \u00e0 utiliser, et adopte un design moderne et \u00e0 la mode, convenant \u00e0 divers environnements domestiques et professionnels.<\/li>\n\n<li><strong>Chauffage instantan\u00e9, chauffage rapide : <\/strong>Notre chauffage d'appoint en gros utilise des \u00e9l\u00e9ments chauffants en c\u00e9ramique PTC, qui peuvent chauffer rapidement apr\u00e8s avoir \u00e9t\u00e9 allum\u00e9s, fournissant une chaleur instantan\u00e9e, vous permettant de vous sentir au chaud et \u00e0 l'aise pendant les saisons froides.<\/li>\n\n<li><strong>Alimentation en air \u00e0 grand angle, froid et chaud \u00e0 volont\u00e9 : <\/strong>Ce petit chauffage portable en vrac est dot\u00e9 d'une fonction d'oscillation \u00e0 grand angle et d'une alimentation en air r\u00e9guli\u00e8re. Il peut fournir de l'air chaud en hiver et peut \u00eatre utilis\u00e9 comme ventilateur d'air froid en d'autres saisons. Un seul appareil pour de multiples usages.<\/li>\n\n<li><strong>Multiples protections de s\u00e9curit\u00e9, utilisation s\u00fbre : <\/strong>Notre chauffage de gros est \u00e9quip\u00e9 d'une protection contre les d\u00e9charges, les surintensit\u00e9s et les surchauffes, combin\u00e9e \u00e0 des mat\u00e9riaux ignifuges pour garantir la s\u00e9curit\u00e9 pendant l'utilisation, et la fonction de refroidissement diff\u00e9r\u00e9 augmente encore la s\u00e9curit\u00e9 de l'\u00e9quipement.<\/li><\/ul><\/div>\n\n<div class=\"wp-block-column is-layout-flow wp-block-column-is-layout-flow\"><figure class=\"wp-block-image size-full\"><img decoding=\"async\" width=\"800\" height=\"800\" src=\"https:\/\/www.gdwanjiada.net\/wp-content\/uploads\/2024\/09\/Small-Portable-Heater-In-Bulk-PTC-Ceramic-Room-Heater-With-Oscillation-2.webp\" alt=\"Petit chauffage portable en vrac, chauffage d&#039;ambiance en c\u00e9ramique PTC avec oscillation-2\" class=\"wp-image-738\" srcset=\"https:\/\/www.gdwanjiada.net\/wp-content\/uploads\/2024\/09\/Small-Portable-Heater-In-Bulk-PTC-Ceramic-Room-Heater-With-Oscillation-2.webp 800w, https:\/\/www.gdwanjiada.net\/wp-content\/uploads\/2024\/09\/Small-Portable-Heater-In-Bulk-PTC-Ceramic-Room-Heater-With-Oscillation-2-300x300.webp 300w, https:\/\/www.gdwanjiada.net\/wp-content\/uploads\/2024\/09\/Small-Portable-Heater-In-Bulk-PTC-Ceramic-Room-Heater-With-Oscillation-2-150x150.webp 150w, https:\/\/www.gdwanjiada.net\/wp-content\/uploads\/2024\/09\/Small-Portable-Heater-In-Bulk-PTC-Ceramic-Room-Heater-With-Oscillation-2-768x768.webp 768w, https:\/\/www.gdwanjiada.net\/wp-content\/uploads\/2024\/09\/Small-Portable-Heater-In-Bulk-PTC-Ceramic-Room-Heater-With-Oscillation-2-600x600.webp 600w, https:\/\/www.gdwanjiada.net\/wp-content\/uploads\/2024\/09\/Small-Portable-Heater-In-Bulk-PTC-Ceramic-Room-Heater-With-Oscillation-2-100x100.webp 100w\" sizes=\"(max-width: 800px) 100vw, 800px\" \/><\/figure><\/div><\/div>","protected":false},"excerpt":{"rendered":"<p>Bienvenue sur le site d'achat en gros de chauffages d'appoint. Ce petit chauffage portable en vrac est dot\u00e9 d'un contr\u00f4le intelligent et d'une apparence \u00e9l\u00e9gante, avec des fonctions de chauffage rapide et d'apport d'air \u00e0 angle large, r\u00e9pondant aux besoins d'une double utilisation de froid et de chaud. \u00c9quip\u00e9 de fonctions d'extinction par basculement et de protection multiple, et de mat\u00e9riaux ignifuges, il garantit une utilisation s\u00fbre et fiable.<\/p>\n<h2>Caract\u00e9ristiques du produit\uff1a<\/h2>\n<ul>\n<li>Contr\u00f4le intelligent, design moderne.<\/li>\n<li>La temp\u00e9rature augmente rapidement.<\/li>\n<li>Chauffage par PTC, haute efficacit\u00e9 thermique, longue dur\u00e9e de vie.<\/li>\n<li>Le grand angle permet d'obtenir un vent naturel et chaud.<\/li>\n<li>Peu bruyant, il ne perturbe pas le sommeil.<\/li>\n<li>Mise hors tension en temps voulu, fonction refroidie apr\u00e8s le travail.<\/li>\n<li>Protection contre la chute d'\u00e9nergie.<\/li>\n<li>Protection multiple contre la surchauffe ou la surintensit\u00e9.<\/li>\n<li>Mat\u00e9riau ignifuge pour la s\u00e9curit\u00e9.<\/li>\n<\/ul>","protected":false},"featured_media":746,"comment_status":"closed","ping_status":"closed","template":"","meta":{"_acf_changed":false},"product_brand":[],"product_cat":[22],"product_tag":[],"class_list":{"0":"post-735","1":"product","2":"type-product","3":"status-publish","4":"has-post-thumbnail","6":"product_cat-wholesale-fan-heaters","8":"first","9":"instock","10":"shipping-taxable","11":"product-type-simple"},"acf":[],"_links":{"self":[{"href":"https:\/\/www.gdwanjiada.net\/fr\/wp-json\/wp\/v2\/product\/735","targetHints":{"allow":["GET"]}}],"collection":[{"href":"https:\/\/www.gdwanjiada.net\/fr\/wp-json\/wp\/v2\/product"}],"about":[{"href":"https:\/\/www.gdwanjiada.net\/fr\/wp-json\/wp\/v2\/types\/product"}],"replies":[{"embeddable":true,"href":"https:\/\/www.gdwanjiada.net\/fr\/wp-json\/wp\/v2\/comments?post=735"}],"wp:featuredmedia":[{"embeddable":true,"href":"https:\/\/www.gdwanjiada.net\/fr\/wp-json\/wp\/v2\/media\/746"}],"wp:attachment":[{"href":"https:\/\/www.gdwanjiada.net\/fr\/wp-json\/wp\/v2\/media?parent=735"}],"wp:term":[{"taxonomy":"product_brand","embeddable":true,"href":"https:\/\/www.gdwanjiada.net\/fr\/wp-json\/wp\/v2\/product_brand?post=735"},{"taxonomy":"product_cat","embeddable":true,"href":"https:\/\/www.gdwanjiada.net\/fr\/wp-json\/wp\/v2\/product_cat?post=735"},{"taxonomy":"product_tag","embeddable":true,"href":"https:\/\/www.gdwanjiada.net\/fr\/wp-json\/wp\/v2\/product_tag?post=735"}],"curies":[{"name":"wp","href":"https:\/\/api.w.org\/{rel}","templated":true}]}}