{"id":720,"date":"2024-09-27T09:24:03","date_gmt":"2024-09-27T09:24:03","guid":{"rendered":"https:\/\/www.gdwanjiada.net\/?post_type=product&#038;p=720"},"modified":"2025-12-17T07:21:01","modified_gmt":"2025-12-17T07:21:01","slug":"portable-heater-wholesale","status":"publish","type":"product","link":"https:\/\/www.gdwanjiada.net\/fr\/produit\/portable-heater-wholesale\/","title":{"rendered":"Chauffage portable Wholesale, Desk Electric Warmers Bulk"},"content":{"rendered":"<h3 class=\"wp-block-heading has-text-align-center\">Sp\u00e9cifications de l'appareil de chauffage portable Wholesale<\/h3><figure class=\"wp-block-table\"><table class=\"has-fixed-layout\"><tbody><tr><td>Mod\u00e8le<\/td><td>Mode chauffage<\/td><td>Volt\/Freq<\/td><td colspan=\"2\">Puissance (W)&nbsp;<\/td><td colspan=\"3\">Taille du produit (mm)&nbsp;<\/td><td colspan=\"2\">Emballage<\/td><td>Poids net \/ poids brut (kg)&nbsp;<\/td><td>Taille de l'emballage (mm)<\/td><td colspan=\"2\">Chargement Qt\u00e9 (pcs)<\/td><\/tr><tr><td rowspan=\"2\">WJD501R<\/td><td rowspan=\"2\">PTC<\/td><td rowspan=\"2\">220V\/50Hz<\/td><td>Froid<br>vent<\/td><td>Chaleur<br>vent<\/td><td>Longueur<\/td><td>Largeur<\/td><td>Hauteur<\/td><td>Bo\u00eete int\u00e9rieure<\/td><td>1 pi\u00e8ce<\/td><td>0.4\/0.48<\/td><td>133*80*190<\/td><td>20'GP<\/td><td>40'HQ<\/td><\/tr><tr><td>\/<\/td><td>500<\/td><td>100<\/td><td>65<\/td><td>175<\/td><td>Carton<\/td><td>48 pi\u00e8ces<\/td><td>23.04\/24.54<\/td><td>540*330*590<\/td><td>14352<\/td><td>33792<\/td><\/tr><\/tbody><\/table><\/figure><div class=\"wp-block-columns is-layout-flex wp-container-core-columns-is-layout-9d6595d7 wp-block-columns-is-layout-flex\"><div class=\"wp-block-column is-layout-flow wp-block-column-is-layout-flow\" style=\"flex-basis:50%\"><h3 class=\"wp-block-heading has-text-align-left\">Avantages du chauffage portable en gros<\/h3>\n\n<ul class=\"wp-block-list\"><li><strong>Chauffage rapide : <\/strong>Ce chauffage portable en gros adopte la technologie de chauffage PTC avanc\u00e9e, qui peut chauffer rapidement en peu de temps, fournissant aux utilisateurs une chaleur instantan\u00e9e, particuli\u00e8rement adapt\u00e9e \u00e0 une utilisation au bureau ou \u00e0 la maison pendant les saisons froides.<\/li>\n\n<li><strong>Le chauffage PTC est efficace et durable : <\/strong>Nos chaufferettes \u00e9lectriques adoptent des \u00e9l\u00e9ments chauffants PTC, qui sont non seulement tr\u00e8s efficaces, mais aussi tr\u00e8s durables, et peuvent encore conserver d'excellentes performances apr\u00e8s une utilisation \u00e0 long terme.<\/li>\n\n<li><strong>Ventilateur silencieux : <\/strong>Ce chauffage portable en gros est \u00e9quip\u00e9 d'un ventilateur silencieux int\u00e9gr\u00e9, qui maintient un fonctionnement silencieux pendant le processus de chauffage, assure un environnement confortable et silencieux, et convient \u00e0 une utilisation dans des espaces qui requi\u00e8rent le silence, tels que les bureaux ou les chambres \u00e0 coucher.<\/li>\n\n<li><strong>Multiples protections de s\u00e9curit\u00e9 : <\/strong>Nos chauffe-plats \u00e9lectriques en vrac sont dot\u00e9s d'une fonction de protection contre la surchauffe, et utilisent des mat\u00e9riaux c\u00e9ramiques ignifuges pour assurer une utilisation s\u00fbre et fournir de multiples garanties de s\u00e9curit\u00e9.<\/li><\/ul><\/div>\n\n<div class=\"wp-block-column is-layout-flow wp-block-column-is-layout-flow\"><figure class=\"wp-block-image size-full\"><img decoding=\"async\" width=\"800\" height=\"800\" src=\"https:\/\/www.gdwanjiada.net\/wp-content\/uploads\/2024\/09\/Portable-Heater-Wholesale-Desk-Electric-Heater-Fans-Bulk-9.webp\" alt=\"Chauffage portable Wholesale, Desk Electric Heater Fans Bulk-9\" class=\"wp-image-734\" srcset=\"https:\/\/www.gdwanjiada.net\/wp-content\/uploads\/2024\/09\/Portable-Heater-Wholesale-Desk-Electric-Heater-Fans-Bulk-9.webp 800w, https:\/\/www.gdwanjiada.net\/wp-content\/uploads\/2024\/09\/Portable-Heater-Wholesale-Desk-Electric-Heater-Fans-Bulk-9-300x300.webp 300w, https:\/\/www.gdwanjiada.net\/wp-content\/uploads\/2024\/09\/Portable-Heater-Wholesale-Desk-Electric-Heater-Fans-Bulk-9-150x150.webp 150w, https:\/\/www.gdwanjiada.net\/wp-content\/uploads\/2024\/09\/Portable-Heater-Wholesale-Desk-Electric-Heater-Fans-Bulk-9-768x768.webp 768w, https:\/\/www.gdwanjiada.net\/wp-content\/uploads\/2024\/09\/Portable-Heater-Wholesale-Desk-Electric-Heater-Fans-Bulk-9-600x600.webp 600w, https:\/\/www.gdwanjiada.net\/wp-content\/uploads\/2024\/09\/Portable-Heater-Wholesale-Desk-Electric-Heater-Fans-Bulk-9-100x100.webp 100w\" sizes=\"(max-width: 800px) 100vw, 800px\" \/><\/figure><\/div><\/div>","protected":false},"excerpt":{"rendered":"<p>Bienvenue pour acheter des chaufferettes \u00e9lectriques en gros. Notre radiateur portable en gros adopte la technologie de chauffage PTC efficace et durable, qui peut chauffer rapidement. Il dispose d'une fonction de protection contre la surchauffe et est combin\u00e9 avec des mat\u00e9riaux c\u00e9ramiques ignifuges pour assurer la s\u00e9curit\u00e9 et la fiabilit\u00e9.<\/p>\n<h2>Caract\u00e9ristiques du produit\uff1a<\/h2>\n<ul>\n<li>Bien plac\u00e9, \u00e0 la mode et intime.<\/li>\n<li>La temp\u00e9rature augmente rapidement.<\/li>\n<li>Chauffage par PTC, haute efficacit\u00e9 et durabilit\u00e9.<\/li>\n<li>Peu bruyant, il ne perturbe pas le sommeil.<\/li>\n<li>Conception raisonnable, plus s\u00fbre et fiable.<\/li>\n<li>Protection multiple contre la surchauffe ou la surintensit\u00e9.<\/li>\n<li>Mat\u00e9riau ignifuge pour la s\u00e9curit\u00e9.<\/li>\n<\/ul>","protected":false},"featured_media":733,"comment_status":"closed","ping_status":"closed","template":"","meta":{"_acf_changed":false},"product_brand":[],"product_cat":[22],"product_tag":[],"class_list":{"0":"post-720","1":"product","2":"type-product","3":"status-publish","4":"has-post-thumbnail","6":"product_cat-wholesale-fan-heaters","8":"first","9":"instock","10":"shipping-taxable","11":"product-type-simple"},"acf":[],"_links":{"self":[{"href":"https:\/\/www.gdwanjiada.net\/fr\/wp-json\/wp\/v2\/product\/720","targetHints":{"allow":["GET"]}}],"collection":[{"href":"https:\/\/www.gdwanjiada.net\/fr\/wp-json\/wp\/v2\/product"}],"about":[{"href":"https:\/\/www.gdwanjiada.net\/fr\/wp-json\/wp\/v2\/types\/product"}],"replies":[{"embeddable":true,"href":"https:\/\/www.gdwanjiada.net\/fr\/wp-json\/wp\/v2\/comments?post=720"}],"wp:featuredmedia":[{"embeddable":true,"href":"https:\/\/www.gdwanjiada.net\/fr\/wp-json\/wp\/v2\/media\/733"}],"wp:attachment":[{"href":"https:\/\/www.gdwanjiada.net\/fr\/wp-json\/wp\/v2\/media?parent=720"}],"wp:term":[{"taxonomy":"product_brand","embeddable":true,"href":"https:\/\/www.gdwanjiada.net\/fr\/wp-json\/wp\/v2\/product_brand?post=720"},{"taxonomy":"product_cat","embeddable":true,"href":"https:\/\/www.gdwanjiada.net\/fr\/wp-json\/wp\/v2\/product_cat?post=720"},{"taxonomy":"product_tag","embeddable":true,"href":"https:\/\/www.gdwanjiada.net\/fr\/wp-json\/wp\/v2\/product_tag?post=720"}],"curies":[{"name":"wp","href":"https:\/\/api.w.org\/{rel}","templated":true}]}}